{"id":3473,"date":"2016-10-31T14:04:50","date_gmt":"2016-10-31T12:04:50","guid":{"rendered":"https:\/\/bio4you.eu\/retseptid\/?post_type=product&#038;p=3473"},"modified":"2022-05-17T09:55:40","modified_gmt":"2022-05-17T06:55:40","slug":"punane-pesto-mandlite-ja-paikesekuivatatud-tomatitega","status":"publish","type":"product","link":"https:\/\/bio4you.eu\/retseptid\/toode\/punane-pesto-mandlite-ja-paikesekuivatatud-tomatitega\/","title":{"rendered":"Punane pesto mandlite ja p\u00e4ikesekuivatatud tomatitega"},"content":{"rendered":"<p>Valmistamine:<br \/>\nPane poolitatud kirsstomatid, p\u00e4iksekuivatatud tomatid, oliivi\u00f5li, k\u00fc\u00fcslauk, mandlid ja basiilik blenderisse ja blenderda. Kui blender ei ole kuigi v\u00f5imas, siis jahvata mandlid eraldi varem v\u00f5i kasuta mandlijahu. Lisa riivitud parmesan. Maitsesta soola ja pipraga.<\/p>\n<div class=\"text_exposed_show\">\n<p>Valmis pesto sobib leiva peale m\u00e4\u00e4rimiseks, juustuvaliku juurde v\u00f5i pasta peale.<br \/>\nKuna punane pesto on v\u00fcrtsika ja intensiivse maitsega, sobib see ka gluteenivabade ning kaunviljadest pastadega.<\/p>\n<\/div>\n","protected":false},"excerpt":{"rendered":"<p>Vaja l\u00e4heb:<br \/>\n50 g mandleid (v\u00f5i jahvatatud mandleid)<br \/>\n30 g riivitud parmesani<span class=\"text_exposed_show\"><br \/>\n10 kirsstomatit<br \/>\n5 p\u00e4ikesekuivatatud tomatit (kas \u00f5lis v\u00f5i eelnevalt leotatud)<br \/>\nca 15 lehte v\u00e4rsket basiilikut<br \/>\n2 spl<a href=\"https:\/\/bio4you.eu\/et\/otsi?controller=search&amp;order=product.position.desc&amp;s=oliivi%C3%B5li&amp;utm_source=bioretsept&amp;utm_medium=retsept&amp;utm_campaign=retsept\" target=\"_blank\" rel=\"noopener\"><span style=\"color: #99cc00;\"> ekstra neitsi oliivi\u00f5li<\/span>\u00a0<\/a>\u00f5li<br \/>\n1 k\u00fc\u00fcslauguk\u00fc\u00fcs<br \/>\nsoola ja pipart<\/span><\/p>\n<div class=\"text_exposed_show\"><\/div>\n","protected":false},"featured_media":3475,"comment_status":"open","ping_status":"closed","template":"","meta":{"_exactmetrics_skip_tracking":false,"_exactmetrics_sitenote_active":false,"_exactmetrics_sitenote_note":"","_exactmetrics_sitenote_category":0},"product_cat":[60,383,70,74],"product_tag":[],"class_list":{"0":"post-3473","1":"product","2":"type-product","3":"status-publish","4":"has-post-thumbnail","6":"product_cat-toiduretseptid","7":"product_cat-taimetoit","8":"product_cat-pastaroad","9":"product_cat-kastmed-maarded-voided","11":"first","12":"instock","13":"shipping-taxable","14":"product-type-simple"},"yoast_head":"<!-- This site is optimized with the Yoast SEO plugin v23.3 - https:\/\/yoast.com\/wordpress\/plugins\/seo\/ -->\n<title>Punane pesto mandlite ja p\u00e4ikesekuivatatud tomatitega - bio4you.eu\/retseptid<\/title>\n<meta name=\"robots\" content=\"index, follow, max-snippet:-1, max-image-preview:large, max-video-preview:-1\" \/>\n<link rel=\"canonical\" href=\"https:\/\/bio4you.eu\/retseptid\/toode\/punane-pesto-mandlite-ja-paikesekuivatatud-tomatitega\/\" \/>\n<meta property=\"og:locale\" content=\"et_EE\" \/>\n<meta property=\"og:type\" content=\"article\" \/>\n<meta property=\"og:title\" content=\"Punane pesto mandlite ja p\u00e4ikesekuivatatud tomatitega - bio4you.eu\/retseptid\" \/>\n<meta property=\"og:description\" content=\"Vaja l\u00e4heb: 50 g mandleid (v\u00f5i jahvatatud mandleid) 30 g riivitud parmesani 10 kirsstomatit 5 p\u00e4ikesekuivatatud tomatit (kas \u00f5lis v\u00f5i eelnevalt leotatud) ca 15 lehte v\u00e4rsket basiilikut 2 spl ekstra neitsi oliivi\u00f5li\u00a0\u00f5li 1 k\u00fc\u00fcslauguk\u00fc\u00fcs soola ja pipart\" \/>\n<meta property=\"og:url\" content=\"https:\/\/bio4you.eu\/retseptid\/toode\/punane-pesto-mandlite-ja-paikesekuivatatud-tomatitega\/\" \/>\n<meta property=\"og:site_name\" content=\"bio4you.eu\/retseptid\" \/>\n<meta property=\"article:modified_time\" content=\"2022-05-17T06:55:40+00:00\" \/>\n<meta property=\"og:image\" content=\"https:\/\/bio4you.eu\/retseptid\/wp-content\/uploads\/2016\/10\/12987029_1774119076134475_2393553966707771699_n.jpg\" \/>\n\t<meta property=\"og:image:width\" content=\"960\" \/>\n\t<meta property=\"og:image:height\" content=\"720\" \/>\n\t<meta property=\"og:image:type\" content=\"image\/jpeg\" \/>\n<meta name=\"twitter:label1\" content=\"Est. reading time\" \/>\n\t<meta name=\"twitter:data1\" content=\"1 minut\" \/>\n<script type=\"application\/ld+json\" class=\"yoast-schema-graph\">{\"@context\":\"https:\/\/schema.org\",\"@graph\":[{\"@type\":\"WebPage\",\"@id\":\"https:\/\/bio4you.eu\/retseptid\/toode\/punane-pesto-mandlite-ja-paikesekuivatatud-tomatitega\/\",\"url\":\"https:\/\/bio4you.eu\/retseptid\/toode\/punane-pesto-mandlite-ja-paikesekuivatatud-tomatitega\/\",\"name\":\"Punane pesto mandlite ja p\u00e4ikesekuivatatud tomatitega - bio4you.eu\/retseptid\",\"isPartOf\":{\"@id\":\"https:\/\/bio4you.eu\/retseptid\/#website\"},\"primaryImageOfPage\":{\"@id\":\"https:\/\/bio4you.eu\/retseptid\/toode\/punane-pesto-mandlite-ja-paikesekuivatatud-tomatitega\/#primaryimage\"},\"image\":{\"@id\":\"https:\/\/bio4you.eu\/retseptid\/toode\/punane-pesto-mandlite-ja-paikesekuivatatud-tomatitega\/#primaryimage\"},\"thumbnailUrl\":\"https:\/\/bio4you.eu\/retseptid\/wp-content\/uploads\/2016\/10\/12987029_1774119076134475_2393553966707771699_n.jpg\",\"datePublished\":\"2016-10-31T12:04:50+00:00\",\"dateModified\":\"2022-05-17T06:55:40+00:00\",\"breadcrumb\":{\"@id\":\"https:\/\/bio4you.eu\/retseptid\/toode\/punane-pesto-mandlite-ja-paikesekuivatatud-tomatitega\/#breadcrumb\"},\"inLanguage\":\"et\",\"potentialAction\":[{\"@type\":\"ReadAction\",\"target\":[\"https:\/\/bio4you.eu\/retseptid\/toode\/punane-pesto-mandlite-ja-paikesekuivatatud-tomatitega\/\"]}]},{\"@type\":\"ImageObject\",\"inLanguage\":\"et\",\"@id\":\"https:\/\/bio4you.eu\/retseptid\/toode\/punane-pesto-mandlite-ja-paikesekuivatatud-tomatitega\/#primaryimage\",\"url\":\"https:\/\/bio4you.eu\/retseptid\/wp-content\/uploads\/2016\/10\/12987029_1774119076134475_2393553966707771699_n.jpg\",\"contentUrl\":\"https:\/\/bio4you.eu\/retseptid\/wp-content\/uploads\/2016\/10\/12987029_1774119076134475_2393553966707771699_n.jpg\",\"width\":960,\"height\":720},{\"@type\":\"BreadcrumbList\",\"@id\":\"https:\/\/bio4you.eu\/retseptid\/toode\/punane-pesto-mandlite-ja-paikesekuivatatud-tomatitega\/#breadcrumb\",\"itemListElement\":[{\"@type\":\"ListItem\",\"position\":1,\"name\":\"Home\",\"item\":\"https:\/\/bio4you.eu\/retseptid\/\"},{\"@type\":\"ListItem\",\"position\":2,\"name\":\"Punane pesto mandlite ja p\u00e4ikesekuivatatud tomatitega\"}]},{\"@type\":\"WebSite\",\"@id\":\"https:\/\/bio4you.eu\/retseptid\/#website\",\"url\":\"https:\/\/bio4you.eu\/retseptid\/\",\"name\":\"bio4you.eu\/retseptid\",\"description\":\"\u00d6ko retseptid ise tegemiseks, looduslikest koostisainetest. Maitsev toit, iluhooldus, kodupuhastus ja aiandus.\",\"potentialAction\":[{\"@type\":\"SearchAction\",\"target\":{\"@type\":\"EntryPoint\",\"urlTemplate\":\"https:\/\/bio4you.eu\/retseptid\/?s={search_term_string}\"},\"query-input\":\"required name=search_term_string\"}],\"inLanguage\":\"et\"}]}<\/script>\n<!-- \/ Yoast SEO plugin. -->","yoast_head_json":{"title":"Punane pesto mandlite ja p\u00e4ikesekuivatatud tomatitega - bio4you.eu\/retseptid","robots":{"index":"index","follow":"follow","max-snippet":"max-snippet:-1","max-image-preview":"max-image-preview:large","max-video-preview":"max-video-preview:-1"},"canonical":"https:\/\/bio4you.eu\/retseptid\/toode\/punane-pesto-mandlite-ja-paikesekuivatatud-tomatitega\/","og_locale":"et_EE","og_type":"article","og_title":"Punane pesto mandlite ja p\u00e4ikesekuivatatud tomatitega - bio4you.eu\/retseptid","og_description":"Vaja l\u00e4heb: 50 g mandleid (v\u00f5i jahvatatud mandleid) 30 g riivitud parmesani 10 kirsstomatit 5 p\u00e4ikesekuivatatud tomatit (kas \u00f5lis v\u00f5i eelnevalt leotatud) ca 15 lehte v\u00e4rsket basiilikut 2 spl ekstra neitsi oliivi\u00f5li\u00a0\u00f5li 1 k\u00fc\u00fcslauguk\u00fc\u00fcs soola ja pipart","og_url":"https:\/\/bio4you.eu\/retseptid\/toode\/punane-pesto-mandlite-ja-paikesekuivatatud-tomatitega\/","og_site_name":"bio4you.eu\/retseptid","article_modified_time":"2022-05-17T06:55:40+00:00","og_image":[{"width":960,"height":720,"url":"https:\/\/bio4you.eu\/retseptid\/wp-content\/uploads\/2016\/10\/12987029_1774119076134475_2393553966707771699_n.jpg","type":"image\/jpeg"}],"twitter_misc":{"Est. reading time":"1 minut"},"schema":{"@context":"https:\/\/schema.org","@graph":[{"@type":"WebPage","@id":"https:\/\/bio4you.eu\/retseptid\/toode\/punane-pesto-mandlite-ja-paikesekuivatatud-tomatitega\/","url":"https:\/\/bio4you.eu\/retseptid\/toode\/punane-pesto-mandlite-ja-paikesekuivatatud-tomatitega\/","name":"Punane pesto mandlite ja p\u00e4ikesekuivatatud tomatitega - bio4you.eu\/retseptid","isPartOf":{"@id":"https:\/\/bio4you.eu\/retseptid\/#website"},"primaryImageOfPage":{"@id":"https:\/\/bio4you.eu\/retseptid\/toode\/punane-pesto-mandlite-ja-paikesekuivatatud-tomatitega\/#primaryimage"},"image":{"@id":"https:\/\/bio4you.eu\/retseptid\/toode\/punane-pesto-mandlite-ja-paikesekuivatatud-tomatitega\/#primaryimage"},"thumbnailUrl":"https:\/\/bio4you.eu\/retseptid\/wp-content\/uploads\/2016\/10\/12987029_1774119076134475_2393553966707771699_n.jpg","datePublished":"2016-10-31T12:04:50+00:00","dateModified":"2022-05-17T06:55:40+00:00","breadcrumb":{"@id":"https:\/\/bio4you.eu\/retseptid\/toode\/punane-pesto-mandlite-ja-paikesekuivatatud-tomatitega\/#breadcrumb"},"inLanguage":"et","potentialAction":[{"@type":"ReadAction","target":["https:\/\/bio4you.eu\/retseptid\/toode\/punane-pesto-mandlite-ja-paikesekuivatatud-tomatitega\/"]}]},{"@type":"ImageObject","inLanguage":"et","@id":"https:\/\/bio4you.eu\/retseptid\/toode\/punane-pesto-mandlite-ja-paikesekuivatatud-tomatitega\/#primaryimage","url":"https:\/\/bio4you.eu\/retseptid\/wp-content\/uploads\/2016\/10\/12987029_1774119076134475_2393553966707771699_n.jpg","contentUrl":"https:\/\/bio4you.eu\/retseptid\/wp-content\/uploads\/2016\/10\/12987029_1774119076134475_2393553966707771699_n.jpg","width":960,"height":720},{"@type":"BreadcrumbList","@id":"https:\/\/bio4you.eu\/retseptid\/toode\/punane-pesto-mandlite-ja-paikesekuivatatud-tomatitega\/#breadcrumb","itemListElement":[{"@type":"ListItem","position":1,"name":"Home","item":"https:\/\/bio4you.eu\/retseptid\/"},{"@type":"ListItem","position":2,"name":"Punane pesto mandlite ja p\u00e4ikesekuivatatud tomatitega"}]},{"@type":"WebSite","@id":"https:\/\/bio4you.eu\/retseptid\/#website","url":"https:\/\/bio4you.eu\/retseptid\/","name":"bio4you.eu\/retseptid","description":"\u00d6ko retseptid ise tegemiseks, looduslikest koostisainetest. Maitsev toit, iluhooldus, kodupuhastus ja aiandus.","potentialAction":[{"@type":"SearchAction","target":{"@type":"EntryPoint","urlTemplate":"https:\/\/bio4you.eu\/retseptid\/?s={search_term_string}"},"query-input":"required name=search_term_string"}],"inLanguage":"et"}]}},"_links":{"self":[{"href":"https:\/\/bio4you.eu\/retseptid\/wp-json\/wp\/v2\/product\/3473"}],"collection":[{"href":"https:\/\/bio4you.eu\/retseptid\/wp-json\/wp\/v2\/product"}],"about":[{"href":"https:\/\/bio4you.eu\/retseptid\/wp-json\/wp\/v2\/types\/product"}],"replies":[{"embeddable":true,"href":"https:\/\/bio4you.eu\/retseptid\/wp-json\/wp\/v2\/comments?post=3473"}],"wp:featuredmedia":[{"embeddable":true,"href":"https:\/\/bio4you.eu\/retseptid\/wp-json\/wp\/v2\/media\/3475"}],"wp:attachment":[{"href":"https:\/\/bio4you.eu\/retseptid\/wp-json\/wp\/v2\/media?parent=3473"}],"wp:term":[{"taxonomy":"product_cat","embeddable":true,"href":"https:\/\/bio4you.eu\/retseptid\/wp-json\/wp\/v2\/product_cat?post=3473"},{"taxonomy":"product_tag","embeddable":true,"href":"https:\/\/bio4you.eu\/retseptid\/wp-json\/wp\/v2\/product_tag?post=3473"}],"curies":[{"name":"wp","href":"https:\/\/api.w.org\/{rel}","templated":true}]}}