{"id":3502,"date":"2016-12-06T17:57:01","date_gmt":"2016-12-06T15:57:01","guid":{"rendered":"https:\/\/bio4you.eu\/retseptid\/?post_type=product&#038;p=3502"},"modified":"2022-05-12T10:48:59","modified_gmt":"2022-05-12T07:48:59","slug":"piparkoogi-toorpallid","status":"publish","type":"product","link":"https:\/\/bio4you.eu\/retseptid\/toode\/piparkoogi-toorpallid\/","title":{"rendered":"Piparkoogitoorpallid"},"content":{"rendered":"<p>Valmistamine:<br \/>\nSega k\u00f5ik koostisained, v\u00e4lja arvatud j\u00f5hvikad, k\u00f6\u00f6gikombainis \u00fchtlaseks seguks. Kui segu j\u00e4\u00e4b kuiv, siis lisa sooja vett nii palju, et see kleepuks kokku. Sega segu sisse veel j\u00f5hvikad ja veereta sellest parajad pallid. Pane pallid umbes tunniks ajaks k\u00fclmkappi, et need taheneksid. Soovi korral v\u00f5id need katta tumeda shokolaadiga.<\/p>\n","protected":false},"excerpt":{"rendered":"<p>Vaja l\u00e4heb:<\/p>\n<ul>\n<li>0,5 dl mandlijahu<\/li>\n<li>200 g datleid<\/li>\n<li>0,5 dl <a href=\"http:\/\/bio4you.eu\/et\/helbed\/1428-kaerahelbed-gluteenivabad-475g-bauckhof.html?utm_source=bioretsept&amp;utm_medium=retseptireklaam&amp;utm_campaign=Retsept\"><span style=\"color: #99cc00;\">kaerahelbeid<\/span><\/a><\/li>\n<li>2-3 tl piparkoogimaitseainet<\/li>\n<li>2 spl <a href=\"https:\/\/bio4you.eu\/et\/otsi?controller=search&amp;order=product.position.desc&amp;s=kookos%C3%B5li&amp;utm_source=bioretsept&amp;utm_medium=retsept&amp;utm_campaign=piparkoogipallid\"><span style=\"color: #99cc00;\">kookos\u00f5li<\/span><\/a><\/li>\n<li>2 spl sooja vett<\/li>\n<li>80 g kuivatatud j\u00f5hvikaid<\/li>\n<li>n\u00e4puotsaga <a href=\"http:\/\/bio4you.eu\/et\/156-sool?utm_source=bioretsept&amp;utm_medium=retseptireklaam&amp;utm_campaign=Retsept\"><span style=\"color: #99cc00;\">soola<\/span><\/a><\/li>\n<\/ul>\n","protected":false},"featured_media":3504,"comment_status":"open","ping_status":"closed","template":"","meta":{"_exactmetrics_skip_tracking":false,"_exactmetrics_sitenote_active":false,"_exactmetrics_sitenote_note":"","_exactmetrics_sitenote_category":0},"product_cat":[59,382,383,280,68,77],"product_tag":[],"class_list":{"0":"post-3502","1":"product","2":"type-product","3":"status-publish","4":"has-post-thumbnail","6":"product_cat-featured","7":"product_cat-vegan-toiduretseptid","8":"product_cat-taimetoit","9":"product_cat-koogid-ja-kupsised","10":"product_cat-suupisted","11":"product_cat-toortoit","13":"first","14":"instock","15":"shipping-taxable","16":"product-type-simple"},"yoast_head":"<!-- This site is optimized with the Yoast SEO plugin v23.3 - https:\/\/yoast.com\/wordpress\/plugins\/seo\/ -->\n<title>Piparkoogitoorpallid - bio4you.eu\/retseptid<\/title>\n<meta name=\"robots\" content=\"index, follow, max-snippet:-1, max-image-preview:large, max-video-preview:-1\" \/>\n<link rel=\"canonical\" href=\"https:\/\/bio4you.eu\/retseptid\/toode\/piparkoogi-toorpallid\/\" \/>\n<meta property=\"og:locale\" content=\"et_EE\" \/>\n<meta property=\"og:type\" content=\"article\" \/>\n<meta property=\"og:title\" content=\"Piparkoogitoorpallid - bio4you.eu\/retseptid\" \/>\n<meta property=\"og:description\" content=\"Vaja l\u00e4heb:   0,5 dl mandlijahu  200 g datleid  0,5 dl kaerahelbeid  2-3 tl piparkoogimaitseainet  2 spl kookos\u00f5li  2 spl sooja vett  80 g kuivatatud j\u00f5hvikaid  n\u00e4puotsaga soola\" \/>\n<meta property=\"og:url\" content=\"https:\/\/bio4you.eu\/retseptid\/toode\/piparkoogi-toorpallid\/\" \/>\n<meta property=\"og:site_name\" content=\"bio4you.eu\/retseptid\" \/>\n<meta property=\"article:modified_time\" content=\"2022-05-12T07:48:59+00:00\" \/>\n<meta property=\"og:image\" content=\"https:\/\/bio4you.eu\/retseptid\/wp-content\/uploads\/2016\/12\/15320233_1414788268544151_1809714195_n.jpg\" \/>\n\t<meta property=\"og:image:width\" content=\"960\" \/>\n\t<meta property=\"og:image:height\" content=\"719\" \/>\n\t<meta property=\"og:image:type\" content=\"image\/jpeg\" \/>\n<meta name=\"twitter:label1\" content=\"Est. reading time\" \/>\n\t<meta name=\"twitter:data1\" content=\"1 minut\" \/>\n<script type=\"application\/ld+json\" class=\"yoast-schema-graph\">{\"@context\":\"https:\/\/schema.org\",\"@graph\":[{\"@type\":\"WebPage\",\"@id\":\"https:\/\/bio4you.eu\/retseptid\/toode\/piparkoogi-toorpallid\/\",\"url\":\"https:\/\/bio4you.eu\/retseptid\/toode\/piparkoogi-toorpallid\/\",\"name\":\"Piparkoogitoorpallid - bio4you.eu\/retseptid\",\"isPartOf\":{\"@id\":\"https:\/\/bio4you.eu\/retseptid\/#website\"},\"primaryImageOfPage\":{\"@id\":\"https:\/\/bio4you.eu\/retseptid\/toode\/piparkoogi-toorpallid\/#primaryimage\"},\"image\":{\"@id\":\"https:\/\/bio4you.eu\/retseptid\/toode\/piparkoogi-toorpallid\/#primaryimage\"},\"thumbnailUrl\":\"https:\/\/bio4you.eu\/retseptid\/wp-content\/uploads\/2016\/12\/15320233_1414788268544151_1809714195_n.jpg\",\"datePublished\":\"2016-12-06T15:57:01+00:00\",\"dateModified\":\"2022-05-12T07:48:59+00:00\",\"breadcrumb\":{\"@id\":\"https:\/\/bio4you.eu\/retseptid\/toode\/piparkoogi-toorpallid\/#breadcrumb\"},\"inLanguage\":\"et\",\"potentialAction\":[{\"@type\":\"ReadAction\",\"target\":[\"https:\/\/bio4you.eu\/retseptid\/toode\/piparkoogi-toorpallid\/\"]}]},{\"@type\":\"ImageObject\",\"inLanguage\":\"et\",\"@id\":\"https:\/\/bio4you.eu\/retseptid\/toode\/piparkoogi-toorpallid\/#primaryimage\",\"url\":\"https:\/\/bio4you.eu\/retseptid\/wp-content\/uploads\/2016\/12\/15320233_1414788268544151_1809714195_n.jpg\",\"contentUrl\":\"https:\/\/bio4you.eu\/retseptid\/wp-content\/uploads\/2016\/12\/15320233_1414788268544151_1809714195_n.jpg\",\"width\":960,\"height\":719},{\"@type\":\"BreadcrumbList\",\"@id\":\"https:\/\/bio4you.eu\/retseptid\/toode\/piparkoogi-toorpallid\/#breadcrumb\",\"itemListElement\":[{\"@type\":\"ListItem\",\"position\":1,\"name\":\"Home\",\"item\":\"https:\/\/bio4you.eu\/retseptid\/\"},{\"@type\":\"ListItem\",\"position\":2,\"name\":\"Piparkoogitoorpallid\"}]},{\"@type\":\"WebSite\",\"@id\":\"https:\/\/bio4you.eu\/retseptid\/#website\",\"url\":\"https:\/\/bio4you.eu\/retseptid\/\",\"name\":\"bio4you.eu\/retseptid\",\"description\":\"\u00d6ko retseptid ise tegemiseks, looduslikest koostisainetest. Maitsev toit, iluhooldus, kodupuhastus ja aiandus.\",\"potentialAction\":[{\"@type\":\"SearchAction\",\"target\":{\"@type\":\"EntryPoint\",\"urlTemplate\":\"https:\/\/bio4you.eu\/retseptid\/?s={search_term_string}\"},\"query-input\":\"required name=search_term_string\"}],\"inLanguage\":\"et\"}]}<\/script>\n<!-- \/ Yoast SEO plugin. -->","yoast_head_json":{"title":"Piparkoogitoorpallid - bio4you.eu\/retseptid","robots":{"index":"index","follow":"follow","max-snippet":"max-snippet:-1","max-image-preview":"max-image-preview:large","max-video-preview":"max-video-preview:-1"},"canonical":"https:\/\/bio4you.eu\/retseptid\/toode\/piparkoogi-toorpallid\/","og_locale":"et_EE","og_type":"article","og_title":"Piparkoogitoorpallid - bio4you.eu\/retseptid","og_description":"Vaja l\u00e4heb:   0,5 dl mandlijahu  200 g datleid  0,5 dl kaerahelbeid  2-3 tl piparkoogimaitseainet  2 spl kookos\u00f5li  2 spl sooja vett  80 g kuivatatud j\u00f5hvikaid  n\u00e4puotsaga soola","og_url":"https:\/\/bio4you.eu\/retseptid\/toode\/piparkoogi-toorpallid\/","og_site_name":"bio4you.eu\/retseptid","article_modified_time":"2022-05-12T07:48:59+00:00","og_image":[{"width":960,"height":719,"url":"https:\/\/bio4you.eu\/retseptid\/wp-content\/uploads\/2016\/12\/15320233_1414788268544151_1809714195_n.jpg","type":"image\/jpeg"}],"twitter_misc":{"Est. reading time":"1 minut"},"schema":{"@context":"https:\/\/schema.org","@graph":[{"@type":"WebPage","@id":"https:\/\/bio4you.eu\/retseptid\/toode\/piparkoogi-toorpallid\/","url":"https:\/\/bio4you.eu\/retseptid\/toode\/piparkoogi-toorpallid\/","name":"Piparkoogitoorpallid - bio4you.eu\/retseptid","isPartOf":{"@id":"https:\/\/bio4you.eu\/retseptid\/#website"},"primaryImageOfPage":{"@id":"https:\/\/bio4you.eu\/retseptid\/toode\/piparkoogi-toorpallid\/#primaryimage"},"image":{"@id":"https:\/\/bio4you.eu\/retseptid\/toode\/piparkoogi-toorpallid\/#primaryimage"},"thumbnailUrl":"https:\/\/bio4you.eu\/retseptid\/wp-content\/uploads\/2016\/12\/15320233_1414788268544151_1809714195_n.jpg","datePublished":"2016-12-06T15:57:01+00:00","dateModified":"2022-05-12T07:48:59+00:00","breadcrumb":{"@id":"https:\/\/bio4you.eu\/retseptid\/toode\/piparkoogi-toorpallid\/#breadcrumb"},"inLanguage":"et","potentialAction":[{"@type":"ReadAction","target":["https:\/\/bio4you.eu\/retseptid\/toode\/piparkoogi-toorpallid\/"]}]},{"@type":"ImageObject","inLanguage":"et","@id":"https:\/\/bio4you.eu\/retseptid\/toode\/piparkoogi-toorpallid\/#primaryimage","url":"https:\/\/bio4you.eu\/retseptid\/wp-content\/uploads\/2016\/12\/15320233_1414788268544151_1809714195_n.jpg","contentUrl":"https:\/\/bio4you.eu\/retseptid\/wp-content\/uploads\/2016\/12\/15320233_1414788268544151_1809714195_n.jpg","width":960,"height":719},{"@type":"BreadcrumbList","@id":"https:\/\/bio4you.eu\/retseptid\/toode\/piparkoogi-toorpallid\/#breadcrumb","itemListElement":[{"@type":"ListItem","position":1,"name":"Home","item":"https:\/\/bio4you.eu\/retseptid\/"},{"@type":"ListItem","position":2,"name":"Piparkoogitoorpallid"}]},{"@type":"WebSite","@id":"https:\/\/bio4you.eu\/retseptid\/#website","url":"https:\/\/bio4you.eu\/retseptid\/","name":"bio4you.eu\/retseptid","description":"\u00d6ko retseptid ise tegemiseks, looduslikest koostisainetest. Maitsev toit, iluhooldus, kodupuhastus ja aiandus.","potentialAction":[{"@type":"SearchAction","target":{"@type":"EntryPoint","urlTemplate":"https:\/\/bio4you.eu\/retseptid\/?s={search_term_string}"},"query-input":"required name=search_term_string"}],"inLanguage":"et"}]}},"_links":{"self":[{"href":"https:\/\/bio4you.eu\/retseptid\/wp-json\/wp\/v2\/product\/3502"}],"collection":[{"href":"https:\/\/bio4you.eu\/retseptid\/wp-json\/wp\/v2\/product"}],"about":[{"href":"https:\/\/bio4you.eu\/retseptid\/wp-json\/wp\/v2\/types\/product"}],"replies":[{"embeddable":true,"href":"https:\/\/bio4you.eu\/retseptid\/wp-json\/wp\/v2\/comments?post=3502"}],"wp:featuredmedia":[{"embeddable":true,"href":"https:\/\/bio4you.eu\/retseptid\/wp-json\/wp\/v2\/media\/3504"}],"wp:attachment":[{"href":"https:\/\/bio4you.eu\/retseptid\/wp-json\/wp\/v2\/media?parent=3502"}],"wp:term":[{"taxonomy":"product_cat","embeddable":true,"href":"https:\/\/bio4you.eu\/retseptid\/wp-json\/wp\/v2\/product_cat?post=3502"},{"taxonomy":"product_tag","embeddable":true,"href":"https:\/\/bio4you.eu\/retseptid\/wp-json\/wp\/v2\/product_tag?post=3502"}],"curies":[{"name":"wp","href":"https:\/\/api.w.org\/{rel}","templated":true}]}}