{"id":3521,"date":"2016-12-14T22:43:07","date_gmt":"2016-12-14T20:43:07","guid":{"rendered":"https:\/\/bio4you.eu\/retseptid\/?post_type=product&#038;p=3521"},"modified":"2022-05-06T11:16:45","modified_gmt":"2022-05-06T08:16:45","slug":"toortatar-baklazaani-ja-tomatiga","status":"publish","type":"product","link":"https:\/\/bio4you.eu\/retseptid\/toode\/toortatar-baklazaani-ja-tomatiga\/","title":{"rendered":"Toortatar bakla\u017eaani ja tomatiga"},"content":{"rendered":"<p>Valmistamine:<br \/>\nPese toortatar ja pane v\u00e4hemalt tunniks ligunema.<br \/>\nM\u00e4hi terve bakla\u017eaan fooliumisse ja k\u00fcpseta ahjus 180 kraadi juures umbes 40 minutit. Kui see on valminud, siis l\u00f5ika pooleks ning v\u00f5ta lusikaga bakla\u017eaani sisu koore k\u00fclhest lahti. Blenderda \u00fchtlaseks pastaks bakla\u017eaan, purustatud tomatid ja p\u00e4ikesekuivatatud tomatid.<br \/>\nL\u00f5ika porgandid pikuti pooleks, pritsi oliivi\u00f5liga ning lisa veidi soola. K\u00fcpseta ahjus 180 kraadi juures kuni need on pehmed ning kuldpruunid.<br \/>\nPruunista pannil \u00f5li sees t\u00fckeldatud k\u00fc\u00fcslauk, lisa suitsupaprika pulber, sool, toortatar ja umbes 3 dl vett. Keeda 3 minutit ning lisa siis bakla\u017eaani ja tomati pasta. Hauta kaane all pidevalt segades umbes 10 minutit.<br \/>\nServeeri porgandite, v\u00e4rske rohelise sibula ning seesamiseemnetega.<\/p>\n","protected":false},"excerpt":{"rendered":"<p>Vaja l\u00e4heb:<\/p>\n<ul>\n<li>2 peot\u00e4it<span style=\"color: #000000;\"> toortatart<\/span><\/li>\n<li>1 bakla\u017eaan<\/li>\n<li>1 dl <span style=\"color: #99cc00;\"><a style=\"color: #99cc00;\" href=\"https:\/\/bio4you.eu\/et\/olid-kastmed-kreemid\/5506-purustatud-tomatid-400g.html?utm_source=bioretsept&amp;utm_medium=retsept&amp;utm_campaign=toortatar\">hakitud tomateid\u00a0<\/a><\/span><\/li>\n<li>2 p\u00e4ikesekuivatatud tomatit<\/li>\n<li>1 k\u00fc\u00fcslauguk\u00fc\u00fcs<\/li>\n<li>1 spl <a href=\"https:\/\/bio4you.eu\/et\/olid-kastmed-kreemid\/2244-ekstra-neitsioliivioli-1l.html?utm_source=bioretsept&amp;utm_medium=retsept&amp;utm_campaign=toortatar\"><span style=\"color: #99cc00;\">oliivi\u00f5li<\/span><\/a><\/li>\n<li>1\/2 tl <span style=\"color: #99cc00;\"><a style=\"color: #99cc00;\" href=\"https:\/\/bio4you.eu\/et\/156-sool\">soola<\/a><\/span><\/li>\n<li>1 tl suitsupaprika pulbrit v\u00f5i tavalist <a href=\"https:\/\/bio4you.eu\/et\/maitseained-ja-magustajad\/5256-suitsutatud-paprika-pulber-35g.html?utm_source=bioretsept&amp;utm_medium=retsept&amp;utm_campaign=toortatar\"><span style=\"color: #99cc00;\">paprikat\u00a0<\/span><\/a><\/li>\n<li>4 v\u00e4ikest porgandit<\/li>\n<li>serveerimiseks rohelist sibulat ja seesamiseemneid<\/li>\n<\/ul>\n","protected":false},"featured_media":3523,"comment_status":"open","ping_status":"closed","template":"","meta":{"_exactmetrics_skip_tracking":false,"_exactmetrics_sitenote_active":false,"_exactmetrics_sitenote_note":"","_exactmetrics_sitenote_category":0},"product_cat":[59,60,382,63,383,71],"product_tag":[],"class_list":{"0":"post-3521","1":"product","2":"type-product","3":"status-publish","4":"has-post-thumbnail","6":"product_cat-featured","7":"product_cat-toiduretseptid","8":"product_cat-vegan-toiduretseptid","9":"product_cat-gluteenivabad-retseptid","10":"product_cat-taimetoit","11":"product_cat-riisi-ja-teraviljatoidud","13":"first","14":"instock","15":"shipping-taxable","16":"product-type-simple"},"yoast_head":"<!-- This site is optimized with the Yoast SEO plugin v23.3 - https:\/\/yoast.com\/wordpress\/plugins\/seo\/ -->\n<title>Toortatar bakla\u017eaani ja tomatiga - bio4you.eu\/retseptid<\/title>\n<meta name=\"robots\" content=\"index, follow, max-snippet:-1, max-image-preview:large, max-video-preview:-1\" \/>\n<link rel=\"canonical\" href=\"https:\/\/bio4you.eu\/retseptid\/toode\/toortatar-baklazaani-ja-tomatiga\/\" \/>\n<meta property=\"og:locale\" content=\"et_EE\" \/>\n<meta property=\"og:type\" content=\"article\" \/>\n<meta property=\"og:title\" content=\"Toortatar bakla\u017eaani ja tomatiga - bio4you.eu\/retseptid\" \/>\n<meta property=\"og:description\" content=\"Vaja l\u00e4heb:   2 peot\u00e4it toortatart  1 bakla\u017eaan  1 dl hakitud tomateid\u00a0  2 p\u00e4ikesekuivatatud tomatit  1 k\u00fc\u00fcslauguk\u00fc\u00fcs  1 spl oliivi\u00f5li  1\/2 tl soola  1 tl suitsupaprika pulbrit v\u00f5i tavalist paprikat\u00a0  4 v\u00e4ikest porgandit  serveerimiseks rohelist sibulat ja seesamiseemneid\" \/>\n<meta property=\"og:url\" content=\"https:\/\/bio4you.eu\/retseptid\/toode\/toortatar-baklazaani-ja-tomatiga\/\" \/>\n<meta property=\"og:site_name\" content=\"bio4you.eu\/retseptid\" \/>\n<meta property=\"article:modified_time\" content=\"2022-05-06T08:16:45+00:00\" \/>\n<meta property=\"og:image\" content=\"https:\/\/bio4you.eu\/retseptid\/wp-content\/uploads\/2016\/12\/IMG_3103-scaled.jpg\" \/>\n\t<meta property=\"og:image:width\" content=\"2560\" \/>\n\t<meta property=\"og:image:height\" content=\"1902\" \/>\n\t<meta property=\"og:image:type\" content=\"image\/jpeg\" \/>\n<meta name=\"twitter:label1\" content=\"Est. reading time\" \/>\n\t<meta name=\"twitter:data1\" content=\"1 minut\" \/>\n<script type=\"application\/ld+json\" class=\"yoast-schema-graph\">{\"@context\":\"https:\/\/schema.org\",\"@graph\":[{\"@type\":\"WebPage\",\"@id\":\"https:\/\/bio4you.eu\/retseptid\/toode\/toortatar-baklazaani-ja-tomatiga\/\",\"url\":\"https:\/\/bio4you.eu\/retseptid\/toode\/toortatar-baklazaani-ja-tomatiga\/\",\"name\":\"Toortatar bakla\u017eaani ja tomatiga - bio4you.eu\/retseptid\",\"isPartOf\":{\"@id\":\"https:\/\/bio4you.eu\/retseptid\/#website\"},\"primaryImageOfPage\":{\"@id\":\"https:\/\/bio4you.eu\/retseptid\/toode\/toortatar-baklazaani-ja-tomatiga\/#primaryimage\"},\"image\":{\"@id\":\"https:\/\/bio4you.eu\/retseptid\/toode\/toortatar-baklazaani-ja-tomatiga\/#primaryimage\"},\"thumbnailUrl\":\"https:\/\/bio4you.eu\/retseptid\/wp-content\/uploads\/2016\/12\/IMG_3103-scaled.jpg\",\"datePublished\":\"2016-12-14T20:43:07+00:00\",\"dateModified\":\"2022-05-06T08:16:45+00:00\",\"breadcrumb\":{\"@id\":\"https:\/\/bio4you.eu\/retseptid\/toode\/toortatar-baklazaani-ja-tomatiga\/#breadcrumb\"},\"inLanguage\":\"et\",\"potentialAction\":[{\"@type\":\"ReadAction\",\"target\":[\"https:\/\/bio4you.eu\/retseptid\/toode\/toortatar-baklazaani-ja-tomatiga\/\"]}]},{\"@type\":\"ImageObject\",\"inLanguage\":\"et\",\"@id\":\"https:\/\/bio4you.eu\/retseptid\/toode\/toortatar-baklazaani-ja-tomatiga\/#primaryimage\",\"url\":\"https:\/\/bio4you.eu\/retseptid\/wp-content\/uploads\/2016\/12\/IMG_3103-scaled.jpg\",\"contentUrl\":\"https:\/\/bio4you.eu\/retseptid\/wp-content\/uploads\/2016\/12\/IMG_3103-scaled.jpg\",\"width\":2560,\"height\":1902},{\"@type\":\"BreadcrumbList\",\"@id\":\"https:\/\/bio4you.eu\/retseptid\/toode\/toortatar-baklazaani-ja-tomatiga\/#breadcrumb\",\"itemListElement\":[{\"@type\":\"ListItem\",\"position\":1,\"name\":\"Home\",\"item\":\"https:\/\/bio4you.eu\/retseptid\/\"},{\"@type\":\"ListItem\",\"position\":2,\"name\":\"Toortatar bakla\u017eaani ja tomatiga\"}]},{\"@type\":\"WebSite\",\"@id\":\"https:\/\/bio4you.eu\/retseptid\/#website\",\"url\":\"https:\/\/bio4you.eu\/retseptid\/\",\"name\":\"bio4you.eu\/retseptid\",\"description\":\"\u00d6ko retseptid ise tegemiseks, looduslikest koostisainetest. Maitsev toit, iluhooldus, kodupuhastus ja aiandus.\",\"potentialAction\":[{\"@type\":\"SearchAction\",\"target\":{\"@type\":\"EntryPoint\",\"urlTemplate\":\"https:\/\/bio4you.eu\/retseptid\/?s={search_term_string}\"},\"query-input\":\"required name=search_term_string\"}],\"inLanguage\":\"et\"}]}<\/script>\n<!-- \/ Yoast SEO plugin. -->","yoast_head_json":{"title":"Toortatar bakla\u017eaani ja tomatiga - bio4you.eu\/retseptid","robots":{"index":"index","follow":"follow","max-snippet":"max-snippet:-1","max-image-preview":"max-image-preview:large","max-video-preview":"max-video-preview:-1"},"canonical":"https:\/\/bio4you.eu\/retseptid\/toode\/toortatar-baklazaani-ja-tomatiga\/","og_locale":"et_EE","og_type":"article","og_title":"Toortatar bakla\u017eaani ja tomatiga - bio4you.eu\/retseptid","og_description":"Vaja l\u00e4heb:   2 peot\u00e4it toortatart  1 bakla\u017eaan  1 dl hakitud tomateid\u00a0  2 p\u00e4ikesekuivatatud tomatit  1 k\u00fc\u00fcslauguk\u00fc\u00fcs  1 spl oliivi\u00f5li  1\/2 tl soola  1 tl suitsupaprika pulbrit v\u00f5i tavalist paprikat\u00a0  4 v\u00e4ikest porgandit  serveerimiseks rohelist sibulat ja seesamiseemneid","og_url":"https:\/\/bio4you.eu\/retseptid\/toode\/toortatar-baklazaani-ja-tomatiga\/","og_site_name":"bio4you.eu\/retseptid","article_modified_time":"2022-05-06T08:16:45+00:00","og_image":[{"width":2560,"height":1902,"url":"https:\/\/bio4you.eu\/retseptid\/wp-content\/uploads\/2016\/12\/IMG_3103-scaled.jpg","type":"image\/jpeg"}],"twitter_misc":{"Est. reading time":"1 minut"},"schema":{"@context":"https:\/\/schema.org","@graph":[{"@type":"WebPage","@id":"https:\/\/bio4you.eu\/retseptid\/toode\/toortatar-baklazaani-ja-tomatiga\/","url":"https:\/\/bio4you.eu\/retseptid\/toode\/toortatar-baklazaani-ja-tomatiga\/","name":"Toortatar bakla\u017eaani ja tomatiga - bio4you.eu\/retseptid","isPartOf":{"@id":"https:\/\/bio4you.eu\/retseptid\/#website"},"primaryImageOfPage":{"@id":"https:\/\/bio4you.eu\/retseptid\/toode\/toortatar-baklazaani-ja-tomatiga\/#primaryimage"},"image":{"@id":"https:\/\/bio4you.eu\/retseptid\/toode\/toortatar-baklazaani-ja-tomatiga\/#primaryimage"},"thumbnailUrl":"https:\/\/bio4you.eu\/retseptid\/wp-content\/uploads\/2016\/12\/IMG_3103-scaled.jpg","datePublished":"2016-12-14T20:43:07+00:00","dateModified":"2022-05-06T08:16:45+00:00","breadcrumb":{"@id":"https:\/\/bio4you.eu\/retseptid\/toode\/toortatar-baklazaani-ja-tomatiga\/#breadcrumb"},"inLanguage":"et","potentialAction":[{"@type":"ReadAction","target":["https:\/\/bio4you.eu\/retseptid\/toode\/toortatar-baklazaani-ja-tomatiga\/"]}]},{"@type":"ImageObject","inLanguage":"et","@id":"https:\/\/bio4you.eu\/retseptid\/toode\/toortatar-baklazaani-ja-tomatiga\/#primaryimage","url":"https:\/\/bio4you.eu\/retseptid\/wp-content\/uploads\/2016\/12\/IMG_3103-scaled.jpg","contentUrl":"https:\/\/bio4you.eu\/retseptid\/wp-content\/uploads\/2016\/12\/IMG_3103-scaled.jpg","width":2560,"height":1902},{"@type":"BreadcrumbList","@id":"https:\/\/bio4you.eu\/retseptid\/toode\/toortatar-baklazaani-ja-tomatiga\/#breadcrumb","itemListElement":[{"@type":"ListItem","position":1,"name":"Home","item":"https:\/\/bio4you.eu\/retseptid\/"},{"@type":"ListItem","position":2,"name":"Toortatar bakla\u017eaani ja tomatiga"}]},{"@type":"WebSite","@id":"https:\/\/bio4you.eu\/retseptid\/#website","url":"https:\/\/bio4you.eu\/retseptid\/","name":"bio4you.eu\/retseptid","description":"\u00d6ko retseptid ise tegemiseks, looduslikest koostisainetest. Maitsev toit, iluhooldus, kodupuhastus ja aiandus.","potentialAction":[{"@type":"SearchAction","target":{"@type":"EntryPoint","urlTemplate":"https:\/\/bio4you.eu\/retseptid\/?s={search_term_string}"},"query-input":"required name=search_term_string"}],"inLanguage":"et"}]}},"_links":{"self":[{"href":"https:\/\/bio4you.eu\/retseptid\/wp-json\/wp\/v2\/product\/3521"}],"collection":[{"href":"https:\/\/bio4you.eu\/retseptid\/wp-json\/wp\/v2\/product"}],"about":[{"href":"https:\/\/bio4you.eu\/retseptid\/wp-json\/wp\/v2\/types\/product"}],"replies":[{"embeddable":true,"href":"https:\/\/bio4you.eu\/retseptid\/wp-json\/wp\/v2\/comments?post=3521"}],"wp:featuredmedia":[{"embeddable":true,"href":"https:\/\/bio4you.eu\/retseptid\/wp-json\/wp\/v2\/media\/3523"}],"wp:attachment":[{"href":"https:\/\/bio4you.eu\/retseptid\/wp-json\/wp\/v2\/media?parent=3521"}],"wp:term":[{"taxonomy":"product_cat","embeddable":true,"href":"https:\/\/bio4you.eu\/retseptid\/wp-json\/wp\/v2\/product_cat?post=3521"},{"taxonomy":"product_tag","embeddable":true,"href":"https:\/\/bio4you.eu\/retseptid\/wp-json\/wp\/v2\/product_tag?post=3521"}],"curies":[{"name":"wp","href":"https:\/\/api.w.org\/{rel}","templated":true}]}}