{"id":3542,"date":"2017-01-05T11:44:28","date_gmt":"2017-01-05T09:44:28","guid":{"rendered":"https:\/\/bio4you.eu\/retseptid\/?post_type=product&#038;p=3542"},"modified":"2022-05-06T11:09:30","modified_gmt":"2022-05-06T08:09:30","slug":"tortillad-avokaado-ja-vegan-maisijuustuga","status":"publish","type":"product","link":"https:\/\/bio4you.eu\/retseptid\/toode\/tortillad-avokaado-ja-vegan-maisijuustuga\/","title":{"rendered":"Tortillad avokaado ja vegan maisijuustuga"},"content":{"rendered":"<p>Valmistamine:<br \/>\nPane ahi 200 kraadi juurde kuumenema.<br \/>\nKurna mais ja pane koos maitsep\u00e4rmi, k\u00fc\u00fcslaugu, soola ja pipraga k\u00f6\u00f6gikombaini ja p\u00fcreesta. Puhasta avokaado ja suru kahvliga p\u00fcreeks ning haki kirsstomatid.<br \/>\nAseta \u00fcks tortillaleht k\u00fcpsetuspaberiga kaetud ahjuplaadile, m\u00e4\u00e4ri sinna peale p\u00fcreestatud avokaado, tomatid ja k\u00f5ige peale maisist tehtud juustup\u00fcree. Aseta k\u00f5ige peale veel \u00fcks tortillaleht ning m\u00e4\u00e4ri see kergelt \u00f5liga.<br \/>\nK\u00fcpseta ahjus kuni tortilla on kuldselt pruunikas. Lase sellel natukene jahtuda ja serveeri neljaks l\u00f5igatuna.<\/p>\n","protected":false},"excerpt":{"rendered":"<p>Vaja l\u00e4heb:<\/p>\n<ul>\n<li>2 v\u00e4ikest avokaadot<\/li>\n<li>5 kirsstomatit<\/li>\n<li>1 purk konservmaisi<\/li>\n<li>4 k\u00fc\u00fcslauguk\u00fc\u00fcnt<\/li>\n<li>4 spl <a href=\"https:\/\/bio4you.eu\/et\/maitseained-ja-magustajad\/3280-maitsepaerm-125g.html?utm_source=bioretsept&amp;utm_medium=retsept&amp;utm_campaign=tortillad\">maitsep\u00e4rmi<\/a><\/li>\n<li><a href=\"https:\/\/bio4you.eu\/et\/434-sool-uerdisool-ja-puljongid?utm_source=bioretsept&amp;utm_medium=retsept&amp;utm_campaign=tortillad\">soola<\/a> ja pipart<\/li>\n<li><span style=\"color: #99cc00;\"><a style=\"color: #99cc00;\" href=\"https:\/\/bio4you.eu\/et\/olid-kastmed-kreemid\/2244-ekstra-neitsioliivioli-1l.html?utm_source=bioretsept&amp;utm_medium=retsept&amp;utm_campaign=tortillad\">oliivi\u00f5li<\/a><\/span><\/li>\n<li>2 tortillalehte<\/li>\n<\/ul>\n","protected":false},"featured_media":3544,"comment_status":"open","ping_status":"closed","template":"","meta":{"_exactmetrics_skip_tracking":false,"_exactmetrics_sitenote_active":false,"_exactmetrics_sitenote_note":"","_exactmetrics_sitenote_category":0},"product_cat":[59,60,382,383,68],"product_tag":[],"class_list":{"0":"post-3542","1":"product","2":"type-product","3":"status-publish","4":"has-post-thumbnail","6":"product_cat-featured","7":"product_cat-toiduretseptid","8":"product_cat-vegan-toiduretseptid","9":"product_cat-taimetoit","10":"product_cat-suupisted","12":"first","13":"instock","14":"shipping-taxable","15":"product-type-simple"},"yoast_head":"<!-- This site is optimized with the Yoast SEO plugin v23.3 - https:\/\/yoast.com\/wordpress\/plugins\/seo\/ -->\n<title>Tortillad avokaado ja vegan maisijuustuga - bio4you.eu\/retseptid<\/title>\n<meta name=\"robots\" content=\"index, follow, max-snippet:-1, max-image-preview:large, max-video-preview:-1\" \/>\n<link rel=\"canonical\" href=\"https:\/\/bio4you.eu\/retseptid\/toode\/tortillad-avokaado-ja-vegan-maisijuustuga\/\" \/>\n<meta property=\"og:locale\" content=\"et_EE\" \/>\n<meta property=\"og:type\" content=\"article\" \/>\n<meta property=\"og:title\" content=\"Tortillad avokaado ja vegan maisijuustuga - bio4you.eu\/retseptid\" \/>\n<meta property=\"og:description\" content=\"Vaja l\u00e4heb:   2 v\u00e4ikest avokaadot  5 kirsstomatit  1 purk konservmaisi  4 k\u00fc\u00fcslauguk\u00fc\u00fcnt  4 spl maitsep\u00e4rmi  soola ja pipart  oliivi\u00f5li  2 tortillalehte\" \/>\n<meta property=\"og:url\" content=\"https:\/\/bio4you.eu\/retseptid\/toode\/tortillad-avokaado-ja-vegan-maisijuustuga\/\" \/>\n<meta property=\"og:site_name\" content=\"bio4you.eu\/retseptid\" \/>\n<meta property=\"article:modified_time\" content=\"2022-05-06T08:09:30+00:00\" \/>\n<meta property=\"og:image\" content=\"https:\/\/bio4you.eu\/retseptid\/wp-content\/uploads\/2017\/01\/IMG_3288.jpg\" \/>\n\t<meta property=\"og:image:width\" content=\"603\" \/>\n\t<meta property=\"og:image:height\" content=\"452\" \/>\n\t<meta property=\"og:image:type\" content=\"image\/jpeg\" \/>\n<meta name=\"twitter:label1\" content=\"Est. reading time\" \/>\n\t<meta name=\"twitter:data1\" content=\"1 minut\" \/>\n<script type=\"application\/ld+json\" class=\"yoast-schema-graph\">{\"@context\":\"https:\/\/schema.org\",\"@graph\":[{\"@type\":\"WebPage\",\"@id\":\"https:\/\/bio4you.eu\/retseptid\/toode\/tortillad-avokaado-ja-vegan-maisijuustuga\/\",\"url\":\"https:\/\/bio4you.eu\/retseptid\/toode\/tortillad-avokaado-ja-vegan-maisijuustuga\/\",\"name\":\"Tortillad avokaado ja vegan maisijuustuga - bio4you.eu\/retseptid\",\"isPartOf\":{\"@id\":\"https:\/\/bio4you.eu\/retseptid\/#website\"},\"primaryImageOfPage\":{\"@id\":\"https:\/\/bio4you.eu\/retseptid\/toode\/tortillad-avokaado-ja-vegan-maisijuustuga\/#primaryimage\"},\"image\":{\"@id\":\"https:\/\/bio4you.eu\/retseptid\/toode\/tortillad-avokaado-ja-vegan-maisijuustuga\/#primaryimage\"},\"thumbnailUrl\":\"https:\/\/bio4you.eu\/retseptid\/wp-content\/uploads\/2017\/01\/IMG_3288.jpg\",\"datePublished\":\"2017-01-05T09:44:28+00:00\",\"dateModified\":\"2022-05-06T08:09:30+00:00\",\"breadcrumb\":{\"@id\":\"https:\/\/bio4you.eu\/retseptid\/toode\/tortillad-avokaado-ja-vegan-maisijuustuga\/#breadcrumb\"},\"inLanguage\":\"et\",\"potentialAction\":[{\"@type\":\"ReadAction\",\"target\":[\"https:\/\/bio4you.eu\/retseptid\/toode\/tortillad-avokaado-ja-vegan-maisijuustuga\/\"]}]},{\"@type\":\"ImageObject\",\"inLanguage\":\"et\",\"@id\":\"https:\/\/bio4you.eu\/retseptid\/toode\/tortillad-avokaado-ja-vegan-maisijuustuga\/#primaryimage\",\"url\":\"https:\/\/bio4you.eu\/retseptid\/wp-content\/uploads\/2017\/01\/IMG_3288.jpg\",\"contentUrl\":\"https:\/\/bio4you.eu\/retseptid\/wp-content\/uploads\/2017\/01\/IMG_3288.jpg\",\"width\":603,\"height\":452},{\"@type\":\"BreadcrumbList\",\"@id\":\"https:\/\/bio4you.eu\/retseptid\/toode\/tortillad-avokaado-ja-vegan-maisijuustuga\/#breadcrumb\",\"itemListElement\":[{\"@type\":\"ListItem\",\"position\":1,\"name\":\"Home\",\"item\":\"https:\/\/bio4you.eu\/retseptid\/\"},{\"@type\":\"ListItem\",\"position\":2,\"name\":\"Tortillad avokaado ja vegan maisijuustuga\"}]},{\"@type\":\"WebSite\",\"@id\":\"https:\/\/bio4you.eu\/retseptid\/#website\",\"url\":\"https:\/\/bio4you.eu\/retseptid\/\",\"name\":\"bio4you.eu\/retseptid\",\"description\":\"\u00d6ko retseptid ise tegemiseks, looduslikest koostisainetest. Maitsev toit, iluhooldus, kodupuhastus ja aiandus.\",\"potentialAction\":[{\"@type\":\"SearchAction\",\"target\":{\"@type\":\"EntryPoint\",\"urlTemplate\":\"https:\/\/bio4you.eu\/retseptid\/?s={search_term_string}\"},\"query-input\":\"required name=search_term_string\"}],\"inLanguage\":\"et\"}]}<\/script>\n<!-- \/ Yoast SEO plugin. -->","yoast_head_json":{"title":"Tortillad avokaado ja vegan maisijuustuga - bio4you.eu\/retseptid","robots":{"index":"index","follow":"follow","max-snippet":"max-snippet:-1","max-image-preview":"max-image-preview:large","max-video-preview":"max-video-preview:-1"},"canonical":"https:\/\/bio4you.eu\/retseptid\/toode\/tortillad-avokaado-ja-vegan-maisijuustuga\/","og_locale":"et_EE","og_type":"article","og_title":"Tortillad avokaado ja vegan maisijuustuga - bio4you.eu\/retseptid","og_description":"Vaja l\u00e4heb:   2 v\u00e4ikest avokaadot  5 kirsstomatit  1 purk konservmaisi  4 k\u00fc\u00fcslauguk\u00fc\u00fcnt  4 spl maitsep\u00e4rmi  soola ja pipart  oliivi\u00f5li  2 tortillalehte","og_url":"https:\/\/bio4you.eu\/retseptid\/toode\/tortillad-avokaado-ja-vegan-maisijuustuga\/","og_site_name":"bio4you.eu\/retseptid","article_modified_time":"2022-05-06T08:09:30+00:00","og_image":[{"width":603,"height":452,"url":"https:\/\/bio4you.eu\/retseptid\/wp-content\/uploads\/2017\/01\/IMG_3288.jpg","type":"image\/jpeg"}],"twitter_misc":{"Est. reading time":"1 minut"},"schema":{"@context":"https:\/\/schema.org","@graph":[{"@type":"WebPage","@id":"https:\/\/bio4you.eu\/retseptid\/toode\/tortillad-avokaado-ja-vegan-maisijuustuga\/","url":"https:\/\/bio4you.eu\/retseptid\/toode\/tortillad-avokaado-ja-vegan-maisijuustuga\/","name":"Tortillad avokaado ja vegan maisijuustuga - bio4you.eu\/retseptid","isPartOf":{"@id":"https:\/\/bio4you.eu\/retseptid\/#website"},"primaryImageOfPage":{"@id":"https:\/\/bio4you.eu\/retseptid\/toode\/tortillad-avokaado-ja-vegan-maisijuustuga\/#primaryimage"},"image":{"@id":"https:\/\/bio4you.eu\/retseptid\/toode\/tortillad-avokaado-ja-vegan-maisijuustuga\/#primaryimage"},"thumbnailUrl":"https:\/\/bio4you.eu\/retseptid\/wp-content\/uploads\/2017\/01\/IMG_3288.jpg","datePublished":"2017-01-05T09:44:28+00:00","dateModified":"2022-05-06T08:09:30+00:00","breadcrumb":{"@id":"https:\/\/bio4you.eu\/retseptid\/toode\/tortillad-avokaado-ja-vegan-maisijuustuga\/#breadcrumb"},"inLanguage":"et","potentialAction":[{"@type":"ReadAction","target":["https:\/\/bio4you.eu\/retseptid\/toode\/tortillad-avokaado-ja-vegan-maisijuustuga\/"]}]},{"@type":"ImageObject","inLanguage":"et","@id":"https:\/\/bio4you.eu\/retseptid\/toode\/tortillad-avokaado-ja-vegan-maisijuustuga\/#primaryimage","url":"https:\/\/bio4you.eu\/retseptid\/wp-content\/uploads\/2017\/01\/IMG_3288.jpg","contentUrl":"https:\/\/bio4you.eu\/retseptid\/wp-content\/uploads\/2017\/01\/IMG_3288.jpg","width":603,"height":452},{"@type":"BreadcrumbList","@id":"https:\/\/bio4you.eu\/retseptid\/toode\/tortillad-avokaado-ja-vegan-maisijuustuga\/#breadcrumb","itemListElement":[{"@type":"ListItem","position":1,"name":"Home","item":"https:\/\/bio4you.eu\/retseptid\/"},{"@type":"ListItem","position":2,"name":"Tortillad avokaado ja vegan maisijuustuga"}]},{"@type":"WebSite","@id":"https:\/\/bio4you.eu\/retseptid\/#website","url":"https:\/\/bio4you.eu\/retseptid\/","name":"bio4you.eu\/retseptid","description":"\u00d6ko retseptid ise tegemiseks, looduslikest koostisainetest. Maitsev toit, iluhooldus, kodupuhastus ja aiandus.","potentialAction":[{"@type":"SearchAction","target":{"@type":"EntryPoint","urlTemplate":"https:\/\/bio4you.eu\/retseptid\/?s={search_term_string}"},"query-input":"required name=search_term_string"}],"inLanguage":"et"}]}},"_links":{"self":[{"href":"https:\/\/bio4you.eu\/retseptid\/wp-json\/wp\/v2\/product\/3542"}],"collection":[{"href":"https:\/\/bio4you.eu\/retseptid\/wp-json\/wp\/v2\/product"}],"about":[{"href":"https:\/\/bio4you.eu\/retseptid\/wp-json\/wp\/v2\/types\/product"}],"replies":[{"embeddable":true,"href":"https:\/\/bio4you.eu\/retseptid\/wp-json\/wp\/v2\/comments?post=3542"}],"wp:featuredmedia":[{"embeddable":true,"href":"https:\/\/bio4you.eu\/retseptid\/wp-json\/wp\/v2\/media\/3544"}],"wp:attachment":[{"href":"https:\/\/bio4you.eu\/retseptid\/wp-json\/wp\/v2\/media?parent=3542"}],"wp:term":[{"taxonomy":"product_cat","embeddable":true,"href":"https:\/\/bio4you.eu\/retseptid\/wp-json\/wp\/v2\/product_cat?post=3542"},{"taxonomy":"product_tag","embeddable":true,"href":"https:\/\/bio4you.eu\/retseptid\/wp-json\/wp\/v2\/product_tag?post=3542"}],"curies":[{"name":"wp","href":"https:\/\/api.w.org\/{rel}","templated":true}]}}