{"id":3569,"date":"2017-01-24T15:30:13","date_gmt":"2017-01-24T13:30:13","guid":{"rendered":"https:\/\/bio4you.eu\/retseptid\/?post_type=product&#038;p=3569"},"modified":"2022-05-06T11:13:36","modified_gmt":"2022-05-06T08:13:36","slug":"toortatar-lehtkapsa-ja-kartuliga","status":"publish","type":"product","link":"https:\/\/bio4you.eu\/retseptid\/toode\/toortatar-lehtkapsa-ja-kartuliga\/","title":{"rendered":"Toortatar lehtkapsa ja kartuliga"},"content":{"rendered":"<p>Valmistamine:<br \/>\nHaki sibul ning pruunista kergelt \u00f5lis, seej\u00e4rel lisa sool ja\u00a0toortatar. Vala peale vesi, nii et tatar oleks enam v\u00e4hem kaetud. Hauta kaane all kuni tatar on\u00a0poolpehme.<br \/>\nN\u00fc\u00fcd lisa v\u00e4ikesteks t\u00fckkideks hakitud p\u00e4ikesekuivatatud tomatid ning hakitud kartulid. Vajadusel lisa veel vett. Hauta veel kuni tatar ning kartul on pehmed ja lisa v\u00e4ikesteks t\u00fckkideks rebitud lehtkapsas. Hauta veel umbes 5 minutit kuni lehtkapsas on pehme.<\/p>\n","protected":false},"excerpt":{"rendered":"<p>Vaja l\u00e4heb:<\/p>\n<ul>\n<li>1 sibul<\/li>\n<li><a href=\"http:\/\/bio4you.eu\/et\/olid\/2319-praadimisoli-lohnatu-750ml-biologicoils.html?utm_source=bioretsept&amp;utm_medium=retseptireklaam&amp;utm_campaign=Retsept\"><span style=\"color: #99cc00;\">\u00f5li praadimiseks<\/span><\/a><\/li>\n<li>1,5 tl <a href=\"http:\/\/bio4you.eu\/et\/156-sool?utm_source=bioretsept&amp;utm_medium=retseptireklaam&amp;utm_campaign=Retsept\"><span style=\"color: #99cc00;\">soola<\/span><\/a><\/li>\n<li>2 klaasi toortatart<\/li>\n<li>3 peot\u00e4it lehtkapsast<\/li>\n<li>4 keskmist kartulit<\/li>\n<li>5 p\u00e4ikesekuivatatud tomatit<\/li>\n<\/ul>\n","protected":false},"featured_media":3572,"comment_status":"open","ping_status":"closed","template":"","meta":{"_exactmetrics_skip_tracking":false,"_exactmetrics_sitenote_active":false,"_exactmetrics_sitenote_note":"","_exactmetrics_sitenote_category":0},"product_cat":[59,60,382,383,71],"product_tag":[],"class_list":{"0":"post-3569","1":"product","2":"type-product","3":"status-publish","4":"has-post-thumbnail","6":"product_cat-featured","7":"product_cat-toiduretseptid","8":"product_cat-vegan-toiduretseptid","9":"product_cat-taimetoit","10":"product_cat-riisi-ja-teraviljatoidud","12":"first","13":"instock","14":"shipping-taxable","15":"product-type-simple"},"yoast_head":"<!-- This site is optimized with the Yoast SEO plugin v23.3 - https:\/\/yoast.com\/wordpress\/plugins\/seo\/ -->\n<title>Toortatar lehtkapsa ja kartuliga - bio4you.eu\/retseptid<\/title>\n<meta name=\"robots\" content=\"index, follow, max-snippet:-1, max-image-preview:large, max-video-preview:-1\" \/>\n<link rel=\"canonical\" href=\"https:\/\/bio4you.eu\/retseptid\/toode\/toortatar-lehtkapsa-ja-kartuliga\/\" \/>\n<meta property=\"og:locale\" content=\"et_EE\" \/>\n<meta property=\"og:type\" content=\"article\" \/>\n<meta property=\"og:title\" content=\"Toortatar lehtkapsa ja kartuliga - bio4you.eu\/retseptid\" \/>\n<meta property=\"og:description\" content=\"Vaja l\u00e4heb:   1 sibul  \u00f5li praadimiseks  1,5 tl soola  2 klaasi toortatart  3 peot\u00e4it lehtkapsast  4 keskmist kartulit  5 p\u00e4ikesekuivatatud tomatit\" \/>\n<meta property=\"og:url\" content=\"https:\/\/bio4you.eu\/retseptid\/toode\/toortatar-lehtkapsa-ja-kartuliga\/\" \/>\n<meta property=\"og:site_name\" content=\"bio4you.eu\/retseptid\" \/>\n<meta property=\"article:modified_time\" content=\"2022-05-06T08:13:36+00:00\" \/>\n<meta property=\"og:image\" content=\"https:\/\/bio4you.eu\/retseptid\/wp-content\/uploads\/2017\/01\/IMG_3413-scaled.jpg\" \/>\n\t<meta property=\"og:image:width\" content=\"2560\" \/>\n\t<meta property=\"og:image:height\" content=\"1920\" \/>\n\t<meta property=\"og:image:type\" content=\"image\/jpeg\" \/>\n<script type=\"application\/ld+json\" class=\"yoast-schema-graph\">{\"@context\":\"https:\/\/schema.org\",\"@graph\":[{\"@type\":\"WebPage\",\"@id\":\"https:\/\/bio4you.eu\/retseptid\/toode\/toortatar-lehtkapsa-ja-kartuliga\/\",\"url\":\"https:\/\/bio4you.eu\/retseptid\/toode\/toortatar-lehtkapsa-ja-kartuliga\/\",\"name\":\"Toortatar lehtkapsa ja kartuliga - bio4you.eu\/retseptid\",\"isPartOf\":{\"@id\":\"https:\/\/bio4you.eu\/retseptid\/#website\"},\"primaryImageOfPage\":{\"@id\":\"https:\/\/bio4you.eu\/retseptid\/toode\/toortatar-lehtkapsa-ja-kartuliga\/#primaryimage\"},\"image\":{\"@id\":\"https:\/\/bio4you.eu\/retseptid\/toode\/toortatar-lehtkapsa-ja-kartuliga\/#primaryimage\"},\"thumbnailUrl\":\"https:\/\/bio4you.eu\/retseptid\/wp-content\/uploads\/2017\/01\/IMG_3413-scaled.jpg\",\"datePublished\":\"2017-01-24T13:30:13+00:00\",\"dateModified\":\"2022-05-06T08:13:36+00:00\",\"breadcrumb\":{\"@id\":\"https:\/\/bio4you.eu\/retseptid\/toode\/toortatar-lehtkapsa-ja-kartuliga\/#breadcrumb\"},\"inLanguage\":\"et\",\"potentialAction\":[{\"@type\":\"ReadAction\",\"target\":[\"https:\/\/bio4you.eu\/retseptid\/toode\/toortatar-lehtkapsa-ja-kartuliga\/\"]}]},{\"@type\":\"ImageObject\",\"inLanguage\":\"et\",\"@id\":\"https:\/\/bio4you.eu\/retseptid\/toode\/toortatar-lehtkapsa-ja-kartuliga\/#primaryimage\",\"url\":\"https:\/\/bio4you.eu\/retseptid\/wp-content\/uploads\/2017\/01\/IMG_3413-scaled.jpg\",\"contentUrl\":\"https:\/\/bio4you.eu\/retseptid\/wp-content\/uploads\/2017\/01\/IMG_3413-scaled.jpg\",\"width\":2560,\"height\":1920},{\"@type\":\"BreadcrumbList\",\"@id\":\"https:\/\/bio4you.eu\/retseptid\/toode\/toortatar-lehtkapsa-ja-kartuliga\/#breadcrumb\",\"itemListElement\":[{\"@type\":\"ListItem\",\"position\":1,\"name\":\"Home\",\"item\":\"https:\/\/bio4you.eu\/retseptid\/\"},{\"@type\":\"ListItem\",\"position\":2,\"name\":\"Toortatar lehtkapsa ja kartuliga\"}]},{\"@type\":\"WebSite\",\"@id\":\"https:\/\/bio4you.eu\/retseptid\/#website\",\"url\":\"https:\/\/bio4you.eu\/retseptid\/\",\"name\":\"bio4you.eu\/retseptid\",\"description\":\"\u00d6ko retseptid ise tegemiseks, looduslikest koostisainetest. Maitsev toit, iluhooldus, kodupuhastus ja aiandus.\",\"potentialAction\":[{\"@type\":\"SearchAction\",\"target\":{\"@type\":\"EntryPoint\",\"urlTemplate\":\"https:\/\/bio4you.eu\/retseptid\/?s={search_term_string}\"},\"query-input\":\"required name=search_term_string\"}],\"inLanguage\":\"et\"}]}<\/script>\n<!-- \/ Yoast SEO plugin. -->","yoast_head_json":{"title":"Toortatar lehtkapsa ja kartuliga - bio4you.eu\/retseptid","robots":{"index":"index","follow":"follow","max-snippet":"max-snippet:-1","max-image-preview":"max-image-preview:large","max-video-preview":"max-video-preview:-1"},"canonical":"https:\/\/bio4you.eu\/retseptid\/toode\/toortatar-lehtkapsa-ja-kartuliga\/","og_locale":"et_EE","og_type":"article","og_title":"Toortatar lehtkapsa ja kartuliga - bio4you.eu\/retseptid","og_description":"Vaja l\u00e4heb:   1 sibul  \u00f5li praadimiseks  1,5 tl soola  2 klaasi toortatart  3 peot\u00e4it lehtkapsast  4 keskmist kartulit  5 p\u00e4ikesekuivatatud tomatit","og_url":"https:\/\/bio4you.eu\/retseptid\/toode\/toortatar-lehtkapsa-ja-kartuliga\/","og_site_name":"bio4you.eu\/retseptid","article_modified_time":"2022-05-06T08:13:36+00:00","og_image":[{"width":2560,"height":1920,"url":"https:\/\/bio4you.eu\/retseptid\/wp-content\/uploads\/2017\/01\/IMG_3413-scaled.jpg","type":"image\/jpeg"}],"schema":{"@context":"https:\/\/schema.org","@graph":[{"@type":"WebPage","@id":"https:\/\/bio4you.eu\/retseptid\/toode\/toortatar-lehtkapsa-ja-kartuliga\/","url":"https:\/\/bio4you.eu\/retseptid\/toode\/toortatar-lehtkapsa-ja-kartuliga\/","name":"Toortatar lehtkapsa ja kartuliga - bio4you.eu\/retseptid","isPartOf":{"@id":"https:\/\/bio4you.eu\/retseptid\/#website"},"primaryImageOfPage":{"@id":"https:\/\/bio4you.eu\/retseptid\/toode\/toortatar-lehtkapsa-ja-kartuliga\/#primaryimage"},"image":{"@id":"https:\/\/bio4you.eu\/retseptid\/toode\/toortatar-lehtkapsa-ja-kartuliga\/#primaryimage"},"thumbnailUrl":"https:\/\/bio4you.eu\/retseptid\/wp-content\/uploads\/2017\/01\/IMG_3413-scaled.jpg","datePublished":"2017-01-24T13:30:13+00:00","dateModified":"2022-05-06T08:13:36+00:00","breadcrumb":{"@id":"https:\/\/bio4you.eu\/retseptid\/toode\/toortatar-lehtkapsa-ja-kartuliga\/#breadcrumb"},"inLanguage":"et","potentialAction":[{"@type":"ReadAction","target":["https:\/\/bio4you.eu\/retseptid\/toode\/toortatar-lehtkapsa-ja-kartuliga\/"]}]},{"@type":"ImageObject","inLanguage":"et","@id":"https:\/\/bio4you.eu\/retseptid\/toode\/toortatar-lehtkapsa-ja-kartuliga\/#primaryimage","url":"https:\/\/bio4you.eu\/retseptid\/wp-content\/uploads\/2017\/01\/IMG_3413-scaled.jpg","contentUrl":"https:\/\/bio4you.eu\/retseptid\/wp-content\/uploads\/2017\/01\/IMG_3413-scaled.jpg","width":2560,"height":1920},{"@type":"BreadcrumbList","@id":"https:\/\/bio4you.eu\/retseptid\/toode\/toortatar-lehtkapsa-ja-kartuliga\/#breadcrumb","itemListElement":[{"@type":"ListItem","position":1,"name":"Home","item":"https:\/\/bio4you.eu\/retseptid\/"},{"@type":"ListItem","position":2,"name":"Toortatar lehtkapsa ja kartuliga"}]},{"@type":"WebSite","@id":"https:\/\/bio4you.eu\/retseptid\/#website","url":"https:\/\/bio4you.eu\/retseptid\/","name":"bio4you.eu\/retseptid","description":"\u00d6ko retseptid ise tegemiseks, looduslikest koostisainetest. Maitsev toit, iluhooldus, kodupuhastus ja aiandus.","potentialAction":[{"@type":"SearchAction","target":{"@type":"EntryPoint","urlTemplate":"https:\/\/bio4you.eu\/retseptid\/?s={search_term_string}"},"query-input":"required name=search_term_string"}],"inLanguage":"et"}]}},"_links":{"self":[{"href":"https:\/\/bio4you.eu\/retseptid\/wp-json\/wp\/v2\/product\/3569"}],"collection":[{"href":"https:\/\/bio4you.eu\/retseptid\/wp-json\/wp\/v2\/product"}],"about":[{"href":"https:\/\/bio4you.eu\/retseptid\/wp-json\/wp\/v2\/types\/product"}],"replies":[{"embeddable":true,"href":"https:\/\/bio4you.eu\/retseptid\/wp-json\/wp\/v2\/comments?post=3569"}],"wp:featuredmedia":[{"embeddable":true,"href":"https:\/\/bio4you.eu\/retseptid\/wp-json\/wp\/v2\/media\/3572"}],"wp:attachment":[{"href":"https:\/\/bio4you.eu\/retseptid\/wp-json\/wp\/v2\/media?parent=3569"}],"wp:term":[{"taxonomy":"product_cat","embeddable":true,"href":"https:\/\/bio4you.eu\/retseptid\/wp-json\/wp\/v2\/product_cat?post=3569"},{"taxonomy":"product_tag","embeddable":true,"href":"https:\/\/bio4you.eu\/retseptid\/wp-json\/wp\/v2\/product_tag?post=3569"}],"curies":[{"name":"wp","href":"https:\/\/api.w.org\/{rel}","templated":true}]}}