{"id":3579,"date":"2017-02-23T12:04:26","date_gmt":"2017-02-23T10:04:26","guid":{"rendered":"https:\/\/bio4you.eu\/retseptid\/?post_type=product&#038;p=3579"},"modified":"2022-05-12T13:51:17","modified_gmt":"2022-05-12T10:51:17","slug":"red-velvet-kakao-punapeediga","status":"publish","type":"product","link":"https:\/\/bio4you.eu\/retseptid\/toode\/red-velvet-kakao-punapeediga\/","title":{"rendered":"Red velvet kakao punapeediga"},"content":{"rendered":"<p>Valmistamine:<br \/>\nBlenderda piim, kakao, peedit\u00fckid, vanilje, v\u00e4ikesteks t\u00fckkideks l\u00f5igatud datlid ja kaneel \u00fchtlaseks seguks.<br \/>\nVala saadud kakao l\u00e4bi peenikese s\u00f5ela potti ning kuumuta kergelt.\u00a0Vahusta taimne vahukoor ning serveeri koheselt sooja kakaoga.<\/p>\n<p>&nbsp;<\/p>\n","protected":false},"excerpt":{"rendered":"<p>Vaja l\u00e4heb:<\/p>\n<ul>\n<li>2 klaasi <span style=\"color: #99cc00;\"><a style=\"color: #99cc00;\" href=\"http:\/\/bio4you.eu\/et\/124-taimsed-piimad-ja-koored?utm_source=bioretsept&amp;utm_medium=Retseptireklaam&amp;utm_campaign=Retsept\">piima<\/a><\/span><\/li>\n<li>3 spl <span style=\"color: #99cc00;\"><a style=\"color: #99cc00;\" href=\"http:\/\/bio4you.eu\/et\/toorkakao-tooted\/1725-toorkakao-pulber-250g-nutrisslim.html?search_query=toorkakao&amp;results=14&amp;utm_source=Bioretsept&amp;utm_medium=Retseptireklaam&amp;utm_campaign=Retsept\">toorkakaod<\/a><\/span><\/li>\n<li>0,2 tl vaniljekaunapulbrit<\/li>\n<li>5-7 datlit<\/li>\n<li>1 dl keeetud punapeedi kuubikuid<\/li>\n<li>natukene <a href=\"http:\/\/bio4you.eu\/et\/maitseained\/995-tseiloni-kaneel-10g-cosmoveda.html?utm_source=bioretsept&amp;utm_medium=retseptireklaam&amp;utm_campaign=Retsept\"><span style=\"color: #99cc00;\">kaneeli<\/span><\/a><\/li>\n<li>1 spl <a href=\"https:\/\/bio4you.eu\/et\/taimsed-piimad-ja-koored\/2628-vahustatav-riisikoor-300ml-soyatoo.html?utm_source=Bioretsept&amp;utm_medium=Retseptireklaam&amp;utm_campaign=Retsept\"><span style=\"color: #99cc00;\">taimset vahukoort<\/span><\/a><\/li>\n<\/ul>\n","protected":false},"featured_media":3581,"comment_status":"open","ping_status":"closed","template":"","meta":{"_exactmetrics_skip_tracking":false,"_exactmetrics_sitenote_active":false,"_exactmetrics_sitenote_note":"","_exactmetrics_sitenote_category":0},"product_cat":[59,60,382,383],"product_tag":[],"class_list":{"0":"post-3579","1":"product","2":"type-product","3":"status-publish","4":"has-post-thumbnail","6":"product_cat-featured","7":"product_cat-toiduretseptid","8":"product_cat-vegan-toiduretseptid","9":"product_cat-taimetoit","11":"first","12":"instock","13":"shipping-taxable","14":"product-type-simple"},"yoast_head":"<!-- This site is optimized with the Yoast SEO plugin v23.3 - https:\/\/yoast.com\/wordpress\/plugins\/seo\/ -->\n<title>Red velvet kakao punapeediga - bio4you.eu\/retseptid<\/title>\n<meta name=\"robots\" content=\"index, follow, max-snippet:-1, max-image-preview:large, max-video-preview:-1\" \/>\n<link rel=\"canonical\" href=\"https:\/\/bio4you.eu\/retseptid\/toode\/red-velvet-kakao-punapeediga\/\" \/>\n<meta property=\"og:locale\" content=\"et_EE\" \/>\n<meta property=\"og:type\" content=\"article\" \/>\n<meta property=\"og:title\" content=\"Red velvet kakao punapeediga - bio4you.eu\/retseptid\" \/>\n<meta property=\"og:description\" content=\"Vaja l\u00e4heb:   2 klaasi piima  3 spl toorkakaod  0,2 tl vaniljekaunapulbrit  5-7 datlit  1 dl keeetud punapeedi kuubikuid  natukene kaneeli  1 spl taimset vahukoort\" \/>\n<meta property=\"og:url\" content=\"https:\/\/bio4you.eu\/retseptid\/toode\/red-velvet-kakao-punapeediga\/\" \/>\n<meta property=\"og:site_name\" content=\"bio4you.eu\/retseptid\" \/>\n<meta property=\"article:modified_time\" content=\"2022-05-12T10:51:17+00:00\" \/>\n<meta property=\"og:image\" content=\"https:\/\/bio4you.eu\/retseptid\/wp-content\/uploads\/2017\/02\/IMG_6103-e1487844379892.jpg\" \/>\n\t<meta property=\"og:image:width\" content=\"700\" \/>\n\t<meta property=\"og:image:height\" content=\"467\" \/>\n\t<meta property=\"og:image:type\" content=\"image\/jpeg\" \/>\n<meta name=\"twitter:label1\" content=\"Est. reading time\" \/>\n\t<meta name=\"twitter:data1\" content=\"1 minut\" \/>\n<script type=\"application\/ld+json\" class=\"yoast-schema-graph\">{\"@context\":\"https:\/\/schema.org\",\"@graph\":[{\"@type\":\"WebPage\",\"@id\":\"https:\/\/bio4you.eu\/retseptid\/toode\/red-velvet-kakao-punapeediga\/\",\"url\":\"https:\/\/bio4you.eu\/retseptid\/toode\/red-velvet-kakao-punapeediga\/\",\"name\":\"Red velvet kakao punapeediga - bio4you.eu\/retseptid\",\"isPartOf\":{\"@id\":\"https:\/\/bio4you.eu\/retseptid\/#website\"},\"primaryImageOfPage\":{\"@id\":\"https:\/\/bio4you.eu\/retseptid\/toode\/red-velvet-kakao-punapeediga\/#primaryimage\"},\"image\":{\"@id\":\"https:\/\/bio4you.eu\/retseptid\/toode\/red-velvet-kakao-punapeediga\/#primaryimage\"},\"thumbnailUrl\":\"https:\/\/bio4you.eu\/retseptid\/wp-content\/uploads\/2017\/02\/IMG_6103-e1487844379892.jpg\",\"datePublished\":\"2017-02-23T10:04:26+00:00\",\"dateModified\":\"2022-05-12T10:51:17+00:00\",\"breadcrumb\":{\"@id\":\"https:\/\/bio4you.eu\/retseptid\/toode\/red-velvet-kakao-punapeediga\/#breadcrumb\"},\"inLanguage\":\"et\",\"potentialAction\":[{\"@type\":\"ReadAction\",\"target\":[\"https:\/\/bio4you.eu\/retseptid\/toode\/red-velvet-kakao-punapeediga\/\"]}]},{\"@type\":\"ImageObject\",\"inLanguage\":\"et\",\"@id\":\"https:\/\/bio4you.eu\/retseptid\/toode\/red-velvet-kakao-punapeediga\/#primaryimage\",\"url\":\"https:\/\/bio4you.eu\/retseptid\/wp-content\/uploads\/2017\/02\/IMG_6103-e1487844379892.jpg\",\"contentUrl\":\"https:\/\/bio4you.eu\/retseptid\/wp-content\/uploads\/2017\/02\/IMG_6103-e1487844379892.jpg\",\"width\":700,\"height\":467},{\"@type\":\"BreadcrumbList\",\"@id\":\"https:\/\/bio4you.eu\/retseptid\/toode\/red-velvet-kakao-punapeediga\/#breadcrumb\",\"itemListElement\":[{\"@type\":\"ListItem\",\"position\":1,\"name\":\"Home\",\"item\":\"https:\/\/bio4you.eu\/retseptid\/\"},{\"@type\":\"ListItem\",\"position\":2,\"name\":\"Red velvet kakao punapeediga\"}]},{\"@type\":\"WebSite\",\"@id\":\"https:\/\/bio4you.eu\/retseptid\/#website\",\"url\":\"https:\/\/bio4you.eu\/retseptid\/\",\"name\":\"bio4you.eu\/retseptid\",\"description\":\"\u00d6ko retseptid ise tegemiseks, looduslikest koostisainetest. Maitsev toit, iluhooldus, kodupuhastus ja aiandus.\",\"potentialAction\":[{\"@type\":\"SearchAction\",\"target\":{\"@type\":\"EntryPoint\",\"urlTemplate\":\"https:\/\/bio4you.eu\/retseptid\/?s={search_term_string}\"},\"query-input\":\"required name=search_term_string\"}],\"inLanguage\":\"et\"}]}<\/script>\n<!-- \/ Yoast SEO plugin. -->","yoast_head_json":{"title":"Red velvet kakao punapeediga - bio4you.eu\/retseptid","robots":{"index":"index","follow":"follow","max-snippet":"max-snippet:-1","max-image-preview":"max-image-preview:large","max-video-preview":"max-video-preview:-1"},"canonical":"https:\/\/bio4you.eu\/retseptid\/toode\/red-velvet-kakao-punapeediga\/","og_locale":"et_EE","og_type":"article","og_title":"Red velvet kakao punapeediga - bio4you.eu\/retseptid","og_description":"Vaja l\u00e4heb:   2 klaasi piima  3 spl toorkakaod  0,2 tl vaniljekaunapulbrit  5-7 datlit  1 dl keeetud punapeedi kuubikuid  natukene kaneeli  1 spl taimset vahukoort","og_url":"https:\/\/bio4you.eu\/retseptid\/toode\/red-velvet-kakao-punapeediga\/","og_site_name":"bio4you.eu\/retseptid","article_modified_time":"2022-05-12T10:51:17+00:00","og_image":[{"width":700,"height":467,"url":"https:\/\/bio4you.eu\/retseptid\/wp-content\/uploads\/2017\/02\/IMG_6103-e1487844379892.jpg","type":"image\/jpeg"}],"twitter_misc":{"Est. reading time":"1 minut"},"schema":{"@context":"https:\/\/schema.org","@graph":[{"@type":"WebPage","@id":"https:\/\/bio4you.eu\/retseptid\/toode\/red-velvet-kakao-punapeediga\/","url":"https:\/\/bio4you.eu\/retseptid\/toode\/red-velvet-kakao-punapeediga\/","name":"Red velvet kakao punapeediga - bio4you.eu\/retseptid","isPartOf":{"@id":"https:\/\/bio4you.eu\/retseptid\/#website"},"primaryImageOfPage":{"@id":"https:\/\/bio4you.eu\/retseptid\/toode\/red-velvet-kakao-punapeediga\/#primaryimage"},"image":{"@id":"https:\/\/bio4you.eu\/retseptid\/toode\/red-velvet-kakao-punapeediga\/#primaryimage"},"thumbnailUrl":"https:\/\/bio4you.eu\/retseptid\/wp-content\/uploads\/2017\/02\/IMG_6103-e1487844379892.jpg","datePublished":"2017-02-23T10:04:26+00:00","dateModified":"2022-05-12T10:51:17+00:00","breadcrumb":{"@id":"https:\/\/bio4you.eu\/retseptid\/toode\/red-velvet-kakao-punapeediga\/#breadcrumb"},"inLanguage":"et","potentialAction":[{"@type":"ReadAction","target":["https:\/\/bio4you.eu\/retseptid\/toode\/red-velvet-kakao-punapeediga\/"]}]},{"@type":"ImageObject","inLanguage":"et","@id":"https:\/\/bio4you.eu\/retseptid\/toode\/red-velvet-kakao-punapeediga\/#primaryimage","url":"https:\/\/bio4you.eu\/retseptid\/wp-content\/uploads\/2017\/02\/IMG_6103-e1487844379892.jpg","contentUrl":"https:\/\/bio4you.eu\/retseptid\/wp-content\/uploads\/2017\/02\/IMG_6103-e1487844379892.jpg","width":700,"height":467},{"@type":"BreadcrumbList","@id":"https:\/\/bio4you.eu\/retseptid\/toode\/red-velvet-kakao-punapeediga\/#breadcrumb","itemListElement":[{"@type":"ListItem","position":1,"name":"Home","item":"https:\/\/bio4you.eu\/retseptid\/"},{"@type":"ListItem","position":2,"name":"Red velvet kakao punapeediga"}]},{"@type":"WebSite","@id":"https:\/\/bio4you.eu\/retseptid\/#website","url":"https:\/\/bio4you.eu\/retseptid\/","name":"bio4you.eu\/retseptid","description":"\u00d6ko retseptid ise tegemiseks, looduslikest koostisainetest. Maitsev toit, iluhooldus, kodupuhastus ja aiandus.","potentialAction":[{"@type":"SearchAction","target":{"@type":"EntryPoint","urlTemplate":"https:\/\/bio4you.eu\/retseptid\/?s={search_term_string}"},"query-input":"required name=search_term_string"}],"inLanguage":"et"}]}},"_links":{"self":[{"href":"https:\/\/bio4you.eu\/retseptid\/wp-json\/wp\/v2\/product\/3579"}],"collection":[{"href":"https:\/\/bio4you.eu\/retseptid\/wp-json\/wp\/v2\/product"}],"about":[{"href":"https:\/\/bio4you.eu\/retseptid\/wp-json\/wp\/v2\/types\/product"}],"replies":[{"embeddable":true,"href":"https:\/\/bio4you.eu\/retseptid\/wp-json\/wp\/v2\/comments?post=3579"}],"wp:featuredmedia":[{"embeddable":true,"href":"https:\/\/bio4you.eu\/retseptid\/wp-json\/wp\/v2\/media\/3581"}],"wp:attachment":[{"href":"https:\/\/bio4you.eu\/retseptid\/wp-json\/wp\/v2\/media?parent=3579"}],"wp:term":[{"taxonomy":"product_cat","embeddable":true,"href":"https:\/\/bio4you.eu\/retseptid\/wp-json\/wp\/v2\/product_cat?post=3579"},{"taxonomy":"product_tag","embeddable":true,"href":"https:\/\/bio4you.eu\/retseptid\/wp-json\/wp\/v2\/product_tag?post=3579"}],"curies":[{"name":"wp","href":"https:\/\/api.w.org\/{rel}","templated":true}]}}