{"id":3589,"date":"2017-03-20T12:01:28","date_gmt":"2017-03-20T10:01:28","guid":{"rendered":"https:\/\/bio4you.eu\/retseptid\/?post_type=product&#038;p=3589"},"modified":"2022-03-25T10:32:43","modified_gmt":"2022-03-25T08:32:43","slug":"brokkoli-kartuli-ahjuvorm","status":"publish","type":"product","link":"https:\/\/bio4you.eu\/retseptid\/toode\/brokkoli-kartuli-ahjuvorm\/","title":{"rendered":"Brokoli-kartuli ahjuvorm"},"content":{"rendered":"<p>Pane ahi 190 kraadi juurde kuumenema.<br \/>\nVala ahjuvormi kookospiim ning sega sinna sisse k\u00f5ik maitseained ning ka maitsep\u00e4rm, sega kuni maitseained lahustuvad.<\/p>\n<p>Koori ning t\u00fckelda kartulid, seened, tomatid ning brokoli. Kasuta \u00e4ra ka brokoli vars \u2013 koori see ja viiluta \u00f5hukusteks t\u00fckkideks. Aseta k\u00f6\u00f6giviljad ahjuvormi, sega kookospiima ja maitseaineseguga l\u00e4bi. Kata ahjuvorm fooliumiga ning k\u00fcpseta ahjus 25-30 minutit.<\/p>\n<p>&nbsp;<\/p>\n","protected":false},"excerpt":{"rendered":"<p>Vaja l\u00e4heb:<\/p>\n<ul>\n<li>1 v\u00e4ike brokoli<\/li>\n<li>6 kartulit<\/li>\n<li>peot\u00e4is kirsstomateid<\/li>\n<li>1 purk <a href=\"https:\/\/bio4you.eu\/et\/taimsed-joogid-ja-kreemid\/4992-kookospiim-400ml.html?utm_source=bioretsept&amp;utm_medium=blogi&amp;utm_campaign=retsept\" target=\"_blank\" rel=\"noopener\"><span style=\"color: #99cc00;\">kookospiima<\/span><\/a><\/li>\n<li>6 spl maitsep\u00e4rmi<\/li>\n<li>1 tl <a href=\"http:\/\/bio4you.eu\/et\/156-sool?utm_source=bioretsept&amp;utm_medium=retseptireklaam&amp;utm_campaign=Retsept\" target=\"_blank\" rel=\"noopener\"><span style=\"color: #99cc00;\">soola<\/span><\/a><\/li>\n<li>1 tl <a href=\"https:\/\/bio4you.eu\/et\/outlet\/4200-karripulber-30g.html?utm_source=bioretsept&amp;utm_medium=blogi&amp;utm_campaign=retsept\" target=\"_blank\" rel=\"noopener\"><span style=\"color: #99cc00;\">karrit\u00a0<\/span><\/a><\/li>\n<li>100 g \u0161ampinjone<\/li>\n<\/ul>\n","protected":false},"featured_media":3593,"comment_status":"open","ping_status":"closed","template":"","meta":{"_exactmetrics_skip_tracking":false,"_exactmetrics_sitenote_active":false,"_exactmetrics_sitenote_note":"","_exactmetrics_sitenote_category":0},"product_cat":[59,60,382,383],"product_tag":[],"class_list":{"0":"post-3589","1":"product","2":"type-product","3":"status-publish","4":"has-post-thumbnail","6":"product_cat-featured","7":"product_cat-toiduretseptid","8":"product_cat-vegan-toiduretseptid","9":"product_cat-taimetoit","11":"first","12":"instock","13":"shipping-taxable","14":"product-type-simple"},"yoast_head":"<!-- This site is optimized with the Yoast SEO plugin v23.3 - https:\/\/yoast.com\/wordpress\/plugins\/seo\/ -->\n<title>Brokoli-kartuli ahjuvorm - bio4you.eu\/retseptid<\/title>\n<meta name=\"robots\" content=\"index, follow, max-snippet:-1, max-image-preview:large, max-video-preview:-1\" \/>\n<link rel=\"canonical\" href=\"https:\/\/bio4you.eu\/retseptid\/toode\/brokkoli-kartuli-ahjuvorm\/\" \/>\n<meta property=\"og:locale\" content=\"et_EE\" \/>\n<meta property=\"og:type\" content=\"article\" \/>\n<meta property=\"og:title\" content=\"Brokoli-kartuli ahjuvorm - bio4you.eu\/retseptid\" \/>\n<meta property=\"og:description\" content=\"Vaja l\u00e4heb:   1 v\u00e4ike brokoli  6 kartulit  peot\u00e4is kirsstomateid  1 purk kookospiima  6 spl maitsep\u00e4rmi  1 tl soola  1 tl karrit\u00a0  100 g \u0161ampinjone\" \/>\n<meta property=\"og:url\" content=\"https:\/\/bio4you.eu\/retseptid\/toode\/brokkoli-kartuli-ahjuvorm\/\" \/>\n<meta property=\"og:site_name\" content=\"bio4you.eu\/retseptid\" \/>\n<meta property=\"article:modified_time\" content=\"2022-03-25T08:32:43+00:00\" \/>\n<meta property=\"og:image\" content=\"https:\/\/bio4you.eu\/retseptid\/wp-content\/uploads\/2017\/03\/IMG_3945-1.jpg\" \/>\n\t<meta property=\"og:image:width\" content=\"640\" \/>\n\t<meta property=\"og:image:height\" content=\"480\" \/>\n\t<meta property=\"og:image:type\" content=\"image\/jpeg\" \/>\n<meta name=\"twitter:label1\" content=\"Est. reading time\" \/>\n\t<meta name=\"twitter:data1\" content=\"1 minut\" \/>\n<script type=\"application\/ld+json\" class=\"yoast-schema-graph\">{\"@context\":\"https:\/\/schema.org\",\"@graph\":[{\"@type\":\"WebPage\",\"@id\":\"https:\/\/bio4you.eu\/retseptid\/toode\/brokkoli-kartuli-ahjuvorm\/\",\"url\":\"https:\/\/bio4you.eu\/retseptid\/toode\/brokkoli-kartuli-ahjuvorm\/\",\"name\":\"Brokoli-kartuli ahjuvorm - bio4you.eu\/retseptid\",\"isPartOf\":{\"@id\":\"https:\/\/bio4you.eu\/retseptid\/#website\"},\"primaryImageOfPage\":{\"@id\":\"https:\/\/bio4you.eu\/retseptid\/toode\/brokkoli-kartuli-ahjuvorm\/#primaryimage\"},\"image\":{\"@id\":\"https:\/\/bio4you.eu\/retseptid\/toode\/brokkoli-kartuli-ahjuvorm\/#primaryimage\"},\"thumbnailUrl\":\"https:\/\/bio4you.eu\/retseptid\/wp-content\/uploads\/2017\/03\/IMG_3945-1.jpg\",\"datePublished\":\"2017-03-20T10:01:28+00:00\",\"dateModified\":\"2022-03-25T08:32:43+00:00\",\"breadcrumb\":{\"@id\":\"https:\/\/bio4you.eu\/retseptid\/toode\/brokkoli-kartuli-ahjuvorm\/#breadcrumb\"},\"inLanguage\":\"et\",\"potentialAction\":[{\"@type\":\"ReadAction\",\"target\":[\"https:\/\/bio4you.eu\/retseptid\/toode\/brokkoli-kartuli-ahjuvorm\/\"]}]},{\"@type\":\"ImageObject\",\"inLanguage\":\"et\",\"@id\":\"https:\/\/bio4you.eu\/retseptid\/toode\/brokkoli-kartuli-ahjuvorm\/#primaryimage\",\"url\":\"https:\/\/bio4you.eu\/retseptid\/wp-content\/uploads\/2017\/03\/IMG_3945-1.jpg\",\"contentUrl\":\"https:\/\/bio4you.eu\/retseptid\/wp-content\/uploads\/2017\/03\/IMG_3945-1.jpg\",\"width\":640,\"height\":480},{\"@type\":\"BreadcrumbList\",\"@id\":\"https:\/\/bio4you.eu\/retseptid\/toode\/brokkoli-kartuli-ahjuvorm\/#breadcrumb\",\"itemListElement\":[{\"@type\":\"ListItem\",\"position\":1,\"name\":\"Home\",\"item\":\"https:\/\/bio4you.eu\/retseptid\/\"},{\"@type\":\"ListItem\",\"position\":2,\"name\":\"Brokoli-kartuli ahjuvorm\"}]},{\"@type\":\"WebSite\",\"@id\":\"https:\/\/bio4you.eu\/retseptid\/#website\",\"url\":\"https:\/\/bio4you.eu\/retseptid\/\",\"name\":\"bio4you.eu\/retseptid\",\"description\":\"\u00d6ko retseptid ise tegemiseks, looduslikest koostisainetest. Maitsev toit, iluhooldus, kodupuhastus ja aiandus.\",\"potentialAction\":[{\"@type\":\"SearchAction\",\"target\":{\"@type\":\"EntryPoint\",\"urlTemplate\":\"https:\/\/bio4you.eu\/retseptid\/?s={search_term_string}\"},\"query-input\":\"required name=search_term_string\"}],\"inLanguage\":\"et\"}]}<\/script>\n<!-- \/ Yoast SEO plugin. -->","yoast_head_json":{"title":"Brokoli-kartuli ahjuvorm - bio4you.eu\/retseptid","robots":{"index":"index","follow":"follow","max-snippet":"max-snippet:-1","max-image-preview":"max-image-preview:large","max-video-preview":"max-video-preview:-1"},"canonical":"https:\/\/bio4you.eu\/retseptid\/toode\/brokkoli-kartuli-ahjuvorm\/","og_locale":"et_EE","og_type":"article","og_title":"Brokoli-kartuli ahjuvorm - bio4you.eu\/retseptid","og_description":"Vaja l\u00e4heb:   1 v\u00e4ike brokoli  6 kartulit  peot\u00e4is kirsstomateid  1 purk kookospiima  6 spl maitsep\u00e4rmi  1 tl soola  1 tl karrit\u00a0  100 g \u0161ampinjone","og_url":"https:\/\/bio4you.eu\/retseptid\/toode\/brokkoli-kartuli-ahjuvorm\/","og_site_name":"bio4you.eu\/retseptid","article_modified_time":"2022-03-25T08:32:43+00:00","og_image":[{"width":640,"height":480,"url":"https:\/\/bio4you.eu\/retseptid\/wp-content\/uploads\/2017\/03\/IMG_3945-1.jpg","type":"image\/jpeg"}],"twitter_misc":{"Est. reading time":"1 minut"},"schema":{"@context":"https:\/\/schema.org","@graph":[{"@type":"WebPage","@id":"https:\/\/bio4you.eu\/retseptid\/toode\/brokkoli-kartuli-ahjuvorm\/","url":"https:\/\/bio4you.eu\/retseptid\/toode\/brokkoli-kartuli-ahjuvorm\/","name":"Brokoli-kartuli ahjuvorm - bio4you.eu\/retseptid","isPartOf":{"@id":"https:\/\/bio4you.eu\/retseptid\/#website"},"primaryImageOfPage":{"@id":"https:\/\/bio4you.eu\/retseptid\/toode\/brokkoli-kartuli-ahjuvorm\/#primaryimage"},"image":{"@id":"https:\/\/bio4you.eu\/retseptid\/toode\/brokkoli-kartuli-ahjuvorm\/#primaryimage"},"thumbnailUrl":"https:\/\/bio4you.eu\/retseptid\/wp-content\/uploads\/2017\/03\/IMG_3945-1.jpg","datePublished":"2017-03-20T10:01:28+00:00","dateModified":"2022-03-25T08:32:43+00:00","breadcrumb":{"@id":"https:\/\/bio4you.eu\/retseptid\/toode\/brokkoli-kartuli-ahjuvorm\/#breadcrumb"},"inLanguage":"et","potentialAction":[{"@type":"ReadAction","target":["https:\/\/bio4you.eu\/retseptid\/toode\/brokkoli-kartuli-ahjuvorm\/"]}]},{"@type":"ImageObject","inLanguage":"et","@id":"https:\/\/bio4you.eu\/retseptid\/toode\/brokkoli-kartuli-ahjuvorm\/#primaryimage","url":"https:\/\/bio4you.eu\/retseptid\/wp-content\/uploads\/2017\/03\/IMG_3945-1.jpg","contentUrl":"https:\/\/bio4you.eu\/retseptid\/wp-content\/uploads\/2017\/03\/IMG_3945-1.jpg","width":640,"height":480},{"@type":"BreadcrumbList","@id":"https:\/\/bio4you.eu\/retseptid\/toode\/brokkoli-kartuli-ahjuvorm\/#breadcrumb","itemListElement":[{"@type":"ListItem","position":1,"name":"Home","item":"https:\/\/bio4you.eu\/retseptid\/"},{"@type":"ListItem","position":2,"name":"Brokoli-kartuli ahjuvorm"}]},{"@type":"WebSite","@id":"https:\/\/bio4you.eu\/retseptid\/#website","url":"https:\/\/bio4you.eu\/retseptid\/","name":"bio4you.eu\/retseptid","description":"\u00d6ko retseptid ise tegemiseks, looduslikest koostisainetest. Maitsev toit, iluhooldus, kodupuhastus ja aiandus.","potentialAction":[{"@type":"SearchAction","target":{"@type":"EntryPoint","urlTemplate":"https:\/\/bio4you.eu\/retseptid\/?s={search_term_string}"},"query-input":"required name=search_term_string"}],"inLanguage":"et"}]}},"_links":{"self":[{"href":"https:\/\/bio4you.eu\/retseptid\/wp-json\/wp\/v2\/product\/3589"}],"collection":[{"href":"https:\/\/bio4you.eu\/retseptid\/wp-json\/wp\/v2\/product"}],"about":[{"href":"https:\/\/bio4you.eu\/retseptid\/wp-json\/wp\/v2\/types\/product"}],"replies":[{"embeddable":true,"href":"https:\/\/bio4you.eu\/retseptid\/wp-json\/wp\/v2\/comments?post=3589"}],"wp:featuredmedia":[{"embeddable":true,"href":"https:\/\/bio4you.eu\/retseptid\/wp-json\/wp\/v2\/media\/3593"}],"wp:attachment":[{"href":"https:\/\/bio4you.eu\/retseptid\/wp-json\/wp\/v2\/media?parent=3589"}],"wp:term":[{"taxonomy":"product_cat","embeddable":true,"href":"https:\/\/bio4you.eu\/retseptid\/wp-json\/wp\/v2\/product_cat?post=3589"},{"taxonomy":"product_tag","embeddable":true,"href":"https:\/\/bio4you.eu\/retseptid\/wp-json\/wp\/v2\/product_tag?post=3589"}],"curies":[{"name":"wp","href":"https:\/\/api.w.org\/{rel}","templated":true}]}}