{"id":3595,"date":"2017-03-29T13:15:53","date_gmt":"2017-03-29T10:15:53","guid":{"rendered":"https:\/\/bio4you.eu\/retseptid\/?post_type=product&#038;p=3595"},"modified":"2022-03-25T09:48:26","modified_gmt":"2022-03-25T07:48:26","slug":"acerola-smuuti","status":"publish","type":"product","link":"https:\/\/bio4you.eu\/retseptid\/toode\/acerola-smuuti\/","title":{"rendered":"Acerola smuuti"},"content":{"rendered":"<p>Valmistamine:<br \/>\nBlenderda k\u00f5ik koostisosad \u00fchtlaseks smuutiks. Vajadusel lisa vett.<\/p>\n<p>Miks lisada smuutile acerola kirsi pulbrit?<\/p>\n<p>Acerola ehk hapukirsi (Malpighia emarginata)\u00a0valminud vili on tumepunase v\u00e4rvusega ning selle l\u00e4bim\u00f5\u00f5t ei \u00fcleta kaht sentimeetrit. Valminud mari on kr\u00f5mpsuv, pikantse m\u00f5rkjas-magusa maitsega ning \u00e4\u00e4rmiselt k\u00f5rge C-vitamiini sisaldusega. Marju kogutakse poolvalminult, mil C-vitamiini sisaldus saavutab maksimumi.<\/p>\n<p>C-vitamiini on vaja organismi vastupanuv\u00f5ime t\u00f5stmiseks, kevadv\u00e4simuse ning stressi peletamiseks. C-vitamiin osaleb aminohapete aine\u00advahetuses ning on vajalik nii foolhappe kui ka B12 vitamiini ainevahetuseks. Samuti aitab see aitab kaasa valgete vereliblede toormisele, mis kaitsevad keha patogeenide eest. Lisaks sellele aitab C-vitamiin kaasa kollageeni moodustamisele, mist\u00f5ttu saavad koed, veresooned ja organid haigusest v\u00f5i vigastusest kiiremini taastuda.<\/p>\n<p>Niatsiin, riboflaviin ja foolhape aitavad reguleerida hormonaalset ainevahetust, mis aitab kaasa organismi normaalsele toimimisele. Kaaliumirikas acerola aitab kaasa ka s\u00fcdame t\u00f6\u00f6le. Kaalium laiendab veresooni ja suurendab verevoolu, mist\u00f5ttu alaneb verer\u00f5hk. See v\u00e4hendab ateroskleroosi ohtu, lisaks kaitsevad antioks\u00fcdandid vabade radikaalide ja oks\u00fcdatiivse stressi eest, aeglustades nii vananemise ilminguid.\u00a0Acerolas sisalduvad antioks\u00fcdandid aeglustavad suhkru l\u00f5hustamist, seega aitab see \u00e4ra hoida veresuhkru taseme j\u00e4rske k\u00f5ikumisi. Bioflavonoidid aga hoiavad meeli erksana.<\/p>\n","protected":false},"excerpt":{"rendered":"<p>Vaja l\u00e4heb:<\/p>\n<ul>\n<li>2 spl mustikaid<\/li>\n<li>4-6 maasikat<\/li>\n<li>1 banaan<\/li>\n<li>1 tl <a href=\"https:\/\/bio4you.eu\/et\/marja-ja-viljapulbrid\/1931-acerola-kirsi-pulber-60g-nutrisslim.html?search_query=acerola&amp;results=12&amp;utm_source=Bioretsept&amp;utm_medium=Retseptireklaam&amp;utm_campaign=Retsept\"><span style=\"color: #99cc00;\">Acerola kirsi pulbrit<\/span><\/a><\/li>\n<li>2 dl vett<\/li>\n<\/ul>\n","protected":false},"featured_media":3876,"comment_status":"open","ping_status":"closed","template":"","meta":{"_exactmetrics_skip_tracking":false,"_exactmetrics_sitenote_active":false,"_exactmetrics_sitenote_note":"","_exactmetrics_sitenote_category":0},"product_cat":[59,60,382,383,365,77],"product_tag":[],"class_list":{"0":"post-3595","1":"product","2":"type-product","3":"status-publish","4":"has-post-thumbnail","6":"product_cat-featured","7":"product_cat-toiduretseptid","8":"product_cat-vegan-toiduretseptid","9":"product_cat-taimetoit","10":"product_cat-laste-lemmikud","11":"product_cat-toortoit","13":"first","14":"instock","15":"shipping-taxable","16":"product-type-simple"},"yoast_head":"<!-- This site is optimized with the Yoast SEO plugin v23.3 - https:\/\/yoast.com\/wordpress\/plugins\/seo\/ -->\n<title>Acerola smuuti - bio4you.eu\/retseptid<\/title>\n<meta name=\"robots\" content=\"index, follow, max-snippet:-1, max-image-preview:large, max-video-preview:-1\" \/>\n<link rel=\"canonical\" href=\"https:\/\/bio4you.eu\/retseptid\/toode\/acerola-smuuti\/\" \/>\n<meta property=\"og:locale\" content=\"et_EE\" \/>\n<meta property=\"og:type\" content=\"article\" \/>\n<meta property=\"og:title\" content=\"Acerola smuuti - bio4you.eu\/retseptid\" \/>\n<meta property=\"og:description\" content=\"Vaja l\u00e4heb:   2 spl mustikaid  4-6 maasikat  1 banaan  1 tl Acerola kirsi pulbrit  2 dl vett\" \/>\n<meta property=\"og:url\" content=\"https:\/\/bio4you.eu\/retseptid\/toode\/acerola-smuuti\/\" \/>\n<meta property=\"og:site_name\" content=\"bio4you.eu\/retseptid\" \/>\n<meta property=\"article:modified_time\" content=\"2022-03-25T07:48:26+00:00\" \/>\n<meta property=\"og:image\" content=\"https:\/\/bio4you.eu\/retseptid\/wp-content\/uploads\/2017\/03\/sara-cervera-cjiJUfFCoUs-unsplash-scaled.jpg\" \/>\n\t<meta property=\"og:image:width\" content=\"1702\" \/>\n\t<meta property=\"og:image:height\" content=\"2560\" \/>\n\t<meta property=\"og:image:type\" content=\"image\/jpeg\" \/>\n<meta name=\"twitter:label1\" content=\"Est. reading time\" \/>\n\t<meta name=\"twitter:data1\" content=\"1 minut\" \/>\n<script type=\"application\/ld+json\" class=\"yoast-schema-graph\">{\"@context\":\"https:\/\/schema.org\",\"@graph\":[{\"@type\":\"WebPage\",\"@id\":\"https:\/\/bio4you.eu\/retseptid\/toode\/acerola-smuuti\/\",\"url\":\"https:\/\/bio4you.eu\/retseptid\/toode\/acerola-smuuti\/\",\"name\":\"Acerola smuuti - bio4you.eu\/retseptid\",\"isPartOf\":{\"@id\":\"https:\/\/bio4you.eu\/retseptid\/#website\"},\"primaryImageOfPage\":{\"@id\":\"https:\/\/bio4you.eu\/retseptid\/toode\/acerola-smuuti\/#primaryimage\"},\"image\":{\"@id\":\"https:\/\/bio4you.eu\/retseptid\/toode\/acerola-smuuti\/#primaryimage\"},\"thumbnailUrl\":\"https:\/\/bio4you.eu\/retseptid\/wp-content\/uploads\/2017\/03\/sara-cervera-cjiJUfFCoUs-unsplash-scaled.jpg\",\"datePublished\":\"2017-03-29T10:15:53+00:00\",\"dateModified\":\"2022-03-25T07:48:26+00:00\",\"breadcrumb\":{\"@id\":\"https:\/\/bio4you.eu\/retseptid\/toode\/acerola-smuuti\/#breadcrumb\"},\"inLanguage\":\"et\",\"potentialAction\":[{\"@type\":\"ReadAction\",\"target\":[\"https:\/\/bio4you.eu\/retseptid\/toode\/acerola-smuuti\/\"]}]},{\"@type\":\"ImageObject\",\"inLanguage\":\"et\",\"@id\":\"https:\/\/bio4you.eu\/retseptid\/toode\/acerola-smuuti\/#primaryimage\",\"url\":\"https:\/\/bio4you.eu\/retseptid\/wp-content\/uploads\/2017\/03\/sara-cervera-cjiJUfFCoUs-unsplash-scaled.jpg\",\"contentUrl\":\"https:\/\/bio4you.eu\/retseptid\/wp-content\/uploads\/2017\/03\/sara-cervera-cjiJUfFCoUs-unsplash-scaled.jpg\",\"width\":1702,\"height\":2560},{\"@type\":\"BreadcrumbList\",\"@id\":\"https:\/\/bio4you.eu\/retseptid\/toode\/acerola-smuuti\/#breadcrumb\",\"itemListElement\":[{\"@type\":\"ListItem\",\"position\":1,\"name\":\"Home\",\"item\":\"https:\/\/bio4you.eu\/retseptid\/\"},{\"@type\":\"ListItem\",\"position\":2,\"name\":\"Acerola smuuti\"}]},{\"@type\":\"WebSite\",\"@id\":\"https:\/\/bio4you.eu\/retseptid\/#website\",\"url\":\"https:\/\/bio4you.eu\/retseptid\/\",\"name\":\"bio4you.eu\/retseptid\",\"description\":\"\u00d6ko retseptid ise tegemiseks, looduslikest koostisainetest. Maitsev toit, iluhooldus, kodupuhastus ja aiandus.\",\"potentialAction\":[{\"@type\":\"SearchAction\",\"target\":{\"@type\":\"EntryPoint\",\"urlTemplate\":\"https:\/\/bio4you.eu\/retseptid\/?s={search_term_string}\"},\"query-input\":\"required name=search_term_string\"}],\"inLanguage\":\"et\"}]}<\/script>\n<!-- \/ Yoast SEO plugin. -->","yoast_head_json":{"title":"Acerola smuuti - bio4you.eu\/retseptid","robots":{"index":"index","follow":"follow","max-snippet":"max-snippet:-1","max-image-preview":"max-image-preview:large","max-video-preview":"max-video-preview:-1"},"canonical":"https:\/\/bio4you.eu\/retseptid\/toode\/acerola-smuuti\/","og_locale":"et_EE","og_type":"article","og_title":"Acerola smuuti - bio4you.eu\/retseptid","og_description":"Vaja l\u00e4heb:   2 spl mustikaid  4-6 maasikat  1 banaan  1 tl Acerola kirsi pulbrit  2 dl vett","og_url":"https:\/\/bio4you.eu\/retseptid\/toode\/acerola-smuuti\/","og_site_name":"bio4you.eu\/retseptid","article_modified_time":"2022-03-25T07:48:26+00:00","og_image":[{"width":1702,"height":2560,"url":"https:\/\/bio4you.eu\/retseptid\/wp-content\/uploads\/2017\/03\/sara-cervera-cjiJUfFCoUs-unsplash-scaled.jpg","type":"image\/jpeg"}],"twitter_misc":{"Est. reading time":"1 minut"},"schema":{"@context":"https:\/\/schema.org","@graph":[{"@type":"WebPage","@id":"https:\/\/bio4you.eu\/retseptid\/toode\/acerola-smuuti\/","url":"https:\/\/bio4you.eu\/retseptid\/toode\/acerola-smuuti\/","name":"Acerola smuuti - bio4you.eu\/retseptid","isPartOf":{"@id":"https:\/\/bio4you.eu\/retseptid\/#website"},"primaryImageOfPage":{"@id":"https:\/\/bio4you.eu\/retseptid\/toode\/acerola-smuuti\/#primaryimage"},"image":{"@id":"https:\/\/bio4you.eu\/retseptid\/toode\/acerola-smuuti\/#primaryimage"},"thumbnailUrl":"https:\/\/bio4you.eu\/retseptid\/wp-content\/uploads\/2017\/03\/sara-cervera-cjiJUfFCoUs-unsplash-scaled.jpg","datePublished":"2017-03-29T10:15:53+00:00","dateModified":"2022-03-25T07:48:26+00:00","breadcrumb":{"@id":"https:\/\/bio4you.eu\/retseptid\/toode\/acerola-smuuti\/#breadcrumb"},"inLanguage":"et","potentialAction":[{"@type":"ReadAction","target":["https:\/\/bio4you.eu\/retseptid\/toode\/acerola-smuuti\/"]}]},{"@type":"ImageObject","inLanguage":"et","@id":"https:\/\/bio4you.eu\/retseptid\/toode\/acerola-smuuti\/#primaryimage","url":"https:\/\/bio4you.eu\/retseptid\/wp-content\/uploads\/2017\/03\/sara-cervera-cjiJUfFCoUs-unsplash-scaled.jpg","contentUrl":"https:\/\/bio4you.eu\/retseptid\/wp-content\/uploads\/2017\/03\/sara-cervera-cjiJUfFCoUs-unsplash-scaled.jpg","width":1702,"height":2560},{"@type":"BreadcrumbList","@id":"https:\/\/bio4you.eu\/retseptid\/toode\/acerola-smuuti\/#breadcrumb","itemListElement":[{"@type":"ListItem","position":1,"name":"Home","item":"https:\/\/bio4you.eu\/retseptid\/"},{"@type":"ListItem","position":2,"name":"Acerola smuuti"}]},{"@type":"WebSite","@id":"https:\/\/bio4you.eu\/retseptid\/#website","url":"https:\/\/bio4you.eu\/retseptid\/","name":"bio4you.eu\/retseptid","description":"\u00d6ko retseptid ise tegemiseks, looduslikest koostisainetest. Maitsev toit, iluhooldus, kodupuhastus ja aiandus.","potentialAction":[{"@type":"SearchAction","target":{"@type":"EntryPoint","urlTemplate":"https:\/\/bio4you.eu\/retseptid\/?s={search_term_string}"},"query-input":"required name=search_term_string"}],"inLanguage":"et"}]}},"_links":{"self":[{"href":"https:\/\/bio4you.eu\/retseptid\/wp-json\/wp\/v2\/product\/3595"}],"collection":[{"href":"https:\/\/bio4you.eu\/retseptid\/wp-json\/wp\/v2\/product"}],"about":[{"href":"https:\/\/bio4you.eu\/retseptid\/wp-json\/wp\/v2\/types\/product"}],"replies":[{"embeddable":true,"href":"https:\/\/bio4you.eu\/retseptid\/wp-json\/wp\/v2\/comments?post=3595"}],"wp:featuredmedia":[{"embeddable":true,"href":"https:\/\/bio4you.eu\/retseptid\/wp-json\/wp\/v2\/media\/3876"}],"wp:attachment":[{"href":"https:\/\/bio4you.eu\/retseptid\/wp-json\/wp\/v2\/media?parent=3595"}],"wp:term":[{"taxonomy":"product_cat","embeddable":true,"href":"https:\/\/bio4you.eu\/retseptid\/wp-json\/wp\/v2\/product_cat?post=3595"},{"taxonomy":"product_tag","embeddable":true,"href":"https:\/\/bio4you.eu\/retseptid\/wp-json\/wp\/v2\/product_tag?post=3595"}],"curies":[{"name":"wp","href":"https:\/\/api.w.org\/{rel}","templated":true}]}}