{"id":3627,"date":"2017-05-30T13:03:30","date_gmt":"2017-05-30T10:03:30","guid":{"rendered":"https:\/\/bio4you.eu\/retseptid\/?post_type=product&#038;p=3627"},"modified":"2022-05-12T10:50:23","modified_gmt":"2022-05-12T07:50:23","slug":"proteiinipallid-vaarikaga","status":"publish","type":"product","link":"https:\/\/bio4you.eu\/retseptid\/toode\/proteiinipallid-vaarikaga\/","title":{"rendered":"Proteiinipallid vaarikaga"},"content":{"rendered":"<p>Valmistamine:<br \/>\nPurusta k\u00f6\u00f6gikombainis mandlid. Vala pool mandlipurust taldrikule ja t\u00f5sta k\u00f5rvale.<br \/>\nLisa \u00fclej\u00e4\u00e4nud mandlipurule k\u00f6\u00f6gikombaini datlid, kookos\u00f5li, toorkakao, vanilje, proteiinipulber, sool ja piim ning purusta \u00fchtlaseks massiks.<br \/>\nVeereta saadud segust k\u00e4te vahel pall ning vajuta s\u00f5rmega selle keskele auk. T\u00e4ida see poole vaarikaga ning kata auk kinni. N\u00fc\u00fcd veereta palli veel k\u00f5rvale pandud mandlipurus. Segust saab umbes 10 proteiinipalli.<br \/>\nS\u00f6\u00f6 koheselt v\u00f5i pane k\u00fclmkappi tahkuma. Herneproteiini iseloomulik maitse muutub k\u00fclmkapis \u00fcle\u00f6\u00f6 mahedamaks.<\/p>\n","protected":false},"excerpt":{"rendered":"<p>Vaja l\u00e4heb:<\/p>\n<ul>\n<li>80 g mandleid<\/li>\n<li>10 datlit<\/li>\n<li>2 spl <a href=\"https:\/\/bio4you.eu\/et\/otsi?controller=search&amp;order=product.position.desc&amp;s=kookos%C3%B5li&amp;utm_source=bioretsept&amp;utm_medium=retsept&amp;utm_campaign=piparkoogipallid\"><span style=\"color: #99cc00;\">kookos\u00f5li<\/span><\/a><\/li>\n<li>1 spl <a href=\"http:\/\/bio4you.eu\/et\/toorkakao-tooted\/1725-toorkakao-pulber-250g-nutrisslim.html?search_query=toorkakao&amp;results=14&amp;utm_source=Bioretsept&amp;utm_medium=Retseptireklaam&amp;utm_campaign=Retsept\"><span style=\"color: #99cc00;\">toorkakaod<\/span><\/a><\/li>\n<li>0,5-1 spl <a href=\"https:\/\/bio4you.eu\/et\/fueuesiline-heaolu\/1928-herne-proteiinipulber-250g-nutrisslim.html?utm_source=bioretsept&amp;utm_medium=retsept&amp;utm_campaign=pallid\"><span style=\"color: #99cc00;\">herne proteiinipulbrit<\/span><\/a><\/li>\n<li>0,5 tl vaniljekaunapulbrit<\/li>\n<li>n\u00e4puotsaga <a href=\"http:\/\/bio4you.eu\/et\/156-sool?utm_source=bioretsept&amp;utm_medium=retseptireklaam&amp;utm_campaign=Retsept\"><span style=\"color: #99cc00;\">soola<\/span><\/a><\/li>\n<li>4 spl <a href=\"http:\/\/bio4you.eu\/et\/124-taimsed-piimad-ja-koored?utm_source=bioretsept&amp;utm_medium=Retseptireklaam&amp;utm_campaign=Retsept\"><span style=\"color: #99cc00;\">taimset piima<\/span><\/a><\/li>\n<li>vaarikaid<\/li>\n<\/ul>\n","protected":false},"featured_media":3631,"comment_status":"open","ping_status":"closed","template":"","meta":{"_exactmetrics_skip_tracking":false,"_exactmetrics_sitenote_active":false,"_exactmetrics_sitenote_note":"","_exactmetrics_sitenote_category":0},"product_cat":[59,60,382,383,280,68,77],"product_tag":[],"class_list":{"0":"post-3627","1":"product","2":"type-product","3":"status-publish","4":"has-post-thumbnail","6":"product_cat-featured","7":"product_cat-toiduretseptid","8":"product_cat-vegan-toiduretseptid","9":"product_cat-taimetoit","10":"product_cat-koogid-ja-kupsised","11":"product_cat-suupisted","12":"product_cat-toortoit","14":"first","15":"instock","16":"shipping-taxable","17":"product-type-simple"},"yoast_head":"<!-- This site is optimized with the Yoast SEO plugin v23.3 - https:\/\/yoast.com\/wordpress\/plugins\/seo\/ -->\n<title>Proteiinipallid vaarikaga - bio4you.eu\/retseptid<\/title>\n<meta name=\"robots\" content=\"index, follow, max-snippet:-1, max-image-preview:large, max-video-preview:-1\" \/>\n<link rel=\"canonical\" href=\"https:\/\/bio4you.eu\/retseptid\/toode\/proteiinipallid-vaarikaga\/\" \/>\n<meta property=\"og:locale\" content=\"et_EE\" \/>\n<meta property=\"og:type\" content=\"article\" \/>\n<meta property=\"og:title\" content=\"Proteiinipallid vaarikaga - bio4you.eu\/retseptid\" \/>\n<meta property=\"og:description\" content=\"Vaja l\u00e4heb:   80 g mandleid  10 datlit  2 spl kookos\u00f5li  1 spl toorkakaod  0,5-1 spl herne proteiinipulbrit  0,5 tl vaniljekaunapulbrit  n\u00e4puotsaga soola  4 spl taimset piima  vaarikaid\" \/>\n<meta property=\"og:url\" content=\"https:\/\/bio4you.eu\/retseptid\/toode\/proteiinipallid-vaarikaga\/\" \/>\n<meta property=\"og:site_name\" content=\"bio4you.eu\/retseptid\" \/>\n<meta property=\"article:modified_time\" content=\"2022-05-12T07:50:23+00:00\" \/>\n<meta property=\"og:image\" content=\"https:\/\/bio4you.eu\/retseptid\/wp-content\/uploads\/2017\/05\/Screen-Shot-2017-05-30-at-12.55.37-PM.png\" \/>\n\t<meta property=\"og:image:width\" content=\"1160\" \/>\n\t<meta property=\"og:image:height\" content=\"769\" \/>\n\t<meta property=\"og:image:type\" content=\"image\/png\" \/>\n<meta name=\"twitter:label1\" content=\"Est. reading time\" \/>\n\t<meta name=\"twitter:data1\" content=\"1 minut\" \/>\n<script type=\"application\/ld+json\" class=\"yoast-schema-graph\">{\"@context\":\"https:\/\/schema.org\",\"@graph\":[{\"@type\":\"WebPage\",\"@id\":\"https:\/\/bio4you.eu\/retseptid\/toode\/proteiinipallid-vaarikaga\/\",\"url\":\"https:\/\/bio4you.eu\/retseptid\/toode\/proteiinipallid-vaarikaga\/\",\"name\":\"Proteiinipallid vaarikaga - bio4you.eu\/retseptid\",\"isPartOf\":{\"@id\":\"https:\/\/bio4you.eu\/retseptid\/#website\"},\"primaryImageOfPage\":{\"@id\":\"https:\/\/bio4you.eu\/retseptid\/toode\/proteiinipallid-vaarikaga\/#primaryimage\"},\"image\":{\"@id\":\"https:\/\/bio4you.eu\/retseptid\/toode\/proteiinipallid-vaarikaga\/#primaryimage\"},\"thumbnailUrl\":\"https:\/\/bio4you.eu\/retseptid\/wp-content\/uploads\/2017\/05\/Screen-Shot-2017-05-30-at-12.55.37-PM.png\",\"datePublished\":\"2017-05-30T10:03:30+00:00\",\"dateModified\":\"2022-05-12T07:50:23+00:00\",\"breadcrumb\":{\"@id\":\"https:\/\/bio4you.eu\/retseptid\/toode\/proteiinipallid-vaarikaga\/#breadcrumb\"},\"inLanguage\":\"et\",\"potentialAction\":[{\"@type\":\"ReadAction\",\"target\":[\"https:\/\/bio4you.eu\/retseptid\/toode\/proteiinipallid-vaarikaga\/\"]}]},{\"@type\":\"ImageObject\",\"inLanguage\":\"et\",\"@id\":\"https:\/\/bio4you.eu\/retseptid\/toode\/proteiinipallid-vaarikaga\/#primaryimage\",\"url\":\"https:\/\/bio4you.eu\/retseptid\/wp-content\/uploads\/2017\/05\/Screen-Shot-2017-05-30-at-12.55.37-PM.png\",\"contentUrl\":\"https:\/\/bio4you.eu\/retseptid\/wp-content\/uploads\/2017\/05\/Screen-Shot-2017-05-30-at-12.55.37-PM.png\",\"width\":1160,\"height\":769},{\"@type\":\"BreadcrumbList\",\"@id\":\"https:\/\/bio4you.eu\/retseptid\/toode\/proteiinipallid-vaarikaga\/#breadcrumb\",\"itemListElement\":[{\"@type\":\"ListItem\",\"position\":1,\"name\":\"Home\",\"item\":\"https:\/\/bio4you.eu\/retseptid\/\"},{\"@type\":\"ListItem\",\"position\":2,\"name\":\"Proteiinipallid vaarikaga\"}]},{\"@type\":\"WebSite\",\"@id\":\"https:\/\/bio4you.eu\/retseptid\/#website\",\"url\":\"https:\/\/bio4you.eu\/retseptid\/\",\"name\":\"bio4you.eu\/retseptid\",\"description\":\"\u00d6ko retseptid ise tegemiseks, looduslikest koostisainetest. Maitsev toit, iluhooldus, kodupuhastus ja aiandus.\",\"potentialAction\":[{\"@type\":\"SearchAction\",\"target\":{\"@type\":\"EntryPoint\",\"urlTemplate\":\"https:\/\/bio4you.eu\/retseptid\/?s={search_term_string}\"},\"query-input\":\"required name=search_term_string\"}],\"inLanguage\":\"et\"}]}<\/script>\n<!-- \/ Yoast SEO plugin. -->","yoast_head_json":{"title":"Proteiinipallid vaarikaga - bio4you.eu\/retseptid","robots":{"index":"index","follow":"follow","max-snippet":"max-snippet:-1","max-image-preview":"max-image-preview:large","max-video-preview":"max-video-preview:-1"},"canonical":"https:\/\/bio4you.eu\/retseptid\/toode\/proteiinipallid-vaarikaga\/","og_locale":"et_EE","og_type":"article","og_title":"Proteiinipallid vaarikaga - bio4you.eu\/retseptid","og_description":"Vaja l\u00e4heb:   80 g mandleid  10 datlit  2 spl kookos\u00f5li  1 spl toorkakaod  0,5-1 spl herne proteiinipulbrit  0,5 tl vaniljekaunapulbrit  n\u00e4puotsaga soola  4 spl taimset piima  vaarikaid","og_url":"https:\/\/bio4you.eu\/retseptid\/toode\/proteiinipallid-vaarikaga\/","og_site_name":"bio4you.eu\/retseptid","article_modified_time":"2022-05-12T07:50:23+00:00","og_image":[{"width":1160,"height":769,"url":"https:\/\/bio4you.eu\/retseptid\/wp-content\/uploads\/2017\/05\/Screen-Shot-2017-05-30-at-12.55.37-PM.png","type":"image\/png"}],"twitter_misc":{"Est. reading time":"1 minut"},"schema":{"@context":"https:\/\/schema.org","@graph":[{"@type":"WebPage","@id":"https:\/\/bio4you.eu\/retseptid\/toode\/proteiinipallid-vaarikaga\/","url":"https:\/\/bio4you.eu\/retseptid\/toode\/proteiinipallid-vaarikaga\/","name":"Proteiinipallid vaarikaga - bio4you.eu\/retseptid","isPartOf":{"@id":"https:\/\/bio4you.eu\/retseptid\/#website"},"primaryImageOfPage":{"@id":"https:\/\/bio4you.eu\/retseptid\/toode\/proteiinipallid-vaarikaga\/#primaryimage"},"image":{"@id":"https:\/\/bio4you.eu\/retseptid\/toode\/proteiinipallid-vaarikaga\/#primaryimage"},"thumbnailUrl":"https:\/\/bio4you.eu\/retseptid\/wp-content\/uploads\/2017\/05\/Screen-Shot-2017-05-30-at-12.55.37-PM.png","datePublished":"2017-05-30T10:03:30+00:00","dateModified":"2022-05-12T07:50:23+00:00","breadcrumb":{"@id":"https:\/\/bio4you.eu\/retseptid\/toode\/proteiinipallid-vaarikaga\/#breadcrumb"},"inLanguage":"et","potentialAction":[{"@type":"ReadAction","target":["https:\/\/bio4you.eu\/retseptid\/toode\/proteiinipallid-vaarikaga\/"]}]},{"@type":"ImageObject","inLanguage":"et","@id":"https:\/\/bio4you.eu\/retseptid\/toode\/proteiinipallid-vaarikaga\/#primaryimage","url":"https:\/\/bio4you.eu\/retseptid\/wp-content\/uploads\/2017\/05\/Screen-Shot-2017-05-30-at-12.55.37-PM.png","contentUrl":"https:\/\/bio4you.eu\/retseptid\/wp-content\/uploads\/2017\/05\/Screen-Shot-2017-05-30-at-12.55.37-PM.png","width":1160,"height":769},{"@type":"BreadcrumbList","@id":"https:\/\/bio4you.eu\/retseptid\/toode\/proteiinipallid-vaarikaga\/#breadcrumb","itemListElement":[{"@type":"ListItem","position":1,"name":"Home","item":"https:\/\/bio4you.eu\/retseptid\/"},{"@type":"ListItem","position":2,"name":"Proteiinipallid vaarikaga"}]},{"@type":"WebSite","@id":"https:\/\/bio4you.eu\/retseptid\/#website","url":"https:\/\/bio4you.eu\/retseptid\/","name":"bio4you.eu\/retseptid","description":"\u00d6ko retseptid ise tegemiseks, looduslikest koostisainetest. Maitsev toit, iluhooldus, kodupuhastus ja aiandus.","potentialAction":[{"@type":"SearchAction","target":{"@type":"EntryPoint","urlTemplate":"https:\/\/bio4you.eu\/retseptid\/?s={search_term_string}"},"query-input":"required name=search_term_string"}],"inLanguage":"et"}]}},"_links":{"self":[{"href":"https:\/\/bio4you.eu\/retseptid\/wp-json\/wp\/v2\/product\/3627"}],"collection":[{"href":"https:\/\/bio4you.eu\/retseptid\/wp-json\/wp\/v2\/product"}],"about":[{"href":"https:\/\/bio4you.eu\/retseptid\/wp-json\/wp\/v2\/types\/product"}],"replies":[{"embeddable":true,"href":"https:\/\/bio4you.eu\/retseptid\/wp-json\/wp\/v2\/comments?post=3627"}],"wp:featuredmedia":[{"embeddable":true,"href":"https:\/\/bio4you.eu\/retseptid\/wp-json\/wp\/v2\/media\/3631"}],"wp:attachment":[{"href":"https:\/\/bio4you.eu\/retseptid\/wp-json\/wp\/v2\/media?parent=3627"}],"wp:term":[{"taxonomy":"product_cat","embeddable":true,"href":"https:\/\/bio4you.eu\/retseptid\/wp-json\/wp\/v2\/product_cat?post=3627"},{"taxonomy":"product_tag","embeddable":true,"href":"https:\/\/bio4you.eu\/retseptid\/wp-json\/wp\/v2\/product_tag?post=3627"}],"curies":[{"name":"wp","href":"https:\/\/api.w.org\/{rel}","templated":true}]}}