{"id":3646,"date":"2017-06-05T12:40:29","date_gmt":"2017-06-05T09:40:29","guid":{"rendered":"https:\/\/bio4you.eu\/retseptid\/?post_type=product&#038;p=3646"},"modified":"2022-05-12T14:45:59","modified_gmt":"2022-05-12T11:45:59","slug":"energiapallid","status":"publish","type":"product","link":"https:\/\/bio4you.eu\/retseptid\/toode\/energiapallid\/","title":{"rendered":"Energiapallid"},"content":{"rendered":"<p>Valmistamine:<br \/>\nSega k\u00f5ik koostisained k\u00f6\u00f6gikombainis kokku ning veereta k\u00e4te vahel pallideks. Veereta palle chia seemnetes, hakitud mandlites v\u00f5i p\u00e4hklites.<br \/>\nLase v\u00e4hemalt 1 tund k\u00fclmkapis tahkuda.<\/p>\n<p>&nbsp;<\/p>\n<p>&nbsp;<\/p>\n","protected":false},"excerpt":{"rendered":"<p>Vaja l\u00e4heb:<\/p>\n<ul>\n<li>1 klaas purustatud <a href=\"http:\/\/bio4you.eu\/et\/helbed\/1428-kaerahelbed-gluteenivabad-475g-bauckhof.html?utm_source=bioretsept&amp;utm_medium=retseptireklaam&amp;utm_campaign=Retsept\" target=\"_blank\" rel=\"noopener\"><span style=\"color: #99cc00;\">kaerahelbeid <\/span><\/a><\/li>\n<li>1\/4 klaas hakitud mandleid<\/li>\n<li><span class=\"text_exposed_show\">1\/4 klaas jahvatatud linaseemneid<\/span><\/li>\n<li><span class=\"text_exposed_show\">2 spl <a href=\"http:\/\/bio4you.eu\/et\/marjad-paehklid-ja-seemned\/2210-chia-seemned-250g-nutrisslim.html?search_query=chia&amp;results=22&amp;utm_source=bioretsept&amp;utm_medium=retseptireklaam&amp;utm_campaign=Retsept\" target=\"_blank\" rel=\"noopener\"><span style=\"color: #99cc00;\">chia seemneid<\/span><\/a><\/span><\/li>\n<li><span class=\"text_exposed_show\">1 kuhjaga spl <a href=\"https:\/\/bio4you.eu\/et\/otsi?controller=search&amp;order=product.position.desc&amp;s=maap%C3%A4hkliv%C3%B5ie&amp;utm_source=bioretsept&amp;utm_medium=blogi&amp;utm_campaign=retsept\" target=\"_blank\" rel=\"noopener\"><span style=\"color: #99cc00;\">maap\u00e4hkliv\u00f5id<\/span><\/a><\/span><\/li>\n<li><span class=\"text_exposed_show\">1\/4 klaasi \u00a0<a href=\"https:\/\/bio4you.eu\/et\/otsi?controller=search&amp;order=product.position.desc&amp;s=agaavisiirup&amp;utm_source=bioretsept&amp;utm_medium=blogi&amp;utm_campaign=retsept\" target=\"_blank\" rel=\"noopener\"><span style=\"color: #99cc00;\">agaavisiirupit<\/span><\/a><\/span><\/li>\n<li><span class=\"text_exposed_show\">2 spl t\u00fckeldatud <a href=\"https:\/\/bio4you.eu\/et\/sokolaadid\/4309-tume-sokolaad-70-kakaonibsidega-100g.html?utm_source=bioretsept&amp;utm_medium=blogi&amp;utm_campaign=retsept\" target=\"_blank\" rel=\"noopener\"><span style=\"color: #99cc00;\">tumedat \u0161okolaadi<\/span><\/a><\/span><\/li>\n<li><span class=\"text_exposed_show\">natuke <a href=\"http:\/\/bio4you.eu\/et\/maitseained\/995-tseiloni-kaneel-10g-cosmoveda.html?utm_source=bioretsept&amp;utm_medium=retseptireklaam&amp;utm_campaign=Retsept\" target=\"_blank\" rel=\"noopener\"><span style=\"color: #99cc00;\">kaneeli<\/span><\/a><\/span><\/li>\n<li><span class=\"text_exposed_show\">natukene himaalaja <a href=\"http:\/\/bio4you.eu\/et\/156-sool?utm_source=bioretsept&amp;utm_medium=retseptireklaam&amp;utm_campaign=Retsept\"><span style=\"color: #99cc00;\">soola<\/span><\/a><\/span><\/li>\n<\/ul>\n","protected":false},"featured_media":3647,"comment_status":"open","ping_status":"closed","template":"","meta":{"_exactmetrics_skip_tracking":false,"_exactmetrics_sitenote_active":false,"_exactmetrics_sitenote_note":"","_exactmetrics_sitenote_category":0},"product_cat":[59,60,382,383,68],"product_tag":[],"class_list":{"0":"post-3646","1":"product","2":"type-product","3":"status-publish","4":"has-post-thumbnail","6":"product_cat-featured","7":"product_cat-toiduretseptid","8":"product_cat-vegan-toiduretseptid","9":"product_cat-taimetoit","10":"product_cat-suupisted","12":"first","13":"instock","14":"shipping-taxable","15":"product-type-simple"},"yoast_head":"<!-- This site is optimized with the Yoast SEO plugin v23.3 - https:\/\/yoast.com\/wordpress\/plugins\/seo\/ -->\n<title>Energiapallid - bio4you.eu\/retseptid<\/title>\n<meta name=\"robots\" content=\"index, follow, max-snippet:-1, max-image-preview:large, max-video-preview:-1\" \/>\n<link rel=\"canonical\" href=\"https:\/\/bio4you.eu\/retseptid\/toode\/energiapallid\/\" \/>\n<meta property=\"og:locale\" content=\"et_EE\" \/>\n<meta property=\"og:type\" content=\"article\" \/>\n<meta property=\"og:title\" content=\"Energiapallid - bio4you.eu\/retseptid\" \/>\n<meta property=\"og:description\" content=\"Vaja l\u00e4heb:   1 klaas purustatud kaerahelbeid   1\/4 klaas hakitud mandleid  1\/4 klaas jahvatatud linaseemneid  2 spl chia seemneid  1 kuhjaga spl maap\u00e4hkliv\u00f5id  1\/4 klaasi \u00a0agaavisiirupit  2 spl t\u00fckeldatud tumedat \u0161okolaadi  natuke kaneeli  natukene himaalaja soola\" \/>\n<meta property=\"og:url\" content=\"https:\/\/bio4you.eu\/retseptid\/toode\/energiapallid\/\" \/>\n<meta property=\"og:site_name\" content=\"bio4you.eu\/retseptid\" \/>\n<meta property=\"article:modified_time\" content=\"2022-05-12T11:45:59+00:00\" \/>\n<meta property=\"og:image\" content=\"https:\/\/bio4you.eu\/retseptid\/wp-content\/uploads\/2017\/06\/16508419_1493293084035249_3705920506614268060_n.jpg\" \/>\n\t<meta property=\"og:image:width\" content=\"480\" \/>\n\t<meta property=\"og:image:height\" content=\"614\" \/>\n\t<meta property=\"og:image:type\" content=\"image\/jpeg\" \/>\n<meta name=\"twitter:label1\" content=\"Est. reading time\" \/>\n\t<meta name=\"twitter:data1\" content=\"1 minut\" \/>\n<script type=\"application\/ld+json\" class=\"yoast-schema-graph\">{\"@context\":\"https:\/\/schema.org\",\"@graph\":[{\"@type\":\"WebPage\",\"@id\":\"https:\/\/bio4you.eu\/retseptid\/toode\/energiapallid\/\",\"url\":\"https:\/\/bio4you.eu\/retseptid\/toode\/energiapallid\/\",\"name\":\"Energiapallid - bio4you.eu\/retseptid\",\"isPartOf\":{\"@id\":\"https:\/\/bio4you.eu\/retseptid\/#website\"},\"primaryImageOfPage\":{\"@id\":\"https:\/\/bio4you.eu\/retseptid\/toode\/energiapallid\/#primaryimage\"},\"image\":{\"@id\":\"https:\/\/bio4you.eu\/retseptid\/toode\/energiapallid\/#primaryimage\"},\"thumbnailUrl\":\"https:\/\/bio4you.eu\/retseptid\/wp-content\/uploads\/2017\/06\/16508419_1493293084035249_3705920506614268060_n.jpg\",\"datePublished\":\"2017-06-05T09:40:29+00:00\",\"dateModified\":\"2022-05-12T11:45:59+00:00\",\"breadcrumb\":{\"@id\":\"https:\/\/bio4you.eu\/retseptid\/toode\/energiapallid\/#breadcrumb\"},\"inLanguage\":\"et\",\"potentialAction\":[{\"@type\":\"ReadAction\",\"target\":[\"https:\/\/bio4you.eu\/retseptid\/toode\/energiapallid\/\"]}]},{\"@type\":\"ImageObject\",\"inLanguage\":\"et\",\"@id\":\"https:\/\/bio4you.eu\/retseptid\/toode\/energiapallid\/#primaryimage\",\"url\":\"https:\/\/bio4you.eu\/retseptid\/wp-content\/uploads\/2017\/06\/16508419_1493293084035249_3705920506614268060_n.jpg\",\"contentUrl\":\"https:\/\/bio4you.eu\/retseptid\/wp-content\/uploads\/2017\/06\/16508419_1493293084035249_3705920506614268060_n.jpg\",\"width\":480,\"height\":614},{\"@type\":\"BreadcrumbList\",\"@id\":\"https:\/\/bio4you.eu\/retseptid\/toode\/energiapallid\/#breadcrumb\",\"itemListElement\":[{\"@type\":\"ListItem\",\"position\":1,\"name\":\"Home\",\"item\":\"https:\/\/bio4you.eu\/retseptid\/\"},{\"@type\":\"ListItem\",\"position\":2,\"name\":\"Energiapallid\"}]},{\"@type\":\"WebSite\",\"@id\":\"https:\/\/bio4you.eu\/retseptid\/#website\",\"url\":\"https:\/\/bio4you.eu\/retseptid\/\",\"name\":\"bio4you.eu\/retseptid\",\"description\":\"\u00d6ko retseptid ise tegemiseks, looduslikest koostisainetest. Maitsev toit, iluhooldus, kodupuhastus ja aiandus.\",\"potentialAction\":[{\"@type\":\"SearchAction\",\"target\":{\"@type\":\"EntryPoint\",\"urlTemplate\":\"https:\/\/bio4you.eu\/retseptid\/?s={search_term_string}\"},\"query-input\":\"required name=search_term_string\"}],\"inLanguage\":\"et\"}]}<\/script>\n<!-- \/ Yoast SEO plugin. -->","yoast_head_json":{"title":"Energiapallid - bio4you.eu\/retseptid","robots":{"index":"index","follow":"follow","max-snippet":"max-snippet:-1","max-image-preview":"max-image-preview:large","max-video-preview":"max-video-preview:-1"},"canonical":"https:\/\/bio4you.eu\/retseptid\/toode\/energiapallid\/","og_locale":"et_EE","og_type":"article","og_title":"Energiapallid - bio4you.eu\/retseptid","og_description":"Vaja l\u00e4heb:   1 klaas purustatud kaerahelbeid   1\/4 klaas hakitud mandleid  1\/4 klaas jahvatatud linaseemneid  2 spl chia seemneid  1 kuhjaga spl maap\u00e4hkliv\u00f5id  1\/4 klaasi \u00a0agaavisiirupit  2 spl t\u00fckeldatud tumedat \u0161okolaadi  natuke kaneeli  natukene himaalaja soola","og_url":"https:\/\/bio4you.eu\/retseptid\/toode\/energiapallid\/","og_site_name":"bio4you.eu\/retseptid","article_modified_time":"2022-05-12T11:45:59+00:00","og_image":[{"width":480,"height":614,"url":"https:\/\/bio4you.eu\/retseptid\/wp-content\/uploads\/2017\/06\/16508419_1493293084035249_3705920506614268060_n.jpg","type":"image\/jpeg"}],"twitter_misc":{"Est. reading time":"1 minut"},"schema":{"@context":"https:\/\/schema.org","@graph":[{"@type":"WebPage","@id":"https:\/\/bio4you.eu\/retseptid\/toode\/energiapallid\/","url":"https:\/\/bio4you.eu\/retseptid\/toode\/energiapallid\/","name":"Energiapallid - bio4you.eu\/retseptid","isPartOf":{"@id":"https:\/\/bio4you.eu\/retseptid\/#website"},"primaryImageOfPage":{"@id":"https:\/\/bio4you.eu\/retseptid\/toode\/energiapallid\/#primaryimage"},"image":{"@id":"https:\/\/bio4you.eu\/retseptid\/toode\/energiapallid\/#primaryimage"},"thumbnailUrl":"https:\/\/bio4you.eu\/retseptid\/wp-content\/uploads\/2017\/06\/16508419_1493293084035249_3705920506614268060_n.jpg","datePublished":"2017-06-05T09:40:29+00:00","dateModified":"2022-05-12T11:45:59+00:00","breadcrumb":{"@id":"https:\/\/bio4you.eu\/retseptid\/toode\/energiapallid\/#breadcrumb"},"inLanguage":"et","potentialAction":[{"@type":"ReadAction","target":["https:\/\/bio4you.eu\/retseptid\/toode\/energiapallid\/"]}]},{"@type":"ImageObject","inLanguage":"et","@id":"https:\/\/bio4you.eu\/retseptid\/toode\/energiapallid\/#primaryimage","url":"https:\/\/bio4you.eu\/retseptid\/wp-content\/uploads\/2017\/06\/16508419_1493293084035249_3705920506614268060_n.jpg","contentUrl":"https:\/\/bio4you.eu\/retseptid\/wp-content\/uploads\/2017\/06\/16508419_1493293084035249_3705920506614268060_n.jpg","width":480,"height":614},{"@type":"BreadcrumbList","@id":"https:\/\/bio4you.eu\/retseptid\/toode\/energiapallid\/#breadcrumb","itemListElement":[{"@type":"ListItem","position":1,"name":"Home","item":"https:\/\/bio4you.eu\/retseptid\/"},{"@type":"ListItem","position":2,"name":"Energiapallid"}]},{"@type":"WebSite","@id":"https:\/\/bio4you.eu\/retseptid\/#website","url":"https:\/\/bio4you.eu\/retseptid\/","name":"bio4you.eu\/retseptid","description":"\u00d6ko retseptid ise tegemiseks, looduslikest koostisainetest. Maitsev toit, iluhooldus, kodupuhastus ja aiandus.","potentialAction":[{"@type":"SearchAction","target":{"@type":"EntryPoint","urlTemplate":"https:\/\/bio4you.eu\/retseptid\/?s={search_term_string}"},"query-input":"required name=search_term_string"}],"inLanguage":"et"}]}},"_links":{"self":[{"href":"https:\/\/bio4you.eu\/retseptid\/wp-json\/wp\/v2\/product\/3646"}],"collection":[{"href":"https:\/\/bio4you.eu\/retseptid\/wp-json\/wp\/v2\/product"}],"about":[{"href":"https:\/\/bio4you.eu\/retseptid\/wp-json\/wp\/v2\/types\/product"}],"replies":[{"embeddable":true,"href":"https:\/\/bio4you.eu\/retseptid\/wp-json\/wp\/v2\/comments?post=3646"}],"wp:featuredmedia":[{"embeddable":true,"href":"https:\/\/bio4you.eu\/retseptid\/wp-json\/wp\/v2\/media\/3647"}],"wp:attachment":[{"href":"https:\/\/bio4you.eu\/retseptid\/wp-json\/wp\/v2\/media?parent=3646"}],"wp:term":[{"taxonomy":"product_cat","embeddable":true,"href":"https:\/\/bio4you.eu\/retseptid\/wp-json\/wp\/v2\/product_cat?post=3646"},{"taxonomy":"product_tag","embeddable":true,"href":"https:\/\/bio4you.eu\/retseptid\/wp-json\/wp\/v2\/product_tag?post=3646"}],"curies":[{"name":"wp","href":"https:\/\/api.w.org\/{rel}","templated":true}]}}