{"id":3656,"date":"2017-06-06T11:04:01","date_gmt":"2017-06-06T08:04:01","guid":{"rendered":"https:\/\/bio4you.eu\/retseptid\/?post_type=product&#038;p=3656"},"modified":"2022-05-12T14:20:04","modified_gmt":"2022-05-12T11:20:04","slug":"sokolaadised-proteiinipannkoogid","status":"publish","type":"product","link":"https:\/\/bio4you.eu\/retseptid\/toode\/sokolaadised-proteiinipannkoogid\/","title":{"rendered":"\u0160okolaadised proteiinipannkoogid"},"content":{"rendered":"<p>Valmistamine:<br \/>\nBlenderda k\u00f5ik koostisained \u00fchtlaseks taignaks ning lisa hakitud \u0161okolaad k\u00f5ige l\u00f5pus- \u00e4ra blenderda. Lase taignal umbes 20 minutit seista, et chia seemned saaksid selle paksemaks muuta.<br \/>\nK\u00fcpseta tasasel tulel ning serveeri v\u00e4rskete puuviljade v\u00f5i j\u00e4\u00e4tisega.<\/p>\n<div class=\"text_exposed_show\"><\/div>\n","protected":false},"excerpt":{"rendered":"<p>Vaja l\u00e4heb:<\/p>\n<ul>\n<li>3 dl <a href=\"http:\/\/bio4you.eu\/et\/124-taimsed-piimad-ja-koored?utm_source=bioretsept&amp;utm_medium=Retseptireklaam&amp;utm_campaign=Retsept\"><span style=\"color: #99cc00;\">mandlipiima<\/span><\/a><\/li>\n<li>50 g <a href=\"https:\/\/bio4you.eu\/et\/search?controller=search&amp;orderby=position&amp;orderway=desc&amp;search_query=valgupulber+\u0161okolaadiga&amp;submit_search=&amp;utm_source=Bioretsept&amp;utm_medium=Retseptireklaam&amp;utm_campaign=Retsept\"><span style=\"color: #99cc00;\">\u0161okolaadimaitselist valgupulbrit<\/span><\/a><\/li>\n<li><span class=\"text_exposed_show\">50 g <a href=\"http:\/\/bio4you.eu\/et\/163-sokolaadid?utm_source=bioretsept&amp;utm_medium=retseptireklaam&amp;utm_campaign=Retsept\"><span style=\"color: #99cc00;\">hakitud \u0161okolaadi <\/span><\/a><\/span><\/li>\n<li><span class=\"text_exposed_show\">2 spl tatrajahu<\/span><\/li>\n<li><span class=\"text_exposed_show\">1\/3 tl<span style=\"color: #99cc00;\"> s<\/span><a href=\"https:\/\/bio4you.eu\/et\/kuepsetamiseks\/2564-sooda-500g-baule-volante.html?search_query=sooda&amp;results=41&amp;utm_source=Bioretsept&amp;utm_medium=Retseptireklaam&amp;utm_campaign=Retsept\"><span style=\"color: #99cc00;\">\u00f6\u00f6gisoodat<\/span><\/a><\/span><\/li>\n<li><span class=\"text_exposed_show\">3 spl <a href=\"http:\/\/bio4you.eu\/et\/marjad-paehklid-ja-seemned\/2210-chia-seemned-250g-nutrisslim.html?search_query=chia&amp;results=22&amp;utm_source=bioretsept&amp;utm_medium=retseptireklaam&amp;utm_campaign=Retsept\"><span style=\"color: #99cc00;\">chia seemneid<\/span><\/a><\/span><\/li>\n<li><span class=\"text_exposed_show\">2 k\u00fcpset banaani<\/span><\/li>\n<li><span class=\"text_exposed_show\">1\/2 tl <a href=\"http:\/\/bio4you.eu\/et\/maitseained\/995-tseiloni-kaneel-10g-cosmoveda.html?utm_source=bioretsept&amp;utm_medium=retseptireklaam&amp;utm_campaign=Retsept\"><span style=\"color: #99cc00;\">kaneeli<\/span><\/a><\/span><\/li>\n<li><a href=\"http:\/\/bio4you.eu\/et\/olid\/2319-praadimisoli-lohnatu-750ml-biologicoils.html?utm_source=bioretsept&amp;utm_medium=retseptireklaam&amp;utm_campaign=Retsept\"><span class=\"text_exposed_show\" style=\"color: #99cc00;\">\u00f5li praadimiseks<\/span><\/a><\/li>\n<\/ul>\n<div class=\"text_exposed_show\"><\/div>\n","protected":false},"featured_media":3657,"comment_status":"open","ping_status":"closed","template":"","meta":{"_exactmetrics_skip_tracking":false,"_exactmetrics_sitenote_active":false,"_exactmetrics_sitenote_note":"","_exactmetrics_sitenote_category":0},"product_cat":[59,60,382,383,280],"product_tag":[],"class_list":{"0":"post-3656","1":"product","2":"type-product","3":"status-publish","4":"has-post-thumbnail","6":"product_cat-featured","7":"product_cat-toiduretseptid","8":"product_cat-vegan-toiduretseptid","9":"product_cat-taimetoit","10":"product_cat-koogid-ja-kupsised","12":"first","13":"instock","14":"shipping-taxable","15":"product-type-simple"},"yoast_head":"<!-- This site is optimized with the Yoast SEO plugin v23.3 - https:\/\/yoast.com\/wordpress\/plugins\/seo\/ -->\n<title>\u0160okolaadised proteiinipannkoogid - bio4you.eu\/retseptid<\/title>\n<meta name=\"robots\" content=\"index, follow, max-snippet:-1, max-image-preview:large, max-video-preview:-1\" \/>\n<link rel=\"canonical\" href=\"https:\/\/bio4you.eu\/retseptid\/toode\/sokolaadised-proteiinipannkoogid\/\" \/>\n<meta property=\"og:locale\" content=\"et_EE\" \/>\n<meta property=\"og:type\" content=\"article\" \/>\n<meta property=\"og:title\" content=\"\u0160okolaadised proteiinipannkoogid - bio4you.eu\/retseptid\" \/>\n<meta property=\"og:description\" content=\"Vaja l\u00e4heb:   3 dl mandlipiima  50 g \u0161okolaadimaitselist valgupulbrit  50 g hakitud \u0161okolaadi   2 spl tatrajahu  1\/3 tl s\u00f6\u00f6gisoodat  3 spl chia seemneid  2 k\u00fcpset banaani  1\/2 tl kaneeli  \u00f5li praadimiseks\" \/>\n<meta property=\"og:url\" content=\"https:\/\/bio4you.eu\/retseptid\/toode\/sokolaadised-proteiinipannkoogid\/\" \/>\n<meta property=\"og:site_name\" content=\"bio4you.eu\/retseptid\" \/>\n<meta property=\"article:modified_time\" content=\"2022-05-12T11:20:04+00:00\" \/>\n<meta property=\"og:image\" content=\"https:\/\/bio4you.eu\/retseptid\/wp-content\/uploads\/2017\/06\/18892907_1634899436541279_7295973579506230858_n.jpg\" \/>\n\t<meta property=\"og:image:width\" content=\"495\" \/>\n\t<meta property=\"og:image:height\" content=\"495\" \/>\n\t<meta property=\"og:image:type\" content=\"image\/jpeg\" \/>\n<meta name=\"twitter:label1\" content=\"Est. reading time\" \/>\n\t<meta name=\"twitter:data1\" content=\"1 minut\" \/>\n<script type=\"application\/ld+json\" class=\"yoast-schema-graph\">{\"@context\":\"https:\/\/schema.org\",\"@graph\":[{\"@type\":\"WebPage\",\"@id\":\"https:\/\/bio4you.eu\/retseptid\/toode\/sokolaadised-proteiinipannkoogid\/\",\"url\":\"https:\/\/bio4you.eu\/retseptid\/toode\/sokolaadised-proteiinipannkoogid\/\",\"name\":\"\u0160okolaadised proteiinipannkoogid - bio4you.eu\/retseptid\",\"isPartOf\":{\"@id\":\"https:\/\/bio4you.eu\/retseptid\/#website\"},\"primaryImageOfPage\":{\"@id\":\"https:\/\/bio4you.eu\/retseptid\/toode\/sokolaadised-proteiinipannkoogid\/#primaryimage\"},\"image\":{\"@id\":\"https:\/\/bio4you.eu\/retseptid\/toode\/sokolaadised-proteiinipannkoogid\/#primaryimage\"},\"thumbnailUrl\":\"https:\/\/bio4you.eu\/retseptid\/wp-content\/uploads\/2017\/06\/18892907_1634899436541279_7295973579506230858_n.jpg\",\"datePublished\":\"2017-06-06T08:04:01+00:00\",\"dateModified\":\"2022-05-12T11:20:04+00:00\",\"breadcrumb\":{\"@id\":\"https:\/\/bio4you.eu\/retseptid\/toode\/sokolaadised-proteiinipannkoogid\/#breadcrumb\"},\"inLanguage\":\"et\",\"potentialAction\":[{\"@type\":\"ReadAction\",\"target\":[\"https:\/\/bio4you.eu\/retseptid\/toode\/sokolaadised-proteiinipannkoogid\/\"]}]},{\"@type\":\"ImageObject\",\"inLanguage\":\"et\",\"@id\":\"https:\/\/bio4you.eu\/retseptid\/toode\/sokolaadised-proteiinipannkoogid\/#primaryimage\",\"url\":\"https:\/\/bio4you.eu\/retseptid\/wp-content\/uploads\/2017\/06\/18892907_1634899436541279_7295973579506230858_n.jpg\",\"contentUrl\":\"https:\/\/bio4you.eu\/retseptid\/wp-content\/uploads\/2017\/06\/18892907_1634899436541279_7295973579506230858_n.jpg\",\"width\":495,\"height\":495},{\"@type\":\"BreadcrumbList\",\"@id\":\"https:\/\/bio4you.eu\/retseptid\/toode\/sokolaadised-proteiinipannkoogid\/#breadcrumb\",\"itemListElement\":[{\"@type\":\"ListItem\",\"position\":1,\"name\":\"Home\",\"item\":\"https:\/\/bio4you.eu\/retseptid\/\"},{\"@type\":\"ListItem\",\"position\":2,\"name\":\"\u0160okolaadised proteiinipannkoogid\"}]},{\"@type\":\"WebSite\",\"@id\":\"https:\/\/bio4you.eu\/retseptid\/#website\",\"url\":\"https:\/\/bio4you.eu\/retseptid\/\",\"name\":\"bio4you.eu\/retseptid\",\"description\":\"\u00d6ko retseptid ise tegemiseks, looduslikest koostisainetest. Maitsev toit, iluhooldus, kodupuhastus ja aiandus.\",\"potentialAction\":[{\"@type\":\"SearchAction\",\"target\":{\"@type\":\"EntryPoint\",\"urlTemplate\":\"https:\/\/bio4you.eu\/retseptid\/?s={search_term_string}\"},\"query-input\":\"required name=search_term_string\"}],\"inLanguage\":\"et\"}]}<\/script>\n<!-- \/ Yoast SEO plugin. -->","yoast_head_json":{"title":"\u0160okolaadised proteiinipannkoogid - bio4you.eu\/retseptid","robots":{"index":"index","follow":"follow","max-snippet":"max-snippet:-1","max-image-preview":"max-image-preview:large","max-video-preview":"max-video-preview:-1"},"canonical":"https:\/\/bio4you.eu\/retseptid\/toode\/sokolaadised-proteiinipannkoogid\/","og_locale":"et_EE","og_type":"article","og_title":"\u0160okolaadised proteiinipannkoogid - bio4you.eu\/retseptid","og_description":"Vaja l\u00e4heb:   3 dl mandlipiima  50 g \u0161okolaadimaitselist valgupulbrit  50 g hakitud \u0161okolaadi   2 spl tatrajahu  1\/3 tl s\u00f6\u00f6gisoodat  3 spl chia seemneid  2 k\u00fcpset banaani  1\/2 tl kaneeli  \u00f5li praadimiseks","og_url":"https:\/\/bio4you.eu\/retseptid\/toode\/sokolaadised-proteiinipannkoogid\/","og_site_name":"bio4you.eu\/retseptid","article_modified_time":"2022-05-12T11:20:04+00:00","og_image":[{"width":495,"height":495,"url":"https:\/\/bio4you.eu\/retseptid\/wp-content\/uploads\/2017\/06\/18892907_1634899436541279_7295973579506230858_n.jpg","type":"image\/jpeg"}],"twitter_misc":{"Est. reading time":"1 minut"},"schema":{"@context":"https:\/\/schema.org","@graph":[{"@type":"WebPage","@id":"https:\/\/bio4you.eu\/retseptid\/toode\/sokolaadised-proteiinipannkoogid\/","url":"https:\/\/bio4you.eu\/retseptid\/toode\/sokolaadised-proteiinipannkoogid\/","name":"\u0160okolaadised proteiinipannkoogid - bio4you.eu\/retseptid","isPartOf":{"@id":"https:\/\/bio4you.eu\/retseptid\/#website"},"primaryImageOfPage":{"@id":"https:\/\/bio4you.eu\/retseptid\/toode\/sokolaadised-proteiinipannkoogid\/#primaryimage"},"image":{"@id":"https:\/\/bio4you.eu\/retseptid\/toode\/sokolaadised-proteiinipannkoogid\/#primaryimage"},"thumbnailUrl":"https:\/\/bio4you.eu\/retseptid\/wp-content\/uploads\/2017\/06\/18892907_1634899436541279_7295973579506230858_n.jpg","datePublished":"2017-06-06T08:04:01+00:00","dateModified":"2022-05-12T11:20:04+00:00","breadcrumb":{"@id":"https:\/\/bio4you.eu\/retseptid\/toode\/sokolaadised-proteiinipannkoogid\/#breadcrumb"},"inLanguage":"et","potentialAction":[{"@type":"ReadAction","target":["https:\/\/bio4you.eu\/retseptid\/toode\/sokolaadised-proteiinipannkoogid\/"]}]},{"@type":"ImageObject","inLanguage":"et","@id":"https:\/\/bio4you.eu\/retseptid\/toode\/sokolaadised-proteiinipannkoogid\/#primaryimage","url":"https:\/\/bio4you.eu\/retseptid\/wp-content\/uploads\/2017\/06\/18892907_1634899436541279_7295973579506230858_n.jpg","contentUrl":"https:\/\/bio4you.eu\/retseptid\/wp-content\/uploads\/2017\/06\/18892907_1634899436541279_7295973579506230858_n.jpg","width":495,"height":495},{"@type":"BreadcrumbList","@id":"https:\/\/bio4you.eu\/retseptid\/toode\/sokolaadised-proteiinipannkoogid\/#breadcrumb","itemListElement":[{"@type":"ListItem","position":1,"name":"Home","item":"https:\/\/bio4you.eu\/retseptid\/"},{"@type":"ListItem","position":2,"name":"\u0160okolaadised proteiinipannkoogid"}]},{"@type":"WebSite","@id":"https:\/\/bio4you.eu\/retseptid\/#website","url":"https:\/\/bio4you.eu\/retseptid\/","name":"bio4you.eu\/retseptid","description":"\u00d6ko retseptid ise tegemiseks, looduslikest koostisainetest. Maitsev toit, iluhooldus, kodupuhastus ja aiandus.","potentialAction":[{"@type":"SearchAction","target":{"@type":"EntryPoint","urlTemplate":"https:\/\/bio4you.eu\/retseptid\/?s={search_term_string}"},"query-input":"required name=search_term_string"}],"inLanguage":"et"}]}},"_links":{"self":[{"href":"https:\/\/bio4you.eu\/retseptid\/wp-json\/wp\/v2\/product\/3656"}],"collection":[{"href":"https:\/\/bio4you.eu\/retseptid\/wp-json\/wp\/v2\/product"}],"about":[{"href":"https:\/\/bio4you.eu\/retseptid\/wp-json\/wp\/v2\/types\/product"}],"replies":[{"embeddable":true,"href":"https:\/\/bio4you.eu\/retseptid\/wp-json\/wp\/v2\/comments?post=3656"}],"wp:featuredmedia":[{"embeddable":true,"href":"https:\/\/bio4you.eu\/retseptid\/wp-json\/wp\/v2\/media\/3657"}],"wp:attachment":[{"href":"https:\/\/bio4you.eu\/retseptid\/wp-json\/wp\/v2\/media?parent=3656"}],"wp:term":[{"taxonomy":"product_cat","embeddable":true,"href":"https:\/\/bio4you.eu\/retseptid\/wp-json\/wp\/v2\/product_cat?post=3656"},{"taxonomy":"product_tag","embeddable":true,"href":"https:\/\/bio4you.eu\/retseptid\/wp-json\/wp\/v2\/product_tag?post=3656"}],"curies":[{"name":"wp","href":"https:\/\/api.w.org\/{rel}","templated":true}]}}