{"id":3666,"date":"2017-07-25T16:34:54","date_gmt":"2017-07-25T13:34:54","guid":{"rendered":"https:\/\/bio4you.eu\/retseptid\/?post_type=product&#038;p=3666"},"modified":"2022-06-21T13:48:38","modified_gmt":"2022-06-21T10:48:38","slug":"kulmutatud-jogurti-batoonid","status":"publish","type":"product","link":"https:\/\/bio4you.eu\/retseptid\/toode\/kulmutatud-jogurti-batoonid\/","title":{"rendered":"K\u00fclmutatud jogurti batoonid"},"content":{"rendered":"<p>Sega kokku Kreeka jogurt, er\u00fctritool ning j\u00f5hvikad. Vala saadud jogurtisegu k\u00fcpsetuspaberiga kaetud vormi (vali vorm vastavalt sellele kui k\u00f5rgeid batoone soovid).<br \/>\nN\u00fc\u00fcd kaunista vaarikate, \u0161okolaadi ja p\u00e4hklitega ning aseta k\u00fclmikusse tahenema\u00a0kaheks tunniks v\u00f5i kuni k\u00fclmumiseni. Enne serveerimist lase natukene sulada ning l\u00f5ika batoonideks.<br \/>\nEr\u00fctritool on kalorivaba looduslik magusaine, suurep\u00e4rane k\u00f5rvalmaitseta suhkruasendaja, mida esineb looduslikult puuviljades (n\u00e4iteks pirnis, viinamarjades, melonis ja arbuusis).<\/p>\n","protected":false},"excerpt":{"rendered":"<p>Vaja l\u00e4heb:<\/p>\n<ul>\n<li>500 g Kreeka jogurtit<\/li>\n<li>20 g <span style=\"color: #99cc00;\"><a style=\"color: #99cc00;\" href=\"https:\/\/bio4you.eu\/et\/otsi?controller=search&amp;order=product.position.desc&amp;s=Er%C3%BCtritool&amp;utm_source=bioretsept&amp;utm_medium=retsept&amp;utm_campaign=retsept\" target=\"_blank\" rel=\"noopener\">er\u00fctritooli<\/a><\/span><\/li>\n<li>50 g kuivatatud j\u00f5hvikaid<\/li>\n<li>50 g tumeda \u0161okolaadi t\u00fckke<\/li>\n<li>peot\u00e4is vaarikaid<\/li>\n<li>50 g hakitud p\u00e4hkleid<\/li>\n<\/ul>\n","protected":false},"featured_media":3668,"comment_status":"open","ping_status":"closed","template":"","meta":{"_exactmetrics_skip_tracking":false,"_exactmetrics_sitenote_active":false,"_exactmetrics_sitenote_note":"","_exactmetrics_sitenote_category":0},"product_cat":[59,60,383,280,365,68],"product_tag":[],"class_list":{"0":"post-3666","1":"product","2":"type-product","3":"status-publish","4":"has-post-thumbnail","6":"product_cat-featured","7":"product_cat-toiduretseptid","8":"product_cat-taimetoit","9":"product_cat-koogid-ja-kupsised","10":"product_cat-laste-lemmikud","11":"product_cat-suupisted","13":"first","14":"instock","15":"shipping-taxable","16":"product-type-simple"},"yoast_head":"<!-- This site is optimized with the Yoast SEO plugin v23.3 - https:\/\/yoast.com\/wordpress\/plugins\/seo\/ -->\n<title>K\u00fclmutatud jogurti batoonid - bio4you.eu\/retseptid<\/title>\n<meta name=\"robots\" content=\"index, follow, max-snippet:-1, max-image-preview:large, max-video-preview:-1\" \/>\n<link rel=\"canonical\" href=\"https:\/\/bio4you.eu\/retseptid\/toode\/kulmutatud-jogurti-batoonid\/\" \/>\n<meta property=\"og:locale\" content=\"et_EE\" \/>\n<meta property=\"og:type\" content=\"article\" \/>\n<meta property=\"og:title\" content=\"K\u00fclmutatud jogurti batoonid - bio4you.eu\/retseptid\" \/>\n<meta property=\"og:description\" content=\"Vaja l\u00e4heb:   500 g Kreeka jogurtit  20 g er\u00fctritooli  50 g kuivatatud j\u00f5hvikaid  50 g tumeda \u0161okolaadi t\u00fckke  peot\u00e4is vaarikaid  50 g hakitud p\u00e4hkleid\" \/>\n<meta property=\"og:url\" content=\"https:\/\/bio4you.eu\/retseptid\/toode\/kulmutatud-jogurti-batoonid\/\" \/>\n<meta property=\"og:site_name\" content=\"bio4you.eu\/retseptid\" \/>\n<meta property=\"article:modified_time\" content=\"2022-06-21T10:48:38+00:00\" \/>\n<meta property=\"og:image\" content=\"https:\/\/bio4you.eu\/retseptid\/wp-content\/uploads\/2017\/07\/zamrznjen-jogurt-plo\u0161\u010dice.jpg\" \/>\n\t<meta property=\"og:image:width\" content=\"680\" \/>\n\t<meta property=\"og:image:height\" content=\"453\" \/>\n\t<meta property=\"og:image:type\" content=\"image\/jpeg\" \/>\n<meta name=\"twitter:label1\" content=\"Est. reading time\" \/>\n\t<meta name=\"twitter:data1\" content=\"1 minut\" \/>\n<script type=\"application\/ld+json\" class=\"yoast-schema-graph\">{\"@context\":\"https:\/\/schema.org\",\"@graph\":[{\"@type\":\"WebPage\",\"@id\":\"https:\/\/bio4you.eu\/retseptid\/toode\/kulmutatud-jogurti-batoonid\/\",\"url\":\"https:\/\/bio4you.eu\/retseptid\/toode\/kulmutatud-jogurti-batoonid\/\",\"name\":\"K\u00fclmutatud jogurti batoonid - bio4you.eu\/retseptid\",\"isPartOf\":{\"@id\":\"https:\/\/bio4you.eu\/retseptid\/#website\"},\"primaryImageOfPage\":{\"@id\":\"https:\/\/bio4you.eu\/retseptid\/toode\/kulmutatud-jogurti-batoonid\/#primaryimage\"},\"image\":{\"@id\":\"https:\/\/bio4you.eu\/retseptid\/toode\/kulmutatud-jogurti-batoonid\/#primaryimage\"},\"thumbnailUrl\":\"https:\/\/bio4you.eu\/retseptid\/wp-content\/uploads\/2017\/07\/zamrznjen-jogurt-plo\u0161\u010dice.jpg\",\"datePublished\":\"2017-07-25T13:34:54+00:00\",\"dateModified\":\"2022-06-21T10:48:38+00:00\",\"breadcrumb\":{\"@id\":\"https:\/\/bio4you.eu\/retseptid\/toode\/kulmutatud-jogurti-batoonid\/#breadcrumb\"},\"inLanguage\":\"et\",\"potentialAction\":[{\"@type\":\"ReadAction\",\"target\":[\"https:\/\/bio4you.eu\/retseptid\/toode\/kulmutatud-jogurti-batoonid\/\"]}]},{\"@type\":\"ImageObject\",\"inLanguage\":\"et\",\"@id\":\"https:\/\/bio4you.eu\/retseptid\/toode\/kulmutatud-jogurti-batoonid\/#primaryimage\",\"url\":\"https:\/\/bio4you.eu\/retseptid\/wp-content\/uploads\/2017\/07\/zamrznjen-jogurt-plo\u0161\u010dice.jpg\",\"contentUrl\":\"https:\/\/bio4you.eu\/retseptid\/wp-content\/uploads\/2017\/07\/zamrznjen-jogurt-plo\u0161\u010dice.jpg\",\"width\":680,\"height\":453},{\"@type\":\"BreadcrumbList\",\"@id\":\"https:\/\/bio4you.eu\/retseptid\/toode\/kulmutatud-jogurti-batoonid\/#breadcrumb\",\"itemListElement\":[{\"@type\":\"ListItem\",\"position\":1,\"name\":\"Home\",\"item\":\"https:\/\/bio4you.eu\/retseptid\/\"},{\"@type\":\"ListItem\",\"position\":2,\"name\":\"K\u00fclmutatud jogurti batoonid\"}]},{\"@type\":\"WebSite\",\"@id\":\"https:\/\/bio4you.eu\/retseptid\/#website\",\"url\":\"https:\/\/bio4you.eu\/retseptid\/\",\"name\":\"bio4you.eu\/retseptid\",\"description\":\"\u00d6ko retseptid ise tegemiseks, looduslikest koostisainetest. Maitsev toit, iluhooldus, kodupuhastus ja aiandus.\",\"potentialAction\":[{\"@type\":\"SearchAction\",\"target\":{\"@type\":\"EntryPoint\",\"urlTemplate\":\"https:\/\/bio4you.eu\/retseptid\/?s={search_term_string}\"},\"query-input\":\"required name=search_term_string\"}],\"inLanguage\":\"et\"}]}<\/script>\n<!-- \/ Yoast SEO plugin. -->","yoast_head_json":{"title":"K\u00fclmutatud jogurti batoonid - bio4you.eu\/retseptid","robots":{"index":"index","follow":"follow","max-snippet":"max-snippet:-1","max-image-preview":"max-image-preview:large","max-video-preview":"max-video-preview:-1"},"canonical":"https:\/\/bio4you.eu\/retseptid\/toode\/kulmutatud-jogurti-batoonid\/","og_locale":"et_EE","og_type":"article","og_title":"K\u00fclmutatud jogurti batoonid - bio4you.eu\/retseptid","og_description":"Vaja l\u00e4heb:   500 g Kreeka jogurtit  20 g er\u00fctritooli  50 g kuivatatud j\u00f5hvikaid  50 g tumeda \u0161okolaadi t\u00fckke  peot\u00e4is vaarikaid  50 g hakitud p\u00e4hkleid","og_url":"https:\/\/bio4you.eu\/retseptid\/toode\/kulmutatud-jogurti-batoonid\/","og_site_name":"bio4you.eu\/retseptid","article_modified_time":"2022-06-21T10:48:38+00:00","og_image":[{"width":680,"height":453,"url":"https:\/\/bio4you.eu\/retseptid\/wp-content\/uploads\/2017\/07\/zamrznjen-jogurt-plo\u0161\u010dice.jpg","type":"image\/jpeg"}],"twitter_misc":{"Est. reading time":"1 minut"},"schema":{"@context":"https:\/\/schema.org","@graph":[{"@type":"WebPage","@id":"https:\/\/bio4you.eu\/retseptid\/toode\/kulmutatud-jogurti-batoonid\/","url":"https:\/\/bio4you.eu\/retseptid\/toode\/kulmutatud-jogurti-batoonid\/","name":"K\u00fclmutatud jogurti batoonid - bio4you.eu\/retseptid","isPartOf":{"@id":"https:\/\/bio4you.eu\/retseptid\/#website"},"primaryImageOfPage":{"@id":"https:\/\/bio4you.eu\/retseptid\/toode\/kulmutatud-jogurti-batoonid\/#primaryimage"},"image":{"@id":"https:\/\/bio4you.eu\/retseptid\/toode\/kulmutatud-jogurti-batoonid\/#primaryimage"},"thumbnailUrl":"https:\/\/bio4you.eu\/retseptid\/wp-content\/uploads\/2017\/07\/zamrznjen-jogurt-plo\u0161\u010dice.jpg","datePublished":"2017-07-25T13:34:54+00:00","dateModified":"2022-06-21T10:48:38+00:00","breadcrumb":{"@id":"https:\/\/bio4you.eu\/retseptid\/toode\/kulmutatud-jogurti-batoonid\/#breadcrumb"},"inLanguage":"et","potentialAction":[{"@type":"ReadAction","target":["https:\/\/bio4you.eu\/retseptid\/toode\/kulmutatud-jogurti-batoonid\/"]}]},{"@type":"ImageObject","inLanguage":"et","@id":"https:\/\/bio4you.eu\/retseptid\/toode\/kulmutatud-jogurti-batoonid\/#primaryimage","url":"https:\/\/bio4you.eu\/retseptid\/wp-content\/uploads\/2017\/07\/zamrznjen-jogurt-plo\u0161\u010dice.jpg","contentUrl":"https:\/\/bio4you.eu\/retseptid\/wp-content\/uploads\/2017\/07\/zamrznjen-jogurt-plo\u0161\u010dice.jpg","width":680,"height":453},{"@type":"BreadcrumbList","@id":"https:\/\/bio4you.eu\/retseptid\/toode\/kulmutatud-jogurti-batoonid\/#breadcrumb","itemListElement":[{"@type":"ListItem","position":1,"name":"Home","item":"https:\/\/bio4you.eu\/retseptid\/"},{"@type":"ListItem","position":2,"name":"K\u00fclmutatud jogurti batoonid"}]},{"@type":"WebSite","@id":"https:\/\/bio4you.eu\/retseptid\/#website","url":"https:\/\/bio4you.eu\/retseptid\/","name":"bio4you.eu\/retseptid","description":"\u00d6ko retseptid ise tegemiseks, looduslikest koostisainetest. Maitsev toit, iluhooldus, kodupuhastus ja aiandus.","potentialAction":[{"@type":"SearchAction","target":{"@type":"EntryPoint","urlTemplate":"https:\/\/bio4you.eu\/retseptid\/?s={search_term_string}"},"query-input":"required name=search_term_string"}],"inLanguage":"et"}]}},"_links":{"self":[{"href":"https:\/\/bio4you.eu\/retseptid\/wp-json\/wp\/v2\/product\/3666"}],"collection":[{"href":"https:\/\/bio4you.eu\/retseptid\/wp-json\/wp\/v2\/product"}],"about":[{"href":"https:\/\/bio4you.eu\/retseptid\/wp-json\/wp\/v2\/types\/product"}],"replies":[{"embeddable":true,"href":"https:\/\/bio4you.eu\/retseptid\/wp-json\/wp\/v2\/comments?post=3666"}],"wp:featuredmedia":[{"embeddable":true,"href":"https:\/\/bio4you.eu\/retseptid\/wp-json\/wp\/v2\/media\/3668"}],"wp:attachment":[{"href":"https:\/\/bio4you.eu\/retseptid\/wp-json\/wp\/v2\/media?parent=3666"}],"wp:term":[{"taxonomy":"product_cat","embeddable":true,"href":"https:\/\/bio4you.eu\/retseptid\/wp-json\/wp\/v2\/product_cat?post=3666"},{"taxonomy":"product_tag","embeddable":true,"href":"https:\/\/bio4you.eu\/retseptid\/wp-json\/wp\/v2\/product_tag?post=3666"}],"curies":[{"name":"wp","href":"https:\/\/api.w.org\/{rel}","templated":true}]}}