{"id":3669,"date":"2017-07-25T16:49:19","date_gmt":"2017-07-25T13:49:19","guid":{"rendered":"https:\/\/bio4you.eu\/retseptid\/?post_type=product&#038;p=3669"},"modified":"2022-05-12T14:36:19","modified_gmt":"2022-05-12T11:36:19","slug":"ahjuounad-kaerahelvestega","status":"publish","type":"product","link":"https:\/\/bio4you.eu\/retseptid\/toode\/ahjuounad-kaerahelvestega\/","title":{"rendered":"Ahju\u00f5unad kaerahelvestega"},"content":{"rendered":"<p>Valmistamine:<br \/>\nPese ja kuivata \u00f5unad, l\u00f5ika pooleks ning eemalda s\u00fcdamik nii, et j\u00e4\u00e4ks ruumi t\u00e4idisele.<br \/>\nSega kokku k\u00f5ik \u00fclej\u00e4\u00e4nud koostisained ning t\u00e4ida sellega \u00f5unas\u00fcdamikud. K\u00fcpseta 180 kraadi juures umbes 20 minutit.<br \/>\nSobivad h\u00e4sti hommikus\u00f6\u00f6giks v\u00f5i kergeks magustoiduks.<\/p>\n<p>&nbsp;<\/p>\n","protected":false},"excerpt":{"rendered":"<p>Vaja l\u00e4heb:<\/p>\n<ul>\n<li>5 \u00f5una<\/li>\n<li>2\/3 klaasi <a href=\"https:\/\/bio4you.eu\/et\/otsi?controller=search&amp;order=product.position.desc&amp;s=kaerahelbed&amp;utm_source=blogi&amp;utm_medium=bioretsept&amp;utm_campaign=retsept\"><span style=\"color: #99cc00;\">kaerahelbeid<\/span><\/a><\/li>\n<li>2 spl kuivatatud j\u00f5hvikaid<\/li>\n<li>1\/2 klaasi pekaanip\u00e4hkleid<\/li>\n<li>1 tl <a href=\"https:\/\/bio4you.eu\/et\/maitseained\/995-tseiloni-kaneel-10g-cosmoveda.html?search_query=kaneel&amp;results=100\"><span style=\"color: #99cc00;\">kaneeli<\/span><\/a><\/li>\n<li>2 spl <a href=\"https:\/\/bio4you.eu\/et\/siirup\/2073-vahtrasiirup-500ml.html\">vahtrasiirupit<\/a><\/li>\n<li>3 spl<a href=\"https:\/\/bio4you.eu\/et\/54_the-bridge\"><span style=\"color: #99cc00;\"> taimset jooki<\/span><\/a><\/li>\n<li>1 sidruni riivitud koor<\/li>\n<\/ul>\n","protected":false},"featured_media":3670,"comment_status":"open","ping_status":"closed","template":"","meta":{"_exactmetrics_skip_tracking":false,"_exactmetrics_sitenote_active":false,"_exactmetrics_sitenote_note":"","_exactmetrics_sitenote_category":0},"product_cat":[59,60,382,63,383,280,365],"product_tag":[],"class_list":{"0":"post-3669","1":"product","2":"type-product","3":"status-publish","4":"has-post-thumbnail","6":"product_cat-featured","7":"product_cat-toiduretseptid","8":"product_cat-vegan-toiduretseptid","9":"product_cat-gluteenivabad-retseptid","10":"product_cat-taimetoit","11":"product_cat-koogid-ja-kupsised","12":"product_cat-laste-lemmikud","14":"first","15":"instock","16":"shipping-taxable","17":"product-type-simple"},"yoast_head":"<!-- This site is optimized with the Yoast SEO plugin v23.3 - https:\/\/yoast.com\/wordpress\/plugins\/seo\/ -->\n<title>Ahju\u00f5unad kaerahelvestega - bio4you.eu\/retseptid<\/title>\n<meta name=\"robots\" content=\"index, follow, max-snippet:-1, max-image-preview:large, max-video-preview:-1\" \/>\n<link rel=\"canonical\" href=\"https:\/\/bio4you.eu\/retseptid\/toode\/ahjuounad-kaerahelvestega\/\" \/>\n<meta property=\"og:locale\" content=\"et_EE\" \/>\n<meta property=\"og:type\" content=\"article\" \/>\n<meta property=\"og:title\" content=\"Ahju\u00f5unad kaerahelvestega - bio4you.eu\/retseptid\" \/>\n<meta property=\"og:description\" content=\"Vaja l\u00e4heb:   5 \u00f5una  2\/3 klaasi kaerahelbeid  2 spl kuivatatud j\u00f5hvikaid  1\/2 klaasi pekaanip\u00e4hkleid  1 tl kaneeli  2 spl vahtrasiirupit  3 spl taimset jooki  1 sidruni riivitud koor\" \/>\n<meta property=\"og:url\" content=\"https:\/\/bio4you.eu\/retseptid\/toode\/ahjuounad-kaerahelvestega\/\" \/>\n<meta property=\"og:site_name\" content=\"bio4you.eu\/retseptid\" \/>\n<meta property=\"article:modified_time\" content=\"2022-05-12T11:36:19+00:00\" \/>\n<meta property=\"og:image\" content=\"https:\/\/bio4you.eu\/retseptid\/wp-content\/uploads\/2017\/07\/polnjena-jabolka.jpg\" \/>\n\t<meta property=\"og:image:width\" content=\"1200\" \/>\n\t<meta property=\"og:image:height\" content=\"800\" \/>\n\t<meta property=\"og:image:type\" content=\"image\/jpeg\" \/>\n<meta name=\"twitter:label1\" content=\"Est. reading time\" \/>\n\t<meta name=\"twitter:data1\" content=\"1 minut\" \/>\n<script type=\"application\/ld+json\" class=\"yoast-schema-graph\">{\"@context\":\"https:\/\/schema.org\",\"@graph\":[{\"@type\":\"WebPage\",\"@id\":\"https:\/\/bio4you.eu\/retseptid\/toode\/ahjuounad-kaerahelvestega\/\",\"url\":\"https:\/\/bio4you.eu\/retseptid\/toode\/ahjuounad-kaerahelvestega\/\",\"name\":\"Ahju\u00f5unad kaerahelvestega - bio4you.eu\/retseptid\",\"isPartOf\":{\"@id\":\"https:\/\/bio4you.eu\/retseptid\/#website\"},\"primaryImageOfPage\":{\"@id\":\"https:\/\/bio4you.eu\/retseptid\/toode\/ahjuounad-kaerahelvestega\/#primaryimage\"},\"image\":{\"@id\":\"https:\/\/bio4you.eu\/retseptid\/toode\/ahjuounad-kaerahelvestega\/#primaryimage\"},\"thumbnailUrl\":\"https:\/\/bio4you.eu\/retseptid\/wp-content\/uploads\/2017\/07\/polnjena-jabolka.jpg\",\"datePublished\":\"2017-07-25T13:49:19+00:00\",\"dateModified\":\"2022-05-12T11:36:19+00:00\",\"breadcrumb\":{\"@id\":\"https:\/\/bio4you.eu\/retseptid\/toode\/ahjuounad-kaerahelvestega\/#breadcrumb\"},\"inLanguage\":\"et\",\"potentialAction\":[{\"@type\":\"ReadAction\",\"target\":[\"https:\/\/bio4you.eu\/retseptid\/toode\/ahjuounad-kaerahelvestega\/\"]}]},{\"@type\":\"ImageObject\",\"inLanguage\":\"et\",\"@id\":\"https:\/\/bio4you.eu\/retseptid\/toode\/ahjuounad-kaerahelvestega\/#primaryimage\",\"url\":\"https:\/\/bio4you.eu\/retseptid\/wp-content\/uploads\/2017\/07\/polnjena-jabolka.jpg\",\"contentUrl\":\"https:\/\/bio4you.eu\/retseptid\/wp-content\/uploads\/2017\/07\/polnjena-jabolka.jpg\",\"width\":1200,\"height\":800},{\"@type\":\"BreadcrumbList\",\"@id\":\"https:\/\/bio4you.eu\/retseptid\/toode\/ahjuounad-kaerahelvestega\/#breadcrumb\",\"itemListElement\":[{\"@type\":\"ListItem\",\"position\":1,\"name\":\"Home\",\"item\":\"https:\/\/bio4you.eu\/retseptid\/\"},{\"@type\":\"ListItem\",\"position\":2,\"name\":\"Ahju\u00f5unad kaerahelvestega\"}]},{\"@type\":\"WebSite\",\"@id\":\"https:\/\/bio4you.eu\/retseptid\/#website\",\"url\":\"https:\/\/bio4you.eu\/retseptid\/\",\"name\":\"bio4you.eu\/retseptid\",\"description\":\"\u00d6ko retseptid ise tegemiseks, looduslikest koostisainetest. Maitsev toit, iluhooldus, kodupuhastus ja aiandus.\",\"potentialAction\":[{\"@type\":\"SearchAction\",\"target\":{\"@type\":\"EntryPoint\",\"urlTemplate\":\"https:\/\/bio4you.eu\/retseptid\/?s={search_term_string}\"},\"query-input\":\"required name=search_term_string\"}],\"inLanguage\":\"et\"}]}<\/script>\n<!-- \/ Yoast SEO plugin. -->","yoast_head_json":{"title":"Ahju\u00f5unad kaerahelvestega - bio4you.eu\/retseptid","robots":{"index":"index","follow":"follow","max-snippet":"max-snippet:-1","max-image-preview":"max-image-preview:large","max-video-preview":"max-video-preview:-1"},"canonical":"https:\/\/bio4you.eu\/retseptid\/toode\/ahjuounad-kaerahelvestega\/","og_locale":"et_EE","og_type":"article","og_title":"Ahju\u00f5unad kaerahelvestega - bio4you.eu\/retseptid","og_description":"Vaja l\u00e4heb:   5 \u00f5una  2\/3 klaasi kaerahelbeid  2 spl kuivatatud j\u00f5hvikaid  1\/2 klaasi pekaanip\u00e4hkleid  1 tl kaneeli  2 spl vahtrasiirupit  3 spl taimset jooki  1 sidruni riivitud koor","og_url":"https:\/\/bio4you.eu\/retseptid\/toode\/ahjuounad-kaerahelvestega\/","og_site_name":"bio4you.eu\/retseptid","article_modified_time":"2022-05-12T11:36:19+00:00","og_image":[{"width":1200,"height":800,"url":"https:\/\/bio4you.eu\/retseptid\/wp-content\/uploads\/2017\/07\/polnjena-jabolka.jpg","type":"image\/jpeg"}],"twitter_misc":{"Est. reading time":"1 minut"},"schema":{"@context":"https:\/\/schema.org","@graph":[{"@type":"WebPage","@id":"https:\/\/bio4you.eu\/retseptid\/toode\/ahjuounad-kaerahelvestega\/","url":"https:\/\/bio4you.eu\/retseptid\/toode\/ahjuounad-kaerahelvestega\/","name":"Ahju\u00f5unad kaerahelvestega - bio4you.eu\/retseptid","isPartOf":{"@id":"https:\/\/bio4you.eu\/retseptid\/#website"},"primaryImageOfPage":{"@id":"https:\/\/bio4you.eu\/retseptid\/toode\/ahjuounad-kaerahelvestega\/#primaryimage"},"image":{"@id":"https:\/\/bio4you.eu\/retseptid\/toode\/ahjuounad-kaerahelvestega\/#primaryimage"},"thumbnailUrl":"https:\/\/bio4you.eu\/retseptid\/wp-content\/uploads\/2017\/07\/polnjena-jabolka.jpg","datePublished":"2017-07-25T13:49:19+00:00","dateModified":"2022-05-12T11:36:19+00:00","breadcrumb":{"@id":"https:\/\/bio4you.eu\/retseptid\/toode\/ahjuounad-kaerahelvestega\/#breadcrumb"},"inLanguage":"et","potentialAction":[{"@type":"ReadAction","target":["https:\/\/bio4you.eu\/retseptid\/toode\/ahjuounad-kaerahelvestega\/"]}]},{"@type":"ImageObject","inLanguage":"et","@id":"https:\/\/bio4you.eu\/retseptid\/toode\/ahjuounad-kaerahelvestega\/#primaryimage","url":"https:\/\/bio4you.eu\/retseptid\/wp-content\/uploads\/2017\/07\/polnjena-jabolka.jpg","contentUrl":"https:\/\/bio4you.eu\/retseptid\/wp-content\/uploads\/2017\/07\/polnjena-jabolka.jpg","width":1200,"height":800},{"@type":"BreadcrumbList","@id":"https:\/\/bio4you.eu\/retseptid\/toode\/ahjuounad-kaerahelvestega\/#breadcrumb","itemListElement":[{"@type":"ListItem","position":1,"name":"Home","item":"https:\/\/bio4you.eu\/retseptid\/"},{"@type":"ListItem","position":2,"name":"Ahju\u00f5unad kaerahelvestega"}]},{"@type":"WebSite","@id":"https:\/\/bio4you.eu\/retseptid\/#website","url":"https:\/\/bio4you.eu\/retseptid\/","name":"bio4you.eu\/retseptid","description":"\u00d6ko retseptid ise tegemiseks, looduslikest koostisainetest. Maitsev toit, iluhooldus, kodupuhastus ja aiandus.","potentialAction":[{"@type":"SearchAction","target":{"@type":"EntryPoint","urlTemplate":"https:\/\/bio4you.eu\/retseptid\/?s={search_term_string}"},"query-input":"required name=search_term_string"}],"inLanguage":"et"}]}},"_links":{"self":[{"href":"https:\/\/bio4you.eu\/retseptid\/wp-json\/wp\/v2\/product\/3669"}],"collection":[{"href":"https:\/\/bio4you.eu\/retseptid\/wp-json\/wp\/v2\/product"}],"about":[{"href":"https:\/\/bio4you.eu\/retseptid\/wp-json\/wp\/v2\/types\/product"}],"replies":[{"embeddable":true,"href":"https:\/\/bio4you.eu\/retseptid\/wp-json\/wp\/v2\/comments?post=3669"}],"wp:featuredmedia":[{"embeddable":true,"href":"https:\/\/bio4you.eu\/retseptid\/wp-json\/wp\/v2\/media\/3670"}],"wp:attachment":[{"href":"https:\/\/bio4you.eu\/retseptid\/wp-json\/wp\/v2\/media?parent=3669"}],"wp:term":[{"taxonomy":"product_cat","embeddable":true,"href":"https:\/\/bio4you.eu\/retseptid\/wp-json\/wp\/v2\/product_cat?post=3669"},{"taxonomy":"product_tag","embeddable":true,"href":"https:\/\/bio4you.eu\/retseptid\/wp-json\/wp\/v2\/product_tag?post=3669"}],"curies":[{"name":"wp","href":"https:\/\/api.w.org\/{rel}","templated":true}]}}