{"id":3671,"date":"2017-07-26T11:00:43","date_gmt":"2017-07-26T08:00:43","guid":{"rendered":"https:\/\/bio4you.eu\/retseptid\/?post_type=product&#038;p=3671"},"modified":"2025-02-20T14:03:07","modified_gmt":"2025-02-20T12:03:07","slug":"kuskussi-salat-sinepikastmega","status":"publish","type":"product","link":"https:\/\/bio4you.eu\/retseptid\/toode\/kuskussi-salat-sinepikastmega\/","title":{"rendered":"Kuskussi salat sinepikastmega"},"content":{"rendered":"<p>Valmistamine:<br \/>\nKeeda kuskuss pakendil toodud juhtn\u00f6\u00f6ride j\u00e4rgi ning aseta k\u00f5rvale jahtuma.<br \/>\nL\u00f5igu k\u00f6\u00f6giviljad, riivi suvik\u00f5rvits ning rebi salatilehed v\u00e4iksemateks t\u00fckkideks. Pese ja kurna kikerherned ning lisa salatile.<br \/>\nKastme jaoks sega k\u00f5ik koostisained \u00fchtlaseks. Kui kaste j\u00e4\u00e4b liiga paks, lisa meeldiv kogus vett.<br \/>\nLisa salatile kuskuss ja kaste ning sega \u00fchtlaseks.<\/p>\n<p>&nbsp;<\/p>\n","protected":false},"excerpt":{"rendered":"<p>Vaja l\u00e4heb:<\/p>\n<ul>\n<li>200 g t\u00e4istera kuskussi<\/li>\n<li>kaks peot\u00e4it salatilehtede segu<\/li>\n<li>1\/2 paprikat<\/li>\n<li>10 kirsstomatit<\/li>\n<li>pool suvik\u00f5rvitsat<\/li>\n<li>pool purki <a href=\"https:\/\/bio4you.eu\/et\/kaunviljad\/2578-kikerherned-vees-400g.html?search_query=kikerherned&amp;results=7&amp;utm_source=Bioretsept&amp;utm_medium=Retseptireklaam&amp;utm_campaign=Retsept\"><span style=\"color: #99cc00;\">kikerherneid<\/span><\/a><\/li>\n<\/ul>\n<p>Kastme jaoks:<\/p>\n<ul>\n<li>3 tl mahedat sinepit<\/li>\n<li>2 spl <a href=\"https:\/\/bio4you.eu\/et\/olid\/1190-linaoli-250ml-kulmpress-biologicoils.html?search_query=linaseemne&amp;results=19&amp;utm_source=Bioretsept&amp;utm_medium=Retseptireklaam&amp;utm_campaign=Retsept\"><span style=\"color: #99cc00;\">lina\u00f5li<\/span><\/a><\/li>\n<li>1 spl <a href=\"https:\/\/bio4you.eu\/et\/mahlad\/1219-sidrunimahl-250ml-biologicoils.html?search_query=sidrunimahl&amp;results=9&amp;utm_source=Bioretsept&amp;utm_medium=Retseptireklaam&amp;utm_campaign=Retsept\"><span style=\"color: #99cc00;\">sidrunimahla<\/span><\/a><\/li>\n<li>1 spl <a href=\"https:\/\/bio4you.eu\/et\/aadikad-ja-kastmed\/2192-tamari-sojakaste-250ml-biologicoils.html?search_query=sojakaste&amp;results=2&amp;utm_source=Bioretsept&amp;utm_medium=Retseptireklaam&amp;utm_campaign=Retsept\"><span style=\"color: #99cc00;\">sojakastet<\/span><\/a><\/li>\n<li>1 spl <a href=\"https:\/\/bio4you.eu\/et\/seemnevoided-ja-paehklikreemid\/2077-tahini-seesamipasta-350g-jean-herve.html?search_query=tahini&amp;results=3\"><span style=\"color: #99cc00;\">tahinit<\/span><\/a><\/li>\n<\/ul>\n","protected":false},"featured_media":3672,"comment_status":"open","ping_status":"closed","template":"","meta":{"_exactmetrics_skip_tracking":false,"_exactmetrics_sitenote_active":false,"_exactmetrics_sitenote_note":"","_exactmetrics_sitenote_category":0},"product_cat":[59,60,382,383,71,74],"product_tag":[],"class_list":{"0":"post-3671","1":"product","2":"type-product","3":"status-publish","4":"has-post-thumbnail","6":"product_cat-featured","7":"product_cat-toiduretseptid","8":"product_cat-vegan-toiduretseptid","9":"product_cat-taimetoit","10":"product_cat-riisi-ja-teraviljatoidud","11":"product_cat-kastmed-maarded-voided","13":"first","14":"instock","15":"shipping-taxable","16":"product-type-simple"},"yoast_head":"<!-- This site is optimized with the Yoast SEO plugin v23.3 - https:\/\/yoast.com\/wordpress\/plugins\/seo\/ -->\n<title>Kuskussi salat sinepikastmega - bio4you.eu\/retseptid<\/title>\n<meta name=\"robots\" content=\"index, follow, max-snippet:-1, max-image-preview:large, max-video-preview:-1\" \/>\n<link rel=\"canonical\" href=\"https:\/\/bio4you.eu\/retseptid\/toode\/kuskussi-salat-sinepikastmega\/\" \/>\n<meta property=\"og:locale\" content=\"et_EE\" \/>\n<meta property=\"og:type\" content=\"article\" \/>\n<meta property=\"og:title\" content=\"Kuskussi salat sinepikastmega - bio4you.eu\/retseptid\" \/>\n<meta property=\"og:description\" content=\"Vaja l\u00e4heb:   200 g t\u00e4istera kuskussi  kaks peot\u00e4it salatilehtede segu  1\/2 paprikat  10 kirsstomatit  pool suvik\u00f5rvitsat  pool purki kikerherneid  Kastme jaoks:   3 tl mahedat sinepit  2 spl lina\u00f5li  1 spl sidrunimahla  1 spl sojakastet  1 spl tahinit\" \/>\n<meta property=\"og:url\" content=\"https:\/\/bio4you.eu\/retseptid\/toode\/kuskussi-salat-sinepikastmega\/\" \/>\n<meta property=\"og:site_name\" content=\"bio4you.eu\/retseptid\" \/>\n<meta property=\"article:modified_time\" content=\"2025-02-20T12:03:07+00:00\" \/>\n<meta property=\"og:image\" content=\"https:\/\/bio4you.eu\/retseptid\/wp-content\/uploads\/2017\/07\/IMG_6392-scaled.jpg\" \/>\n\t<meta property=\"og:image:width\" content=\"2560\" \/>\n\t<meta property=\"og:image:height\" content=\"1707\" \/>\n\t<meta property=\"og:image:type\" content=\"image\/jpeg\" \/>\n<meta name=\"twitter:label1\" content=\"Est. reading time\" \/>\n\t<meta name=\"twitter:data1\" content=\"1 minut\" \/>\n<script type=\"application\/ld+json\" class=\"yoast-schema-graph\">{\"@context\":\"https:\/\/schema.org\",\"@graph\":[{\"@type\":\"WebPage\",\"@id\":\"https:\/\/bio4you.eu\/retseptid\/toode\/kuskussi-salat-sinepikastmega\/\",\"url\":\"https:\/\/bio4you.eu\/retseptid\/toode\/kuskussi-salat-sinepikastmega\/\",\"name\":\"Kuskussi salat sinepikastmega - bio4you.eu\/retseptid\",\"isPartOf\":{\"@id\":\"https:\/\/bio4you.eu\/retseptid\/#website\"},\"primaryImageOfPage\":{\"@id\":\"https:\/\/bio4you.eu\/retseptid\/toode\/kuskussi-salat-sinepikastmega\/#primaryimage\"},\"image\":{\"@id\":\"https:\/\/bio4you.eu\/retseptid\/toode\/kuskussi-salat-sinepikastmega\/#primaryimage\"},\"thumbnailUrl\":\"https:\/\/bio4you.eu\/retseptid\/wp-content\/uploads\/2017\/07\/IMG_6392-scaled.jpg\",\"datePublished\":\"2017-07-26T08:00:43+00:00\",\"dateModified\":\"2025-02-20T12:03:07+00:00\",\"breadcrumb\":{\"@id\":\"https:\/\/bio4you.eu\/retseptid\/toode\/kuskussi-salat-sinepikastmega\/#breadcrumb\"},\"inLanguage\":\"et\",\"potentialAction\":[{\"@type\":\"ReadAction\",\"target\":[\"https:\/\/bio4you.eu\/retseptid\/toode\/kuskussi-salat-sinepikastmega\/\"]}]},{\"@type\":\"ImageObject\",\"inLanguage\":\"et\",\"@id\":\"https:\/\/bio4you.eu\/retseptid\/toode\/kuskussi-salat-sinepikastmega\/#primaryimage\",\"url\":\"https:\/\/bio4you.eu\/retseptid\/wp-content\/uploads\/2017\/07\/IMG_6392-scaled.jpg\",\"contentUrl\":\"https:\/\/bio4you.eu\/retseptid\/wp-content\/uploads\/2017\/07\/IMG_6392-scaled.jpg\",\"width\":2560,\"height\":1707},{\"@type\":\"BreadcrumbList\",\"@id\":\"https:\/\/bio4you.eu\/retseptid\/toode\/kuskussi-salat-sinepikastmega\/#breadcrumb\",\"itemListElement\":[{\"@type\":\"ListItem\",\"position\":1,\"name\":\"Home\",\"item\":\"https:\/\/bio4you.eu\/retseptid\/\"},{\"@type\":\"ListItem\",\"position\":2,\"name\":\"Kuskussi salat sinepikastmega\"}]},{\"@type\":\"WebSite\",\"@id\":\"https:\/\/bio4you.eu\/retseptid\/#website\",\"url\":\"https:\/\/bio4you.eu\/retseptid\/\",\"name\":\"bio4you.eu\/retseptid\",\"description\":\"\u00d6ko retseptid ise tegemiseks, looduslikest koostisainetest. Maitsev toit, iluhooldus, kodupuhastus ja aiandus.\",\"potentialAction\":[{\"@type\":\"SearchAction\",\"target\":{\"@type\":\"EntryPoint\",\"urlTemplate\":\"https:\/\/bio4you.eu\/retseptid\/?s={search_term_string}\"},\"query-input\":\"required name=search_term_string\"}],\"inLanguage\":\"et\"}]}<\/script>\n<!-- \/ Yoast SEO plugin. -->","yoast_head_json":{"title":"Kuskussi salat sinepikastmega - bio4you.eu\/retseptid","robots":{"index":"index","follow":"follow","max-snippet":"max-snippet:-1","max-image-preview":"max-image-preview:large","max-video-preview":"max-video-preview:-1"},"canonical":"https:\/\/bio4you.eu\/retseptid\/toode\/kuskussi-salat-sinepikastmega\/","og_locale":"et_EE","og_type":"article","og_title":"Kuskussi salat sinepikastmega - bio4you.eu\/retseptid","og_description":"Vaja l\u00e4heb:   200 g t\u00e4istera kuskussi  kaks peot\u00e4it salatilehtede segu  1\/2 paprikat  10 kirsstomatit  pool suvik\u00f5rvitsat  pool purki kikerherneid  Kastme jaoks:   3 tl mahedat sinepit  2 spl lina\u00f5li  1 spl sidrunimahla  1 spl sojakastet  1 spl tahinit","og_url":"https:\/\/bio4you.eu\/retseptid\/toode\/kuskussi-salat-sinepikastmega\/","og_site_name":"bio4you.eu\/retseptid","article_modified_time":"2025-02-20T12:03:07+00:00","og_image":[{"width":2560,"height":1707,"url":"https:\/\/bio4you.eu\/retseptid\/wp-content\/uploads\/2017\/07\/IMG_6392-scaled.jpg","type":"image\/jpeg"}],"twitter_misc":{"Est. reading time":"1 minut"},"schema":{"@context":"https:\/\/schema.org","@graph":[{"@type":"WebPage","@id":"https:\/\/bio4you.eu\/retseptid\/toode\/kuskussi-salat-sinepikastmega\/","url":"https:\/\/bio4you.eu\/retseptid\/toode\/kuskussi-salat-sinepikastmega\/","name":"Kuskussi salat sinepikastmega - bio4you.eu\/retseptid","isPartOf":{"@id":"https:\/\/bio4you.eu\/retseptid\/#website"},"primaryImageOfPage":{"@id":"https:\/\/bio4you.eu\/retseptid\/toode\/kuskussi-salat-sinepikastmega\/#primaryimage"},"image":{"@id":"https:\/\/bio4you.eu\/retseptid\/toode\/kuskussi-salat-sinepikastmega\/#primaryimage"},"thumbnailUrl":"https:\/\/bio4you.eu\/retseptid\/wp-content\/uploads\/2017\/07\/IMG_6392-scaled.jpg","datePublished":"2017-07-26T08:00:43+00:00","dateModified":"2025-02-20T12:03:07+00:00","breadcrumb":{"@id":"https:\/\/bio4you.eu\/retseptid\/toode\/kuskussi-salat-sinepikastmega\/#breadcrumb"},"inLanguage":"et","potentialAction":[{"@type":"ReadAction","target":["https:\/\/bio4you.eu\/retseptid\/toode\/kuskussi-salat-sinepikastmega\/"]}]},{"@type":"ImageObject","inLanguage":"et","@id":"https:\/\/bio4you.eu\/retseptid\/toode\/kuskussi-salat-sinepikastmega\/#primaryimage","url":"https:\/\/bio4you.eu\/retseptid\/wp-content\/uploads\/2017\/07\/IMG_6392-scaled.jpg","contentUrl":"https:\/\/bio4you.eu\/retseptid\/wp-content\/uploads\/2017\/07\/IMG_6392-scaled.jpg","width":2560,"height":1707},{"@type":"BreadcrumbList","@id":"https:\/\/bio4you.eu\/retseptid\/toode\/kuskussi-salat-sinepikastmega\/#breadcrumb","itemListElement":[{"@type":"ListItem","position":1,"name":"Home","item":"https:\/\/bio4you.eu\/retseptid\/"},{"@type":"ListItem","position":2,"name":"Kuskussi salat sinepikastmega"}]},{"@type":"WebSite","@id":"https:\/\/bio4you.eu\/retseptid\/#website","url":"https:\/\/bio4you.eu\/retseptid\/","name":"bio4you.eu\/retseptid","description":"\u00d6ko retseptid ise tegemiseks, looduslikest koostisainetest. Maitsev toit, iluhooldus, kodupuhastus ja aiandus.","potentialAction":[{"@type":"SearchAction","target":{"@type":"EntryPoint","urlTemplate":"https:\/\/bio4you.eu\/retseptid\/?s={search_term_string}"},"query-input":"required name=search_term_string"}],"inLanguage":"et"}]}},"_links":{"self":[{"href":"https:\/\/bio4you.eu\/retseptid\/wp-json\/wp\/v2\/product\/3671"}],"collection":[{"href":"https:\/\/bio4you.eu\/retseptid\/wp-json\/wp\/v2\/product"}],"about":[{"href":"https:\/\/bio4you.eu\/retseptid\/wp-json\/wp\/v2\/types\/product"}],"replies":[{"embeddable":true,"href":"https:\/\/bio4you.eu\/retseptid\/wp-json\/wp\/v2\/comments?post=3671"}],"wp:featuredmedia":[{"embeddable":true,"href":"https:\/\/bio4you.eu\/retseptid\/wp-json\/wp\/v2\/media\/3672"}],"wp:attachment":[{"href":"https:\/\/bio4you.eu\/retseptid\/wp-json\/wp\/v2\/media?parent=3671"}],"wp:term":[{"taxonomy":"product_cat","embeddable":true,"href":"https:\/\/bio4you.eu\/retseptid\/wp-json\/wp\/v2\/product_cat?post=3671"},{"taxonomy":"product_tag","embeddable":true,"href":"https:\/\/bio4you.eu\/retseptid\/wp-json\/wp\/v2\/product_tag?post=3671"}],"curies":[{"name":"wp","href":"https:\/\/api.w.org\/{rel}","templated":true}]}}