{"id":3689,"date":"2017-08-09T16:01:15","date_gmt":"2017-08-09T13:01:15","guid":{"rendered":"https:\/\/bio4you.eu\/retseptid\/?post_type=product&#038;p=3689"},"modified":"2022-05-12T14:42:20","modified_gmt":"2022-05-12T11:42:20","slug":"banaani-maasika-smuuti-herne-proteiiniga","status":"publish","type":"product","link":"https:\/\/bio4you.eu\/retseptid\/toode\/banaani-maasika-smuuti-herne-proteiiniga\/","title":{"rendered":"Banaani-maasika smuuti herneproteiiniga"},"content":{"rendered":"<p>Valmistamine:<br \/>\nBlenderda k\u00f5ik koostisained \u00fchtlaseks smuutiks ning kaunista v\u00e4rske piparm\u00fcndilehega. Naudi koheselt!<\/p>\n<p>Retsept ja foto:\u00a0<a href=\"https:\/\/lauriinake.blogspot.com.ee\/2017\/08\/nutrisslim-and-smoothies.html\"><span style=\"color: #99cc00;\">Lauriina<\/span><\/a><\/p>\n","protected":false},"excerpt":{"rendered":"<p>Vaja l\u00e4heb:<\/p>\n<ul>\n<li>1 banaan<\/li>\n<li>peot\u00e4is maasikaid<\/li>\n<li>2 spl mustikaid<\/li>\n<li>paar lehte\u00a0v\u00e4rsket piparm\u00fcnti<\/li>\n<li>klaas<span style=\"color: #99cc00;\">\u00a0t<\/span><a href=\"http:\/\/bio4you.eu\/et\/124-taimsed-piimad-ja-koored?utm_source=bioretsept&amp;utm_medium=Retseptireklaam&amp;utm_campaign=Retsept\"><span style=\"color: #99cc00;\">aimset piima<\/span><\/a><\/li>\n<li>1 tl <a href=\"https:\/\/bio4you.eu\/et\/sport-ja-fitness\/1928-herne-proteiinipulber-250g-nutrisslim.html?search_query=herne&amp;results=34&amp;utm_source=Bioretsept&amp;utm_medium=Retseptireklaam&amp;utm_campaign=Retsept\"><span style=\"color: #99cc00;\">herne proteiinipulbrit<\/span><\/a><\/li>\n<\/ul>\n","protected":false},"featured_media":3691,"comment_status":"open","ping_status":"closed","template":"","meta":{"_exactmetrics_skip_tracking":false,"_exactmetrics_sitenote_active":false,"_exactmetrics_sitenote_note":"","_exactmetrics_sitenote_category":0},"product_cat":[59,60,382,383,376,77],"product_tag":[],"class_list":{"0":"post-3689","1":"product","2":"type-product","3":"status-publish","4":"has-post-thumbnail","6":"product_cat-featured","7":"product_cat-toiduretseptid","8":"product_cat-vegan-toiduretseptid","9":"product_cat-taimetoit","10":"product_cat-smuutid","11":"product_cat-toortoit","13":"first","14":"instock","15":"shipping-taxable","16":"product-type-simple"},"yoast_head":"<!-- This site is optimized with the Yoast SEO plugin v23.3 - https:\/\/yoast.com\/wordpress\/plugins\/seo\/ -->\n<title>Banaani-maasika smuuti herneproteiiniga - bio4you.eu\/retseptid<\/title>\n<meta name=\"robots\" content=\"index, follow, max-snippet:-1, max-image-preview:large, max-video-preview:-1\" \/>\n<link rel=\"canonical\" href=\"https:\/\/bio4you.eu\/retseptid\/toode\/banaani-maasika-smuuti-herne-proteiiniga\/\" \/>\n<meta property=\"og:locale\" content=\"et_EE\" \/>\n<meta property=\"og:type\" content=\"article\" \/>\n<meta property=\"og:title\" content=\"Banaani-maasika smuuti herneproteiiniga - bio4you.eu\/retseptid\" \/>\n<meta property=\"og:description\" content=\"Vaja l\u00e4heb:   1 banaan  peot\u00e4is maasikaid  2 spl mustikaid  paar lehte\u00a0v\u00e4rsket piparm\u00fcnti  klaas\u00a0taimset piima  1 tl herne proteiinipulbrit\" \/>\n<meta property=\"og:url\" content=\"https:\/\/bio4you.eu\/retseptid\/toode\/banaani-maasika-smuuti-herne-proteiiniga\/\" \/>\n<meta property=\"og:site_name\" content=\"bio4you.eu\/retseptid\" \/>\n<meta property=\"article:modified_time\" content=\"2022-05-12T11:42:20+00:00\" \/>\n<meta property=\"og:image\" content=\"https:\/\/bio4you.eu\/retseptid\/wp-content\/uploads\/2017\/08\/IMG_2103.jpg\" \/>\n\t<meta property=\"og:image:width\" content=\"850\" \/>\n\t<meta property=\"og:image:height\" content=\"1275\" \/>\n\t<meta property=\"og:image:type\" content=\"image\/jpeg\" \/>\n<meta name=\"twitter:label1\" content=\"Est. reading time\" \/>\n\t<meta name=\"twitter:data1\" content=\"1 minut\" \/>\n<script type=\"application\/ld+json\" class=\"yoast-schema-graph\">{\"@context\":\"https:\/\/schema.org\",\"@graph\":[{\"@type\":\"WebPage\",\"@id\":\"https:\/\/bio4you.eu\/retseptid\/toode\/banaani-maasika-smuuti-herne-proteiiniga\/\",\"url\":\"https:\/\/bio4you.eu\/retseptid\/toode\/banaani-maasika-smuuti-herne-proteiiniga\/\",\"name\":\"Banaani-maasika smuuti herneproteiiniga - bio4you.eu\/retseptid\",\"isPartOf\":{\"@id\":\"https:\/\/bio4you.eu\/retseptid\/#website\"},\"primaryImageOfPage\":{\"@id\":\"https:\/\/bio4you.eu\/retseptid\/toode\/banaani-maasika-smuuti-herne-proteiiniga\/#primaryimage\"},\"image\":{\"@id\":\"https:\/\/bio4you.eu\/retseptid\/toode\/banaani-maasika-smuuti-herne-proteiiniga\/#primaryimage\"},\"thumbnailUrl\":\"https:\/\/bio4you.eu\/retseptid\/wp-content\/uploads\/2017\/08\/IMG_2103.jpg\",\"datePublished\":\"2017-08-09T13:01:15+00:00\",\"dateModified\":\"2022-05-12T11:42:20+00:00\",\"breadcrumb\":{\"@id\":\"https:\/\/bio4you.eu\/retseptid\/toode\/banaani-maasika-smuuti-herne-proteiiniga\/#breadcrumb\"},\"inLanguage\":\"et\",\"potentialAction\":[{\"@type\":\"ReadAction\",\"target\":[\"https:\/\/bio4you.eu\/retseptid\/toode\/banaani-maasika-smuuti-herne-proteiiniga\/\"]}]},{\"@type\":\"ImageObject\",\"inLanguage\":\"et\",\"@id\":\"https:\/\/bio4you.eu\/retseptid\/toode\/banaani-maasika-smuuti-herne-proteiiniga\/#primaryimage\",\"url\":\"https:\/\/bio4you.eu\/retseptid\/wp-content\/uploads\/2017\/08\/IMG_2103.jpg\",\"contentUrl\":\"https:\/\/bio4you.eu\/retseptid\/wp-content\/uploads\/2017\/08\/IMG_2103.jpg\",\"width\":850,\"height\":1275},{\"@type\":\"BreadcrumbList\",\"@id\":\"https:\/\/bio4you.eu\/retseptid\/toode\/banaani-maasika-smuuti-herne-proteiiniga\/#breadcrumb\",\"itemListElement\":[{\"@type\":\"ListItem\",\"position\":1,\"name\":\"Home\",\"item\":\"https:\/\/bio4you.eu\/retseptid\/\"},{\"@type\":\"ListItem\",\"position\":2,\"name\":\"Banaani-maasika smuuti herneproteiiniga\"}]},{\"@type\":\"WebSite\",\"@id\":\"https:\/\/bio4you.eu\/retseptid\/#website\",\"url\":\"https:\/\/bio4you.eu\/retseptid\/\",\"name\":\"bio4you.eu\/retseptid\",\"description\":\"\u00d6ko retseptid ise tegemiseks, looduslikest koostisainetest. Maitsev toit, iluhooldus, kodupuhastus ja aiandus.\",\"potentialAction\":[{\"@type\":\"SearchAction\",\"target\":{\"@type\":\"EntryPoint\",\"urlTemplate\":\"https:\/\/bio4you.eu\/retseptid\/?s={search_term_string}\"},\"query-input\":\"required name=search_term_string\"}],\"inLanguage\":\"et\"}]}<\/script>\n<!-- \/ Yoast SEO plugin. -->","yoast_head_json":{"title":"Banaani-maasika smuuti herneproteiiniga - bio4you.eu\/retseptid","robots":{"index":"index","follow":"follow","max-snippet":"max-snippet:-1","max-image-preview":"max-image-preview:large","max-video-preview":"max-video-preview:-1"},"canonical":"https:\/\/bio4you.eu\/retseptid\/toode\/banaani-maasika-smuuti-herne-proteiiniga\/","og_locale":"et_EE","og_type":"article","og_title":"Banaani-maasika smuuti herneproteiiniga - bio4you.eu\/retseptid","og_description":"Vaja l\u00e4heb:   1 banaan  peot\u00e4is maasikaid  2 spl mustikaid  paar lehte\u00a0v\u00e4rsket piparm\u00fcnti  klaas\u00a0taimset piima  1 tl herne proteiinipulbrit","og_url":"https:\/\/bio4you.eu\/retseptid\/toode\/banaani-maasika-smuuti-herne-proteiiniga\/","og_site_name":"bio4you.eu\/retseptid","article_modified_time":"2022-05-12T11:42:20+00:00","og_image":[{"width":850,"height":1275,"url":"https:\/\/bio4you.eu\/retseptid\/wp-content\/uploads\/2017\/08\/IMG_2103.jpg","type":"image\/jpeg"}],"twitter_misc":{"Est. reading time":"1 minut"},"schema":{"@context":"https:\/\/schema.org","@graph":[{"@type":"WebPage","@id":"https:\/\/bio4you.eu\/retseptid\/toode\/banaani-maasika-smuuti-herne-proteiiniga\/","url":"https:\/\/bio4you.eu\/retseptid\/toode\/banaani-maasika-smuuti-herne-proteiiniga\/","name":"Banaani-maasika smuuti herneproteiiniga - bio4you.eu\/retseptid","isPartOf":{"@id":"https:\/\/bio4you.eu\/retseptid\/#website"},"primaryImageOfPage":{"@id":"https:\/\/bio4you.eu\/retseptid\/toode\/banaani-maasika-smuuti-herne-proteiiniga\/#primaryimage"},"image":{"@id":"https:\/\/bio4you.eu\/retseptid\/toode\/banaani-maasika-smuuti-herne-proteiiniga\/#primaryimage"},"thumbnailUrl":"https:\/\/bio4you.eu\/retseptid\/wp-content\/uploads\/2017\/08\/IMG_2103.jpg","datePublished":"2017-08-09T13:01:15+00:00","dateModified":"2022-05-12T11:42:20+00:00","breadcrumb":{"@id":"https:\/\/bio4you.eu\/retseptid\/toode\/banaani-maasika-smuuti-herne-proteiiniga\/#breadcrumb"},"inLanguage":"et","potentialAction":[{"@type":"ReadAction","target":["https:\/\/bio4you.eu\/retseptid\/toode\/banaani-maasika-smuuti-herne-proteiiniga\/"]}]},{"@type":"ImageObject","inLanguage":"et","@id":"https:\/\/bio4you.eu\/retseptid\/toode\/banaani-maasika-smuuti-herne-proteiiniga\/#primaryimage","url":"https:\/\/bio4you.eu\/retseptid\/wp-content\/uploads\/2017\/08\/IMG_2103.jpg","contentUrl":"https:\/\/bio4you.eu\/retseptid\/wp-content\/uploads\/2017\/08\/IMG_2103.jpg","width":850,"height":1275},{"@type":"BreadcrumbList","@id":"https:\/\/bio4you.eu\/retseptid\/toode\/banaani-maasika-smuuti-herne-proteiiniga\/#breadcrumb","itemListElement":[{"@type":"ListItem","position":1,"name":"Home","item":"https:\/\/bio4you.eu\/retseptid\/"},{"@type":"ListItem","position":2,"name":"Banaani-maasika smuuti herneproteiiniga"}]},{"@type":"WebSite","@id":"https:\/\/bio4you.eu\/retseptid\/#website","url":"https:\/\/bio4you.eu\/retseptid\/","name":"bio4you.eu\/retseptid","description":"\u00d6ko retseptid ise tegemiseks, looduslikest koostisainetest. Maitsev toit, iluhooldus, kodupuhastus ja aiandus.","potentialAction":[{"@type":"SearchAction","target":{"@type":"EntryPoint","urlTemplate":"https:\/\/bio4you.eu\/retseptid\/?s={search_term_string}"},"query-input":"required name=search_term_string"}],"inLanguage":"et"}]}},"_links":{"self":[{"href":"https:\/\/bio4you.eu\/retseptid\/wp-json\/wp\/v2\/product\/3689"}],"collection":[{"href":"https:\/\/bio4you.eu\/retseptid\/wp-json\/wp\/v2\/product"}],"about":[{"href":"https:\/\/bio4you.eu\/retseptid\/wp-json\/wp\/v2\/types\/product"}],"replies":[{"embeddable":true,"href":"https:\/\/bio4you.eu\/retseptid\/wp-json\/wp\/v2\/comments?post=3689"}],"wp:featuredmedia":[{"embeddable":true,"href":"https:\/\/bio4you.eu\/retseptid\/wp-json\/wp\/v2\/media\/3691"}],"wp:attachment":[{"href":"https:\/\/bio4you.eu\/retseptid\/wp-json\/wp\/v2\/media?parent=3689"}],"wp:term":[{"taxonomy":"product_cat","embeddable":true,"href":"https:\/\/bio4you.eu\/retseptid\/wp-json\/wp\/v2\/product_cat?post=3689"},{"taxonomy":"product_tag","embeddable":true,"href":"https:\/\/bio4you.eu\/retseptid\/wp-json\/wp\/v2\/product_tag?post=3689"}],"curies":[{"name":"wp","href":"https:\/\/api.w.org\/{rel}","templated":true}]}}