{"id":3697,"date":"2017-08-16T09:52:11","date_gmt":"2017-08-16T06:52:11","guid":{"rendered":"https:\/\/bio4you.eu\/retseptid\/?post_type=product&#038;p=3697"},"modified":"2017-08-16T10:09:30","modified_gmt":"2017-08-16T07:09:30","slug":"sheavoi-kehakreem","status":"publish","type":"product","link":"https:\/\/bio4you.eu\/retseptid\/toode\/sheavoi-kehakreem\/","title":{"rendered":"Vahustatud kehakreem"},"content":{"rendered":"<p>Sulata veevannil sheav\u00f5i ja oliivi\u00f5li. Kui k\u00f5ik sheav\u00f5i t\u00fckid on lahustunud, siis aseta need k\u00fclmkappi umbes 10 minutiks tahenema. J\u00e4lgi, et \u00f5lid ei muutuks uuesti t\u00e4iesti tahkeks, vaid kergelt valgeks ja pehmeks.<\/p>\n<p>N\u00fc\u00fcd vahusta miksriga kuni saad koheva vahukoore sarnase tekstuuri. Kui mikserdad liiga kaua, siis v\u00f5ivad soojuse t\u00f5ttu \u00f5lid j\u00e4lle sulada. N\u00fc\u00fcd lisa veel juurde meeldivat eeterlikku \u00f5li ning mikserda veel natukene. Hea on kasutada n\u00e4iteks sidrunheina, lavendli v\u00f5i apelsini eeterlikku \u00f5li.<\/p>\n<p><span style=\"color: #99cc00;\"><a style=\"color: #99cc00;\" href=\"https:\/\/bio4you.eu\/et\/kehavoided\/223-sheavoi-150ml-naturado.html?search_query=sheavoi&amp;results=116\">100% puhas rafineerimata sheav\u00f5i<\/a><\/span>\u00a0sisaldab vitamiine A, E ja F ning rasvhappeid. Sellel on p\u00f5letikku leevandavad, s\u00fcgavapuhastavad omadused. Sheav\u00f5id on soovitatav kasutada kui on kuiv nahk (n\u00e4o, keha, pea), nahal\u00f6\u00f6bed (ka m\u00e4hkmel\u00f6\u00f6ve), p\u00e4ikesep\u00f5letus, vistrikud, kortsud, marrastused, v\u00e4ikesed haavad, kuiv k\u00fc\u00fcnarnukkide- ja kannanahk, venitusarmid, ekseem, dermatiit, akne, armid, tuhmid ja elutud juuksed.<\/p>\n","protected":false},"excerpt":{"rendered":"<p>Vaja l\u00e4heb:<\/p>\n<ul>\n<li>1 dl <a href=\"https:\/\/bio4you.eu\/et\/kehavoided\/428-sheavoi-75ml-naturado.html?search_query=sheavoi&amp;results=116&amp;utm_source=Bioretsept&amp;utm_medium=Retseptireklaam&amp;utm_campaign=Retsept\"><span style=\"color: #99cc00;\">sheav\u00f5id<\/span><\/a><\/li>\n<li>2 spl <a href=\"https:\/\/bio4you.eu\/et\/olid\/2245-itaalia-filtreerimata-oliivioli-500ml-kulmpress-corvino.html?search_query=oliivioli&amp;results=108&amp;utm_source=Bioretsept&amp;utm_medium=Retseptireklaam&amp;utm_campaign=Retsept\"><span style=\"color: #99cc00;\">oliivi\u00f5li<\/span><\/a><\/li>\n<li>5-10 tilka <a href=\"https:\/\/bio4you.eu\/et\/search?controller=search&amp;orderby=position&amp;orderway=desc&amp;search_query=eeterlik+\u00f5li&amp;submit_search=&amp;utm_source=Bioretsept&amp;utm_medium=Retseptireklaam&amp;utm_campaign=Retsept\"><span style=\"color: #99cc00;\">meeldivat eeterlikku \u00f5li\u00a0<\/span><\/a><\/li>\n<\/ul>\n","protected":false},"featured_media":3701,"comment_status":"open","ping_status":"closed","template":"","meta":{"_exactmetrics_skip_tracking":false,"_exactmetrics_sitenote_active":false,"_exactmetrics_sitenote_note":"","_exactmetrics_sitenote_category":0},"product_cat":[61,85],"product_tag":[],"class_list":{"0":"post-3697","1":"product","2":"type-product","3":"status-publish","4":"has-post-thumbnail","6":"product_cat-ilu-retseptid","7":"product_cat-kehahooldus","9":"first","10":"instock","11":"shipping-taxable","12":"product-type-simple"},"yoast_head":"<!-- This site is optimized with the Yoast SEO plugin v23.3 - https:\/\/yoast.com\/wordpress\/plugins\/seo\/ -->\n<title>Vahustatud kehakreem - bio4you.eu\/retseptid<\/title>\n<meta name=\"robots\" content=\"index, follow, max-snippet:-1, max-image-preview:large, max-video-preview:-1\" \/>\n<link rel=\"canonical\" href=\"https:\/\/bio4you.eu\/retseptid\/toode\/sheavoi-kehakreem\/\" \/>\n<meta property=\"og:locale\" content=\"et_EE\" \/>\n<meta property=\"og:type\" content=\"article\" \/>\n<meta property=\"og:title\" content=\"Vahustatud kehakreem - bio4you.eu\/retseptid\" \/>\n<meta property=\"og:description\" content=\"Vaja l\u00e4heb:   1 dl sheav\u00f5id  2 spl oliivi\u00f5li  5-10 tilka meeldivat eeterlikku \u00f5li\u00a0\" \/>\n<meta property=\"og:url\" content=\"https:\/\/bio4you.eu\/retseptid\/toode\/sheavoi-kehakreem\/\" \/>\n<meta property=\"og:site_name\" content=\"bio4you.eu\/retseptid\" \/>\n<meta property=\"article:modified_time\" content=\"2017-08-16T07:09:30+00:00\" \/>\n<meta property=\"og:image\" content=\"https:\/\/bio4you.eu\/retseptid\/wp-content\/uploads\/2017\/08\/IMG_6459-scaled.jpg\" \/>\n\t<meta property=\"og:image:width\" content=\"2560\" \/>\n\t<meta property=\"og:image:height\" content=\"1707\" \/>\n\t<meta property=\"og:image:type\" content=\"image\/jpeg\" \/>\n<meta name=\"twitter:label1\" content=\"Est. reading time\" \/>\n\t<meta name=\"twitter:data1\" content=\"1 minut\" \/>\n<script type=\"application\/ld+json\" class=\"yoast-schema-graph\">{\"@context\":\"https:\/\/schema.org\",\"@graph\":[{\"@type\":\"WebPage\",\"@id\":\"https:\/\/bio4you.eu\/retseptid\/toode\/sheavoi-kehakreem\/\",\"url\":\"https:\/\/bio4you.eu\/retseptid\/toode\/sheavoi-kehakreem\/\",\"name\":\"Vahustatud kehakreem - bio4you.eu\/retseptid\",\"isPartOf\":{\"@id\":\"https:\/\/bio4you.eu\/retseptid\/#website\"},\"primaryImageOfPage\":{\"@id\":\"https:\/\/bio4you.eu\/retseptid\/toode\/sheavoi-kehakreem\/#primaryimage\"},\"image\":{\"@id\":\"https:\/\/bio4you.eu\/retseptid\/toode\/sheavoi-kehakreem\/#primaryimage\"},\"thumbnailUrl\":\"https:\/\/bio4you.eu\/retseptid\/wp-content\/uploads\/2017\/08\/IMG_6459-scaled.jpg\",\"datePublished\":\"2017-08-16T06:52:11+00:00\",\"dateModified\":\"2017-08-16T07:09:30+00:00\",\"breadcrumb\":{\"@id\":\"https:\/\/bio4you.eu\/retseptid\/toode\/sheavoi-kehakreem\/#breadcrumb\"},\"inLanguage\":\"et\",\"potentialAction\":[{\"@type\":\"ReadAction\",\"target\":[\"https:\/\/bio4you.eu\/retseptid\/toode\/sheavoi-kehakreem\/\"]}]},{\"@type\":\"ImageObject\",\"inLanguage\":\"et\",\"@id\":\"https:\/\/bio4you.eu\/retseptid\/toode\/sheavoi-kehakreem\/#primaryimage\",\"url\":\"https:\/\/bio4you.eu\/retseptid\/wp-content\/uploads\/2017\/08\/IMG_6459-scaled.jpg\",\"contentUrl\":\"https:\/\/bio4you.eu\/retseptid\/wp-content\/uploads\/2017\/08\/IMG_6459-scaled.jpg\",\"width\":2560,\"height\":1707},{\"@type\":\"BreadcrumbList\",\"@id\":\"https:\/\/bio4you.eu\/retseptid\/toode\/sheavoi-kehakreem\/#breadcrumb\",\"itemListElement\":[{\"@type\":\"ListItem\",\"position\":1,\"name\":\"Home\",\"item\":\"https:\/\/bio4you.eu\/retseptid\/\"},{\"@type\":\"ListItem\",\"position\":2,\"name\":\"Vahustatud kehakreem\"}]},{\"@type\":\"WebSite\",\"@id\":\"https:\/\/bio4you.eu\/retseptid\/#website\",\"url\":\"https:\/\/bio4you.eu\/retseptid\/\",\"name\":\"bio4you.eu\/retseptid\",\"description\":\"\u00d6ko retseptid ise tegemiseks, looduslikest koostisainetest. Maitsev toit, iluhooldus, kodupuhastus ja aiandus.\",\"potentialAction\":[{\"@type\":\"SearchAction\",\"target\":{\"@type\":\"EntryPoint\",\"urlTemplate\":\"https:\/\/bio4you.eu\/retseptid\/?s={search_term_string}\"},\"query-input\":\"required name=search_term_string\"}],\"inLanguage\":\"et\"}]}<\/script>\n<!-- \/ Yoast SEO plugin. -->","yoast_head_json":{"title":"Vahustatud kehakreem - bio4you.eu\/retseptid","robots":{"index":"index","follow":"follow","max-snippet":"max-snippet:-1","max-image-preview":"max-image-preview:large","max-video-preview":"max-video-preview:-1"},"canonical":"https:\/\/bio4you.eu\/retseptid\/toode\/sheavoi-kehakreem\/","og_locale":"et_EE","og_type":"article","og_title":"Vahustatud kehakreem - bio4you.eu\/retseptid","og_description":"Vaja l\u00e4heb:   1 dl sheav\u00f5id  2 spl oliivi\u00f5li  5-10 tilka meeldivat eeterlikku \u00f5li\u00a0","og_url":"https:\/\/bio4you.eu\/retseptid\/toode\/sheavoi-kehakreem\/","og_site_name":"bio4you.eu\/retseptid","article_modified_time":"2017-08-16T07:09:30+00:00","og_image":[{"width":2560,"height":1707,"url":"https:\/\/bio4you.eu\/retseptid\/wp-content\/uploads\/2017\/08\/IMG_6459-scaled.jpg","type":"image\/jpeg"}],"twitter_misc":{"Est. reading time":"1 minut"},"schema":{"@context":"https:\/\/schema.org","@graph":[{"@type":"WebPage","@id":"https:\/\/bio4you.eu\/retseptid\/toode\/sheavoi-kehakreem\/","url":"https:\/\/bio4you.eu\/retseptid\/toode\/sheavoi-kehakreem\/","name":"Vahustatud kehakreem - bio4you.eu\/retseptid","isPartOf":{"@id":"https:\/\/bio4you.eu\/retseptid\/#website"},"primaryImageOfPage":{"@id":"https:\/\/bio4you.eu\/retseptid\/toode\/sheavoi-kehakreem\/#primaryimage"},"image":{"@id":"https:\/\/bio4you.eu\/retseptid\/toode\/sheavoi-kehakreem\/#primaryimage"},"thumbnailUrl":"https:\/\/bio4you.eu\/retseptid\/wp-content\/uploads\/2017\/08\/IMG_6459-scaled.jpg","datePublished":"2017-08-16T06:52:11+00:00","dateModified":"2017-08-16T07:09:30+00:00","breadcrumb":{"@id":"https:\/\/bio4you.eu\/retseptid\/toode\/sheavoi-kehakreem\/#breadcrumb"},"inLanguage":"et","potentialAction":[{"@type":"ReadAction","target":["https:\/\/bio4you.eu\/retseptid\/toode\/sheavoi-kehakreem\/"]}]},{"@type":"ImageObject","inLanguage":"et","@id":"https:\/\/bio4you.eu\/retseptid\/toode\/sheavoi-kehakreem\/#primaryimage","url":"https:\/\/bio4you.eu\/retseptid\/wp-content\/uploads\/2017\/08\/IMG_6459-scaled.jpg","contentUrl":"https:\/\/bio4you.eu\/retseptid\/wp-content\/uploads\/2017\/08\/IMG_6459-scaled.jpg","width":2560,"height":1707},{"@type":"BreadcrumbList","@id":"https:\/\/bio4you.eu\/retseptid\/toode\/sheavoi-kehakreem\/#breadcrumb","itemListElement":[{"@type":"ListItem","position":1,"name":"Home","item":"https:\/\/bio4you.eu\/retseptid\/"},{"@type":"ListItem","position":2,"name":"Vahustatud kehakreem"}]},{"@type":"WebSite","@id":"https:\/\/bio4you.eu\/retseptid\/#website","url":"https:\/\/bio4you.eu\/retseptid\/","name":"bio4you.eu\/retseptid","description":"\u00d6ko retseptid ise tegemiseks, looduslikest koostisainetest. Maitsev toit, iluhooldus, kodupuhastus ja aiandus.","potentialAction":[{"@type":"SearchAction","target":{"@type":"EntryPoint","urlTemplate":"https:\/\/bio4you.eu\/retseptid\/?s={search_term_string}"},"query-input":"required name=search_term_string"}],"inLanguage":"et"}]}},"_links":{"self":[{"href":"https:\/\/bio4you.eu\/retseptid\/wp-json\/wp\/v2\/product\/3697"}],"collection":[{"href":"https:\/\/bio4you.eu\/retseptid\/wp-json\/wp\/v2\/product"}],"about":[{"href":"https:\/\/bio4you.eu\/retseptid\/wp-json\/wp\/v2\/types\/product"}],"replies":[{"embeddable":true,"href":"https:\/\/bio4you.eu\/retseptid\/wp-json\/wp\/v2\/comments?post=3697"}],"wp:featuredmedia":[{"embeddable":true,"href":"https:\/\/bio4you.eu\/retseptid\/wp-json\/wp\/v2\/media\/3701"}],"wp:attachment":[{"href":"https:\/\/bio4you.eu\/retseptid\/wp-json\/wp\/v2\/media?parent=3697"}],"wp:term":[{"taxonomy":"product_cat","embeddable":true,"href":"https:\/\/bio4you.eu\/retseptid\/wp-json\/wp\/v2\/product_cat?post=3697"},{"taxonomy":"product_tag","embeddable":true,"href":"https:\/\/bio4you.eu\/retseptid\/wp-json\/wp\/v2\/product_tag?post=3697"}],"curies":[{"name":"wp","href":"https:\/\/api.w.org\/{rel}","templated":true}]}}