{"id":3703,"date":"2017-08-23T15:26:51","date_gmt":"2017-08-23T12:26:51","guid":{"rendered":"https:\/\/bio4you.eu\/retseptid\/?post_type=product&#038;p=3703"},"modified":"2017-08-23T15:26:51","modified_gmt":"2017-08-23T12:26:51","slug":"datlimoos","status":"publish","type":"product","link":"https:\/\/bio4you.eu\/retseptid\/toode\/datlimoos\/","title":{"rendered":"Datlimoos"},"content":{"rendered":"<p>Datlimoos sisaldab vaid kahte koostisainet- datleid ja vett. Maitselt meenutab see magusat karamelli.<\/p>\n<p>Valmistamine:<\/p>\n<p>Pane datlid paariks tunniks sooja vette ligunema.\u00a0\u00a0Vett tuleks panna t\u00e4pselt nii palju, et datlid oleksid kaetud.\u00a0Kui tunned, et datlid on juba pehmed ja vesi kergelt pruunikas, v\u00f5ta saumikser ja p\u00fcreesta kuni saad \u00fchtlase moosi. S\u00e4ilita k\u00fclmkapis.<\/p>\n<p>Kasuta seda n\u00e4iteks pannkookidel v\u00f5i erinevates taignates magustamiseks.<\/p>\n","protected":false},"excerpt":{"rendered":"<p>Vaja l\u00e4heb:<\/p>\n<ul>\n<li>Peot\u00e4is kuivatatud, kivideta datleid<\/li>\n<li>Sooja vett<\/li>\n<\/ul>\n","protected":false},"featured_media":3705,"comment_status":"open","ping_status":"closed","template":"","meta":{"_exactmetrics_skip_tracking":false,"_exactmetrics_sitenote_active":false,"_exactmetrics_sitenote_note":"","_exactmetrics_sitenote_category":0},"product_cat":[382,63,383,280,365,74,77],"product_tag":[],"class_list":{"0":"post-3703","1":"product","2":"type-product","3":"status-publish","4":"has-post-thumbnail","6":"product_cat-vegan-toiduretseptid","7":"product_cat-gluteenivabad-retseptid","8":"product_cat-taimetoit","9":"product_cat-koogid-ja-kupsised","10":"product_cat-laste-lemmikud","11":"product_cat-kastmed-maarded-voided","12":"product_cat-toortoit","14":"first","15":"instock","16":"shipping-taxable","17":"product-type-simple"},"yoast_head":"<!-- This site is optimized with the Yoast SEO plugin v23.3 - https:\/\/yoast.com\/wordpress\/plugins\/seo\/ -->\n<title>Datlimoos - bio4you.eu\/retseptid<\/title>\n<meta name=\"robots\" content=\"index, follow, max-snippet:-1, max-image-preview:large, max-video-preview:-1\" \/>\n<link rel=\"canonical\" href=\"https:\/\/bio4you.eu\/retseptid\/toode\/datlimoos\/\" \/>\n<meta property=\"og:locale\" content=\"et_EE\" \/>\n<meta property=\"og:type\" content=\"article\" \/>\n<meta property=\"og:title\" content=\"Datlimoos - bio4you.eu\/retseptid\" \/>\n<meta property=\"og:description\" content=\"Vaja l\u00e4heb:   Peot\u00e4is kuivatatud, kivideta datleid  Sooja vett\" \/>\n<meta property=\"og:url\" content=\"https:\/\/bio4you.eu\/retseptid\/toode\/datlimoos\/\" \/>\n<meta property=\"og:site_name\" content=\"bio4you.eu\/retseptid\" \/>\n<meta property=\"og:image\" content=\"https:\/\/bio4you.eu\/retseptid\/wp-content\/uploads\/2017\/08\/image1.jpg\" \/>\n\t<meta property=\"og:image:width\" content=\"640\" \/>\n\t<meta property=\"og:image:height\" content=\"418\" \/>\n\t<meta property=\"og:image:type\" content=\"image\/jpeg\" \/>\n<script type=\"application\/ld+json\" class=\"yoast-schema-graph\">{\"@context\":\"https:\/\/schema.org\",\"@graph\":[{\"@type\":\"WebPage\",\"@id\":\"https:\/\/bio4you.eu\/retseptid\/toode\/datlimoos\/\",\"url\":\"https:\/\/bio4you.eu\/retseptid\/toode\/datlimoos\/\",\"name\":\"Datlimoos - bio4you.eu\/retseptid\",\"isPartOf\":{\"@id\":\"https:\/\/bio4you.eu\/retseptid\/#website\"},\"primaryImageOfPage\":{\"@id\":\"https:\/\/bio4you.eu\/retseptid\/toode\/datlimoos\/#primaryimage\"},\"image\":{\"@id\":\"https:\/\/bio4you.eu\/retseptid\/toode\/datlimoos\/#primaryimage\"},\"thumbnailUrl\":\"https:\/\/bio4you.eu\/retseptid\/wp-content\/uploads\/2017\/08\/image1.jpg\",\"datePublished\":\"2017-08-23T12:26:51+00:00\",\"dateModified\":\"2017-08-23T12:26:51+00:00\",\"breadcrumb\":{\"@id\":\"https:\/\/bio4you.eu\/retseptid\/toode\/datlimoos\/#breadcrumb\"},\"inLanguage\":\"et\",\"potentialAction\":[{\"@type\":\"ReadAction\",\"target\":[\"https:\/\/bio4you.eu\/retseptid\/toode\/datlimoos\/\"]}]},{\"@type\":\"ImageObject\",\"inLanguage\":\"et\",\"@id\":\"https:\/\/bio4you.eu\/retseptid\/toode\/datlimoos\/#primaryimage\",\"url\":\"https:\/\/bio4you.eu\/retseptid\/wp-content\/uploads\/2017\/08\/image1.jpg\",\"contentUrl\":\"https:\/\/bio4you.eu\/retseptid\/wp-content\/uploads\/2017\/08\/image1.jpg\",\"width\":640,\"height\":418},{\"@type\":\"BreadcrumbList\",\"@id\":\"https:\/\/bio4you.eu\/retseptid\/toode\/datlimoos\/#breadcrumb\",\"itemListElement\":[{\"@type\":\"ListItem\",\"position\":1,\"name\":\"Home\",\"item\":\"https:\/\/bio4you.eu\/retseptid\/\"},{\"@type\":\"ListItem\",\"position\":2,\"name\":\"Datlimoos\"}]},{\"@type\":\"WebSite\",\"@id\":\"https:\/\/bio4you.eu\/retseptid\/#website\",\"url\":\"https:\/\/bio4you.eu\/retseptid\/\",\"name\":\"bio4you.eu\/retseptid\",\"description\":\"\u00d6ko retseptid ise tegemiseks, looduslikest koostisainetest. Maitsev toit, iluhooldus, kodupuhastus ja aiandus.\",\"potentialAction\":[{\"@type\":\"SearchAction\",\"target\":{\"@type\":\"EntryPoint\",\"urlTemplate\":\"https:\/\/bio4you.eu\/retseptid\/?s={search_term_string}\"},\"query-input\":\"required name=search_term_string\"}],\"inLanguage\":\"et\"}]}<\/script>\n<!-- \/ Yoast SEO plugin. -->","yoast_head_json":{"title":"Datlimoos - bio4you.eu\/retseptid","robots":{"index":"index","follow":"follow","max-snippet":"max-snippet:-1","max-image-preview":"max-image-preview:large","max-video-preview":"max-video-preview:-1"},"canonical":"https:\/\/bio4you.eu\/retseptid\/toode\/datlimoos\/","og_locale":"et_EE","og_type":"article","og_title":"Datlimoos - bio4you.eu\/retseptid","og_description":"Vaja l\u00e4heb:   Peot\u00e4is kuivatatud, kivideta datleid  Sooja vett","og_url":"https:\/\/bio4you.eu\/retseptid\/toode\/datlimoos\/","og_site_name":"bio4you.eu\/retseptid","og_image":[{"width":640,"height":418,"url":"https:\/\/bio4you.eu\/retseptid\/wp-content\/uploads\/2017\/08\/image1.jpg","type":"image\/jpeg"}],"schema":{"@context":"https:\/\/schema.org","@graph":[{"@type":"WebPage","@id":"https:\/\/bio4you.eu\/retseptid\/toode\/datlimoos\/","url":"https:\/\/bio4you.eu\/retseptid\/toode\/datlimoos\/","name":"Datlimoos - bio4you.eu\/retseptid","isPartOf":{"@id":"https:\/\/bio4you.eu\/retseptid\/#website"},"primaryImageOfPage":{"@id":"https:\/\/bio4you.eu\/retseptid\/toode\/datlimoos\/#primaryimage"},"image":{"@id":"https:\/\/bio4you.eu\/retseptid\/toode\/datlimoos\/#primaryimage"},"thumbnailUrl":"https:\/\/bio4you.eu\/retseptid\/wp-content\/uploads\/2017\/08\/image1.jpg","datePublished":"2017-08-23T12:26:51+00:00","dateModified":"2017-08-23T12:26:51+00:00","breadcrumb":{"@id":"https:\/\/bio4you.eu\/retseptid\/toode\/datlimoos\/#breadcrumb"},"inLanguage":"et","potentialAction":[{"@type":"ReadAction","target":["https:\/\/bio4you.eu\/retseptid\/toode\/datlimoos\/"]}]},{"@type":"ImageObject","inLanguage":"et","@id":"https:\/\/bio4you.eu\/retseptid\/toode\/datlimoos\/#primaryimage","url":"https:\/\/bio4you.eu\/retseptid\/wp-content\/uploads\/2017\/08\/image1.jpg","contentUrl":"https:\/\/bio4you.eu\/retseptid\/wp-content\/uploads\/2017\/08\/image1.jpg","width":640,"height":418},{"@type":"BreadcrumbList","@id":"https:\/\/bio4you.eu\/retseptid\/toode\/datlimoos\/#breadcrumb","itemListElement":[{"@type":"ListItem","position":1,"name":"Home","item":"https:\/\/bio4you.eu\/retseptid\/"},{"@type":"ListItem","position":2,"name":"Datlimoos"}]},{"@type":"WebSite","@id":"https:\/\/bio4you.eu\/retseptid\/#website","url":"https:\/\/bio4you.eu\/retseptid\/","name":"bio4you.eu\/retseptid","description":"\u00d6ko retseptid ise tegemiseks, looduslikest koostisainetest. Maitsev toit, iluhooldus, kodupuhastus ja aiandus.","potentialAction":[{"@type":"SearchAction","target":{"@type":"EntryPoint","urlTemplate":"https:\/\/bio4you.eu\/retseptid\/?s={search_term_string}"},"query-input":"required name=search_term_string"}],"inLanguage":"et"}]}},"_links":{"self":[{"href":"https:\/\/bio4you.eu\/retseptid\/wp-json\/wp\/v2\/product\/3703"}],"collection":[{"href":"https:\/\/bio4you.eu\/retseptid\/wp-json\/wp\/v2\/product"}],"about":[{"href":"https:\/\/bio4you.eu\/retseptid\/wp-json\/wp\/v2\/types\/product"}],"replies":[{"embeddable":true,"href":"https:\/\/bio4you.eu\/retseptid\/wp-json\/wp\/v2\/comments?post=3703"}],"wp:featuredmedia":[{"embeddable":true,"href":"https:\/\/bio4you.eu\/retseptid\/wp-json\/wp\/v2\/media\/3705"}],"wp:attachment":[{"href":"https:\/\/bio4you.eu\/retseptid\/wp-json\/wp\/v2\/media?parent=3703"}],"wp:term":[{"taxonomy":"product_cat","embeddable":true,"href":"https:\/\/bio4you.eu\/retseptid\/wp-json\/wp\/v2\/product_cat?post=3703"},{"taxonomy":"product_tag","embeddable":true,"href":"https:\/\/bio4you.eu\/retseptid\/wp-json\/wp\/v2\/product_tag?post=3703"}],"curies":[{"name":"wp","href":"https:\/\/api.w.org\/{rel}","templated":true}]}}