{"id":3707,"date":"2017-08-28T16:23:29","date_gmt":"2017-08-28T13:23:29","guid":{"rendered":"https:\/\/bio4you.eu\/retseptid\/?post_type=product&#038;p=3707"},"modified":"2022-05-12T14:08:37","modified_gmt":"2022-05-12T11:08:37","slug":"sokolaadi-maapahkli-smuuti","status":"publish","type":"product","link":"https:\/\/bio4you.eu\/retseptid\/toode\/sokolaadi-maapahkli-smuuti\/","title":{"rendered":"\u0160okolaadi-maap\u00e4hkli smuuti"},"content":{"rendered":"<p>Valmistamine:<br \/>\nBlenderda k\u00f5ik koostisained \u00fchtlaseks smuutiks ning naudi koheselt.<\/p>\n","protected":false},"excerpt":{"rendered":"<p>Vaja l\u00e4heb:<\/p>\n<ul>\n<li>1 banaan<\/li>\n<li>1 klaas <a href=\"http:\/\/bio4you.eu\/et\/124-taimsed-piimad-ja-koored?utm_source=bioretsept&amp;utm_medium=Retseptireklaam&amp;utm_campaign=Retsept\"><span style=\"color: #99cc00;\">taimset piima<\/span><\/a><\/li>\n<li>1 tl <a href=\"https:\/\/bio4you.eu\/et\/supertoidud\/4862-superjoogi-pulber-good-night-125g-toidulisand.html?utm_source=blogi&amp;utm_medium=bioretsept&amp;utm_campaign=retsept\"><span style=\"color: #99cc00;\">supersegu &#8220;Good Night&#8221;<\/span><\/a><\/li>\n<li>1 kuhjaga tl <a href=\"http:\/\/bio4you.eu\/et\/toorkakao-tooted\/1725-toorkakao-pulber-250g-nutrisslim.html?search_query=toorkakao&amp;results=14&amp;utm_source=Bioretsept&amp;utm_medium=Retseptireklaam&amp;utm_campaign=Retsept\"><span style=\"color: #99cc00;\">toorkakaopulbrit<\/span><\/a><\/li>\n<li>1 spl <a href=\"https:\/\/bio4you.eu\/et\/seemnevoided-ja-paehklikreemid\/2059-maapahklivoi-350g-jean-herve.html?search_query=maapahkli&amp;results=7\"><span style=\"color: #99cc00;\">maap\u00e4hkliv\u00f5id<\/span><\/a><\/li>\n<li>2 tl <a href=\"http:\/\/bio4you.eu\/et\/marjad-paehklid-ja-seemned\/2210-chia-seemned-250g-nutrisslim.html?search_query=chia&amp;results=22&amp;utm_source=bioretsept&amp;utm_medium=retseptireklaam&amp;utm_campaign=Retsept\"><span style=\"color: #99cc00;\">chia seemneid<\/span><\/a><\/li>\n<li>2 datlit (kivita)<\/li>\n<\/ul>\n","protected":false},"featured_media":3709,"comment_status":"open","ping_status":"closed","template":"","meta":{"_exactmetrics_skip_tracking":false,"_exactmetrics_sitenote_active":false,"_exactmetrics_sitenote_note":"","_exactmetrics_sitenote_category":0},"product_cat":[59,60,382,383,365,376,77],"product_tag":[],"class_list":{"0":"post-3707","1":"product","2":"type-product","3":"status-publish","4":"has-post-thumbnail","6":"product_cat-featured","7":"product_cat-toiduretseptid","8":"product_cat-vegan-toiduretseptid","9":"product_cat-taimetoit","10":"product_cat-laste-lemmikud","11":"product_cat-smuutid","12":"product_cat-toortoit","14":"first","15":"instock","16":"shipping-taxable","17":"product-type-simple"},"yoast_head":"<!-- This site is optimized with the Yoast SEO plugin v23.3 - https:\/\/yoast.com\/wordpress\/plugins\/seo\/ -->\n<title>\u0160okolaadi-maap\u00e4hkli smuuti - bio4you.eu\/retseptid<\/title>\n<meta name=\"robots\" content=\"index, follow, max-snippet:-1, max-image-preview:large, max-video-preview:-1\" \/>\n<link rel=\"canonical\" href=\"https:\/\/bio4you.eu\/retseptid\/toode\/sokolaadi-maapahkli-smuuti\/\" \/>\n<meta property=\"og:locale\" content=\"et_EE\" \/>\n<meta property=\"og:type\" content=\"article\" \/>\n<meta property=\"og:title\" content=\"\u0160okolaadi-maap\u00e4hkli smuuti - bio4you.eu\/retseptid\" \/>\n<meta property=\"og:description\" content=\"Vaja l\u00e4heb:   1 banaan  1 klaas taimset piima  1 tl supersegu &quot;Good Night&quot;  1 kuhjaga tl toorkakaopulbrit  1 spl maap\u00e4hkliv\u00f5id  2 tl chia seemneid  2 datlit (kivita)\" \/>\n<meta property=\"og:url\" content=\"https:\/\/bio4you.eu\/retseptid\/toode\/sokolaadi-maapahkli-smuuti\/\" \/>\n<meta property=\"og:site_name\" content=\"bio4you.eu\/retseptid\" \/>\n<meta property=\"article:modified_time\" content=\"2022-05-12T11:08:37+00:00\" \/>\n<meta property=\"og:image\" content=\"https:\/\/bio4you.eu\/retseptid\/wp-content\/uploads\/2017\/08\/IMG_4917-scaled.jpg\" \/>\n\t<meta property=\"og:image:width\" content=\"1920\" \/>\n\t<meta property=\"og:image:height\" content=\"2560\" \/>\n\t<meta property=\"og:image:type\" content=\"image\/jpeg\" \/>\n<script type=\"application\/ld+json\" class=\"yoast-schema-graph\">{\"@context\":\"https:\/\/schema.org\",\"@graph\":[{\"@type\":\"WebPage\",\"@id\":\"https:\/\/bio4you.eu\/retseptid\/toode\/sokolaadi-maapahkli-smuuti\/\",\"url\":\"https:\/\/bio4you.eu\/retseptid\/toode\/sokolaadi-maapahkli-smuuti\/\",\"name\":\"\u0160okolaadi-maap\u00e4hkli smuuti - bio4you.eu\/retseptid\",\"isPartOf\":{\"@id\":\"https:\/\/bio4you.eu\/retseptid\/#website\"},\"primaryImageOfPage\":{\"@id\":\"https:\/\/bio4you.eu\/retseptid\/toode\/sokolaadi-maapahkli-smuuti\/#primaryimage\"},\"image\":{\"@id\":\"https:\/\/bio4you.eu\/retseptid\/toode\/sokolaadi-maapahkli-smuuti\/#primaryimage\"},\"thumbnailUrl\":\"https:\/\/bio4you.eu\/retseptid\/wp-content\/uploads\/2017\/08\/IMG_4917-scaled.jpg\",\"datePublished\":\"2017-08-28T13:23:29+00:00\",\"dateModified\":\"2022-05-12T11:08:37+00:00\",\"breadcrumb\":{\"@id\":\"https:\/\/bio4you.eu\/retseptid\/toode\/sokolaadi-maapahkli-smuuti\/#breadcrumb\"},\"inLanguage\":\"et\",\"potentialAction\":[{\"@type\":\"ReadAction\",\"target\":[\"https:\/\/bio4you.eu\/retseptid\/toode\/sokolaadi-maapahkli-smuuti\/\"]}]},{\"@type\":\"ImageObject\",\"inLanguage\":\"et\",\"@id\":\"https:\/\/bio4you.eu\/retseptid\/toode\/sokolaadi-maapahkli-smuuti\/#primaryimage\",\"url\":\"https:\/\/bio4you.eu\/retseptid\/wp-content\/uploads\/2017\/08\/IMG_4917-scaled.jpg\",\"contentUrl\":\"https:\/\/bio4you.eu\/retseptid\/wp-content\/uploads\/2017\/08\/IMG_4917-scaled.jpg\",\"width\":1920,\"height\":2560},{\"@type\":\"BreadcrumbList\",\"@id\":\"https:\/\/bio4you.eu\/retseptid\/toode\/sokolaadi-maapahkli-smuuti\/#breadcrumb\",\"itemListElement\":[{\"@type\":\"ListItem\",\"position\":1,\"name\":\"Home\",\"item\":\"https:\/\/bio4you.eu\/retseptid\/\"},{\"@type\":\"ListItem\",\"position\":2,\"name\":\"\u0160okolaadi-maap\u00e4hkli smuuti\"}]},{\"@type\":\"WebSite\",\"@id\":\"https:\/\/bio4you.eu\/retseptid\/#website\",\"url\":\"https:\/\/bio4you.eu\/retseptid\/\",\"name\":\"bio4you.eu\/retseptid\",\"description\":\"\u00d6ko retseptid ise tegemiseks, looduslikest koostisainetest. Maitsev toit, iluhooldus, kodupuhastus ja aiandus.\",\"potentialAction\":[{\"@type\":\"SearchAction\",\"target\":{\"@type\":\"EntryPoint\",\"urlTemplate\":\"https:\/\/bio4you.eu\/retseptid\/?s={search_term_string}\"},\"query-input\":\"required name=search_term_string\"}],\"inLanguage\":\"et\"}]}<\/script>\n<!-- \/ Yoast SEO plugin. -->","yoast_head_json":{"title":"\u0160okolaadi-maap\u00e4hkli smuuti - bio4you.eu\/retseptid","robots":{"index":"index","follow":"follow","max-snippet":"max-snippet:-1","max-image-preview":"max-image-preview:large","max-video-preview":"max-video-preview:-1"},"canonical":"https:\/\/bio4you.eu\/retseptid\/toode\/sokolaadi-maapahkli-smuuti\/","og_locale":"et_EE","og_type":"article","og_title":"\u0160okolaadi-maap\u00e4hkli smuuti - bio4you.eu\/retseptid","og_description":"Vaja l\u00e4heb:   1 banaan  1 klaas taimset piima  1 tl supersegu \"Good Night\"  1 kuhjaga tl toorkakaopulbrit  1 spl maap\u00e4hkliv\u00f5id  2 tl chia seemneid  2 datlit (kivita)","og_url":"https:\/\/bio4you.eu\/retseptid\/toode\/sokolaadi-maapahkli-smuuti\/","og_site_name":"bio4you.eu\/retseptid","article_modified_time":"2022-05-12T11:08:37+00:00","og_image":[{"width":1920,"height":2560,"url":"https:\/\/bio4you.eu\/retseptid\/wp-content\/uploads\/2017\/08\/IMG_4917-scaled.jpg","type":"image\/jpeg"}],"schema":{"@context":"https:\/\/schema.org","@graph":[{"@type":"WebPage","@id":"https:\/\/bio4you.eu\/retseptid\/toode\/sokolaadi-maapahkli-smuuti\/","url":"https:\/\/bio4you.eu\/retseptid\/toode\/sokolaadi-maapahkli-smuuti\/","name":"\u0160okolaadi-maap\u00e4hkli smuuti - bio4you.eu\/retseptid","isPartOf":{"@id":"https:\/\/bio4you.eu\/retseptid\/#website"},"primaryImageOfPage":{"@id":"https:\/\/bio4you.eu\/retseptid\/toode\/sokolaadi-maapahkli-smuuti\/#primaryimage"},"image":{"@id":"https:\/\/bio4you.eu\/retseptid\/toode\/sokolaadi-maapahkli-smuuti\/#primaryimage"},"thumbnailUrl":"https:\/\/bio4you.eu\/retseptid\/wp-content\/uploads\/2017\/08\/IMG_4917-scaled.jpg","datePublished":"2017-08-28T13:23:29+00:00","dateModified":"2022-05-12T11:08:37+00:00","breadcrumb":{"@id":"https:\/\/bio4you.eu\/retseptid\/toode\/sokolaadi-maapahkli-smuuti\/#breadcrumb"},"inLanguage":"et","potentialAction":[{"@type":"ReadAction","target":["https:\/\/bio4you.eu\/retseptid\/toode\/sokolaadi-maapahkli-smuuti\/"]}]},{"@type":"ImageObject","inLanguage":"et","@id":"https:\/\/bio4you.eu\/retseptid\/toode\/sokolaadi-maapahkli-smuuti\/#primaryimage","url":"https:\/\/bio4you.eu\/retseptid\/wp-content\/uploads\/2017\/08\/IMG_4917-scaled.jpg","contentUrl":"https:\/\/bio4you.eu\/retseptid\/wp-content\/uploads\/2017\/08\/IMG_4917-scaled.jpg","width":1920,"height":2560},{"@type":"BreadcrumbList","@id":"https:\/\/bio4you.eu\/retseptid\/toode\/sokolaadi-maapahkli-smuuti\/#breadcrumb","itemListElement":[{"@type":"ListItem","position":1,"name":"Home","item":"https:\/\/bio4you.eu\/retseptid\/"},{"@type":"ListItem","position":2,"name":"\u0160okolaadi-maap\u00e4hkli smuuti"}]},{"@type":"WebSite","@id":"https:\/\/bio4you.eu\/retseptid\/#website","url":"https:\/\/bio4you.eu\/retseptid\/","name":"bio4you.eu\/retseptid","description":"\u00d6ko retseptid ise tegemiseks, looduslikest koostisainetest. Maitsev toit, iluhooldus, kodupuhastus ja aiandus.","potentialAction":[{"@type":"SearchAction","target":{"@type":"EntryPoint","urlTemplate":"https:\/\/bio4you.eu\/retseptid\/?s={search_term_string}"},"query-input":"required name=search_term_string"}],"inLanguage":"et"}]}},"_links":{"self":[{"href":"https:\/\/bio4you.eu\/retseptid\/wp-json\/wp\/v2\/product\/3707"}],"collection":[{"href":"https:\/\/bio4you.eu\/retseptid\/wp-json\/wp\/v2\/product"}],"about":[{"href":"https:\/\/bio4you.eu\/retseptid\/wp-json\/wp\/v2\/types\/product"}],"replies":[{"embeddable":true,"href":"https:\/\/bio4you.eu\/retseptid\/wp-json\/wp\/v2\/comments?post=3707"}],"wp:featuredmedia":[{"embeddable":true,"href":"https:\/\/bio4you.eu\/retseptid\/wp-json\/wp\/v2\/media\/3709"}],"wp:attachment":[{"href":"https:\/\/bio4you.eu\/retseptid\/wp-json\/wp\/v2\/media?parent=3707"}],"wp:term":[{"taxonomy":"product_cat","embeddable":true,"href":"https:\/\/bio4you.eu\/retseptid\/wp-json\/wp\/v2\/product_cat?post=3707"},{"taxonomy":"product_tag","embeddable":true,"href":"https:\/\/bio4you.eu\/retseptid\/wp-json\/wp\/v2\/product_tag?post=3707"}],"curies":[{"name":"wp","href":"https:\/\/api.w.org\/{rel}","templated":true}]}}