{"id":3714,"date":"2017-09-13T13:53:14","date_gmt":"2017-09-13T10:53:14","guid":{"rendered":"https:\/\/bio4you.eu\/retseptid\/?post_type=product&#038;p=3714"},"modified":"2022-05-12T13:53:36","modified_gmt":"2022-05-12T10:53:36","slug":"roheline-detox-smuuti","status":"publish","type":"product","link":"https:\/\/bio4you.eu\/retseptid\/toode\/roheline-detox-smuuti\/","title":{"rendered":"Roheline detox smuuti"},"content":{"rendered":"<p>Valmistamine:<br \/>\nPese spinat, koori ingver, puhasta \u00f5un\u00a0ja lisa koos teiste koostisainetega blenderisse.<\/p>\n","protected":false},"excerpt":{"rendered":"<p>Vaja l\u00e4heb:<\/p>\n<p>1 banaan<br \/>\n1 \u00f5un<br \/>\nsuur peot\u00e4is spinatit<br \/>\n2 spl astelpajumarju<br \/>\n1 spl <a href=\"https:\/\/bio4you.eu\/et\/marjad-paehklid-ja-seemned\/2210-chia-seemned-250g-nutrisslim.html?search_query=chia&amp;results=23\"><span style=\"color: #99cc00;\">chia seemneid<\/span><\/a><br \/>\n2 tl <a href=\"https:\/\/tinyurl.com\/ybnn2g5v\"><span style=\"color: #99cc00;\">detox supersegu<\/span><\/a><br \/>\n1 cm l\u00e4bim\u00f5\u00f5duga ingverit<br \/>\n2 klaasi k\u00fclma vett<\/p>\n","protected":false},"featured_media":3916,"comment_status":"open","ping_status":"closed","template":"","meta":{"_exactmetrics_skip_tracking":false,"_exactmetrics_sitenote_active":false,"_exactmetrics_sitenote_note":"","_exactmetrics_sitenote_category":0},"product_cat":[59,60,382,383,376],"product_tag":[],"class_list":{"0":"post-3714","1":"product","2":"type-product","3":"status-publish","4":"has-post-thumbnail","6":"product_cat-featured","7":"product_cat-toiduretseptid","8":"product_cat-vegan-toiduretseptid","9":"product_cat-taimetoit","10":"product_cat-smuutid","12":"first","13":"instock","14":"shipping-taxable","15":"product-type-simple"},"yoast_head":"<!-- This site is optimized with the Yoast SEO plugin v23.3 - https:\/\/yoast.com\/wordpress\/plugins\/seo\/ -->\n<title>Roheline detox smuuti - bio4you.eu\/retseptid<\/title>\n<meta name=\"robots\" content=\"index, follow, max-snippet:-1, max-image-preview:large, max-video-preview:-1\" \/>\n<link rel=\"canonical\" href=\"https:\/\/bio4you.eu\/retseptid\/toode\/roheline-detox-smuuti\/\" \/>\n<meta property=\"og:locale\" content=\"et_EE\" \/>\n<meta property=\"og:type\" content=\"article\" \/>\n<meta property=\"og:title\" content=\"Roheline detox smuuti - bio4you.eu\/retseptid\" \/>\n<meta property=\"og:description\" content=\"Vaja l\u00e4heb:  1 banaan 1 \u00f5un suur peot\u00e4is spinatit 2 spl astelpajumarju 1 spl chia seemneid 2 tl detox supersegu 1 cm l\u00e4bim\u00f5\u00f5duga ingverit 2 klaasi k\u00fclma vett\" \/>\n<meta property=\"og:url\" content=\"https:\/\/bio4you.eu\/retseptid\/toode\/roheline-detox-smuuti\/\" \/>\n<meta property=\"og:site_name\" content=\"bio4you.eu\/retseptid\" \/>\n<meta property=\"article:modified_time\" content=\"2022-05-12T10:53:36+00:00\" \/>\n<meta property=\"og:image\" content=\"https:\/\/bio4you.eu\/retseptid\/wp-content\/uploads\/2017\/09\/roberto-nickson-im-WHBypB0w-unsplash-scaled.jpg\" \/>\n\t<meta property=\"og:image:width\" content=\"1707\" \/>\n\t<meta property=\"og:image:height\" content=\"2560\" \/>\n\t<meta property=\"og:image:type\" content=\"image\/jpeg\" \/>\n<script type=\"application\/ld+json\" class=\"yoast-schema-graph\">{\"@context\":\"https:\/\/schema.org\",\"@graph\":[{\"@type\":\"WebPage\",\"@id\":\"https:\/\/bio4you.eu\/retseptid\/toode\/roheline-detox-smuuti\/\",\"url\":\"https:\/\/bio4you.eu\/retseptid\/toode\/roheline-detox-smuuti\/\",\"name\":\"Roheline detox smuuti - bio4you.eu\/retseptid\",\"isPartOf\":{\"@id\":\"https:\/\/bio4you.eu\/retseptid\/#website\"},\"primaryImageOfPage\":{\"@id\":\"https:\/\/bio4you.eu\/retseptid\/toode\/roheline-detox-smuuti\/#primaryimage\"},\"image\":{\"@id\":\"https:\/\/bio4you.eu\/retseptid\/toode\/roheline-detox-smuuti\/#primaryimage\"},\"thumbnailUrl\":\"https:\/\/bio4you.eu\/retseptid\/wp-content\/uploads\/2017\/09\/roberto-nickson-im-WHBypB0w-unsplash-scaled.jpg\",\"datePublished\":\"2017-09-13T10:53:14+00:00\",\"dateModified\":\"2022-05-12T10:53:36+00:00\",\"breadcrumb\":{\"@id\":\"https:\/\/bio4you.eu\/retseptid\/toode\/roheline-detox-smuuti\/#breadcrumb\"},\"inLanguage\":\"et\",\"potentialAction\":[{\"@type\":\"ReadAction\",\"target\":[\"https:\/\/bio4you.eu\/retseptid\/toode\/roheline-detox-smuuti\/\"]}]},{\"@type\":\"ImageObject\",\"inLanguage\":\"et\",\"@id\":\"https:\/\/bio4you.eu\/retseptid\/toode\/roheline-detox-smuuti\/#primaryimage\",\"url\":\"https:\/\/bio4you.eu\/retseptid\/wp-content\/uploads\/2017\/09\/roberto-nickson-im-WHBypB0w-unsplash-scaled.jpg\",\"contentUrl\":\"https:\/\/bio4you.eu\/retseptid\/wp-content\/uploads\/2017\/09\/roberto-nickson-im-WHBypB0w-unsplash-scaled.jpg\",\"width\":1707,\"height\":2560},{\"@type\":\"BreadcrumbList\",\"@id\":\"https:\/\/bio4you.eu\/retseptid\/toode\/roheline-detox-smuuti\/#breadcrumb\",\"itemListElement\":[{\"@type\":\"ListItem\",\"position\":1,\"name\":\"Home\",\"item\":\"https:\/\/bio4you.eu\/retseptid\/\"},{\"@type\":\"ListItem\",\"position\":2,\"name\":\"Roheline detox smuuti\"}]},{\"@type\":\"WebSite\",\"@id\":\"https:\/\/bio4you.eu\/retseptid\/#website\",\"url\":\"https:\/\/bio4you.eu\/retseptid\/\",\"name\":\"bio4you.eu\/retseptid\",\"description\":\"\u00d6ko retseptid ise tegemiseks, looduslikest koostisainetest. Maitsev toit, iluhooldus, kodupuhastus ja aiandus.\",\"potentialAction\":[{\"@type\":\"SearchAction\",\"target\":{\"@type\":\"EntryPoint\",\"urlTemplate\":\"https:\/\/bio4you.eu\/retseptid\/?s={search_term_string}\"},\"query-input\":\"required name=search_term_string\"}],\"inLanguage\":\"et\"}]}<\/script>\n<!-- \/ Yoast SEO plugin. -->","yoast_head_json":{"title":"Roheline detox smuuti - bio4you.eu\/retseptid","robots":{"index":"index","follow":"follow","max-snippet":"max-snippet:-1","max-image-preview":"max-image-preview:large","max-video-preview":"max-video-preview:-1"},"canonical":"https:\/\/bio4you.eu\/retseptid\/toode\/roheline-detox-smuuti\/","og_locale":"et_EE","og_type":"article","og_title":"Roheline detox smuuti - bio4you.eu\/retseptid","og_description":"Vaja l\u00e4heb:  1 banaan 1 \u00f5un suur peot\u00e4is spinatit 2 spl astelpajumarju 1 spl chia seemneid 2 tl detox supersegu 1 cm l\u00e4bim\u00f5\u00f5duga ingverit 2 klaasi k\u00fclma vett","og_url":"https:\/\/bio4you.eu\/retseptid\/toode\/roheline-detox-smuuti\/","og_site_name":"bio4you.eu\/retseptid","article_modified_time":"2022-05-12T10:53:36+00:00","og_image":[{"width":1707,"height":2560,"url":"https:\/\/bio4you.eu\/retseptid\/wp-content\/uploads\/2017\/09\/roberto-nickson-im-WHBypB0w-unsplash-scaled.jpg","type":"image\/jpeg"}],"schema":{"@context":"https:\/\/schema.org","@graph":[{"@type":"WebPage","@id":"https:\/\/bio4you.eu\/retseptid\/toode\/roheline-detox-smuuti\/","url":"https:\/\/bio4you.eu\/retseptid\/toode\/roheline-detox-smuuti\/","name":"Roheline detox smuuti - bio4you.eu\/retseptid","isPartOf":{"@id":"https:\/\/bio4you.eu\/retseptid\/#website"},"primaryImageOfPage":{"@id":"https:\/\/bio4you.eu\/retseptid\/toode\/roheline-detox-smuuti\/#primaryimage"},"image":{"@id":"https:\/\/bio4you.eu\/retseptid\/toode\/roheline-detox-smuuti\/#primaryimage"},"thumbnailUrl":"https:\/\/bio4you.eu\/retseptid\/wp-content\/uploads\/2017\/09\/roberto-nickson-im-WHBypB0w-unsplash-scaled.jpg","datePublished":"2017-09-13T10:53:14+00:00","dateModified":"2022-05-12T10:53:36+00:00","breadcrumb":{"@id":"https:\/\/bio4you.eu\/retseptid\/toode\/roheline-detox-smuuti\/#breadcrumb"},"inLanguage":"et","potentialAction":[{"@type":"ReadAction","target":["https:\/\/bio4you.eu\/retseptid\/toode\/roheline-detox-smuuti\/"]}]},{"@type":"ImageObject","inLanguage":"et","@id":"https:\/\/bio4you.eu\/retseptid\/toode\/roheline-detox-smuuti\/#primaryimage","url":"https:\/\/bio4you.eu\/retseptid\/wp-content\/uploads\/2017\/09\/roberto-nickson-im-WHBypB0w-unsplash-scaled.jpg","contentUrl":"https:\/\/bio4you.eu\/retseptid\/wp-content\/uploads\/2017\/09\/roberto-nickson-im-WHBypB0w-unsplash-scaled.jpg","width":1707,"height":2560},{"@type":"BreadcrumbList","@id":"https:\/\/bio4you.eu\/retseptid\/toode\/roheline-detox-smuuti\/#breadcrumb","itemListElement":[{"@type":"ListItem","position":1,"name":"Home","item":"https:\/\/bio4you.eu\/retseptid\/"},{"@type":"ListItem","position":2,"name":"Roheline detox smuuti"}]},{"@type":"WebSite","@id":"https:\/\/bio4you.eu\/retseptid\/#website","url":"https:\/\/bio4you.eu\/retseptid\/","name":"bio4you.eu\/retseptid","description":"\u00d6ko retseptid ise tegemiseks, looduslikest koostisainetest. Maitsev toit, iluhooldus, kodupuhastus ja aiandus.","potentialAction":[{"@type":"SearchAction","target":{"@type":"EntryPoint","urlTemplate":"https:\/\/bio4you.eu\/retseptid\/?s={search_term_string}"},"query-input":"required name=search_term_string"}],"inLanguage":"et"}]}},"_links":{"self":[{"href":"https:\/\/bio4you.eu\/retseptid\/wp-json\/wp\/v2\/product\/3714"}],"collection":[{"href":"https:\/\/bio4you.eu\/retseptid\/wp-json\/wp\/v2\/product"}],"about":[{"href":"https:\/\/bio4you.eu\/retseptid\/wp-json\/wp\/v2\/types\/product"}],"replies":[{"embeddable":true,"href":"https:\/\/bio4you.eu\/retseptid\/wp-json\/wp\/v2\/comments?post=3714"}],"wp:featuredmedia":[{"embeddable":true,"href":"https:\/\/bio4you.eu\/retseptid\/wp-json\/wp\/v2\/media\/3916"}],"wp:attachment":[{"href":"https:\/\/bio4you.eu\/retseptid\/wp-json\/wp\/v2\/media?parent=3714"}],"wp:term":[{"taxonomy":"product_cat","embeddable":true,"href":"https:\/\/bio4you.eu\/retseptid\/wp-json\/wp\/v2\/product_cat?post=3714"},{"taxonomy":"product_tag","embeddable":true,"href":"https:\/\/bio4you.eu\/retseptid\/wp-json\/wp\/v2\/product_tag?post=3714"}],"curies":[{"name":"wp","href":"https:\/\/api.w.org\/{rel}","templated":true}]}}