{"id":3717,"date":"2017-09-14T12:44:09","date_gmt":"2017-09-14T09:44:09","guid":{"rendered":"https:\/\/bio4you.eu\/retseptid\/?post_type=product&#038;p=3717"},"modified":"2022-05-12T09:56:15","modified_gmt":"2022-05-12T06:56:15","slug":"laatsesupp-suvikorvitsa-ja-tofuga","status":"publish","type":"product","link":"https:\/\/bio4you.eu\/retseptid\/toode\/laatsesupp-suvikorvitsa-ja-tofuga\/","title":{"rendered":"L\u00e4\u00e4tsesupp suvik\u00f5rvitsa ja tofuga"},"content":{"rendered":"<p>Valmistamine:<br \/>\nPruunista sibul ja k\u00fc\u00fcslauk kergelt \u00f5lis. Lisa kuubikuteks l\u00f5igatud suvik\u00f5rvits ja tomat ning prae veel paar minutit. Pese ja kurna l\u00e4\u00e4tsed ning lisa \u00a0koos puljongipulbriga kergelt praetud suvik\u00f5rvitsale ja tomatile. N\u00fc\u00fcd vala peale nii palju keeva vett, et l\u00e4\u00e4tsed ja suvik\u00f5rvitsad oleksid kaetud. Keeda madalal kuumusel 10 minutit ning lisa vajadusel vett. Viimasena lisa tomatipasta ning \u00fcrdisegu. Keeda veel 5 minutit v\u00f5i kuni suvik\u00f5rvits on pehme.<\/p>\n<p>Tofu valmistamine:<br \/>\nKuivata tofu majapidamispaberiga\u00a0ning l\u00f5ika suup\u00e4rasteks t\u00fckkideks. Prae kergelt \u00f5lis ning lisa sool ja \u00fcrdisegu. Serveeri koos supiga.<\/p>\n","protected":false},"excerpt":{"rendered":"<p>Vaja l\u00e4heb:<\/p>\n<ul>\n<li>1 sibul<\/li>\n<li>2 k\u00fc\u00fcslauguk\u00fc\u00fcnt<\/li>\n<li><a href=\"https:\/\/bio4you.eu\/et\/olid\/2319-praadimisoli-lohnatu-750ml-biologicoils.html\"><span style=\"color: #99cc00;\">\u00f5li praadimiseks<\/span><\/a><\/li>\n<li>1 tomat<\/li>\n<li>pool suvik\u00f5rvitsat<\/li>\n<li>2 dl <a href=\"https:\/\/bio4you.eu\/et\/laeaetsed\/1009-punased-laatsed-poolitatud-500g-cosmoveda.html?search_query=punased+laatsed&amp;results=2\"><span style=\"color: #99cc00;\">punaseid l\u00e4\u00e4tsesid<\/span><\/a><\/li>\n<li>1,5 tl <a href=\"https:\/\/bio4you.eu\/et\/puljong\/1099-puljongipulber-parmita-210g-baule-volante.html?search_query=puljong&amp;results=2\"><span style=\"color: #99cc00;\">puljongipulbrit<\/span><\/a><\/li>\n<li>1 tl \u00fcrdisegu (petersell, t\u00fc\u00fcmian, till jms)<\/li>\n<li>1 dl <a href=\"https:\/\/bio4you.eu\/et\/olid-kastmed-kreemid\/3480-tomatipasta-basiilikuga-340g.html\"><span style=\"color: #99cc00;\">tomatipastat\u00a0<\/span><\/a><\/li>\n<li>vett<\/li>\n<li><span style=\"color: #99cc00;\"><span style=\"color: #000000;\">100 g tofut<\/span><\/span><\/li>\n<li>0,5 tl <a href=\"https:\/\/bio4you.eu\/et\/156-sool\"><span style=\"color: #99cc00;\">soola<\/span><\/a><\/li>\n<\/ul>\n","protected":false},"featured_media":3718,"comment_status":"open","ping_status":"closed","template":"","meta":{"_exactmetrics_skip_tracking":false,"_exactmetrics_sitenote_active":false,"_exactmetrics_sitenote_note":"","_exactmetrics_sitenote_category":0},"product_cat":[382,383,379,72],"product_tag":[],"class_list":{"0":"post-3717","1":"product","2":"type-product","3":"status-publish","4":"has-post-thumbnail","6":"product_cat-vegan-toiduretseptid","7":"product_cat-taimetoit","8":"product_cat-supid","9":"product_cat-oa-laatse-ja-hernetoidud","11":"first","12":"instock","13":"shipping-taxable","14":"product-type-simple"},"yoast_head":"<!-- This site is optimized with the Yoast SEO plugin v23.3 - https:\/\/yoast.com\/wordpress\/plugins\/seo\/ -->\n<title>L\u00e4\u00e4tsesupp suvik\u00f5rvitsa ja tofuga - bio4you.eu\/retseptid<\/title>\n<meta name=\"robots\" content=\"index, follow, max-snippet:-1, max-image-preview:large, max-video-preview:-1\" \/>\n<link rel=\"canonical\" href=\"https:\/\/bio4you.eu\/retseptid\/toode\/laatsesupp-suvikorvitsa-ja-tofuga\/\" \/>\n<meta property=\"og:locale\" content=\"et_EE\" \/>\n<meta property=\"og:type\" content=\"article\" \/>\n<meta property=\"og:title\" content=\"L\u00e4\u00e4tsesupp suvik\u00f5rvitsa ja tofuga - bio4you.eu\/retseptid\" \/>\n<meta property=\"og:description\" content=\"Vaja l\u00e4heb:   1 sibul  2 k\u00fc\u00fcslauguk\u00fc\u00fcnt  \u00f5li praadimiseks  1 tomat  pool suvik\u00f5rvitsat  2 dl punaseid l\u00e4\u00e4tsesid  1,5 tl puljongipulbrit  1 tl \u00fcrdisegu (petersell, t\u00fc\u00fcmian, till jms)  1 dl tomatipastat\u00a0  vett  100 g tofut  0,5 tl soola\" \/>\n<meta property=\"og:url\" content=\"https:\/\/bio4you.eu\/retseptid\/toode\/laatsesupp-suvikorvitsa-ja-tofuga\/\" \/>\n<meta property=\"og:site_name\" content=\"bio4you.eu\/retseptid\" \/>\n<meta property=\"article:modified_time\" content=\"2022-05-12T06:56:15+00:00\" \/>\n<meta property=\"og:image\" content=\"https:\/\/bio4you.eu\/retseptid\/wp-content\/uploads\/2017\/09\/IMG_5055-scaled.jpg\" \/>\n\t<meta property=\"og:image:width\" content=\"2560\" \/>\n\t<meta property=\"og:image:height\" content=\"1920\" \/>\n\t<meta property=\"og:image:type\" content=\"image\/jpeg\" \/>\n<meta name=\"twitter:label1\" content=\"Est. reading time\" \/>\n\t<meta name=\"twitter:data1\" content=\"1 minut\" \/>\n<script type=\"application\/ld+json\" class=\"yoast-schema-graph\">{\"@context\":\"https:\/\/schema.org\",\"@graph\":[{\"@type\":\"WebPage\",\"@id\":\"https:\/\/bio4you.eu\/retseptid\/toode\/laatsesupp-suvikorvitsa-ja-tofuga\/\",\"url\":\"https:\/\/bio4you.eu\/retseptid\/toode\/laatsesupp-suvikorvitsa-ja-tofuga\/\",\"name\":\"L\u00e4\u00e4tsesupp suvik\u00f5rvitsa ja tofuga - bio4you.eu\/retseptid\",\"isPartOf\":{\"@id\":\"https:\/\/bio4you.eu\/retseptid\/#website\"},\"primaryImageOfPage\":{\"@id\":\"https:\/\/bio4you.eu\/retseptid\/toode\/laatsesupp-suvikorvitsa-ja-tofuga\/#primaryimage\"},\"image\":{\"@id\":\"https:\/\/bio4you.eu\/retseptid\/toode\/laatsesupp-suvikorvitsa-ja-tofuga\/#primaryimage\"},\"thumbnailUrl\":\"https:\/\/bio4you.eu\/retseptid\/wp-content\/uploads\/2017\/09\/IMG_5055-scaled.jpg\",\"datePublished\":\"2017-09-14T09:44:09+00:00\",\"dateModified\":\"2022-05-12T06:56:15+00:00\",\"breadcrumb\":{\"@id\":\"https:\/\/bio4you.eu\/retseptid\/toode\/laatsesupp-suvikorvitsa-ja-tofuga\/#breadcrumb\"},\"inLanguage\":\"et\",\"potentialAction\":[{\"@type\":\"ReadAction\",\"target\":[\"https:\/\/bio4you.eu\/retseptid\/toode\/laatsesupp-suvikorvitsa-ja-tofuga\/\"]}]},{\"@type\":\"ImageObject\",\"inLanguage\":\"et\",\"@id\":\"https:\/\/bio4you.eu\/retseptid\/toode\/laatsesupp-suvikorvitsa-ja-tofuga\/#primaryimage\",\"url\":\"https:\/\/bio4you.eu\/retseptid\/wp-content\/uploads\/2017\/09\/IMG_5055-scaled.jpg\",\"contentUrl\":\"https:\/\/bio4you.eu\/retseptid\/wp-content\/uploads\/2017\/09\/IMG_5055-scaled.jpg\",\"width\":2560,\"height\":1920},{\"@type\":\"BreadcrumbList\",\"@id\":\"https:\/\/bio4you.eu\/retseptid\/toode\/laatsesupp-suvikorvitsa-ja-tofuga\/#breadcrumb\",\"itemListElement\":[{\"@type\":\"ListItem\",\"position\":1,\"name\":\"Home\",\"item\":\"https:\/\/bio4you.eu\/retseptid\/\"},{\"@type\":\"ListItem\",\"position\":2,\"name\":\"L\u00e4\u00e4tsesupp suvik\u00f5rvitsa ja tofuga\"}]},{\"@type\":\"WebSite\",\"@id\":\"https:\/\/bio4you.eu\/retseptid\/#website\",\"url\":\"https:\/\/bio4you.eu\/retseptid\/\",\"name\":\"bio4you.eu\/retseptid\",\"description\":\"\u00d6ko retseptid ise tegemiseks, looduslikest koostisainetest. Maitsev toit, iluhooldus, kodupuhastus ja aiandus.\",\"potentialAction\":[{\"@type\":\"SearchAction\",\"target\":{\"@type\":\"EntryPoint\",\"urlTemplate\":\"https:\/\/bio4you.eu\/retseptid\/?s={search_term_string}\"},\"query-input\":\"required name=search_term_string\"}],\"inLanguage\":\"et\"}]}<\/script>\n<!-- \/ Yoast SEO plugin. -->","yoast_head_json":{"title":"L\u00e4\u00e4tsesupp suvik\u00f5rvitsa ja tofuga - bio4you.eu\/retseptid","robots":{"index":"index","follow":"follow","max-snippet":"max-snippet:-1","max-image-preview":"max-image-preview:large","max-video-preview":"max-video-preview:-1"},"canonical":"https:\/\/bio4you.eu\/retseptid\/toode\/laatsesupp-suvikorvitsa-ja-tofuga\/","og_locale":"et_EE","og_type":"article","og_title":"L\u00e4\u00e4tsesupp suvik\u00f5rvitsa ja tofuga - bio4you.eu\/retseptid","og_description":"Vaja l\u00e4heb:   1 sibul  2 k\u00fc\u00fcslauguk\u00fc\u00fcnt  \u00f5li praadimiseks  1 tomat  pool suvik\u00f5rvitsat  2 dl punaseid l\u00e4\u00e4tsesid  1,5 tl puljongipulbrit  1 tl \u00fcrdisegu (petersell, t\u00fc\u00fcmian, till jms)  1 dl tomatipastat\u00a0  vett  100 g tofut  0,5 tl soola","og_url":"https:\/\/bio4you.eu\/retseptid\/toode\/laatsesupp-suvikorvitsa-ja-tofuga\/","og_site_name":"bio4you.eu\/retseptid","article_modified_time":"2022-05-12T06:56:15+00:00","og_image":[{"width":2560,"height":1920,"url":"https:\/\/bio4you.eu\/retseptid\/wp-content\/uploads\/2017\/09\/IMG_5055-scaled.jpg","type":"image\/jpeg"}],"twitter_misc":{"Est. reading time":"1 minut"},"schema":{"@context":"https:\/\/schema.org","@graph":[{"@type":"WebPage","@id":"https:\/\/bio4you.eu\/retseptid\/toode\/laatsesupp-suvikorvitsa-ja-tofuga\/","url":"https:\/\/bio4you.eu\/retseptid\/toode\/laatsesupp-suvikorvitsa-ja-tofuga\/","name":"L\u00e4\u00e4tsesupp suvik\u00f5rvitsa ja tofuga - bio4you.eu\/retseptid","isPartOf":{"@id":"https:\/\/bio4you.eu\/retseptid\/#website"},"primaryImageOfPage":{"@id":"https:\/\/bio4you.eu\/retseptid\/toode\/laatsesupp-suvikorvitsa-ja-tofuga\/#primaryimage"},"image":{"@id":"https:\/\/bio4you.eu\/retseptid\/toode\/laatsesupp-suvikorvitsa-ja-tofuga\/#primaryimage"},"thumbnailUrl":"https:\/\/bio4you.eu\/retseptid\/wp-content\/uploads\/2017\/09\/IMG_5055-scaled.jpg","datePublished":"2017-09-14T09:44:09+00:00","dateModified":"2022-05-12T06:56:15+00:00","breadcrumb":{"@id":"https:\/\/bio4you.eu\/retseptid\/toode\/laatsesupp-suvikorvitsa-ja-tofuga\/#breadcrumb"},"inLanguage":"et","potentialAction":[{"@type":"ReadAction","target":["https:\/\/bio4you.eu\/retseptid\/toode\/laatsesupp-suvikorvitsa-ja-tofuga\/"]}]},{"@type":"ImageObject","inLanguage":"et","@id":"https:\/\/bio4you.eu\/retseptid\/toode\/laatsesupp-suvikorvitsa-ja-tofuga\/#primaryimage","url":"https:\/\/bio4you.eu\/retseptid\/wp-content\/uploads\/2017\/09\/IMG_5055-scaled.jpg","contentUrl":"https:\/\/bio4you.eu\/retseptid\/wp-content\/uploads\/2017\/09\/IMG_5055-scaled.jpg","width":2560,"height":1920},{"@type":"BreadcrumbList","@id":"https:\/\/bio4you.eu\/retseptid\/toode\/laatsesupp-suvikorvitsa-ja-tofuga\/#breadcrumb","itemListElement":[{"@type":"ListItem","position":1,"name":"Home","item":"https:\/\/bio4you.eu\/retseptid\/"},{"@type":"ListItem","position":2,"name":"L\u00e4\u00e4tsesupp suvik\u00f5rvitsa ja tofuga"}]},{"@type":"WebSite","@id":"https:\/\/bio4you.eu\/retseptid\/#website","url":"https:\/\/bio4you.eu\/retseptid\/","name":"bio4you.eu\/retseptid","description":"\u00d6ko retseptid ise tegemiseks, looduslikest koostisainetest. Maitsev toit, iluhooldus, kodupuhastus ja aiandus.","potentialAction":[{"@type":"SearchAction","target":{"@type":"EntryPoint","urlTemplate":"https:\/\/bio4you.eu\/retseptid\/?s={search_term_string}"},"query-input":"required name=search_term_string"}],"inLanguage":"et"}]}},"_links":{"self":[{"href":"https:\/\/bio4you.eu\/retseptid\/wp-json\/wp\/v2\/product\/3717"}],"collection":[{"href":"https:\/\/bio4you.eu\/retseptid\/wp-json\/wp\/v2\/product"}],"about":[{"href":"https:\/\/bio4you.eu\/retseptid\/wp-json\/wp\/v2\/types\/product"}],"replies":[{"embeddable":true,"href":"https:\/\/bio4you.eu\/retseptid\/wp-json\/wp\/v2\/comments?post=3717"}],"wp:featuredmedia":[{"embeddable":true,"href":"https:\/\/bio4you.eu\/retseptid\/wp-json\/wp\/v2\/media\/3718"}],"wp:attachment":[{"href":"https:\/\/bio4you.eu\/retseptid\/wp-json\/wp\/v2\/media?parent=3717"}],"wp:term":[{"taxonomy":"product_cat","embeddable":true,"href":"https:\/\/bio4you.eu\/retseptid\/wp-json\/wp\/v2\/product_cat?post=3717"},{"taxonomy":"product_tag","embeddable":true,"href":"https:\/\/bio4you.eu\/retseptid\/wp-json\/wp\/v2\/product_tag?post=3717"}],"curies":[{"name":"wp","href":"https:\/\/api.w.org\/{rel}","templated":true}]}}