{"id":3761,"date":"2017-10-04T14:56:03","date_gmt":"2017-10-04T11:56:03","guid":{"rendered":"https:\/\/bio4you.eu\/retseptid\/?post_type=product&#038;p=3761"},"modified":"2022-05-17T10:25:43","modified_gmt":"2022-05-17T07:25:43","slug":"sokolaadi-matcha-kook","status":"publish","type":"product","link":"https:\/\/bio4you.eu\/retseptid\/toode\/sokolaadi-matcha-kook\/","title":{"rendered":"\u0160okolaadi-matcha kook"},"content":{"rendered":"<div id=\"js_7iq\" class=\"_5pbx userContent _3576\" data-ft=\"{&quot;tn&quot;:&quot;K&quot;}\">\n<div id=\"id_59d4ca9f5cba52680845180\" class=\"text_exposed_root text_exposed\">\n<p>Valmistamine:<br \/>\nEralda munakollased munavalgetest ning vahusta munavalged k\u00f5vaks vahuks. Blenderda munakollased k\u00fcpsetuspulbri, er\u00fctritooli, kaneeli, kakao, kookos\u00f5li ja maap\u00e4hklitega \u00fchtlaseks massiks ning sega ettevaatlikult vahustatud munavalgega kokku. K\u00fcpseta \u00fcmmarguses koogivormis 180 kraadi juures 15 minutit.<\/p>\n<div class=\"text_exposed_show\">\n<p>Pealise jaoks sulata tume \u0161okolaad veevannil ning lisa 1 dl vahukoort ja lase jahtuda. N\u00fc\u00fcd sega \u00fclej\u00e4\u00e4nud vahustatud vahukoor kokku mascarpone ja er\u00fctritooliga ning jaga segu kaheks v\u00f5rdseks osaks. \u00dchele osale lisa jahtunud \u0161okolaad ning teisele 3 tl matcha pulbrit.<\/p>\n<p>Vala \u0161okolaadikiht jahutatud p\u00f5hjale ning ettevaatlikult peale ka matcha kiht. Hoia k\u00fclmas v\u00e4hemalt 2 tundi enne serveerimist.<\/p>\n<\/div>\n<\/div>\n<\/div>\n<div class=\"_3x-2\"><\/div>\n","protected":false},"excerpt":{"rendered":"<p>P\u00f5hi:<\/p>\n<ul>\n<li>150 g maap\u00e4hkleid<\/li>\n<li>40 g <a href=\"https:\/\/bio4you.eu\/et\/toorkakao-tooted\/1725-toorkakao-pulber-250g-nutrisslim.html?search_query=toorkakao&amp;results=13&amp;utm_source=Bioretsept&amp;utm_medium=Retseptireklaam&amp;utm_campaign=Retsept\"><span style=\"color: #99cc00;\">kakaopulbrit<\/span><\/a><\/li>\n<li><span class=\"text_exposed_show\">4 muna<\/span><\/li>\n<li><span class=\"text_exposed_show\">70 g<a href=\"https:\/\/bio4you.eu\/et\/otsi?controller=search&amp;order=product.position.desc&amp;s=kookos%C3%B5li\" target=\"_blank\" rel=\"noopener\"><span style=\"color: #99cc00;\"> kookos\u00f5li<\/span><\/a><\/span><\/li>\n<li><span class=\"text_exposed_show\">1 tl <a href=\"https:\/\/bio4you.eu\/et\/kuepsetamiseks\/2565-kuepsetuspulber-3x18g-baule-volante.html?search_query=kupsetuspulber&amp;results=7&amp;utm_source=Bioretsept&amp;utm_medium=Retseptireklaam&amp;utm_campaign=Retsept\"><span style=\"color: #99cc00;\">k\u00fcpsetuspulbrit<\/span><\/a><\/span><\/li>\n<li><span class=\"text_exposed_show\">50 g <a href=\"https:\/\/bio4you.eu\/et\/otsi?controller=search&amp;order=product.position.desc&amp;s=er%C3%BCtritool&amp;utm_source=bioretsept&amp;utm_medium=retsept&amp;utm_campaign=retsept\" target=\"_blank\" rel=\"noopener\"><span style=\"color: #99cc00;\">er\u00fctritooli\u00a0<\/span><\/a><\/span><\/li>\n<li>2 tl<a href=\"https:\/\/bio4you.eu\/et\/maitseained\/2266-tseiloni-kaneel-25g-cosmoveda.html?search_query=kaneel&amp;results=113&amp;utm_source=Bioretsept&amp;utm_medium=Retseptireklaam&amp;utm_campaign=Retsept\"><span style=\"color: #99cc00;\"> kaneeli<\/span><\/a><\/li>\n<\/ul>\n<p>Sisu:<\/p>\n<ul>\n<li>50 g mascarponet<\/li>\n<li>50 g tumedat \u0161okolaadi<\/li>\n<li>4 dl vahukoort<\/li>\n<li>20 g <a href=\"https:\/\/bio4you.eu\/et\/otsi?controller=search&amp;order=product.position.desc&amp;s=er%C3%BCtritool&amp;utm_source=bioretsept&amp;utm_medium=retsept&amp;utm_campaign=retsept\" target=\"_blank\" rel=\"noopener\"><span style=\"color: #99cc00;\">er\u00fctritooli\u00a0<\/span><\/a><\/li>\n<li>3 tl <a href=\"https:\/\/bio4you.eu\/et\/supertoit\/2906-matcha-pulber-70g-nutrisslim.html?search_query=matcha&amp;results=2&amp;utm_source=Bioretsept&amp;utm_medium=Retseptireklaam&amp;utm_campaign=Retsept\"><span style=\"color: #99cc00;\">matcha pulbrit\u00a0<\/span><\/a><\/li>\n<\/ul>\n<div class=\"text_exposed_show\"><\/div>\n","protected":false},"featured_media":3762,"comment_status":"open","ping_status":"closed","template":"","meta":{"_exactmetrics_skip_tracking":false,"_exactmetrics_sitenote_active":false,"_exactmetrics_sitenote_note":"","_exactmetrics_sitenote_category":0},"product_cat":[59,60,280],"product_tag":[],"class_list":{"0":"post-3761","1":"product","2":"type-product","3":"status-publish","4":"has-post-thumbnail","6":"product_cat-featured","7":"product_cat-toiduretseptid","8":"product_cat-koogid-ja-kupsised","10":"first","11":"instock","12":"shipping-taxable","13":"product-type-simple"},"yoast_head":"<!-- This site is optimized with the Yoast SEO plugin v23.3 - https:\/\/yoast.com\/wordpress\/plugins\/seo\/ -->\n<title>\u0160okolaadi-matcha kook - bio4you.eu\/retseptid<\/title>\n<meta name=\"robots\" content=\"index, follow, max-snippet:-1, max-image-preview:large, max-video-preview:-1\" \/>\n<link rel=\"canonical\" href=\"https:\/\/bio4you.eu\/retseptid\/toode\/sokolaadi-matcha-kook\/\" \/>\n<meta property=\"og:locale\" content=\"et_EE\" \/>\n<meta property=\"og:type\" content=\"article\" \/>\n<meta property=\"og:title\" content=\"\u0160okolaadi-matcha kook - bio4you.eu\/retseptid\" \/>\n<meta property=\"og:description\" content=\"P\u00f5hi:   150 g maap\u00e4hkleid  40 g kakaopulbrit  4 muna  70 g kookos\u00f5li  1 tl k\u00fcpsetuspulbrit  50 g er\u00fctritooli\u00a0  2 tl kaneeli  Sisu:   50 g mascarponet  50 g tumedat \u0161okolaadi  4 dl vahukoort  20 g er\u00fctritooli\u00a0  3 tl matcha pulbrit\u00a0\" \/>\n<meta property=\"og:url\" content=\"https:\/\/bio4you.eu\/retseptid\/toode\/sokolaadi-matcha-kook\/\" \/>\n<meta property=\"og:site_name\" content=\"bio4you.eu\/retseptid\" \/>\n<meta property=\"article:modified_time\" content=\"2022-05-17T07:25:43+00:00\" \/>\n<meta property=\"og:image\" content=\"https:\/\/bio4you.eu\/retseptid\/wp-content\/uploads\/2017\/10\/22279646_1769176123113609_3606651520855783512_n.jpg\" \/>\n\t<meta property=\"og:image:width\" content=\"960\" \/>\n\t<meta property=\"og:image:height\" content=\"640\" \/>\n\t<meta property=\"og:image:type\" content=\"image\/jpeg\" \/>\n<meta name=\"twitter:label1\" content=\"Est. reading time\" \/>\n\t<meta name=\"twitter:data1\" content=\"1 minut\" \/>\n<script type=\"application\/ld+json\" class=\"yoast-schema-graph\">{\"@context\":\"https:\/\/schema.org\",\"@graph\":[{\"@type\":\"WebPage\",\"@id\":\"https:\/\/bio4you.eu\/retseptid\/toode\/sokolaadi-matcha-kook\/\",\"url\":\"https:\/\/bio4you.eu\/retseptid\/toode\/sokolaadi-matcha-kook\/\",\"name\":\"\u0160okolaadi-matcha kook - bio4you.eu\/retseptid\",\"isPartOf\":{\"@id\":\"https:\/\/bio4you.eu\/retseptid\/#website\"},\"primaryImageOfPage\":{\"@id\":\"https:\/\/bio4you.eu\/retseptid\/toode\/sokolaadi-matcha-kook\/#primaryimage\"},\"image\":{\"@id\":\"https:\/\/bio4you.eu\/retseptid\/toode\/sokolaadi-matcha-kook\/#primaryimage\"},\"thumbnailUrl\":\"https:\/\/bio4you.eu\/retseptid\/wp-content\/uploads\/2017\/10\/22279646_1769176123113609_3606651520855783512_n.jpg\",\"datePublished\":\"2017-10-04T11:56:03+00:00\",\"dateModified\":\"2022-05-17T07:25:43+00:00\",\"breadcrumb\":{\"@id\":\"https:\/\/bio4you.eu\/retseptid\/toode\/sokolaadi-matcha-kook\/#breadcrumb\"},\"inLanguage\":\"et\",\"potentialAction\":[{\"@type\":\"ReadAction\",\"target\":[\"https:\/\/bio4you.eu\/retseptid\/toode\/sokolaadi-matcha-kook\/\"]}]},{\"@type\":\"ImageObject\",\"inLanguage\":\"et\",\"@id\":\"https:\/\/bio4you.eu\/retseptid\/toode\/sokolaadi-matcha-kook\/#primaryimage\",\"url\":\"https:\/\/bio4you.eu\/retseptid\/wp-content\/uploads\/2017\/10\/22279646_1769176123113609_3606651520855783512_n.jpg\",\"contentUrl\":\"https:\/\/bio4you.eu\/retseptid\/wp-content\/uploads\/2017\/10\/22279646_1769176123113609_3606651520855783512_n.jpg\",\"width\":960,\"height\":640},{\"@type\":\"BreadcrumbList\",\"@id\":\"https:\/\/bio4you.eu\/retseptid\/toode\/sokolaadi-matcha-kook\/#breadcrumb\",\"itemListElement\":[{\"@type\":\"ListItem\",\"position\":1,\"name\":\"Home\",\"item\":\"https:\/\/bio4you.eu\/retseptid\/\"},{\"@type\":\"ListItem\",\"position\":2,\"name\":\"\u0160okolaadi-matcha kook\"}]},{\"@type\":\"WebSite\",\"@id\":\"https:\/\/bio4you.eu\/retseptid\/#website\",\"url\":\"https:\/\/bio4you.eu\/retseptid\/\",\"name\":\"bio4you.eu\/retseptid\",\"description\":\"\u00d6ko retseptid ise tegemiseks, looduslikest koostisainetest. Maitsev toit, iluhooldus, kodupuhastus ja aiandus.\",\"potentialAction\":[{\"@type\":\"SearchAction\",\"target\":{\"@type\":\"EntryPoint\",\"urlTemplate\":\"https:\/\/bio4you.eu\/retseptid\/?s={search_term_string}\"},\"query-input\":\"required name=search_term_string\"}],\"inLanguage\":\"et\"}]}<\/script>\n<!-- \/ Yoast SEO plugin. -->","yoast_head_json":{"title":"\u0160okolaadi-matcha kook - bio4you.eu\/retseptid","robots":{"index":"index","follow":"follow","max-snippet":"max-snippet:-1","max-image-preview":"max-image-preview:large","max-video-preview":"max-video-preview:-1"},"canonical":"https:\/\/bio4you.eu\/retseptid\/toode\/sokolaadi-matcha-kook\/","og_locale":"et_EE","og_type":"article","og_title":"\u0160okolaadi-matcha kook - bio4you.eu\/retseptid","og_description":"P\u00f5hi:   150 g maap\u00e4hkleid  40 g kakaopulbrit  4 muna  70 g kookos\u00f5li  1 tl k\u00fcpsetuspulbrit  50 g er\u00fctritooli\u00a0  2 tl kaneeli  Sisu:   50 g mascarponet  50 g tumedat \u0161okolaadi  4 dl vahukoort  20 g er\u00fctritooli\u00a0  3 tl matcha pulbrit\u00a0","og_url":"https:\/\/bio4you.eu\/retseptid\/toode\/sokolaadi-matcha-kook\/","og_site_name":"bio4you.eu\/retseptid","article_modified_time":"2022-05-17T07:25:43+00:00","og_image":[{"width":960,"height":640,"url":"https:\/\/bio4you.eu\/retseptid\/wp-content\/uploads\/2017\/10\/22279646_1769176123113609_3606651520855783512_n.jpg","type":"image\/jpeg"}],"twitter_misc":{"Est. reading time":"1 minut"},"schema":{"@context":"https:\/\/schema.org","@graph":[{"@type":"WebPage","@id":"https:\/\/bio4you.eu\/retseptid\/toode\/sokolaadi-matcha-kook\/","url":"https:\/\/bio4you.eu\/retseptid\/toode\/sokolaadi-matcha-kook\/","name":"\u0160okolaadi-matcha kook - bio4you.eu\/retseptid","isPartOf":{"@id":"https:\/\/bio4you.eu\/retseptid\/#website"},"primaryImageOfPage":{"@id":"https:\/\/bio4you.eu\/retseptid\/toode\/sokolaadi-matcha-kook\/#primaryimage"},"image":{"@id":"https:\/\/bio4you.eu\/retseptid\/toode\/sokolaadi-matcha-kook\/#primaryimage"},"thumbnailUrl":"https:\/\/bio4you.eu\/retseptid\/wp-content\/uploads\/2017\/10\/22279646_1769176123113609_3606651520855783512_n.jpg","datePublished":"2017-10-04T11:56:03+00:00","dateModified":"2022-05-17T07:25:43+00:00","breadcrumb":{"@id":"https:\/\/bio4you.eu\/retseptid\/toode\/sokolaadi-matcha-kook\/#breadcrumb"},"inLanguage":"et","potentialAction":[{"@type":"ReadAction","target":["https:\/\/bio4you.eu\/retseptid\/toode\/sokolaadi-matcha-kook\/"]}]},{"@type":"ImageObject","inLanguage":"et","@id":"https:\/\/bio4you.eu\/retseptid\/toode\/sokolaadi-matcha-kook\/#primaryimage","url":"https:\/\/bio4you.eu\/retseptid\/wp-content\/uploads\/2017\/10\/22279646_1769176123113609_3606651520855783512_n.jpg","contentUrl":"https:\/\/bio4you.eu\/retseptid\/wp-content\/uploads\/2017\/10\/22279646_1769176123113609_3606651520855783512_n.jpg","width":960,"height":640},{"@type":"BreadcrumbList","@id":"https:\/\/bio4you.eu\/retseptid\/toode\/sokolaadi-matcha-kook\/#breadcrumb","itemListElement":[{"@type":"ListItem","position":1,"name":"Home","item":"https:\/\/bio4you.eu\/retseptid\/"},{"@type":"ListItem","position":2,"name":"\u0160okolaadi-matcha kook"}]},{"@type":"WebSite","@id":"https:\/\/bio4you.eu\/retseptid\/#website","url":"https:\/\/bio4you.eu\/retseptid\/","name":"bio4you.eu\/retseptid","description":"\u00d6ko retseptid ise tegemiseks, looduslikest koostisainetest. Maitsev toit, iluhooldus, kodupuhastus ja aiandus.","potentialAction":[{"@type":"SearchAction","target":{"@type":"EntryPoint","urlTemplate":"https:\/\/bio4you.eu\/retseptid\/?s={search_term_string}"},"query-input":"required name=search_term_string"}],"inLanguage":"et"}]}},"_links":{"self":[{"href":"https:\/\/bio4you.eu\/retseptid\/wp-json\/wp\/v2\/product\/3761"}],"collection":[{"href":"https:\/\/bio4you.eu\/retseptid\/wp-json\/wp\/v2\/product"}],"about":[{"href":"https:\/\/bio4you.eu\/retseptid\/wp-json\/wp\/v2\/types\/product"}],"replies":[{"embeddable":true,"href":"https:\/\/bio4you.eu\/retseptid\/wp-json\/wp\/v2\/comments?post=3761"}],"wp:featuredmedia":[{"embeddable":true,"href":"https:\/\/bio4you.eu\/retseptid\/wp-json\/wp\/v2\/media\/3762"}],"wp:attachment":[{"href":"https:\/\/bio4you.eu\/retseptid\/wp-json\/wp\/v2\/media?parent=3761"}],"wp:term":[{"taxonomy":"product_cat","embeddable":true,"href":"https:\/\/bio4you.eu\/retseptid\/wp-json\/wp\/v2\/product_cat?post=3761"},{"taxonomy":"product_tag","embeddable":true,"href":"https:\/\/bio4you.eu\/retseptid\/wp-json\/wp\/v2\/product_tag?post=3761"}],"curies":[{"name":"wp","href":"https:\/\/api.w.org\/{rel}","templated":true}]}}