{"id":3774,"date":"2017-10-16T15:22:27","date_gmt":"2017-10-16T12:22:27","guid":{"rendered":"https:\/\/bio4you.eu\/retseptid\/?post_type=product&#038;p=3774"},"modified":"2022-05-12T14:41:36","modified_gmt":"2022-05-12T11:41:36","slug":"baklazaani-guljass","status":"publish","type":"product","link":"https:\/\/bio4you.eu\/retseptid\/toode\/baklazaani-guljass\/","title":{"rendered":"Bakla\u017eaanigulja\u0161\u0161"},"content":{"rendered":"<p>Valmistamine:<br \/>\nPrae sibul kuldpruuniks ning lisa t\u00fckeldatud porgandid ja bakla\u017eaanit\u00fckid. Pruunista veel umbes viis minutit ning lisa maitseained. Sega tapioki pulber 1 dl veega \u00fchtlaseks massiks ning aseta hetkeks k\u00f5rvale.<br \/>\nPruunistatud k\u00f6\u00f6giviljadele lisa tomatipasta koos k\u00f6\u00f6gikoorega ning aeglaselt segades ka tapioki mass. N\u00fc\u00fcd lisa v\u00e4hehaaval vett, et saada meeldiv kastme paksus. Maitse j\u00e4rgi v\u00f5ib lisada veel soola v\u00f5i tomatipastat.<\/p>\n<p>Serveeri meeldiva lisandiga. N\u00e4iteks kartuli v\u00f5i riisiga.<\/p>\n","protected":false},"excerpt":{"rendered":"<p>Vaja l\u00e4heb:<\/p>\n<ul>\n<li>2 keskmist sibulat<\/li>\n<li>\u00f5li praadimiseks<\/li>\n<li>1 porgand<\/li>\n<li>1 v\u00e4iksem bakla\u017eaan<\/li>\n<li>1 tl <a href=\"https:\/\/bio4you.eu\/et\/otsi?controller=search&amp;order=product.position.desc&amp;s=sool&amp;utm_source=blogi&amp;utm_medium=bioretsept&amp;utm_campaign=retsept\"><span style=\"color: #99cc00;\">himaalaja soola<\/span><\/a><\/li>\n<li>1,5 tl <a href=\"https:\/\/bio4you.eu\/et\/maitseained\/5256-suitsutatud-paprika-pulber-35g.html\"><span style=\"color: #99cc00;\">paprikapulbrit<\/span><\/a><\/li>\n<li>natuke purustatud musta pipart<\/li>\n<li>0,5- 1 dl <a href=\"https:\/\/bio4you.eu\/et\/toiduvalmistamine\/3483-kodune-tomatipasta-700g.html\"><span style=\"color: #99cc00;\">tomatipastat<\/span><\/a><\/li>\n<li>1 dl <a href=\"https:\/\/bio4you.eu\/et\/taimsed-piimad-ja-koored\/1459-kaerakoor-200ml-the-bridge.html\"><span style=\"color: #99cc00;\">taimset k\u00f6\u00f6gikoort<\/span><\/a><\/li>\n<li>1-2 dl vett<\/li>\n<li>1 spl <a href=\"https:\/\/bio4you.eu\/et\/kuepsetamiseks\/1130-tapioki-pulber-250g-fior-di-loto.html?search_query=tapiok&amp;results=5&amp;utm_source=Retseptireklaam&amp;utm_medium=Bioretsept&amp;utm_campaign=Retsept\"><span style=\"color: #99cc00;\">tapiokipulbrit<\/span> <\/a>v\u00f5i muud jahu kastme paksendamiseks<\/li>\n<\/ul>\n","protected":false},"featured_media":3775,"comment_status":"open","ping_status":"closed","template":"","meta":{"_exactmetrics_skip_tracking":false,"_exactmetrics_sitenote_active":false,"_exactmetrics_sitenote_note":"","_exactmetrics_sitenote_category":0},"product_cat":[60,382,383,74],"product_tag":[],"class_list":{"0":"post-3774","1":"product","2":"type-product","3":"status-publish","4":"has-post-thumbnail","6":"product_cat-toiduretseptid","7":"product_cat-vegan-toiduretseptid","8":"product_cat-taimetoit","9":"product_cat-kastmed-maarded-voided","11":"first","12":"instock","13":"shipping-taxable","14":"product-type-simple"},"yoast_head":"<!-- This site is optimized with the Yoast SEO plugin v23.3 - https:\/\/yoast.com\/wordpress\/plugins\/seo\/ -->\n<title>Bakla\u017eaanigulja\u0161\u0161 - bio4you.eu\/retseptid<\/title>\n<meta name=\"robots\" content=\"index, follow, max-snippet:-1, max-image-preview:large, max-video-preview:-1\" \/>\n<link rel=\"canonical\" href=\"https:\/\/bio4you.eu\/retseptid\/toode\/baklazaani-guljass\/\" \/>\n<meta property=\"og:locale\" content=\"et_EE\" \/>\n<meta property=\"og:type\" content=\"article\" \/>\n<meta property=\"og:title\" content=\"Bakla\u017eaanigulja\u0161\u0161 - bio4you.eu\/retseptid\" \/>\n<meta property=\"og:description\" content=\"Vaja l\u00e4heb:   2 keskmist sibulat  \u00f5li praadimiseks  1 porgand  1 v\u00e4iksem bakla\u017eaan  1 tl himaalaja soola  1,5 tl paprikapulbrit  natuke purustatud musta pipart  0,5- 1 dl tomatipastat  1 dl taimset k\u00f6\u00f6gikoort  1-2 dl vett  1 spl tapiokipulbrit v\u00f5i muud jahu kastme paksendamiseks\" \/>\n<meta property=\"og:url\" content=\"https:\/\/bio4you.eu\/retseptid\/toode\/baklazaani-guljass\/\" \/>\n<meta property=\"og:site_name\" content=\"bio4you.eu\/retseptid\" \/>\n<meta property=\"article:modified_time\" content=\"2022-05-12T11:41:36+00:00\" \/>\n<meta property=\"og:image\" content=\"https:\/\/bio4you.eu\/retseptid\/wp-content\/uploads\/2017\/10\/IMG_6500-scaled.jpg\" \/>\n\t<meta property=\"og:image:width\" content=\"2560\" \/>\n\t<meta property=\"og:image:height\" content=\"1707\" \/>\n\t<meta property=\"og:image:type\" content=\"image\/jpeg\" \/>\n<meta name=\"twitter:label1\" content=\"Est. reading time\" \/>\n\t<meta name=\"twitter:data1\" content=\"1 minut\" \/>\n<script type=\"application\/ld+json\" class=\"yoast-schema-graph\">{\"@context\":\"https:\/\/schema.org\",\"@graph\":[{\"@type\":\"WebPage\",\"@id\":\"https:\/\/bio4you.eu\/retseptid\/toode\/baklazaani-guljass\/\",\"url\":\"https:\/\/bio4you.eu\/retseptid\/toode\/baklazaani-guljass\/\",\"name\":\"Bakla\u017eaanigulja\u0161\u0161 - bio4you.eu\/retseptid\",\"isPartOf\":{\"@id\":\"https:\/\/bio4you.eu\/retseptid\/#website\"},\"primaryImageOfPage\":{\"@id\":\"https:\/\/bio4you.eu\/retseptid\/toode\/baklazaani-guljass\/#primaryimage\"},\"image\":{\"@id\":\"https:\/\/bio4you.eu\/retseptid\/toode\/baklazaani-guljass\/#primaryimage\"},\"thumbnailUrl\":\"https:\/\/bio4you.eu\/retseptid\/wp-content\/uploads\/2017\/10\/IMG_6500-scaled.jpg\",\"datePublished\":\"2017-10-16T12:22:27+00:00\",\"dateModified\":\"2022-05-12T11:41:36+00:00\",\"breadcrumb\":{\"@id\":\"https:\/\/bio4you.eu\/retseptid\/toode\/baklazaani-guljass\/#breadcrumb\"},\"inLanguage\":\"et\",\"potentialAction\":[{\"@type\":\"ReadAction\",\"target\":[\"https:\/\/bio4you.eu\/retseptid\/toode\/baklazaani-guljass\/\"]}]},{\"@type\":\"ImageObject\",\"inLanguage\":\"et\",\"@id\":\"https:\/\/bio4you.eu\/retseptid\/toode\/baklazaani-guljass\/#primaryimage\",\"url\":\"https:\/\/bio4you.eu\/retseptid\/wp-content\/uploads\/2017\/10\/IMG_6500-scaled.jpg\",\"contentUrl\":\"https:\/\/bio4you.eu\/retseptid\/wp-content\/uploads\/2017\/10\/IMG_6500-scaled.jpg\",\"width\":2560,\"height\":1707},{\"@type\":\"BreadcrumbList\",\"@id\":\"https:\/\/bio4you.eu\/retseptid\/toode\/baklazaani-guljass\/#breadcrumb\",\"itemListElement\":[{\"@type\":\"ListItem\",\"position\":1,\"name\":\"Home\",\"item\":\"https:\/\/bio4you.eu\/retseptid\/\"},{\"@type\":\"ListItem\",\"position\":2,\"name\":\"Bakla\u017eaanigulja\u0161\u0161\"}]},{\"@type\":\"WebSite\",\"@id\":\"https:\/\/bio4you.eu\/retseptid\/#website\",\"url\":\"https:\/\/bio4you.eu\/retseptid\/\",\"name\":\"bio4you.eu\/retseptid\",\"description\":\"\u00d6ko retseptid ise tegemiseks, looduslikest koostisainetest. Maitsev toit, iluhooldus, kodupuhastus ja aiandus.\",\"potentialAction\":[{\"@type\":\"SearchAction\",\"target\":{\"@type\":\"EntryPoint\",\"urlTemplate\":\"https:\/\/bio4you.eu\/retseptid\/?s={search_term_string}\"},\"query-input\":\"required name=search_term_string\"}],\"inLanguage\":\"et\"}]}<\/script>\n<!-- \/ Yoast SEO plugin. -->","yoast_head_json":{"title":"Bakla\u017eaanigulja\u0161\u0161 - bio4you.eu\/retseptid","robots":{"index":"index","follow":"follow","max-snippet":"max-snippet:-1","max-image-preview":"max-image-preview:large","max-video-preview":"max-video-preview:-1"},"canonical":"https:\/\/bio4you.eu\/retseptid\/toode\/baklazaani-guljass\/","og_locale":"et_EE","og_type":"article","og_title":"Bakla\u017eaanigulja\u0161\u0161 - bio4you.eu\/retseptid","og_description":"Vaja l\u00e4heb:   2 keskmist sibulat  \u00f5li praadimiseks  1 porgand  1 v\u00e4iksem bakla\u017eaan  1 tl himaalaja soola  1,5 tl paprikapulbrit  natuke purustatud musta pipart  0,5- 1 dl tomatipastat  1 dl taimset k\u00f6\u00f6gikoort  1-2 dl vett  1 spl tapiokipulbrit v\u00f5i muud jahu kastme paksendamiseks","og_url":"https:\/\/bio4you.eu\/retseptid\/toode\/baklazaani-guljass\/","og_site_name":"bio4you.eu\/retseptid","article_modified_time":"2022-05-12T11:41:36+00:00","og_image":[{"width":2560,"height":1707,"url":"https:\/\/bio4you.eu\/retseptid\/wp-content\/uploads\/2017\/10\/IMG_6500-scaled.jpg","type":"image\/jpeg"}],"twitter_misc":{"Est. reading time":"1 minut"},"schema":{"@context":"https:\/\/schema.org","@graph":[{"@type":"WebPage","@id":"https:\/\/bio4you.eu\/retseptid\/toode\/baklazaani-guljass\/","url":"https:\/\/bio4you.eu\/retseptid\/toode\/baklazaani-guljass\/","name":"Bakla\u017eaanigulja\u0161\u0161 - bio4you.eu\/retseptid","isPartOf":{"@id":"https:\/\/bio4you.eu\/retseptid\/#website"},"primaryImageOfPage":{"@id":"https:\/\/bio4you.eu\/retseptid\/toode\/baklazaani-guljass\/#primaryimage"},"image":{"@id":"https:\/\/bio4you.eu\/retseptid\/toode\/baklazaani-guljass\/#primaryimage"},"thumbnailUrl":"https:\/\/bio4you.eu\/retseptid\/wp-content\/uploads\/2017\/10\/IMG_6500-scaled.jpg","datePublished":"2017-10-16T12:22:27+00:00","dateModified":"2022-05-12T11:41:36+00:00","breadcrumb":{"@id":"https:\/\/bio4you.eu\/retseptid\/toode\/baklazaani-guljass\/#breadcrumb"},"inLanguage":"et","potentialAction":[{"@type":"ReadAction","target":["https:\/\/bio4you.eu\/retseptid\/toode\/baklazaani-guljass\/"]}]},{"@type":"ImageObject","inLanguage":"et","@id":"https:\/\/bio4you.eu\/retseptid\/toode\/baklazaani-guljass\/#primaryimage","url":"https:\/\/bio4you.eu\/retseptid\/wp-content\/uploads\/2017\/10\/IMG_6500-scaled.jpg","contentUrl":"https:\/\/bio4you.eu\/retseptid\/wp-content\/uploads\/2017\/10\/IMG_6500-scaled.jpg","width":2560,"height":1707},{"@type":"BreadcrumbList","@id":"https:\/\/bio4you.eu\/retseptid\/toode\/baklazaani-guljass\/#breadcrumb","itemListElement":[{"@type":"ListItem","position":1,"name":"Home","item":"https:\/\/bio4you.eu\/retseptid\/"},{"@type":"ListItem","position":2,"name":"Bakla\u017eaanigulja\u0161\u0161"}]},{"@type":"WebSite","@id":"https:\/\/bio4you.eu\/retseptid\/#website","url":"https:\/\/bio4you.eu\/retseptid\/","name":"bio4you.eu\/retseptid","description":"\u00d6ko retseptid ise tegemiseks, looduslikest koostisainetest. Maitsev toit, iluhooldus, kodupuhastus ja aiandus.","potentialAction":[{"@type":"SearchAction","target":{"@type":"EntryPoint","urlTemplate":"https:\/\/bio4you.eu\/retseptid\/?s={search_term_string}"},"query-input":"required name=search_term_string"}],"inLanguage":"et"}]}},"_links":{"self":[{"href":"https:\/\/bio4you.eu\/retseptid\/wp-json\/wp\/v2\/product\/3774"}],"collection":[{"href":"https:\/\/bio4you.eu\/retseptid\/wp-json\/wp\/v2\/product"}],"about":[{"href":"https:\/\/bio4you.eu\/retseptid\/wp-json\/wp\/v2\/types\/product"}],"replies":[{"embeddable":true,"href":"https:\/\/bio4you.eu\/retseptid\/wp-json\/wp\/v2\/comments?post=3774"}],"wp:featuredmedia":[{"embeddable":true,"href":"https:\/\/bio4you.eu\/retseptid\/wp-json\/wp\/v2\/media\/3775"}],"wp:attachment":[{"href":"https:\/\/bio4you.eu\/retseptid\/wp-json\/wp\/v2\/media?parent=3774"}],"wp:term":[{"taxonomy":"product_cat","embeddable":true,"href":"https:\/\/bio4you.eu\/retseptid\/wp-json\/wp\/v2\/product_cat?post=3774"},{"taxonomy":"product_tag","embeddable":true,"href":"https:\/\/bio4you.eu\/retseptid\/wp-json\/wp\/v2\/product_tag?post=3774"}],"curies":[{"name":"wp","href":"https:\/\/api.w.org\/{rel}","templated":true}]}}