{"id":3778,"date":"2017-11-01T16:05:53","date_gmt":"2017-11-01T14:05:53","guid":{"rendered":"https:\/\/bio4you.eu\/retseptid\/?post_type=product&#038;p=3778"},"modified":"2022-05-12T13:44:44","modified_gmt":"2022-05-12T10:44:44","slug":"punase-peakapsa-supp-mattubadega","status":"publish","type":"product","link":"https:\/\/bio4you.eu\/retseptid\/toode\/punase-peakapsa-supp-mattubadega\/","title":{"rendered":"Punase peakapsa supp mattubadega"},"content":{"rendered":"<p>Riivi sibul ja kuumuta seda oliivi\u00f5lis,\u00a0lisa viilutatud peakapsas ja kuumuta paar minutit.<br \/>\nLisa mattoad, nii palju keevat vett, et kapsas ja oad on kaetud ning\u00a0puljongikuubik. Keeda keskmisel kuumusel umbes 15 minutit.<br \/>\nN\u00fc\u00fcd lisa\u00a03 t\u00fckeldatud kartulit, kapperid ja maitseained, vajadusel veel vett ja soovi korral peot\u00e4is hapukapsast. Keeda veel umbes 30 minutit v\u00f5i kuni kartulid on pehmed. Enne serveerimist maitsesta vajadusel veel.<\/p>\n","protected":false},"excerpt":{"rendered":"<p>Vaja l\u00e4heb:<\/p>\n<ul>\n<li>1 punane peakapsas<\/li>\n<li>200 g <a href=\"https:\/\/bio4you.eu\/et\/kuivained\/2845-mattuba-500g.html?utm_source=blogi&amp;utm_medium=bioretsept&amp;utm_campaign=retsept\"><span style=\"color: #99cc00;\">mattube<\/span><\/a><\/li>\n<li>3 kartulit<\/li>\n<li><a href=\"https:\/\/bio4you.eu\/et\/otsi?controller=search&amp;order=product.position.desc&amp;s=oliivi%C3%B5li&amp;utm_source=blogi&amp;utm_medium=bioretsept&amp;utm_campaign=retsept\"><span style=\"color: #99cc00;\">oliivi\u00f5li<\/span><\/a><\/li>\n<li><a href=\"https:\/\/bio4you.eu\/et\/437-maitsetaimed-ja-segud?utm_source=blogi&amp;utm_medium=bioretsept&amp;utm_campaign=retsept\"><span style=\"color: #99cc00;\">maitseaineid<\/span> <\/a>(20 kapparit, karrit, cayenne pipart, kardemoni, ristik\u00f6\u00f6met, t\u00e4htaniisi, kurkumit ja muud mida kodus leidub- k\u00f5ike noaotsat\u00e4is)<\/li>\n<li>1 <a href=\"https:\/\/bio4you.eu\/et\/puljong\/1097-puljongikuubikud-parmita-6tk-66g-fior-di-loto.html?search_query=puljong&amp;results=2&amp;utm_source=Bioretsept&amp;utm_medium=Retseptireklaam&amp;utm_campaign=Retsept\"><span style=\"color: #99cc00;\">puljongikuubik<\/span><\/a><\/li>\n<li>hapuka maitse saamiseks v\u00f5ib lisada peot\u00e4ie hapukapsast<\/li>\n<\/ul>\n","protected":false},"featured_media":3779,"comment_status":"open","ping_status":"closed","template":"","meta":{"_exactmetrics_skip_tracking":false,"_exactmetrics_sitenote_active":false,"_exactmetrics_sitenote_note":"","_exactmetrics_sitenote_category":0},"product_cat":[60,382,63,383,379],"product_tag":[],"class_list":{"0":"post-3778","1":"product","2":"type-product","3":"status-publish","4":"has-post-thumbnail","6":"product_cat-toiduretseptid","7":"product_cat-vegan-toiduretseptid","8":"product_cat-gluteenivabad-retseptid","9":"product_cat-taimetoit","10":"product_cat-supid","12":"first","13":"instock","14":"shipping-taxable","15":"product-type-simple"},"yoast_head":"<!-- This site is optimized with the Yoast SEO plugin v23.3 - https:\/\/yoast.com\/wordpress\/plugins\/seo\/ -->\n<title>Punase peakapsa supp mattubadega - bio4you.eu\/retseptid<\/title>\n<meta name=\"robots\" content=\"index, follow, max-snippet:-1, max-image-preview:large, max-video-preview:-1\" \/>\n<link rel=\"canonical\" href=\"https:\/\/bio4you.eu\/retseptid\/toode\/punase-peakapsa-supp-mattubadega\/\" \/>\n<meta property=\"og:locale\" content=\"et_EE\" \/>\n<meta property=\"og:type\" content=\"article\" \/>\n<meta property=\"og:title\" content=\"Punase peakapsa supp mattubadega - bio4you.eu\/retseptid\" \/>\n<meta property=\"og:description\" content=\"Vaja l\u00e4heb:   1 punane peakapsas  200 g mattube  3 kartulit  oliivi\u00f5li  maitseaineid (20 kapparit, karrit, cayenne pipart, kardemoni, ristik\u00f6\u00f6met, t\u00e4htaniisi, kurkumit ja muud mida kodus leidub- k\u00f5ike noaotsat\u00e4is)  1 puljongikuubik  hapuka maitse saamiseks v\u00f5ib lisada peot\u00e4ie hapukapsast\" \/>\n<meta property=\"og:url\" content=\"https:\/\/bio4you.eu\/retseptid\/toode\/punase-peakapsa-supp-mattubadega\/\" \/>\n<meta property=\"og:site_name\" content=\"bio4you.eu\/retseptid\" \/>\n<meta property=\"article:modified_time\" content=\"2022-05-12T10:44:44+00:00\" \/>\n<meta property=\"og:image\" content=\"https:\/\/bio4you.eu\/retseptid\/wp-content\/uploads\/2017\/11\/IMG_1713-scaled.jpg\" \/>\n\t<meta property=\"og:image:width\" content=\"2560\" \/>\n\t<meta property=\"og:image:height\" content=\"1852\" \/>\n\t<meta property=\"og:image:type\" content=\"image\/jpeg\" \/>\n<script type=\"application\/ld+json\" class=\"yoast-schema-graph\">{\"@context\":\"https:\/\/schema.org\",\"@graph\":[{\"@type\":\"WebPage\",\"@id\":\"https:\/\/bio4you.eu\/retseptid\/toode\/punase-peakapsa-supp-mattubadega\/\",\"url\":\"https:\/\/bio4you.eu\/retseptid\/toode\/punase-peakapsa-supp-mattubadega\/\",\"name\":\"Punase peakapsa supp mattubadega - bio4you.eu\/retseptid\",\"isPartOf\":{\"@id\":\"https:\/\/bio4you.eu\/retseptid\/#website\"},\"primaryImageOfPage\":{\"@id\":\"https:\/\/bio4you.eu\/retseptid\/toode\/punase-peakapsa-supp-mattubadega\/#primaryimage\"},\"image\":{\"@id\":\"https:\/\/bio4you.eu\/retseptid\/toode\/punase-peakapsa-supp-mattubadega\/#primaryimage\"},\"thumbnailUrl\":\"https:\/\/bio4you.eu\/retseptid\/wp-content\/uploads\/2017\/11\/IMG_1713-scaled.jpg\",\"datePublished\":\"2017-11-01T14:05:53+00:00\",\"dateModified\":\"2022-05-12T10:44:44+00:00\",\"breadcrumb\":{\"@id\":\"https:\/\/bio4you.eu\/retseptid\/toode\/punase-peakapsa-supp-mattubadega\/#breadcrumb\"},\"inLanguage\":\"et\",\"potentialAction\":[{\"@type\":\"ReadAction\",\"target\":[\"https:\/\/bio4you.eu\/retseptid\/toode\/punase-peakapsa-supp-mattubadega\/\"]}]},{\"@type\":\"ImageObject\",\"inLanguage\":\"et\",\"@id\":\"https:\/\/bio4you.eu\/retseptid\/toode\/punase-peakapsa-supp-mattubadega\/#primaryimage\",\"url\":\"https:\/\/bio4you.eu\/retseptid\/wp-content\/uploads\/2017\/11\/IMG_1713-scaled.jpg\",\"contentUrl\":\"https:\/\/bio4you.eu\/retseptid\/wp-content\/uploads\/2017\/11\/IMG_1713-scaled.jpg\",\"width\":2560,\"height\":1852},{\"@type\":\"BreadcrumbList\",\"@id\":\"https:\/\/bio4you.eu\/retseptid\/toode\/punase-peakapsa-supp-mattubadega\/#breadcrumb\",\"itemListElement\":[{\"@type\":\"ListItem\",\"position\":1,\"name\":\"Home\",\"item\":\"https:\/\/bio4you.eu\/retseptid\/\"},{\"@type\":\"ListItem\",\"position\":2,\"name\":\"Punase peakapsa supp mattubadega\"}]},{\"@type\":\"WebSite\",\"@id\":\"https:\/\/bio4you.eu\/retseptid\/#website\",\"url\":\"https:\/\/bio4you.eu\/retseptid\/\",\"name\":\"bio4you.eu\/retseptid\",\"description\":\"\u00d6ko retseptid ise tegemiseks, looduslikest koostisainetest. Maitsev toit, iluhooldus, kodupuhastus ja aiandus.\",\"potentialAction\":[{\"@type\":\"SearchAction\",\"target\":{\"@type\":\"EntryPoint\",\"urlTemplate\":\"https:\/\/bio4you.eu\/retseptid\/?s={search_term_string}\"},\"query-input\":\"required name=search_term_string\"}],\"inLanguage\":\"et\"}]}<\/script>\n<!-- \/ Yoast SEO plugin. -->","yoast_head_json":{"title":"Punase peakapsa supp mattubadega - bio4you.eu\/retseptid","robots":{"index":"index","follow":"follow","max-snippet":"max-snippet:-1","max-image-preview":"max-image-preview:large","max-video-preview":"max-video-preview:-1"},"canonical":"https:\/\/bio4you.eu\/retseptid\/toode\/punase-peakapsa-supp-mattubadega\/","og_locale":"et_EE","og_type":"article","og_title":"Punase peakapsa supp mattubadega - bio4you.eu\/retseptid","og_description":"Vaja l\u00e4heb:   1 punane peakapsas  200 g mattube  3 kartulit  oliivi\u00f5li  maitseaineid (20 kapparit, karrit, cayenne pipart, kardemoni, ristik\u00f6\u00f6met, t\u00e4htaniisi, kurkumit ja muud mida kodus leidub- k\u00f5ike noaotsat\u00e4is)  1 puljongikuubik  hapuka maitse saamiseks v\u00f5ib lisada peot\u00e4ie hapukapsast","og_url":"https:\/\/bio4you.eu\/retseptid\/toode\/punase-peakapsa-supp-mattubadega\/","og_site_name":"bio4you.eu\/retseptid","article_modified_time":"2022-05-12T10:44:44+00:00","og_image":[{"width":2560,"height":1852,"url":"https:\/\/bio4you.eu\/retseptid\/wp-content\/uploads\/2017\/11\/IMG_1713-scaled.jpg","type":"image\/jpeg"}],"schema":{"@context":"https:\/\/schema.org","@graph":[{"@type":"WebPage","@id":"https:\/\/bio4you.eu\/retseptid\/toode\/punase-peakapsa-supp-mattubadega\/","url":"https:\/\/bio4you.eu\/retseptid\/toode\/punase-peakapsa-supp-mattubadega\/","name":"Punase peakapsa supp mattubadega - bio4you.eu\/retseptid","isPartOf":{"@id":"https:\/\/bio4you.eu\/retseptid\/#website"},"primaryImageOfPage":{"@id":"https:\/\/bio4you.eu\/retseptid\/toode\/punase-peakapsa-supp-mattubadega\/#primaryimage"},"image":{"@id":"https:\/\/bio4you.eu\/retseptid\/toode\/punase-peakapsa-supp-mattubadega\/#primaryimage"},"thumbnailUrl":"https:\/\/bio4you.eu\/retseptid\/wp-content\/uploads\/2017\/11\/IMG_1713-scaled.jpg","datePublished":"2017-11-01T14:05:53+00:00","dateModified":"2022-05-12T10:44:44+00:00","breadcrumb":{"@id":"https:\/\/bio4you.eu\/retseptid\/toode\/punase-peakapsa-supp-mattubadega\/#breadcrumb"},"inLanguage":"et","potentialAction":[{"@type":"ReadAction","target":["https:\/\/bio4you.eu\/retseptid\/toode\/punase-peakapsa-supp-mattubadega\/"]}]},{"@type":"ImageObject","inLanguage":"et","@id":"https:\/\/bio4you.eu\/retseptid\/toode\/punase-peakapsa-supp-mattubadega\/#primaryimage","url":"https:\/\/bio4you.eu\/retseptid\/wp-content\/uploads\/2017\/11\/IMG_1713-scaled.jpg","contentUrl":"https:\/\/bio4you.eu\/retseptid\/wp-content\/uploads\/2017\/11\/IMG_1713-scaled.jpg","width":2560,"height":1852},{"@type":"BreadcrumbList","@id":"https:\/\/bio4you.eu\/retseptid\/toode\/punase-peakapsa-supp-mattubadega\/#breadcrumb","itemListElement":[{"@type":"ListItem","position":1,"name":"Home","item":"https:\/\/bio4you.eu\/retseptid\/"},{"@type":"ListItem","position":2,"name":"Punase peakapsa supp mattubadega"}]},{"@type":"WebSite","@id":"https:\/\/bio4you.eu\/retseptid\/#website","url":"https:\/\/bio4you.eu\/retseptid\/","name":"bio4you.eu\/retseptid","description":"\u00d6ko retseptid ise tegemiseks, looduslikest koostisainetest. Maitsev toit, iluhooldus, kodupuhastus ja aiandus.","potentialAction":[{"@type":"SearchAction","target":{"@type":"EntryPoint","urlTemplate":"https:\/\/bio4you.eu\/retseptid\/?s={search_term_string}"},"query-input":"required name=search_term_string"}],"inLanguage":"et"}]}},"_links":{"self":[{"href":"https:\/\/bio4you.eu\/retseptid\/wp-json\/wp\/v2\/product\/3778"}],"collection":[{"href":"https:\/\/bio4you.eu\/retseptid\/wp-json\/wp\/v2\/product"}],"about":[{"href":"https:\/\/bio4you.eu\/retseptid\/wp-json\/wp\/v2\/types\/product"}],"replies":[{"embeddable":true,"href":"https:\/\/bio4you.eu\/retseptid\/wp-json\/wp\/v2\/comments?post=3778"}],"wp:featuredmedia":[{"embeddable":true,"href":"https:\/\/bio4you.eu\/retseptid\/wp-json\/wp\/v2\/media\/3779"}],"wp:attachment":[{"href":"https:\/\/bio4you.eu\/retseptid\/wp-json\/wp\/v2\/media?parent=3778"}],"wp:term":[{"taxonomy":"product_cat","embeddable":true,"href":"https:\/\/bio4you.eu\/retseptid\/wp-json\/wp\/v2\/product_cat?post=3778"},{"taxonomy":"product_tag","embeddable":true,"href":"https:\/\/bio4you.eu\/retseptid\/wp-json\/wp\/v2\/product_tag?post=3778"}],"curies":[{"name":"wp","href":"https:\/\/api.w.org\/{rel}","templated":true}]}}