{"id":3781,"date":"2017-11-08T14:35:26","date_gmt":"2017-11-08T12:35:26","guid":{"rendered":"https:\/\/bio4you.eu\/retseptid\/?post_type=product&#038;p=3781"},"modified":"2022-05-12T13:56:02","modified_gmt":"2022-05-12T10:56:02","slug":"roheline-detox-smuuti-2","status":"publish","type":"product","link":"https:\/\/bio4you.eu\/retseptid\/toode\/roheline-detox-smuuti-2\/","title":{"rendered":"Troopiline roheline detox smuuti"},"content":{"rendered":"<p>Valmistamine:<br \/>\nT\u00fckelda banaan ja mango, aseta blenderisse. Lisa juurde peot\u00e4is spinatit, ananassimahl ja vesi. Blenderda nii kaua kuni smuutis enam t\u00fckke pole. Sega juurde detox supersegu.<br \/>\nVala smuuti klaasi ja naudi imelist maitsetekooslust!<\/p>\n","protected":false},"excerpt":{"rendered":"<p>Vaja l\u00e4heb:<\/p>\n<ul>\n<li>Peot\u00e4is spinatit<\/li>\n<li>1 k\u00fclmutatud banaan<\/li>\n<li>pool mangot v\u00f5i\u00a01 kiivi (s\u00f5ltuvalt eelistusest)<\/li>\n<li>0,5 dl ananassimahla<\/li>\n<li>0,75 dl vett<\/li>\n<li>1 tl <a href=\"https:\/\/bio4you.eu\/et\/supersegud\/1783-supersegu-detox-125g-nutrisslim.html?search_query=detox&amp;results=1&amp;utm_source=Bioretsept&amp;utm_medium=Retseptireklaam&amp;utm_campaign=Retsept\"><span style=\"color: #99cc00;\">detox supersegu<\/span><\/a><\/li>\n<\/ul>\n","protected":false},"featured_media":3783,"comment_status":"open","ping_status":"closed","template":"","meta":{"_exactmetrics_skip_tracking":false,"_exactmetrics_sitenote_active":false,"_exactmetrics_sitenote_note":"","_exactmetrics_sitenote_category":0},"product_cat":[59,60,382,383,376],"product_tag":[],"class_list":{"0":"post-3781","1":"product","2":"type-product","3":"status-publish","4":"has-post-thumbnail","6":"product_cat-featured","7":"product_cat-toiduretseptid","8":"product_cat-vegan-toiduretseptid","9":"product_cat-taimetoit","10":"product_cat-smuutid","12":"first","13":"instock","14":"shipping-taxable","15":"product-type-simple"},"yoast_head":"<!-- This site is optimized with the Yoast SEO plugin v23.3 - https:\/\/yoast.com\/wordpress\/plugins\/seo\/ -->\n<title>Troopiline roheline detox smuuti - bio4you.eu\/retseptid<\/title>\n<meta name=\"robots\" content=\"index, follow, max-snippet:-1, max-image-preview:large, max-video-preview:-1\" \/>\n<link rel=\"canonical\" href=\"https:\/\/bio4you.eu\/retseptid\/toode\/roheline-detox-smuuti-2\/\" \/>\n<meta property=\"og:locale\" content=\"et_EE\" \/>\n<meta property=\"og:type\" content=\"article\" \/>\n<meta property=\"og:title\" content=\"Troopiline roheline detox smuuti - bio4you.eu\/retseptid\" \/>\n<meta property=\"og:description\" content=\"Vaja l\u00e4heb:   Peot\u00e4is spinatit  1 k\u00fclmutatud banaan  pool mangot v\u00f5i\u00a01 kiivi (s\u00f5ltuvalt eelistusest)  0,5 dl ananassimahla  0,75 dl vett  1 tl detox supersegu\" \/>\n<meta property=\"og:url\" content=\"https:\/\/bio4you.eu\/retseptid\/toode\/roheline-detox-smuuti-2\/\" \/>\n<meta property=\"og:site_name\" content=\"bio4you.eu\/retseptid\" \/>\n<meta property=\"article:modified_time\" content=\"2022-05-12T10:56:02+00:00\" \/>\n<meta property=\"og:image\" content=\"https:\/\/bio4you.eu\/retseptid\/wp-content\/uploads\/2017\/11\/image1-4.jpg\" \/>\n\t<meta property=\"og:image:width\" content=\"505\" \/>\n\t<meta property=\"og:image:height\" content=\"673\" \/>\n\t<meta property=\"og:image:type\" content=\"image\/jpeg\" \/>\n<script type=\"application\/ld+json\" class=\"yoast-schema-graph\">{\"@context\":\"https:\/\/schema.org\",\"@graph\":[{\"@type\":\"WebPage\",\"@id\":\"https:\/\/bio4you.eu\/retseptid\/toode\/roheline-detox-smuuti-2\/\",\"url\":\"https:\/\/bio4you.eu\/retseptid\/toode\/roheline-detox-smuuti-2\/\",\"name\":\"Troopiline roheline detox smuuti - bio4you.eu\/retseptid\",\"isPartOf\":{\"@id\":\"https:\/\/bio4you.eu\/retseptid\/#website\"},\"primaryImageOfPage\":{\"@id\":\"https:\/\/bio4you.eu\/retseptid\/toode\/roheline-detox-smuuti-2\/#primaryimage\"},\"image\":{\"@id\":\"https:\/\/bio4you.eu\/retseptid\/toode\/roheline-detox-smuuti-2\/#primaryimage\"},\"thumbnailUrl\":\"https:\/\/bio4you.eu\/retseptid\/wp-content\/uploads\/2017\/11\/image1-4.jpg\",\"datePublished\":\"2017-11-08T12:35:26+00:00\",\"dateModified\":\"2022-05-12T10:56:02+00:00\",\"breadcrumb\":{\"@id\":\"https:\/\/bio4you.eu\/retseptid\/toode\/roheline-detox-smuuti-2\/#breadcrumb\"},\"inLanguage\":\"et\",\"potentialAction\":[{\"@type\":\"ReadAction\",\"target\":[\"https:\/\/bio4you.eu\/retseptid\/toode\/roheline-detox-smuuti-2\/\"]}]},{\"@type\":\"ImageObject\",\"inLanguage\":\"et\",\"@id\":\"https:\/\/bio4you.eu\/retseptid\/toode\/roheline-detox-smuuti-2\/#primaryimage\",\"url\":\"https:\/\/bio4you.eu\/retseptid\/wp-content\/uploads\/2017\/11\/image1-4.jpg\",\"contentUrl\":\"https:\/\/bio4you.eu\/retseptid\/wp-content\/uploads\/2017\/11\/image1-4.jpg\",\"width\":505,\"height\":673},{\"@type\":\"BreadcrumbList\",\"@id\":\"https:\/\/bio4you.eu\/retseptid\/toode\/roheline-detox-smuuti-2\/#breadcrumb\",\"itemListElement\":[{\"@type\":\"ListItem\",\"position\":1,\"name\":\"Home\",\"item\":\"https:\/\/bio4you.eu\/retseptid\/\"},{\"@type\":\"ListItem\",\"position\":2,\"name\":\"Troopiline roheline detox smuuti\"}]},{\"@type\":\"WebSite\",\"@id\":\"https:\/\/bio4you.eu\/retseptid\/#website\",\"url\":\"https:\/\/bio4you.eu\/retseptid\/\",\"name\":\"bio4you.eu\/retseptid\",\"description\":\"\u00d6ko retseptid ise tegemiseks, looduslikest koostisainetest. Maitsev toit, iluhooldus, kodupuhastus ja aiandus.\",\"potentialAction\":[{\"@type\":\"SearchAction\",\"target\":{\"@type\":\"EntryPoint\",\"urlTemplate\":\"https:\/\/bio4you.eu\/retseptid\/?s={search_term_string}\"},\"query-input\":\"required name=search_term_string\"}],\"inLanguage\":\"et\"}]}<\/script>\n<!-- \/ Yoast SEO plugin. -->","yoast_head_json":{"title":"Troopiline roheline detox smuuti - bio4you.eu\/retseptid","robots":{"index":"index","follow":"follow","max-snippet":"max-snippet:-1","max-image-preview":"max-image-preview:large","max-video-preview":"max-video-preview:-1"},"canonical":"https:\/\/bio4you.eu\/retseptid\/toode\/roheline-detox-smuuti-2\/","og_locale":"et_EE","og_type":"article","og_title":"Troopiline roheline detox smuuti - bio4you.eu\/retseptid","og_description":"Vaja l\u00e4heb:   Peot\u00e4is spinatit  1 k\u00fclmutatud banaan  pool mangot v\u00f5i\u00a01 kiivi (s\u00f5ltuvalt eelistusest)  0,5 dl ananassimahla  0,75 dl vett  1 tl detox supersegu","og_url":"https:\/\/bio4you.eu\/retseptid\/toode\/roheline-detox-smuuti-2\/","og_site_name":"bio4you.eu\/retseptid","article_modified_time":"2022-05-12T10:56:02+00:00","og_image":[{"width":505,"height":673,"url":"https:\/\/bio4you.eu\/retseptid\/wp-content\/uploads\/2017\/11\/image1-4.jpg","type":"image\/jpeg"}],"schema":{"@context":"https:\/\/schema.org","@graph":[{"@type":"WebPage","@id":"https:\/\/bio4you.eu\/retseptid\/toode\/roheline-detox-smuuti-2\/","url":"https:\/\/bio4you.eu\/retseptid\/toode\/roheline-detox-smuuti-2\/","name":"Troopiline roheline detox smuuti - bio4you.eu\/retseptid","isPartOf":{"@id":"https:\/\/bio4you.eu\/retseptid\/#website"},"primaryImageOfPage":{"@id":"https:\/\/bio4you.eu\/retseptid\/toode\/roheline-detox-smuuti-2\/#primaryimage"},"image":{"@id":"https:\/\/bio4you.eu\/retseptid\/toode\/roheline-detox-smuuti-2\/#primaryimage"},"thumbnailUrl":"https:\/\/bio4you.eu\/retseptid\/wp-content\/uploads\/2017\/11\/image1-4.jpg","datePublished":"2017-11-08T12:35:26+00:00","dateModified":"2022-05-12T10:56:02+00:00","breadcrumb":{"@id":"https:\/\/bio4you.eu\/retseptid\/toode\/roheline-detox-smuuti-2\/#breadcrumb"},"inLanguage":"et","potentialAction":[{"@type":"ReadAction","target":["https:\/\/bio4you.eu\/retseptid\/toode\/roheline-detox-smuuti-2\/"]}]},{"@type":"ImageObject","inLanguage":"et","@id":"https:\/\/bio4you.eu\/retseptid\/toode\/roheline-detox-smuuti-2\/#primaryimage","url":"https:\/\/bio4you.eu\/retseptid\/wp-content\/uploads\/2017\/11\/image1-4.jpg","contentUrl":"https:\/\/bio4you.eu\/retseptid\/wp-content\/uploads\/2017\/11\/image1-4.jpg","width":505,"height":673},{"@type":"BreadcrumbList","@id":"https:\/\/bio4you.eu\/retseptid\/toode\/roheline-detox-smuuti-2\/#breadcrumb","itemListElement":[{"@type":"ListItem","position":1,"name":"Home","item":"https:\/\/bio4you.eu\/retseptid\/"},{"@type":"ListItem","position":2,"name":"Troopiline roheline detox smuuti"}]},{"@type":"WebSite","@id":"https:\/\/bio4you.eu\/retseptid\/#website","url":"https:\/\/bio4you.eu\/retseptid\/","name":"bio4you.eu\/retseptid","description":"\u00d6ko retseptid ise tegemiseks, looduslikest koostisainetest. Maitsev toit, iluhooldus, kodupuhastus ja aiandus.","potentialAction":[{"@type":"SearchAction","target":{"@type":"EntryPoint","urlTemplate":"https:\/\/bio4you.eu\/retseptid\/?s={search_term_string}"},"query-input":"required name=search_term_string"}],"inLanguage":"et"}]}},"_links":{"self":[{"href":"https:\/\/bio4you.eu\/retseptid\/wp-json\/wp\/v2\/product\/3781"}],"collection":[{"href":"https:\/\/bio4you.eu\/retseptid\/wp-json\/wp\/v2\/product"}],"about":[{"href":"https:\/\/bio4you.eu\/retseptid\/wp-json\/wp\/v2\/types\/product"}],"replies":[{"embeddable":true,"href":"https:\/\/bio4you.eu\/retseptid\/wp-json\/wp\/v2\/comments?post=3781"}],"wp:featuredmedia":[{"embeddable":true,"href":"https:\/\/bio4you.eu\/retseptid\/wp-json\/wp\/v2\/media\/3783"}],"wp:attachment":[{"href":"https:\/\/bio4you.eu\/retseptid\/wp-json\/wp\/v2\/media?parent=3781"}],"wp:term":[{"taxonomy":"product_cat","embeddable":true,"href":"https:\/\/bio4you.eu\/retseptid\/wp-json\/wp\/v2\/product_cat?post=3781"},{"taxonomy":"product_tag","embeddable":true,"href":"https:\/\/bio4you.eu\/retseptid\/wp-json\/wp\/v2\/product_tag?post=3781"}],"curies":[{"name":"wp","href":"https:\/\/api.w.org\/{rel}","templated":true}]}}