{"id":3794,"date":"2017-12-04T13:26:51","date_gmt":"2017-12-04T11:26:51","guid":{"rendered":"https:\/\/bio4you.eu\/retseptid\/?post_type=product&#038;p=3794"},"modified":"2022-05-12T14:17:34","modified_gmt":"2022-05-12T11:17:34","slug":"sokolaadine-valgubrownie","status":"publish","type":"product","link":"https:\/\/bio4you.eu\/retseptid\/toode\/sokolaadine-valgubrownie\/","title":{"rendered":"\u0160okolaadine valgubrownie"},"content":{"rendered":"<p>Valmistamine:<br \/>\nKuumuta ahi 170 kraadini.<br \/>\nBlenderda k\u00f5ik koostisained \u00fchtlaseks massiks ja vala suurde k\u00fcpsetuspaberiga kaetud vormi. K\u00fcpseta 20 minutit. Koogi sisu peab j\u00e4\u00e4ma kergelt pehme.<br \/>\nLase jahtuda 20-30 minutit ning kaunista vaarikate ja sulatatud \u0161okolaadiga.<\/p>\n","protected":false},"excerpt":{"rendered":"<p>Vaja l\u00e4heb:<\/p>\n<ul>\n<li>2 tassi <a href=\"https:\/\/bio4you.eu\/et\/otsi?controller=search&amp;order=product.position.desc&amp;s=mandlijahu&amp;utm_source=blogi&amp;utm_medium=bioretsept&amp;utm_campaign=retsept\">mandlijahu<\/a><\/li>\n<li>2 tassi datleid<\/li>\n<li>4 spl <a href=\"https:\/\/bio4you.eu\/et\/toorkakao-tooted\/1725-toorkakao-pulber-250g-nutrisslim.html?search_query=toorkakao+pulb&amp;results=7&amp;utm_source=bioretsept&amp;utm_medium=retseptireklaam&amp;utm_campaign=retsept\"><span style=\"color: #99cc00;\">toorkakaopulbrit<\/span><\/a><\/li>\n<li>1 tass <a href=\"https:\/\/bio4you.eu\/et\/sport-ja-fitness\/2880-valgupulber-sokolaadiga-63-450g-nutrisslim.html?search_query=valgu&amp;results=312&amp;utm_source=bioretsept&amp;utm_medium=retseptireklaam&amp;utm_campaign=retsept\"><span style=\"color: #99cc00;\">\u0161okolaadi valgupulbrit<\/span><\/a><\/li>\n<li>4 spl <a href=\"https:\/\/bio4you.eu\/et\/otsi?controller=search&amp;order=product.position.desc&amp;s=kookos%C3%B5li&amp;utm_source=blogi&amp;utm_medium=bioretsept&amp;utm_campaign=retsept\"><span style=\"color: #99cc00;\">kookos\u00f5li<\/span><\/a><\/li>\n<li>4 spl <a href=\"https:\/\/bio4you.eu\/et\/otsi?controller=search&amp;order=product.position.desc&amp;s=agaavisiirup&amp;utm_source=blogi&amp;utm_medium=bioretsept&amp;utm_campaign=retsept\"><span style=\"color: #99cc00;\">agaavisiirupit<\/span><\/a><\/li>\n<li>1 tass k\u00fclmutatud vaarikaid<\/li>\n<\/ul>\n<p>Kaunistuseks:<\/p>\n<ul>\n<li>1 tass v\u00e4rskeid vaarikaid<\/li>\n<li>3\/4 tassi <a href=\"https:\/\/bio4you.eu\/et\/sokolaadid\/5002-tume-sokolaad-85-100g.html?utm_source=blogi&amp;utm_medium=bioretsept&amp;utm_campaign=retsept\">tumedat sulatatud \u0161okolaadi<\/a><\/li>\n<\/ul>\n","protected":false},"featured_media":3795,"comment_status":"open","ping_status":"closed","template":"","meta":{"_exactmetrics_skip_tracking":false,"_exactmetrics_sitenote_active":false,"_exactmetrics_sitenote_note":"","_exactmetrics_sitenote_category":0},"product_cat":[59,60,382,63,383,280],"product_tag":[],"class_list":{"0":"post-3794","1":"product","2":"type-product","3":"status-publish","4":"has-post-thumbnail","6":"product_cat-featured","7":"product_cat-toiduretseptid","8":"product_cat-vegan-toiduretseptid","9":"product_cat-gluteenivabad-retseptid","10":"product_cat-taimetoit","11":"product_cat-koogid-ja-kupsised","13":"first","14":"instock","15":"shipping-taxable","16":"product-type-simple"},"yoast_head":"<!-- This site is optimized with the Yoast SEO plugin v23.3 - https:\/\/yoast.com\/wordpress\/plugins\/seo\/ -->\n<title>\u0160okolaadine valgubrownie - bio4you.eu\/retseptid<\/title>\n<meta name=\"robots\" content=\"index, follow, max-snippet:-1, max-image-preview:large, max-video-preview:-1\" \/>\n<link rel=\"canonical\" href=\"https:\/\/bio4you.eu\/retseptid\/toode\/sokolaadine-valgubrownie\/\" \/>\n<meta property=\"og:locale\" content=\"et_EE\" \/>\n<meta property=\"og:type\" content=\"article\" \/>\n<meta property=\"og:title\" content=\"\u0160okolaadine valgubrownie - bio4you.eu\/retseptid\" \/>\n<meta property=\"og:description\" content=\"Vaja l\u00e4heb:   2 tassi mandlijahu  2 tassi datleid  4 spl toorkakaopulbrit  1 tass \u0161okolaadi valgupulbrit  4 spl kookos\u00f5li  4 spl agaavisiirupit  1 tass k\u00fclmutatud vaarikaid  Kaunistuseks:   1 tass v\u00e4rskeid vaarikaid  3\/4 tassi tumedat sulatatud \u0161okolaadi\" \/>\n<meta property=\"og:url\" content=\"https:\/\/bio4you.eu\/retseptid\/toode\/sokolaadine-valgubrownie\/\" \/>\n<meta property=\"og:site_name\" content=\"bio4you.eu\/retseptid\" \/>\n<meta property=\"article:modified_time\" content=\"2022-05-12T11:17:34+00:00\" \/>\n<meta property=\"og:image\" content=\"https:\/\/bio4you.eu\/retseptid\/wp-content\/uploads\/2017\/12\/proteinski-browniji-1-495x495.jpg\" \/>\n\t<meta property=\"og:image:width\" content=\"495\" \/>\n\t<meta property=\"og:image:height\" content=\"495\" \/>\n\t<meta property=\"og:image:type\" content=\"image\/jpeg\" \/>\n<meta name=\"twitter:label1\" content=\"Est. reading time\" \/>\n\t<meta name=\"twitter:data1\" content=\"1 minut\" \/>\n<script type=\"application\/ld+json\" class=\"yoast-schema-graph\">{\"@context\":\"https:\/\/schema.org\",\"@graph\":[{\"@type\":\"WebPage\",\"@id\":\"https:\/\/bio4you.eu\/retseptid\/toode\/sokolaadine-valgubrownie\/\",\"url\":\"https:\/\/bio4you.eu\/retseptid\/toode\/sokolaadine-valgubrownie\/\",\"name\":\"\u0160okolaadine valgubrownie - bio4you.eu\/retseptid\",\"isPartOf\":{\"@id\":\"https:\/\/bio4you.eu\/retseptid\/#website\"},\"primaryImageOfPage\":{\"@id\":\"https:\/\/bio4you.eu\/retseptid\/toode\/sokolaadine-valgubrownie\/#primaryimage\"},\"image\":{\"@id\":\"https:\/\/bio4you.eu\/retseptid\/toode\/sokolaadine-valgubrownie\/#primaryimage\"},\"thumbnailUrl\":\"https:\/\/bio4you.eu\/retseptid\/wp-content\/uploads\/2017\/12\/proteinski-browniji-1-495x495.jpg\",\"datePublished\":\"2017-12-04T11:26:51+00:00\",\"dateModified\":\"2022-05-12T11:17:34+00:00\",\"breadcrumb\":{\"@id\":\"https:\/\/bio4you.eu\/retseptid\/toode\/sokolaadine-valgubrownie\/#breadcrumb\"},\"inLanguage\":\"et\",\"potentialAction\":[{\"@type\":\"ReadAction\",\"target\":[\"https:\/\/bio4you.eu\/retseptid\/toode\/sokolaadine-valgubrownie\/\"]}]},{\"@type\":\"ImageObject\",\"inLanguage\":\"et\",\"@id\":\"https:\/\/bio4you.eu\/retseptid\/toode\/sokolaadine-valgubrownie\/#primaryimage\",\"url\":\"https:\/\/bio4you.eu\/retseptid\/wp-content\/uploads\/2017\/12\/proteinski-browniji-1-495x495.jpg\",\"contentUrl\":\"https:\/\/bio4you.eu\/retseptid\/wp-content\/uploads\/2017\/12\/proteinski-browniji-1-495x495.jpg\",\"width\":495,\"height\":495},{\"@type\":\"BreadcrumbList\",\"@id\":\"https:\/\/bio4you.eu\/retseptid\/toode\/sokolaadine-valgubrownie\/#breadcrumb\",\"itemListElement\":[{\"@type\":\"ListItem\",\"position\":1,\"name\":\"Home\",\"item\":\"https:\/\/bio4you.eu\/retseptid\/\"},{\"@type\":\"ListItem\",\"position\":2,\"name\":\"\u0160okolaadine valgubrownie\"}]},{\"@type\":\"WebSite\",\"@id\":\"https:\/\/bio4you.eu\/retseptid\/#website\",\"url\":\"https:\/\/bio4you.eu\/retseptid\/\",\"name\":\"bio4you.eu\/retseptid\",\"description\":\"\u00d6ko retseptid ise tegemiseks, looduslikest koostisainetest. Maitsev toit, iluhooldus, kodupuhastus ja aiandus.\",\"potentialAction\":[{\"@type\":\"SearchAction\",\"target\":{\"@type\":\"EntryPoint\",\"urlTemplate\":\"https:\/\/bio4you.eu\/retseptid\/?s={search_term_string}\"},\"query-input\":\"required name=search_term_string\"}],\"inLanguage\":\"et\"}]}<\/script>\n<!-- \/ Yoast SEO plugin. -->","yoast_head_json":{"title":"\u0160okolaadine valgubrownie - bio4you.eu\/retseptid","robots":{"index":"index","follow":"follow","max-snippet":"max-snippet:-1","max-image-preview":"max-image-preview:large","max-video-preview":"max-video-preview:-1"},"canonical":"https:\/\/bio4you.eu\/retseptid\/toode\/sokolaadine-valgubrownie\/","og_locale":"et_EE","og_type":"article","og_title":"\u0160okolaadine valgubrownie - bio4you.eu\/retseptid","og_description":"Vaja l\u00e4heb:   2 tassi mandlijahu  2 tassi datleid  4 spl toorkakaopulbrit  1 tass \u0161okolaadi valgupulbrit  4 spl kookos\u00f5li  4 spl agaavisiirupit  1 tass k\u00fclmutatud vaarikaid  Kaunistuseks:   1 tass v\u00e4rskeid vaarikaid  3\/4 tassi tumedat sulatatud \u0161okolaadi","og_url":"https:\/\/bio4you.eu\/retseptid\/toode\/sokolaadine-valgubrownie\/","og_site_name":"bio4you.eu\/retseptid","article_modified_time":"2022-05-12T11:17:34+00:00","og_image":[{"width":495,"height":495,"url":"https:\/\/bio4you.eu\/retseptid\/wp-content\/uploads\/2017\/12\/proteinski-browniji-1-495x495.jpg","type":"image\/jpeg"}],"twitter_misc":{"Est. reading time":"1 minut"},"schema":{"@context":"https:\/\/schema.org","@graph":[{"@type":"WebPage","@id":"https:\/\/bio4you.eu\/retseptid\/toode\/sokolaadine-valgubrownie\/","url":"https:\/\/bio4you.eu\/retseptid\/toode\/sokolaadine-valgubrownie\/","name":"\u0160okolaadine valgubrownie - bio4you.eu\/retseptid","isPartOf":{"@id":"https:\/\/bio4you.eu\/retseptid\/#website"},"primaryImageOfPage":{"@id":"https:\/\/bio4you.eu\/retseptid\/toode\/sokolaadine-valgubrownie\/#primaryimage"},"image":{"@id":"https:\/\/bio4you.eu\/retseptid\/toode\/sokolaadine-valgubrownie\/#primaryimage"},"thumbnailUrl":"https:\/\/bio4you.eu\/retseptid\/wp-content\/uploads\/2017\/12\/proteinski-browniji-1-495x495.jpg","datePublished":"2017-12-04T11:26:51+00:00","dateModified":"2022-05-12T11:17:34+00:00","breadcrumb":{"@id":"https:\/\/bio4you.eu\/retseptid\/toode\/sokolaadine-valgubrownie\/#breadcrumb"},"inLanguage":"et","potentialAction":[{"@type":"ReadAction","target":["https:\/\/bio4you.eu\/retseptid\/toode\/sokolaadine-valgubrownie\/"]}]},{"@type":"ImageObject","inLanguage":"et","@id":"https:\/\/bio4you.eu\/retseptid\/toode\/sokolaadine-valgubrownie\/#primaryimage","url":"https:\/\/bio4you.eu\/retseptid\/wp-content\/uploads\/2017\/12\/proteinski-browniji-1-495x495.jpg","contentUrl":"https:\/\/bio4you.eu\/retseptid\/wp-content\/uploads\/2017\/12\/proteinski-browniji-1-495x495.jpg","width":495,"height":495},{"@type":"BreadcrumbList","@id":"https:\/\/bio4you.eu\/retseptid\/toode\/sokolaadine-valgubrownie\/#breadcrumb","itemListElement":[{"@type":"ListItem","position":1,"name":"Home","item":"https:\/\/bio4you.eu\/retseptid\/"},{"@type":"ListItem","position":2,"name":"\u0160okolaadine valgubrownie"}]},{"@type":"WebSite","@id":"https:\/\/bio4you.eu\/retseptid\/#website","url":"https:\/\/bio4you.eu\/retseptid\/","name":"bio4you.eu\/retseptid","description":"\u00d6ko retseptid ise tegemiseks, looduslikest koostisainetest. Maitsev toit, iluhooldus, kodupuhastus ja aiandus.","potentialAction":[{"@type":"SearchAction","target":{"@type":"EntryPoint","urlTemplate":"https:\/\/bio4you.eu\/retseptid\/?s={search_term_string}"},"query-input":"required name=search_term_string"}],"inLanguage":"et"}]}},"_links":{"self":[{"href":"https:\/\/bio4you.eu\/retseptid\/wp-json\/wp\/v2\/product\/3794"}],"collection":[{"href":"https:\/\/bio4you.eu\/retseptid\/wp-json\/wp\/v2\/product"}],"about":[{"href":"https:\/\/bio4you.eu\/retseptid\/wp-json\/wp\/v2\/types\/product"}],"replies":[{"embeddable":true,"href":"https:\/\/bio4you.eu\/retseptid\/wp-json\/wp\/v2\/comments?post=3794"}],"wp:featuredmedia":[{"embeddable":true,"href":"https:\/\/bio4you.eu\/retseptid\/wp-json\/wp\/v2\/media\/3795"}],"wp:attachment":[{"href":"https:\/\/bio4you.eu\/retseptid\/wp-json\/wp\/v2\/media?parent=3794"}],"wp:term":[{"taxonomy":"product_cat","embeddable":true,"href":"https:\/\/bio4you.eu\/retseptid\/wp-json\/wp\/v2\/product_cat?post=3794"},{"taxonomy":"product_tag","embeddable":true,"href":"https:\/\/bio4you.eu\/retseptid\/wp-json\/wp\/v2\/product_tag?post=3794"}],"curies":[{"name":"wp","href":"https:\/\/api.w.org\/{rel}","templated":true}]}}