{"id":3805,"date":"2017-12-11T09:04:18","date_gmt":"2017-12-11T07:04:18","guid":{"rendered":"https:\/\/bio4you.eu\/retseptid\/?post_type=product&#038;p=3805"},"modified":"2018-08-10T12:08:48","modified_gmt":"2018-08-10T09:08:48","slug":"poweriga-gripitee-acerola-ja-cayenne-pipraga","status":"publish","type":"product","link":"https:\/\/bio4you.eu\/retseptid\/toode\/poweriga-gripitee-acerola-ja-cayenne-pipraga\/","title":{"rendered":"Poweriga Gripitee acerola ja cayenne pipraga"},"content":{"rendered":"<p><strong>Tee aitab avada hingamisteid ja tugevdab immuunsust.<\/strong><\/p>\n<p><strong>VALMISTAMINE<\/strong>:<\/p>\n<p>H\u00f5\u00f5ru pipraterad ja kaunad puruks, lisa keev vesi, sidrunimal ja acerola pulber. Maitsesta meega.<\/p>\n<p>Juua 3 x p\u00e4evas 1 tassit\u00e4is, peale s\u00f6\u00f6ki.<strong> Juba 0,5tl aceroola ehk hapukirsi pulbrit katab p\u00e4evase C vitamiini vajaduse.<\/strong><\/p>\n","protected":false},"excerpt":{"rendered":"<p><strong>VAJA L\u00c4HEB:<\/strong><\/p>\n<ul>\n<li>1 liiter vett<\/li>\n<li>2 spl<a href=\"https:\/\/bio4you.eu\/et\/search?controller=search&amp;orderby=position&amp;orderway=desc&amp;search_query=ace&amp;submit_search=&amp;utm_source=bioretsept&amp;utm_medium=retseptireklaam&amp;utm_campaign=retsept\"><span style=\"color: #339966;\"> acerola pulbrit<\/span><\/a><\/li>\n<li>2 v\u00e4iksemat piprakauna<\/li>\n<li>5-6 pipratera<\/li>\n<li>1 <a href=\"http:\/\/bio4you.eu\/et\/mahlad\/1219-sidrunimahl-250ml-biologicoils.html?utm_source=bioretsept&amp;utm_medium=retseptireklaam&amp;utm_campaign=retsept\"><span style=\"color: #339966;\">sirunimahl<\/span><\/a><\/li>\n<li>maitse j\u00e4rgi mett<\/li>\n<\/ul>\n","protected":false},"featured_media":3806,"comment_status":"open","ping_status":"closed","template":"","meta":{"_exactmetrics_skip_tracking":false,"_exactmetrics_sitenote_active":false,"_exactmetrics_sitenote_note":"","_exactmetrics_sitenote_category":0},"product_cat":[324,326],"product_tag":[],"class_list":{"0":"post-3805","1":"product","2":"type-product","3":"status-publish","4":"has-post-thumbnail","6":"product_cat-tervise-retseptid","7":"product_cat-kulmetuse-vastu","9":"first","10":"instock","11":"shipping-taxable","12":"product-type-simple"},"yoast_head":"<!-- This site is optimized with the Yoast SEO plugin v23.3 - https:\/\/yoast.com\/wordpress\/plugins\/seo\/ -->\n<title>Poweriga Gripitee acerola ja cayenne pipraga - bio4you.eu\/retseptid<\/title>\n<meta name=\"robots\" content=\"index, follow, max-snippet:-1, max-image-preview:large, max-video-preview:-1\" \/>\n<link rel=\"canonical\" href=\"https:\/\/bio4you.eu\/retseptid\/toode\/poweriga-gripitee-acerola-ja-cayenne-pipraga\/\" \/>\n<meta property=\"og:locale\" content=\"et_EE\" \/>\n<meta property=\"og:type\" content=\"article\" \/>\n<meta property=\"og:title\" content=\"Poweriga Gripitee acerola ja cayenne pipraga - bio4you.eu\/retseptid\" \/>\n<meta property=\"og:description\" content=\"VAJA L\u00c4HEB:   1 liiter vett  2 spl acerola pulbrit  2 v\u00e4iksemat piprakauna  5-6 pipratera  1 sirunimahl  maitse j\u00e4rgi mett\" \/>\n<meta property=\"og:url\" content=\"https:\/\/bio4you.eu\/retseptid\/toode\/poweriga-gripitee-acerola-ja-cayenne-pipraga\/\" \/>\n<meta property=\"og:site_name\" content=\"bio4you.eu\/retseptid\" \/>\n<meta property=\"article:modified_time\" content=\"2018-08-10T09:08:48+00:00\" \/>\n<meta property=\"og:image\" content=\"https:\/\/bio4you.eu\/retseptid\/wp-content\/uploads\/2017\/12\/gropitee..jpg\" \/>\n\t<meta property=\"og:image:width\" content=\"1600\" \/>\n\t<meta property=\"og:image:height\" content=\"1199\" \/>\n\t<meta property=\"og:image:type\" content=\"image\/jpeg\" \/>\n<script type=\"application\/ld+json\" class=\"yoast-schema-graph\">{\"@context\":\"https:\/\/schema.org\",\"@graph\":[{\"@type\":\"WebPage\",\"@id\":\"https:\/\/bio4you.eu\/retseptid\/toode\/poweriga-gripitee-acerola-ja-cayenne-pipraga\/\",\"url\":\"https:\/\/bio4you.eu\/retseptid\/toode\/poweriga-gripitee-acerola-ja-cayenne-pipraga\/\",\"name\":\"Poweriga Gripitee acerola ja cayenne pipraga - bio4you.eu\/retseptid\",\"isPartOf\":{\"@id\":\"https:\/\/bio4you.eu\/retseptid\/#website\"},\"primaryImageOfPage\":{\"@id\":\"https:\/\/bio4you.eu\/retseptid\/toode\/poweriga-gripitee-acerola-ja-cayenne-pipraga\/#primaryimage\"},\"image\":{\"@id\":\"https:\/\/bio4you.eu\/retseptid\/toode\/poweriga-gripitee-acerola-ja-cayenne-pipraga\/#primaryimage\"},\"thumbnailUrl\":\"https:\/\/bio4you.eu\/retseptid\/wp-content\/uploads\/2017\/12\/gropitee..jpg\",\"datePublished\":\"2017-12-11T07:04:18+00:00\",\"dateModified\":\"2018-08-10T09:08:48+00:00\",\"breadcrumb\":{\"@id\":\"https:\/\/bio4you.eu\/retseptid\/toode\/poweriga-gripitee-acerola-ja-cayenne-pipraga\/#breadcrumb\"},\"inLanguage\":\"et\",\"potentialAction\":[{\"@type\":\"ReadAction\",\"target\":[\"https:\/\/bio4you.eu\/retseptid\/toode\/poweriga-gripitee-acerola-ja-cayenne-pipraga\/\"]}]},{\"@type\":\"ImageObject\",\"inLanguage\":\"et\",\"@id\":\"https:\/\/bio4you.eu\/retseptid\/toode\/poweriga-gripitee-acerola-ja-cayenne-pipraga\/#primaryimage\",\"url\":\"https:\/\/bio4you.eu\/retseptid\/wp-content\/uploads\/2017\/12\/gropitee..jpg\",\"contentUrl\":\"https:\/\/bio4you.eu\/retseptid\/wp-content\/uploads\/2017\/12\/gropitee..jpg\",\"width\":1600,\"height\":1199},{\"@type\":\"BreadcrumbList\",\"@id\":\"https:\/\/bio4you.eu\/retseptid\/toode\/poweriga-gripitee-acerola-ja-cayenne-pipraga\/#breadcrumb\",\"itemListElement\":[{\"@type\":\"ListItem\",\"position\":1,\"name\":\"Home\",\"item\":\"https:\/\/bio4you.eu\/retseptid\/\"},{\"@type\":\"ListItem\",\"position\":2,\"name\":\"Poweriga Gripitee acerola ja cayenne pipraga\"}]},{\"@type\":\"WebSite\",\"@id\":\"https:\/\/bio4you.eu\/retseptid\/#website\",\"url\":\"https:\/\/bio4you.eu\/retseptid\/\",\"name\":\"bio4you.eu\/retseptid\",\"description\":\"\u00d6ko retseptid ise tegemiseks, looduslikest koostisainetest. Maitsev toit, iluhooldus, kodupuhastus ja aiandus.\",\"potentialAction\":[{\"@type\":\"SearchAction\",\"target\":{\"@type\":\"EntryPoint\",\"urlTemplate\":\"https:\/\/bio4you.eu\/retseptid\/?s={search_term_string}\"},\"query-input\":\"required name=search_term_string\"}],\"inLanguage\":\"et\"}]}<\/script>\n<!-- \/ Yoast SEO plugin. -->","yoast_head_json":{"title":"Poweriga Gripitee acerola ja cayenne pipraga - bio4you.eu\/retseptid","robots":{"index":"index","follow":"follow","max-snippet":"max-snippet:-1","max-image-preview":"max-image-preview:large","max-video-preview":"max-video-preview:-1"},"canonical":"https:\/\/bio4you.eu\/retseptid\/toode\/poweriga-gripitee-acerola-ja-cayenne-pipraga\/","og_locale":"et_EE","og_type":"article","og_title":"Poweriga Gripitee acerola ja cayenne pipraga - bio4you.eu\/retseptid","og_description":"VAJA L\u00c4HEB:   1 liiter vett  2 spl acerola pulbrit  2 v\u00e4iksemat piprakauna  5-6 pipratera  1 sirunimahl  maitse j\u00e4rgi mett","og_url":"https:\/\/bio4you.eu\/retseptid\/toode\/poweriga-gripitee-acerola-ja-cayenne-pipraga\/","og_site_name":"bio4you.eu\/retseptid","article_modified_time":"2018-08-10T09:08:48+00:00","og_image":[{"width":1600,"height":1199,"url":"https:\/\/bio4you.eu\/retseptid\/wp-content\/uploads\/2017\/12\/gropitee..jpg","type":"image\/jpeg"}],"schema":{"@context":"https:\/\/schema.org","@graph":[{"@type":"WebPage","@id":"https:\/\/bio4you.eu\/retseptid\/toode\/poweriga-gripitee-acerola-ja-cayenne-pipraga\/","url":"https:\/\/bio4you.eu\/retseptid\/toode\/poweriga-gripitee-acerola-ja-cayenne-pipraga\/","name":"Poweriga Gripitee acerola ja cayenne pipraga - bio4you.eu\/retseptid","isPartOf":{"@id":"https:\/\/bio4you.eu\/retseptid\/#website"},"primaryImageOfPage":{"@id":"https:\/\/bio4you.eu\/retseptid\/toode\/poweriga-gripitee-acerola-ja-cayenne-pipraga\/#primaryimage"},"image":{"@id":"https:\/\/bio4you.eu\/retseptid\/toode\/poweriga-gripitee-acerola-ja-cayenne-pipraga\/#primaryimage"},"thumbnailUrl":"https:\/\/bio4you.eu\/retseptid\/wp-content\/uploads\/2017\/12\/gropitee..jpg","datePublished":"2017-12-11T07:04:18+00:00","dateModified":"2018-08-10T09:08:48+00:00","breadcrumb":{"@id":"https:\/\/bio4you.eu\/retseptid\/toode\/poweriga-gripitee-acerola-ja-cayenne-pipraga\/#breadcrumb"},"inLanguage":"et","potentialAction":[{"@type":"ReadAction","target":["https:\/\/bio4you.eu\/retseptid\/toode\/poweriga-gripitee-acerola-ja-cayenne-pipraga\/"]}]},{"@type":"ImageObject","inLanguage":"et","@id":"https:\/\/bio4you.eu\/retseptid\/toode\/poweriga-gripitee-acerola-ja-cayenne-pipraga\/#primaryimage","url":"https:\/\/bio4you.eu\/retseptid\/wp-content\/uploads\/2017\/12\/gropitee..jpg","contentUrl":"https:\/\/bio4you.eu\/retseptid\/wp-content\/uploads\/2017\/12\/gropitee..jpg","width":1600,"height":1199},{"@type":"BreadcrumbList","@id":"https:\/\/bio4you.eu\/retseptid\/toode\/poweriga-gripitee-acerola-ja-cayenne-pipraga\/#breadcrumb","itemListElement":[{"@type":"ListItem","position":1,"name":"Home","item":"https:\/\/bio4you.eu\/retseptid\/"},{"@type":"ListItem","position":2,"name":"Poweriga Gripitee acerola ja cayenne pipraga"}]},{"@type":"WebSite","@id":"https:\/\/bio4you.eu\/retseptid\/#website","url":"https:\/\/bio4you.eu\/retseptid\/","name":"bio4you.eu\/retseptid","description":"\u00d6ko retseptid ise tegemiseks, looduslikest koostisainetest. Maitsev toit, iluhooldus, kodupuhastus ja aiandus.","potentialAction":[{"@type":"SearchAction","target":{"@type":"EntryPoint","urlTemplate":"https:\/\/bio4you.eu\/retseptid\/?s={search_term_string}"},"query-input":"required name=search_term_string"}],"inLanguage":"et"}]}},"_links":{"self":[{"href":"https:\/\/bio4you.eu\/retseptid\/wp-json\/wp\/v2\/product\/3805"}],"collection":[{"href":"https:\/\/bio4you.eu\/retseptid\/wp-json\/wp\/v2\/product"}],"about":[{"href":"https:\/\/bio4you.eu\/retseptid\/wp-json\/wp\/v2\/types\/product"}],"replies":[{"embeddable":true,"href":"https:\/\/bio4you.eu\/retseptid\/wp-json\/wp\/v2\/comments?post=3805"}],"wp:featuredmedia":[{"embeddable":true,"href":"https:\/\/bio4you.eu\/retseptid\/wp-json\/wp\/v2\/media\/3806"}],"wp:attachment":[{"href":"https:\/\/bio4you.eu\/retseptid\/wp-json\/wp\/v2\/media?parent=3805"}],"wp:term":[{"taxonomy":"product_cat","embeddable":true,"href":"https:\/\/bio4you.eu\/retseptid\/wp-json\/wp\/v2\/product_cat?post=3805"},{"taxonomy":"product_tag","embeddable":true,"href":"https:\/\/bio4you.eu\/retseptid\/wp-json\/wp\/v2\/product_tag?post=3805"}],"curies":[{"name":"wp","href":"https:\/\/api.w.org\/{rel}","templated":true}]}}