{"id":3824,"date":"2018-02-01T14:51:32","date_gmt":"2018-02-01T12:51:32","guid":{"rendered":"https:\/\/bio4you.eu\/retseptid\/?post_type=product&#038;p=3824"},"modified":"2018-02-01T15:03:11","modified_gmt":"2018-02-01T13:03:11","slug":"kanahautis-toortatra-ja-ubadega","status":"publish","type":"product","link":"https:\/\/bio4you.eu\/retseptid\/toode\/kanahautis-toortatra-ja-ubadega\/","title":{"rendered":"Kanahautis toortatra ja ubadega"},"content":{"rendered":"<p>Valmistamine:<\/p>\n<p>T\u00fckelda ja pruunista pannil kanafilee. Lisa viilutatud sibul ja pruunista. Seej\u00e4rel lisa t\u00fckeldatud paprika ja maitseained. Lisa 1 klaas vett ja toortatar, lase pannil kaane all haududa, aegajalt segades, ca 10-15 minutit. Kui tatar on paisunud, lisa mustad oad ja hauta veel 5 min.<\/p>\n<p>K\u00f5ige l\u00f5pus, kui toit on valmis, lisa oliivi\u00f5li. Kaunistuseks v\u00f5id kasutada peterselli v\u00f5i muud maitserohelist!<\/p>\n<p>J\u00e4tkub neljale!<\/p>\n<p><strong>Nipid!<\/strong><\/p>\n<p>Praadimiseks kasuta\u00a0<span style=\"color: #99cc00;\"><a style=\"color: #99cc00;\" href=\"https:\/\/bio4you.eu\/et\/olid\/1199-riisiklii-oli-750ml-biologicoils.html\">riisiklii\u00f5li<\/a><span style=\"color: #000000;\">! \u00d5rnalt magusa, p\u00e4hklise maitsega \u00f5lil on k\u00f5rge suitsemispunkt ja sobib seega ideaalselt praadimiseks, friteerimiseks ja k\u00fcpsetamiseks.<\/span><\/span><\/p>\n<p>P\u00f5nevama maitse saamiseks lisa hautamise ajal jupp hakitud ingverit!<\/p>\n<p>&nbsp;<\/p>\n<p>&nbsp;<\/p>\n","protected":false},"excerpt":{"rendered":"<p>Vaja l\u00e4heb:<\/p>\n<ul>\n<li>200g kanafileed<\/li>\n<li>2 sibulat<\/li>\n<li>2 paprikat<\/li>\n<li>pool purki musti ube\/konserv<\/li>\n<li>pool klaasi toortatart<\/li>\n<li>jahvatatud soola ja pipart<\/li>\n<li>1spl <a href=\"https:\/\/bio4you.eu\/et\/olid\/2243-itaalia-oliivioli-750ml-kulmpress-corvino.html\"><span style=\"color: #99cc00;\">k\u00fclmpressitud oliiv\u00f5li<\/span><\/a><\/li>\n<li><span style=\"color: #99cc00;\"><a style=\"color: #99cc00;\" href=\"https:\/\/bio4you.eu\/et\/157-maitseained\">maitseaineid<\/a> <\/span>vastavalt soovile<\/li>\n<\/ul>\n","protected":false},"featured_media":3826,"comment_status":"open","ping_status":"closed","template":"","meta":{"_exactmetrics_skip_tracking":false,"_exactmetrics_sitenote_active":false,"_exactmetrics_sitenote_note":"","_exactmetrics_sitenote_category":0},"product_cat":[71],"product_tag":[],"class_list":{"0":"post-3824","1":"product","2":"type-product","3":"status-publish","4":"has-post-thumbnail","6":"product_cat-riisi-ja-teraviljatoidud","8":"first","9":"instock","10":"shipping-taxable","11":"product-type-simple"},"yoast_head":"<!-- This site is optimized with the Yoast SEO plugin v23.3 - https:\/\/yoast.com\/wordpress\/plugins\/seo\/ -->\n<title>Kanahautis toortatra ja ubadega - bio4you.eu\/retseptid<\/title>\n<meta name=\"robots\" content=\"index, follow, max-snippet:-1, max-image-preview:large, max-video-preview:-1\" \/>\n<link rel=\"canonical\" href=\"https:\/\/bio4you.eu\/retseptid\/toode\/kanahautis-toortatra-ja-ubadega\/\" \/>\n<meta property=\"og:locale\" content=\"et_EE\" \/>\n<meta property=\"og:type\" content=\"article\" \/>\n<meta property=\"og:title\" content=\"Kanahautis toortatra ja ubadega - bio4you.eu\/retseptid\" \/>\n<meta property=\"og:description\" content=\"Vaja l\u00e4heb:   200g kanafileed  2 sibulat  2 paprikat  pool purki musti ube\/konserv  pool klaasi toortatart  jahvatatud soola ja pipart  1spl k\u00fclmpressitud oliiv\u00f5li  maitseaineid vastavalt soovile\" \/>\n<meta property=\"og:url\" content=\"https:\/\/bio4you.eu\/retseptid\/toode\/kanahautis-toortatra-ja-ubadega\/\" \/>\n<meta property=\"og:site_name\" content=\"bio4you.eu\/retseptid\" \/>\n<meta property=\"article:modified_time\" content=\"2018-02-01T13:03:11+00:00\" \/>\n<meta property=\"og:image\" content=\"https:\/\/bio4you.eu\/retseptid\/wp-content\/uploads\/2018\/02\/Tatrapada-1-scaled.jpg\" \/>\n\t<meta property=\"og:image:width\" content=\"1920\" \/>\n\t<meta property=\"og:image:height\" content=\"2560\" \/>\n\t<meta property=\"og:image:type\" content=\"image\/jpeg\" \/>\n<meta name=\"twitter:label1\" content=\"Est. reading time\" \/>\n\t<meta name=\"twitter:data1\" content=\"1 minut\" \/>\n<script type=\"application\/ld+json\" class=\"yoast-schema-graph\">{\"@context\":\"https:\/\/schema.org\",\"@graph\":[{\"@type\":\"WebPage\",\"@id\":\"https:\/\/bio4you.eu\/retseptid\/toode\/kanahautis-toortatra-ja-ubadega\/\",\"url\":\"https:\/\/bio4you.eu\/retseptid\/toode\/kanahautis-toortatra-ja-ubadega\/\",\"name\":\"Kanahautis toortatra ja ubadega - bio4you.eu\/retseptid\",\"isPartOf\":{\"@id\":\"https:\/\/bio4you.eu\/retseptid\/#website\"},\"primaryImageOfPage\":{\"@id\":\"https:\/\/bio4you.eu\/retseptid\/toode\/kanahautis-toortatra-ja-ubadega\/#primaryimage\"},\"image\":{\"@id\":\"https:\/\/bio4you.eu\/retseptid\/toode\/kanahautis-toortatra-ja-ubadega\/#primaryimage\"},\"thumbnailUrl\":\"https:\/\/bio4you.eu\/retseptid\/wp-content\/uploads\/2018\/02\/Tatrapada-1-scaled.jpg\",\"datePublished\":\"2018-02-01T12:51:32+00:00\",\"dateModified\":\"2018-02-01T13:03:11+00:00\",\"breadcrumb\":{\"@id\":\"https:\/\/bio4you.eu\/retseptid\/toode\/kanahautis-toortatra-ja-ubadega\/#breadcrumb\"},\"inLanguage\":\"et\",\"potentialAction\":[{\"@type\":\"ReadAction\",\"target\":[\"https:\/\/bio4you.eu\/retseptid\/toode\/kanahautis-toortatra-ja-ubadega\/\"]}]},{\"@type\":\"ImageObject\",\"inLanguage\":\"et\",\"@id\":\"https:\/\/bio4you.eu\/retseptid\/toode\/kanahautis-toortatra-ja-ubadega\/#primaryimage\",\"url\":\"https:\/\/bio4you.eu\/retseptid\/wp-content\/uploads\/2018\/02\/Tatrapada-1-scaled.jpg\",\"contentUrl\":\"https:\/\/bio4you.eu\/retseptid\/wp-content\/uploads\/2018\/02\/Tatrapada-1-scaled.jpg\",\"width\":1920,\"height\":2560},{\"@type\":\"BreadcrumbList\",\"@id\":\"https:\/\/bio4you.eu\/retseptid\/toode\/kanahautis-toortatra-ja-ubadega\/#breadcrumb\",\"itemListElement\":[{\"@type\":\"ListItem\",\"position\":1,\"name\":\"Home\",\"item\":\"https:\/\/bio4you.eu\/retseptid\/\"},{\"@type\":\"ListItem\",\"position\":2,\"name\":\"Kanahautis toortatra ja ubadega\"}]},{\"@type\":\"WebSite\",\"@id\":\"https:\/\/bio4you.eu\/retseptid\/#website\",\"url\":\"https:\/\/bio4you.eu\/retseptid\/\",\"name\":\"bio4you.eu\/retseptid\",\"description\":\"\u00d6ko retseptid ise tegemiseks, looduslikest koostisainetest. Maitsev toit, iluhooldus, kodupuhastus ja aiandus.\",\"potentialAction\":[{\"@type\":\"SearchAction\",\"target\":{\"@type\":\"EntryPoint\",\"urlTemplate\":\"https:\/\/bio4you.eu\/retseptid\/?s={search_term_string}\"},\"query-input\":\"required name=search_term_string\"}],\"inLanguage\":\"et\"}]}<\/script>\n<!-- \/ Yoast SEO plugin. -->","yoast_head_json":{"title":"Kanahautis toortatra ja ubadega - bio4you.eu\/retseptid","robots":{"index":"index","follow":"follow","max-snippet":"max-snippet:-1","max-image-preview":"max-image-preview:large","max-video-preview":"max-video-preview:-1"},"canonical":"https:\/\/bio4you.eu\/retseptid\/toode\/kanahautis-toortatra-ja-ubadega\/","og_locale":"et_EE","og_type":"article","og_title":"Kanahautis toortatra ja ubadega - bio4you.eu\/retseptid","og_description":"Vaja l\u00e4heb:   200g kanafileed  2 sibulat  2 paprikat  pool purki musti ube\/konserv  pool klaasi toortatart  jahvatatud soola ja pipart  1spl k\u00fclmpressitud oliiv\u00f5li  maitseaineid vastavalt soovile","og_url":"https:\/\/bio4you.eu\/retseptid\/toode\/kanahautis-toortatra-ja-ubadega\/","og_site_name":"bio4you.eu\/retseptid","article_modified_time":"2018-02-01T13:03:11+00:00","og_image":[{"width":1920,"height":2560,"url":"https:\/\/bio4you.eu\/retseptid\/wp-content\/uploads\/2018\/02\/Tatrapada-1-scaled.jpg","type":"image\/jpeg"}],"twitter_misc":{"Est. reading time":"1 minut"},"schema":{"@context":"https:\/\/schema.org","@graph":[{"@type":"WebPage","@id":"https:\/\/bio4you.eu\/retseptid\/toode\/kanahautis-toortatra-ja-ubadega\/","url":"https:\/\/bio4you.eu\/retseptid\/toode\/kanahautis-toortatra-ja-ubadega\/","name":"Kanahautis toortatra ja ubadega - bio4you.eu\/retseptid","isPartOf":{"@id":"https:\/\/bio4you.eu\/retseptid\/#website"},"primaryImageOfPage":{"@id":"https:\/\/bio4you.eu\/retseptid\/toode\/kanahautis-toortatra-ja-ubadega\/#primaryimage"},"image":{"@id":"https:\/\/bio4you.eu\/retseptid\/toode\/kanahautis-toortatra-ja-ubadega\/#primaryimage"},"thumbnailUrl":"https:\/\/bio4you.eu\/retseptid\/wp-content\/uploads\/2018\/02\/Tatrapada-1-scaled.jpg","datePublished":"2018-02-01T12:51:32+00:00","dateModified":"2018-02-01T13:03:11+00:00","breadcrumb":{"@id":"https:\/\/bio4you.eu\/retseptid\/toode\/kanahautis-toortatra-ja-ubadega\/#breadcrumb"},"inLanguage":"et","potentialAction":[{"@type":"ReadAction","target":["https:\/\/bio4you.eu\/retseptid\/toode\/kanahautis-toortatra-ja-ubadega\/"]}]},{"@type":"ImageObject","inLanguage":"et","@id":"https:\/\/bio4you.eu\/retseptid\/toode\/kanahautis-toortatra-ja-ubadega\/#primaryimage","url":"https:\/\/bio4you.eu\/retseptid\/wp-content\/uploads\/2018\/02\/Tatrapada-1-scaled.jpg","contentUrl":"https:\/\/bio4you.eu\/retseptid\/wp-content\/uploads\/2018\/02\/Tatrapada-1-scaled.jpg","width":1920,"height":2560},{"@type":"BreadcrumbList","@id":"https:\/\/bio4you.eu\/retseptid\/toode\/kanahautis-toortatra-ja-ubadega\/#breadcrumb","itemListElement":[{"@type":"ListItem","position":1,"name":"Home","item":"https:\/\/bio4you.eu\/retseptid\/"},{"@type":"ListItem","position":2,"name":"Kanahautis toortatra ja ubadega"}]},{"@type":"WebSite","@id":"https:\/\/bio4you.eu\/retseptid\/#website","url":"https:\/\/bio4you.eu\/retseptid\/","name":"bio4you.eu\/retseptid","description":"\u00d6ko retseptid ise tegemiseks, looduslikest koostisainetest. Maitsev toit, iluhooldus, kodupuhastus ja aiandus.","potentialAction":[{"@type":"SearchAction","target":{"@type":"EntryPoint","urlTemplate":"https:\/\/bio4you.eu\/retseptid\/?s={search_term_string}"},"query-input":"required name=search_term_string"}],"inLanguage":"et"}]}},"_links":{"self":[{"href":"https:\/\/bio4you.eu\/retseptid\/wp-json\/wp\/v2\/product\/3824"}],"collection":[{"href":"https:\/\/bio4you.eu\/retseptid\/wp-json\/wp\/v2\/product"}],"about":[{"href":"https:\/\/bio4you.eu\/retseptid\/wp-json\/wp\/v2\/types\/product"}],"replies":[{"embeddable":true,"href":"https:\/\/bio4you.eu\/retseptid\/wp-json\/wp\/v2\/comments?post=3824"}],"wp:featuredmedia":[{"embeddable":true,"href":"https:\/\/bio4you.eu\/retseptid\/wp-json\/wp\/v2\/media\/3826"}],"wp:attachment":[{"href":"https:\/\/bio4you.eu\/retseptid\/wp-json\/wp\/v2\/media?parent=3824"}],"wp:term":[{"taxonomy":"product_cat","embeddable":true,"href":"https:\/\/bio4you.eu\/retseptid\/wp-json\/wp\/v2\/product_cat?post=3824"},{"taxonomy":"product_tag","embeddable":true,"href":"https:\/\/bio4you.eu\/retseptid\/wp-json\/wp\/v2\/product_tag?post=3824"}],"curies":[{"name":"wp","href":"https:\/\/api.w.org\/{rel}","templated":true}]}}