{"id":3836,"date":"2018-03-02T12:44:38","date_gmt":"2018-03-02T10:44:38","guid":{"rendered":"https:\/\/bio4you.eu\/retseptid\/toode\/tikri-banaani-smuuti\/"},"modified":"2022-05-19T09:48:35","modified_gmt":"2022-05-19T06:48:35","slug":"tikri-banaani-smuuti","status":"publish","type":"product","link":"https:\/\/bio4you.eu\/retseptid\/toode\/tikri-banaani-smuuti\/","title":{"rendered":"Tikri-banaani smuuti"},"content":{"rendered":"<p>T\u00fckelda blenderisse banaan ja ingver, vala sojajook ja lisa baobabi pulber. Blenderda v\u00e4hemalt 1 minut.<\/p>\n<p>Tikreid v\u00f5i muid hapusid marju v\u00f5ib panna nii palju, kui soovid. Vanilliga sojajook koos banaaniga annavad piisavalt magusust\u00a0 ja marjade lisamisel ei pea kartma, et smuuti liiga hapu tuleb.<\/p>\n","protected":false},"excerpt":{"rendered":"<p>Vaja l\u00e4heb:<\/p>\n<ul>\n<li>1 banaan<\/li>\n<li>k\u00fclmutatud tikreid v\u00f5i muid hapusid marju<\/li>\n<li>250ml sojajooki vanilliga<\/li>\n<li>jupp ingverit<\/li>\n<li><span class=\"text_exposed_show\">1 spl Nutrisslim <a href=\"https:\/\/bio4you.eu\/et\/marja-ja-viljapulbrid\/1785-baobabi-pulber-125g-nutrisslim.html?search_query=baobab&amp;results=11\"><span style=\"color: #99cc00;\">baobabi pulbrit<\/span><\/a><\/span><\/li>\n<\/ul>\n","protected":false},"featured_media":3838,"comment_status":"open","ping_status":"closed","template":"","meta":{"_exactmetrics_skip_tracking":false,"_exactmetrics_sitenote_active":false,"_exactmetrics_sitenote_note":"","_exactmetrics_sitenote_category":0},"product_cat":[324,326,327,59,60,376],"product_tag":[],"class_list":{"0":"post-3836","1":"product","2":"type-product","3":"status-publish","4":"has-post-thumbnail","6":"product_cat-tervise-retseptid","7":"product_cat-kulmetuse-vastu","8":"product_cat-uld-toniseeriv","9":"product_cat-featured","10":"product_cat-toiduretseptid","11":"product_cat-smuutid","13":"first","14":"instock","15":"shipping-taxable","16":"product-type-simple"},"yoast_head":"<!-- This site is optimized with the Yoast SEO plugin v23.3 - https:\/\/yoast.com\/wordpress\/plugins\/seo\/ -->\n<title>Tikri-banaani smuuti - bio4you.eu\/retseptid<\/title>\n<meta name=\"robots\" content=\"index, follow, max-snippet:-1, max-image-preview:large, max-video-preview:-1\" \/>\n<link rel=\"canonical\" href=\"https:\/\/bio4you.eu\/retseptid\/toode\/tikri-banaani-smuuti\/\" \/>\n<meta property=\"og:locale\" content=\"et_EE\" \/>\n<meta property=\"og:type\" content=\"article\" \/>\n<meta property=\"og:title\" content=\"Tikri-banaani smuuti - bio4you.eu\/retseptid\" \/>\n<meta property=\"og:description\" content=\"Vaja l\u00e4heb:   1 banaan  k\u00fclmutatud tikreid v\u00f5i muid hapusid marju  250ml sojajooki vanilliga  jupp ingverit  1 spl Nutrisslim baobabi pulbrit\" \/>\n<meta property=\"og:url\" content=\"https:\/\/bio4you.eu\/retseptid\/toode\/tikri-banaani-smuuti\/\" \/>\n<meta property=\"og:site_name\" content=\"bio4you.eu\/retseptid\" \/>\n<meta property=\"article:modified_time\" content=\"2022-05-19T06:48:35+00:00\" \/>\n<meta property=\"og:image\" content=\"https:\/\/bio4you.eu\/retseptid\/wp-content\/uploads\/2018\/03\/Smuutipilt-edit-scaled.jpg\" \/>\n\t<meta property=\"og:image:width\" content=\"1919\" \/>\n\t<meta property=\"og:image:height\" content=\"2560\" \/>\n\t<meta property=\"og:image:type\" content=\"image\/jpeg\" \/>\n<script type=\"application\/ld+json\" class=\"yoast-schema-graph\">{\"@context\":\"https:\/\/schema.org\",\"@graph\":[{\"@type\":\"WebPage\",\"@id\":\"https:\/\/bio4you.eu\/retseptid\/toode\/tikri-banaani-smuuti\/\",\"url\":\"https:\/\/bio4you.eu\/retseptid\/toode\/tikri-banaani-smuuti\/\",\"name\":\"Tikri-banaani smuuti - bio4you.eu\/retseptid\",\"isPartOf\":{\"@id\":\"https:\/\/bio4you.eu\/retseptid\/#website\"},\"primaryImageOfPage\":{\"@id\":\"https:\/\/bio4you.eu\/retseptid\/toode\/tikri-banaani-smuuti\/#primaryimage\"},\"image\":{\"@id\":\"https:\/\/bio4you.eu\/retseptid\/toode\/tikri-banaani-smuuti\/#primaryimage\"},\"thumbnailUrl\":\"https:\/\/bio4you.eu\/retseptid\/wp-content\/uploads\/2018\/03\/Smuutipilt-edit-scaled.jpg\",\"datePublished\":\"2018-03-02T10:44:38+00:00\",\"dateModified\":\"2022-05-19T06:48:35+00:00\",\"breadcrumb\":{\"@id\":\"https:\/\/bio4you.eu\/retseptid\/toode\/tikri-banaani-smuuti\/#breadcrumb\"},\"inLanguage\":\"et\",\"potentialAction\":[{\"@type\":\"ReadAction\",\"target\":[\"https:\/\/bio4you.eu\/retseptid\/toode\/tikri-banaani-smuuti\/\"]}]},{\"@type\":\"ImageObject\",\"inLanguage\":\"et\",\"@id\":\"https:\/\/bio4you.eu\/retseptid\/toode\/tikri-banaani-smuuti\/#primaryimage\",\"url\":\"https:\/\/bio4you.eu\/retseptid\/wp-content\/uploads\/2018\/03\/Smuutipilt-edit-scaled.jpg\",\"contentUrl\":\"https:\/\/bio4you.eu\/retseptid\/wp-content\/uploads\/2018\/03\/Smuutipilt-edit-scaled.jpg\",\"width\":1919,\"height\":2560,\"caption\":\"sdr\"},{\"@type\":\"BreadcrumbList\",\"@id\":\"https:\/\/bio4you.eu\/retseptid\/toode\/tikri-banaani-smuuti\/#breadcrumb\",\"itemListElement\":[{\"@type\":\"ListItem\",\"position\":1,\"name\":\"Home\",\"item\":\"https:\/\/bio4you.eu\/retseptid\/\"},{\"@type\":\"ListItem\",\"position\":2,\"name\":\"Tikri-banaani smuuti\"}]},{\"@type\":\"WebSite\",\"@id\":\"https:\/\/bio4you.eu\/retseptid\/#website\",\"url\":\"https:\/\/bio4you.eu\/retseptid\/\",\"name\":\"bio4you.eu\/retseptid\",\"description\":\"\u00d6ko retseptid ise tegemiseks, looduslikest koostisainetest. Maitsev toit, iluhooldus, kodupuhastus ja aiandus.\",\"potentialAction\":[{\"@type\":\"SearchAction\",\"target\":{\"@type\":\"EntryPoint\",\"urlTemplate\":\"https:\/\/bio4you.eu\/retseptid\/?s={search_term_string}\"},\"query-input\":\"required name=search_term_string\"}],\"inLanguage\":\"et\"}]}<\/script>\n<!-- \/ Yoast SEO plugin. -->","yoast_head_json":{"title":"Tikri-banaani smuuti - bio4you.eu\/retseptid","robots":{"index":"index","follow":"follow","max-snippet":"max-snippet:-1","max-image-preview":"max-image-preview:large","max-video-preview":"max-video-preview:-1"},"canonical":"https:\/\/bio4you.eu\/retseptid\/toode\/tikri-banaani-smuuti\/","og_locale":"et_EE","og_type":"article","og_title":"Tikri-banaani smuuti - bio4you.eu\/retseptid","og_description":"Vaja l\u00e4heb:   1 banaan  k\u00fclmutatud tikreid v\u00f5i muid hapusid marju  250ml sojajooki vanilliga  jupp ingverit  1 spl Nutrisslim baobabi pulbrit","og_url":"https:\/\/bio4you.eu\/retseptid\/toode\/tikri-banaani-smuuti\/","og_site_name":"bio4you.eu\/retseptid","article_modified_time":"2022-05-19T06:48:35+00:00","og_image":[{"width":1919,"height":2560,"url":"https:\/\/bio4you.eu\/retseptid\/wp-content\/uploads\/2018\/03\/Smuutipilt-edit-scaled.jpg","type":"image\/jpeg"}],"schema":{"@context":"https:\/\/schema.org","@graph":[{"@type":"WebPage","@id":"https:\/\/bio4you.eu\/retseptid\/toode\/tikri-banaani-smuuti\/","url":"https:\/\/bio4you.eu\/retseptid\/toode\/tikri-banaani-smuuti\/","name":"Tikri-banaani smuuti - bio4you.eu\/retseptid","isPartOf":{"@id":"https:\/\/bio4you.eu\/retseptid\/#website"},"primaryImageOfPage":{"@id":"https:\/\/bio4you.eu\/retseptid\/toode\/tikri-banaani-smuuti\/#primaryimage"},"image":{"@id":"https:\/\/bio4you.eu\/retseptid\/toode\/tikri-banaani-smuuti\/#primaryimage"},"thumbnailUrl":"https:\/\/bio4you.eu\/retseptid\/wp-content\/uploads\/2018\/03\/Smuutipilt-edit-scaled.jpg","datePublished":"2018-03-02T10:44:38+00:00","dateModified":"2022-05-19T06:48:35+00:00","breadcrumb":{"@id":"https:\/\/bio4you.eu\/retseptid\/toode\/tikri-banaani-smuuti\/#breadcrumb"},"inLanguage":"et","potentialAction":[{"@type":"ReadAction","target":["https:\/\/bio4you.eu\/retseptid\/toode\/tikri-banaani-smuuti\/"]}]},{"@type":"ImageObject","inLanguage":"et","@id":"https:\/\/bio4you.eu\/retseptid\/toode\/tikri-banaani-smuuti\/#primaryimage","url":"https:\/\/bio4you.eu\/retseptid\/wp-content\/uploads\/2018\/03\/Smuutipilt-edit-scaled.jpg","contentUrl":"https:\/\/bio4you.eu\/retseptid\/wp-content\/uploads\/2018\/03\/Smuutipilt-edit-scaled.jpg","width":1919,"height":2560,"caption":"sdr"},{"@type":"BreadcrumbList","@id":"https:\/\/bio4you.eu\/retseptid\/toode\/tikri-banaani-smuuti\/#breadcrumb","itemListElement":[{"@type":"ListItem","position":1,"name":"Home","item":"https:\/\/bio4you.eu\/retseptid\/"},{"@type":"ListItem","position":2,"name":"Tikri-banaani smuuti"}]},{"@type":"WebSite","@id":"https:\/\/bio4you.eu\/retseptid\/#website","url":"https:\/\/bio4you.eu\/retseptid\/","name":"bio4you.eu\/retseptid","description":"\u00d6ko retseptid ise tegemiseks, looduslikest koostisainetest. Maitsev toit, iluhooldus, kodupuhastus ja aiandus.","potentialAction":[{"@type":"SearchAction","target":{"@type":"EntryPoint","urlTemplate":"https:\/\/bio4you.eu\/retseptid\/?s={search_term_string}"},"query-input":"required name=search_term_string"}],"inLanguage":"et"}]}},"_links":{"self":[{"href":"https:\/\/bio4you.eu\/retseptid\/wp-json\/wp\/v2\/product\/3836"}],"collection":[{"href":"https:\/\/bio4you.eu\/retseptid\/wp-json\/wp\/v2\/product"}],"about":[{"href":"https:\/\/bio4you.eu\/retseptid\/wp-json\/wp\/v2\/types\/product"}],"replies":[{"embeddable":true,"href":"https:\/\/bio4you.eu\/retseptid\/wp-json\/wp\/v2\/comments?post=3836"}],"wp:featuredmedia":[{"embeddable":true,"href":"https:\/\/bio4you.eu\/retseptid\/wp-json\/wp\/v2\/media\/3838"}],"wp:attachment":[{"href":"https:\/\/bio4you.eu\/retseptid\/wp-json\/wp\/v2\/media?parent=3836"}],"wp:term":[{"taxonomy":"product_cat","embeddable":true,"href":"https:\/\/bio4you.eu\/retseptid\/wp-json\/wp\/v2\/product_cat?post=3836"},{"taxonomy":"product_tag","embeddable":true,"href":"https:\/\/bio4you.eu\/retseptid\/wp-json\/wp\/v2\/product_tag?post=3836"}],"curies":[{"name":"wp","href":"https:\/\/api.w.org\/{rel}","templated":true}]}}