{"id":3890,"date":"2022-04-28T23:28:42","date_gmt":"2022-04-28T20:28:42","guid":{"rendered":"https:\/\/bio4you.eu\/retseptid\/?post_type=product&#038;p=3890"},"modified":"2022-04-29T09:55:52","modified_gmt":"2022-04-29T06:55:52","slug":"mini-juustukoogid-kirssidega","status":"publish","type":"product","link":"https:\/\/bio4you.eu\/retseptid\/toode\/mini-juustukoogid-kirssidega\/","title":{"rendered":"Mini-juustukoogid kirssidega"},"content":{"rendered":"<p>M\u00e4\u00e4ri muffinivormid v\u00f5iga, puista \u00fcle t\u00e4rklisega ja koputa \u00fclej\u00e4\u00e4k v\u00e4lja. Kuumuta ahi 200\u00b0C kraadini.<br \/>\nValmista juustukoogi p\u00f5hi vastavalt pakendi juhistele, jaga see \u00fchtlaselt muffinivormide vahel ja suru tugevalt ja \u00fchtlaselt vormi p\u00f5hja \u2013 \u00e4ra moodusta serva.<br \/>\nValmista t\u00e4idis vastavalt pakendi juhistele ja jaga see kaerahelbep\u00f5hjale.<br \/>\nK\u00fcpseta v\u00e4ikseid juustukooke 15-20 minutit.<br \/>\nVahepeal n\u00f5ruta kirsid ja j\u00e4ta mahl alles. Vajaduse korral lisa vett, kuni kokku on 300 ml vedelikku.<br \/>\nPane k\u00f5ik see koos v\u00fcrtside ja maisit\u00e4rklisega kastrulisse ning keeda pidevalt segades.<br \/>\nKeeda mahla 2-3 minutit ja seej\u00e4rel sega kirsid sinna hulka.<br \/>\nServeeri jahtunud juustukoogid koos veidi jahtunud kirssidega.<\/p>\n","protected":false},"excerpt":{"rendered":"<p>Vaja l\u00e4heb:<br \/>\n0,5 pakki <a href=\"https:\/\/bio4you.eu\/et\/kuivained\/4146-gluteenivaba-juustukoogi-jahusegu-485g.html?utm_source=bioblogi&amp;utm_medium=retsept&amp;utm_campaign=juustukook\" target=\"_blank\" rel=\"noopener\">Bauckhofi juustukoogi segu<\/a><br \/>\n60 g v\u00f5id<br \/>\n2 muna<br \/>\n380 g kohupiima<br \/>\n1 supilusikat\u00e4is <a href=\"https:\/\/bio4you.eu\/et\/kuelmad-joogid\/1219-sidrunimahl-250ml.html?utm_source=bioblogi&amp;utm_medium=retsept&amp;utm_campaign=juustukook\" target=\"_blank\" rel=\"noopener\">sidrunimahla<\/a><br \/>\n4-5 tilka mandliessentsi<br \/>\nmuffinivormi katmiseks veidi <a href=\"https:\/\/bio4you.eu\/et\/maitseained-ja-magustajad\/1426-gluteenivaba-maisitaerklis-250g.html?utm_source=bioblogi&amp;utm_medium=retsept&amp;utm_campaign=juustukook\" target=\"_blank\" rel=\"noopener\">t\u00e4rklist<\/a><br \/>\n1 purk kirsikompotti<br \/>\n0,5 tl <a href=\"https:\/\/bio4you.eu\/et\/maitseained-ja-magustajad\/4736-piparkoogimaitseaine-40g.html?utm_source=bioblogi&amp;utm_medium=retsept&amp;utm_campaign=juustukook\" target=\"_blank\" rel=\"noopener\">piparkoogimaitseainet<\/a><br \/>\n1 spl <a href=\"https:\/\/bio4you.eu\/et\/otsi?controller=search&amp;order=product.position.desc&amp;s=suhkur&amp;utm_source=bioblogi&amp;utm_medium=retsept&amp;utm_campaign=juustukook\" target=\"_blank\" rel=\"noopener\">suhkrut<\/a><br \/>\n0,5 tl vaniljet<br \/>\n3 tl <a href=\"https:\/\/bio4you.eu\/et\/maitseained-ja-magustajad\/1426-gluteenivaba-maisitaerklis-250g.html?utm_source=bioblogi&amp;utm_medium=retsept&amp;utm_campaign=juustukook\" target=\"_blank\" rel=\"noopener\">maisit\u00e4rklist<\/a><\/p>\n","protected":false},"featured_media":3891,"comment_status":"open","ping_status":"closed","template":"","meta":{"_exactmetrics_skip_tracking":false,"_exactmetrics_sitenote_active":false,"_exactmetrics_sitenote_note":"","_exactmetrics_sitenote_category":0},"product_cat":[59,63,280],"product_tag":[],"class_list":{"0":"post-3890","1":"product","2":"type-product","3":"status-publish","4":"has-post-thumbnail","6":"product_cat-featured","7":"product_cat-gluteenivabad-retseptid","8":"product_cat-koogid-ja-kupsised","10":"first","11":"instock","12":"shipping-taxable","13":"product-type-simple"},"yoast_head":"<!-- This site is optimized with the Yoast SEO plugin v23.3 - https:\/\/yoast.com\/wordpress\/plugins\/seo\/ -->\n<title>Mini-juustukoogid kirssidega - bio4you.eu\/retseptid<\/title>\n<meta name=\"robots\" content=\"index, follow, max-snippet:-1, max-image-preview:large, max-video-preview:-1\" \/>\n<link rel=\"canonical\" href=\"https:\/\/bio4you.eu\/retseptid\/toode\/mini-juustukoogid-kirssidega\/\" \/>\n<meta property=\"og:locale\" content=\"et_EE\" \/>\n<meta property=\"og:type\" content=\"article\" \/>\n<meta property=\"og:title\" content=\"Mini-juustukoogid kirssidega - bio4you.eu\/retseptid\" \/>\n<meta property=\"og:description\" content=\"Vaja l\u00e4heb: 0,5 pakki Bauckhofi juustukoogi segu 60 g v\u00f5id 2 muna 380 g kohupiima 1 supilusikat\u00e4is sidrunimahla 4-5 tilka mandliessentsi muffinivormi katmiseks veidi t\u00e4rklist 1 purk kirsikompotti 0,5 tl piparkoogimaitseainet 1 spl suhkrut 0,5 tl vaniljet 3 tl maisit\u00e4rklist\" \/>\n<meta property=\"og:url\" content=\"https:\/\/bio4you.eu\/retseptid\/toode\/mini-juustukoogid-kirssidega\/\" \/>\n<meta property=\"og:site_name\" content=\"bio4you.eu\/retseptid\" \/>\n<meta property=\"article:modified_time\" content=\"2022-04-29T06:55:52+00:00\" \/>\n<meta property=\"og:image\" content=\"https:\/\/bio4you.eu\/retseptid\/wp-content\/uploads\/2022\/04\/Bauckhof_Weihnachtsmenu_Kasekuchen-1.png\" \/>\n\t<meta property=\"og:image:width\" content=\"994\" \/>\n\t<meta property=\"og:image:height\" content=\"663\" \/>\n\t<meta property=\"og:image:type\" content=\"image\/png\" \/>\n<meta name=\"twitter:label1\" content=\"Est. reading time\" \/>\n\t<meta name=\"twitter:data1\" content=\"1 minut\" \/>\n<script type=\"application\/ld+json\" class=\"yoast-schema-graph\">{\"@context\":\"https:\/\/schema.org\",\"@graph\":[{\"@type\":\"WebPage\",\"@id\":\"https:\/\/bio4you.eu\/retseptid\/toode\/mini-juustukoogid-kirssidega\/\",\"url\":\"https:\/\/bio4you.eu\/retseptid\/toode\/mini-juustukoogid-kirssidega\/\",\"name\":\"Mini-juustukoogid kirssidega - bio4you.eu\/retseptid\",\"isPartOf\":{\"@id\":\"https:\/\/bio4you.eu\/retseptid\/#website\"},\"primaryImageOfPage\":{\"@id\":\"https:\/\/bio4you.eu\/retseptid\/toode\/mini-juustukoogid-kirssidega\/#primaryimage\"},\"image\":{\"@id\":\"https:\/\/bio4you.eu\/retseptid\/toode\/mini-juustukoogid-kirssidega\/#primaryimage\"},\"thumbnailUrl\":\"https:\/\/bio4you.eu\/retseptid\/wp-content\/uploads\/2022\/04\/Bauckhof_Weihnachtsmenu_Kasekuchen-1.webp\",\"datePublished\":\"2022-04-28T20:28:42+00:00\",\"dateModified\":\"2022-04-29T06:55:52+00:00\",\"breadcrumb\":{\"@id\":\"https:\/\/bio4you.eu\/retseptid\/toode\/mini-juustukoogid-kirssidega\/#breadcrumb\"},\"inLanguage\":\"et\",\"potentialAction\":[{\"@type\":\"ReadAction\",\"target\":[\"https:\/\/bio4you.eu\/retseptid\/toode\/mini-juustukoogid-kirssidega\/\"]}]},{\"@type\":\"ImageObject\",\"inLanguage\":\"et\",\"@id\":\"https:\/\/bio4you.eu\/retseptid\/toode\/mini-juustukoogid-kirssidega\/#primaryimage\",\"url\":\"https:\/\/bio4you.eu\/retseptid\/wp-content\/uploads\/2022\/04\/Bauckhof_Weihnachtsmenu_Kasekuchen-1.webp\",\"contentUrl\":\"https:\/\/bio4you.eu\/retseptid\/wp-content\/uploads\/2022\/04\/Bauckhof_Weihnachtsmenu_Kasekuchen-1.webp\",\"width\":994,\"height\":663},{\"@type\":\"BreadcrumbList\",\"@id\":\"https:\/\/bio4you.eu\/retseptid\/toode\/mini-juustukoogid-kirssidega\/#breadcrumb\",\"itemListElement\":[{\"@type\":\"ListItem\",\"position\":1,\"name\":\"Home\",\"item\":\"https:\/\/bio4you.eu\/retseptid\/\"},{\"@type\":\"ListItem\",\"position\":2,\"name\":\"Mini-juustukoogid kirssidega\"}]},{\"@type\":\"WebSite\",\"@id\":\"https:\/\/bio4you.eu\/retseptid\/#website\",\"url\":\"https:\/\/bio4you.eu\/retseptid\/\",\"name\":\"bio4you.eu\/retseptid\",\"description\":\"\u00d6ko retseptid ise tegemiseks, looduslikest koostisainetest. Maitsev toit, iluhooldus, kodupuhastus ja aiandus.\",\"potentialAction\":[{\"@type\":\"SearchAction\",\"target\":{\"@type\":\"EntryPoint\",\"urlTemplate\":\"https:\/\/bio4you.eu\/retseptid\/?s={search_term_string}\"},\"query-input\":\"required name=search_term_string\"}],\"inLanguage\":\"et\"}]}<\/script>\n<!-- \/ Yoast SEO plugin. -->","yoast_head_json":{"title":"Mini-juustukoogid kirssidega - bio4you.eu\/retseptid","robots":{"index":"index","follow":"follow","max-snippet":"max-snippet:-1","max-image-preview":"max-image-preview:large","max-video-preview":"max-video-preview:-1"},"canonical":"https:\/\/bio4you.eu\/retseptid\/toode\/mini-juustukoogid-kirssidega\/","og_locale":"et_EE","og_type":"article","og_title":"Mini-juustukoogid kirssidega - bio4you.eu\/retseptid","og_description":"Vaja l\u00e4heb: 0,5 pakki Bauckhofi juustukoogi segu 60 g v\u00f5id 2 muna 380 g kohupiima 1 supilusikat\u00e4is sidrunimahla 4-5 tilka mandliessentsi muffinivormi katmiseks veidi t\u00e4rklist 1 purk kirsikompotti 0,5 tl piparkoogimaitseainet 1 spl suhkrut 0,5 tl vaniljet 3 tl maisit\u00e4rklist","og_url":"https:\/\/bio4you.eu\/retseptid\/toode\/mini-juustukoogid-kirssidega\/","og_site_name":"bio4you.eu\/retseptid","article_modified_time":"2022-04-29T06:55:52+00:00","og_image":[{"width":994,"height":663,"url":"https:\/\/bio4you.eu\/retseptid\/wp-content\/uploads\/2022\/04\/Bauckhof_Weihnachtsmenu_Kasekuchen-1.png","type":"image\/png"}],"twitter_misc":{"Est. reading time":"1 minut"},"schema":{"@context":"https:\/\/schema.org","@graph":[{"@type":"WebPage","@id":"https:\/\/bio4you.eu\/retseptid\/toode\/mini-juustukoogid-kirssidega\/","url":"https:\/\/bio4you.eu\/retseptid\/toode\/mini-juustukoogid-kirssidega\/","name":"Mini-juustukoogid kirssidega - bio4you.eu\/retseptid","isPartOf":{"@id":"https:\/\/bio4you.eu\/retseptid\/#website"},"primaryImageOfPage":{"@id":"https:\/\/bio4you.eu\/retseptid\/toode\/mini-juustukoogid-kirssidega\/#primaryimage"},"image":{"@id":"https:\/\/bio4you.eu\/retseptid\/toode\/mini-juustukoogid-kirssidega\/#primaryimage"},"thumbnailUrl":"https:\/\/bio4you.eu\/retseptid\/wp-content\/uploads\/2022\/04\/Bauckhof_Weihnachtsmenu_Kasekuchen-1.webp","datePublished":"2022-04-28T20:28:42+00:00","dateModified":"2022-04-29T06:55:52+00:00","breadcrumb":{"@id":"https:\/\/bio4you.eu\/retseptid\/toode\/mini-juustukoogid-kirssidega\/#breadcrumb"},"inLanguage":"et","potentialAction":[{"@type":"ReadAction","target":["https:\/\/bio4you.eu\/retseptid\/toode\/mini-juustukoogid-kirssidega\/"]}]},{"@type":"ImageObject","inLanguage":"et","@id":"https:\/\/bio4you.eu\/retseptid\/toode\/mini-juustukoogid-kirssidega\/#primaryimage","url":"https:\/\/bio4you.eu\/retseptid\/wp-content\/uploads\/2022\/04\/Bauckhof_Weihnachtsmenu_Kasekuchen-1.webp","contentUrl":"https:\/\/bio4you.eu\/retseptid\/wp-content\/uploads\/2022\/04\/Bauckhof_Weihnachtsmenu_Kasekuchen-1.webp","width":994,"height":663},{"@type":"BreadcrumbList","@id":"https:\/\/bio4you.eu\/retseptid\/toode\/mini-juustukoogid-kirssidega\/#breadcrumb","itemListElement":[{"@type":"ListItem","position":1,"name":"Home","item":"https:\/\/bio4you.eu\/retseptid\/"},{"@type":"ListItem","position":2,"name":"Mini-juustukoogid kirssidega"}]},{"@type":"WebSite","@id":"https:\/\/bio4you.eu\/retseptid\/#website","url":"https:\/\/bio4you.eu\/retseptid\/","name":"bio4you.eu\/retseptid","description":"\u00d6ko retseptid ise tegemiseks, looduslikest koostisainetest. Maitsev toit, iluhooldus, kodupuhastus ja aiandus.","potentialAction":[{"@type":"SearchAction","target":{"@type":"EntryPoint","urlTemplate":"https:\/\/bio4you.eu\/retseptid\/?s={search_term_string}"},"query-input":"required name=search_term_string"}],"inLanguage":"et"}]}},"_links":{"self":[{"href":"https:\/\/bio4you.eu\/retseptid\/wp-json\/wp\/v2\/product\/3890"}],"collection":[{"href":"https:\/\/bio4you.eu\/retseptid\/wp-json\/wp\/v2\/product"}],"about":[{"href":"https:\/\/bio4you.eu\/retseptid\/wp-json\/wp\/v2\/types\/product"}],"replies":[{"embeddable":true,"href":"https:\/\/bio4you.eu\/retseptid\/wp-json\/wp\/v2\/comments?post=3890"}],"wp:featuredmedia":[{"embeddable":true,"href":"https:\/\/bio4you.eu\/retseptid\/wp-json\/wp\/v2\/media\/3891"}],"wp:attachment":[{"href":"https:\/\/bio4you.eu\/retseptid\/wp-json\/wp\/v2\/media?parent=3890"}],"wp:term":[{"taxonomy":"product_cat","embeddable":true,"href":"https:\/\/bio4you.eu\/retseptid\/wp-json\/wp\/v2\/product_cat?post=3890"},{"taxonomy":"product_tag","embeddable":true,"href":"https:\/\/bio4you.eu\/retseptid\/wp-json\/wp\/v2\/product_tag?post=3890"}],"curies":[{"name":"wp","href":"https:\/\/api.w.org\/{rel}","templated":true}]}}