{"id":3990,"date":"2022-06-02T14:02:54","date_gmt":"2022-06-02T11:02:54","guid":{"rendered":"https:\/\/bio4you.eu\/retseptid\/?post_type=product&#038;p=3990"},"modified":"2022-06-02T14:02:54","modified_gmt":"2022-06-02T11:02:54","slug":"vegan-pavlova","status":"publish","type":"product","link":"https:\/\/bio4you.eu\/retseptid\/toode\/vegan-pavlova\/","title":{"rendered":"Vegan pavlova"},"content":{"rendered":"<p>Valmistamine:<br \/>\nEt valmistada suvine ja maitsev vegan pavlova kook, l\u00e4heb sul vaja jahutatud <em>aquafaba<\/em>&#8216;t (kikerhernevedelikku). Vaata kindlasti, et vedelik oleks soolamata. Lisa n\u00e4puotsat\u00e4is viinakivi pulbrit vedelikule. Vahusta k\u00e4simiksriga kuni m\u00e4rkad, et segu hakkab tahenema (<em>ca<\/em> 5-10 minutit).<br \/>\nLisa er\u00fctritool ja vahusta veel 5 minutit.<br \/>\nT\u00f5sta supilusikaga segu k\u00fcpsetuspaberile ning vormi kena ring, mille \u00e4\u00e4red on pisut k\u00f5rgemad kui keskosa.<br \/>\nK\u00fcpseta 120 kraadi juures eelsoojendatud ahjus umbes 2 tundi kuni pealmine osa hakkab tahenema. Kui p\u00f5hi on valmis, j\u00e4ta see umbes neljaks tunniks jahtuma. K\u00f5ige parem variant on, kui teed p\u00f5hja valmis eelmisel p\u00e4eval.<br \/>\nJahutatud p\u00f5hjale pane vahustatud kookosvahukoor, mustikad, maasikad, vaarikad v\u00f5i endale sobivaid puuvilju. Soovitame peale raputada ka mandlipuru.<\/p>\n","protected":false},"excerpt":{"rendered":"<p>Vaja l\u00e4heb:<br \/>\n200 ml <a href=\"https:\/\/bio4you.eu\/et\/kuivained\/1983-kikerherned-vees-370ml-nutrisslim.html?utm_source=bioretsept&amp;utm_medium=email&amp;utm_campaign=retsept\" target=\"_blank\" rel=\"noopener\">kikerhernevedelikku purgist<\/a><br \/>\n0,5 tl viinakivipulbrit<br \/>\n200 g <a href=\"https:\/\/bio4you.eu\/et\/suhkruasendaja\/3776-eruetritool-1kg.html?utm_source=bioretsept&amp;utm_medium=email&amp;utm_campaign=retsept\" target=\"_blank\" rel=\"noopener\">er\u00fctritooli<\/a><br \/>\n400 g <a href=\"https:\/\/bio4you.eu\/et\/olid-kastmed-kreemid\/2629-vahustatav-kookoskreem-300ml.html?utm_source=bioretsept&amp;utm_medium=email&amp;utm_campaign=retsept\">kookosvahukoort<\/a><br \/>\nv\u00e4rskeid marju<br \/>\nmandleid<\/p>\n","protected":false},"featured_media":3992,"comment_status":"open","ping_status":"closed","template":"","meta":{"_exactmetrics_skip_tracking":false,"_exactmetrics_sitenote_active":false,"_exactmetrics_sitenote_note":"","_exactmetrics_sitenote_category":0},"product_cat":[59,60,382,383,280,365],"product_tag":[],"class_list":{"0":"post-3990","1":"product","2":"type-product","3":"status-publish","4":"has-post-thumbnail","6":"product_cat-featured","7":"product_cat-toiduretseptid","8":"product_cat-vegan-toiduretseptid","9":"product_cat-taimetoit","10":"product_cat-koogid-ja-kupsised","11":"product_cat-laste-lemmikud","13":"first","14":"instock","15":"shipping-taxable","16":"product-type-simple"},"yoast_head":"<!-- This site is optimized with the Yoast SEO plugin v23.3 - https:\/\/yoast.com\/wordpress\/plugins\/seo\/ -->\n<title>Vegan pavlova - bio4you.eu\/retseptid<\/title>\n<meta name=\"robots\" content=\"index, follow, max-snippet:-1, max-image-preview:large, max-video-preview:-1\" \/>\n<link rel=\"canonical\" href=\"https:\/\/bio4you.eu\/retseptid\/toode\/vegan-pavlova\/\" \/>\n<meta property=\"og:locale\" content=\"et_EE\" \/>\n<meta property=\"og:type\" content=\"article\" \/>\n<meta property=\"og:title\" content=\"Vegan pavlova - bio4you.eu\/retseptid\" \/>\n<meta property=\"og:description\" content=\"Vaja l\u00e4heb: 200 ml kikerhernevedelikku purgist 0,5 tl viinakivipulbrit 200 g er\u00fctritooli 400 g kookosvahukoort v\u00e4rskeid marju mandleid\" \/>\n<meta property=\"og:url\" content=\"https:\/\/bio4you.eu\/retseptid\/toode\/vegan-pavlova\/\" \/>\n<meta property=\"og:site_name\" content=\"bio4you.eu\/retseptid\" \/>\n<meta property=\"og:image\" content=\"https:\/\/bio4you.eu\/retseptid\/wp-content\/uploads\/2022\/06\/ezgif.com-gif-maker-1024x576.png\" \/>\n\t<meta property=\"og:image:width\" content=\"1024\" \/>\n\t<meta property=\"og:image:height\" content=\"576\" \/>\n\t<meta property=\"og:image:type\" content=\"image\/png\" \/>\n<meta name=\"twitter:label1\" content=\"Est. reading time\" \/>\n\t<meta name=\"twitter:data1\" content=\"1 minut\" \/>\n<script type=\"application\/ld+json\" class=\"yoast-schema-graph\">{\"@context\":\"https:\/\/schema.org\",\"@graph\":[{\"@type\":\"WebPage\",\"@id\":\"https:\/\/bio4you.eu\/retseptid\/toode\/vegan-pavlova\/\",\"url\":\"https:\/\/bio4you.eu\/retseptid\/toode\/vegan-pavlova\/\",\"name\":\"Vegan pavlova - bio4you.eu\/retseptid\",\"isPartOf\":{\"@id\":\"https:\/\/bio4you.eu\/retseptid\/#website\"},\"primaryImageOfPage\":{\"@id\":\"https:\/\/bio4you.eu\/retseptid\/toode\/vegan-pavlova\/#primaryimage\"},\"image\":{\"@id\":\"https:\/\/bio4you.eu\/retseptid\/toode\/vegan-pavlova\/#primaryimage\"},\"thumbnailUrl\":\"https:\/\/bio4you.eu\/retseptid\/wp-content\/uploads\/2022\/06\/ezgif.com-gif-maker.png\",\"datePublished\":\"2022-06-02T11:02:54+00:00\",\"dateModified\":\"2022-06-02T11:02:54+00:00\",\"breadcrumb\":{\"@id\":\"https:\/\/bio4you.eu\/retseptid\/toode\/vegan-pavlova\/#breadcrumb\"},\"inLanguage\":\"et\",\"potentialAction\":[{\"@type\":\"ReadAction\",\"target\":[\"https:\/\/bio4you.eu\/retseptid\/toode\/vegan-pavlova\/\"]}]},{\"@type\":\"ImageObject\",\"inLanguage\":\"et\",\"@id\":\"https:\/\/bio4you.eu\/retseptid\/toode\/vegan-pavlova\/#primaryimage\",\"url\":\"https:\/\/bio4you.eu\/retseptid\/wp-content\/uploads\/2022\/06\/ezgif.com-gif-maker.png\",\"contentUrl\":\"https:\/\/bio4you.eu\/retseptid\/wp-content\/uploads\/2022\/06\/ezgif.com-gif-maker.png\",\"width\":1920,\"height\":1080},{\"@type\":\"BreadcrumbList\",\"@id\":\"https:\/\/bio4you.eu\/retseptid\/toode\/vegan-pavlova\/#breadcrumb\",\"itemListElement\":[{\"@type\":\"ListItem\",\"position\":1,\"name\":\"Home\",\"item\":\"https:\/\/bio4you.eu\/retseptid\/\"},{\"@type\":\"ListItem\",\"position\":2,\"name\":\"Vegan pavlova\"}]},{\"@type\":\"WebSite\",\"@id\":\"https:\/\/bio4you.eu\/retseptid\/#website\",\"url\":\"https:\/\/bio4you.eu\/retseptid\/\",\"name\":\"bio4you.eu\/retseptid\",\"description\":\"\u00d6ko retseptid ise tegemiseks, looduslikest koostisainetest. Maitsev toit, iluhooldus, kodupuhastus ja aiandus.\",\"potentialAction\":[{\"@type\":\"SearchAction\",\"target\":{\"@type\":\"EntryPoint\",\"urlTemplate\":\"https:\/\/bio4you.eu\/retseptid\/?s={search_term_string}\"},\"query-input\":\"required name=search_term_string\"}],\"inLanguage\":\"et\"}]}<\/script>\n<!-- \/ Yoast SEO plugin. -->","yoast_head_json":{"title":"Vegan pavlova - bio4you.eu\/retseptid","robots":{"index":"index","follow":"follow","max-snippet":"max-snippet:-1","max-image-preview":"max-image-preview:large","max-video-preview":"max-video-preview:-1"},"canonical":"https:\/\/bio4you.eu\/retseptid\/toode\/vegan-pavlova\/","og_locale":"et_EE","og_type":"article","og_title":"Vegan pavlova - bio4you.eu\/retseptid","og_description":"Vaja l\u00e4heb: 200 ml kikerhernevedelikku purgist 0,5 tl viinakivipulbrit 200 g er\u00fctritooli 400 g kookosvahukoort v\u00e4rskeid marju mandleid","og_url":"https:\/\/bio4you.eu\/retseptid\/toode\/vegan-pavlova\/","og_site_name":"bio4you.eu\/retseptid","og_image":[{"width":1024,"height":576,"url":"https:\/\/bio4you.eu\/retseptid\/wp-content\/uploads\/2022\/06\/ezgif.com-gif-maker-1024x576.png","type":"image\/png"}],"twitter_misc":{"Est. reading time":"1 minut"},"schema":{"@context":"https:\/\/schema.org","@graph":[{"@type":"WebPage","@id":"https:\/\/bio4you.eu\/retseptid\/toode\/vegan-pavlova\/","url":"https:\/\/bio4you.eu\/retseptid\/toode\/vegan-pavlova\/","name":"Vegan pavlova - bio4you.eu\/retseptid","isPartOf":{"@id":"https:\/\/bio4you.eu\/retseptid\/#website"},"primaryImageOfPage":{"@id":"https:\/\/bio4you.eu\/retseptid\/toode\/vegan-pavlova\/#primaryimage"},"image":{"@id":"https:\/\/bio4you.eu\/retseptid\/toode\/vegan-pavlova\/#primaryimage"},"thumbnailUrl":"https:\/\/bio4you.eu\/retseptid\/wp-content\/uploads\/2022\/06\/ezgif.com-gif-maker.png","datePublished":"2022-06-02T11:02:54+00:00","dateModified":"2022-06-02T11:02:54+00:00","breadcrumb":{"@id":"https:\/\/bio4you.eu\/retseptid\/toode\/vegan-pavlova\/#breadcrumb"},"inLanguage":"et","potentialAction":[{"@type":"ReadAction","target":["https:\/\/bio4you.eu\/retseptid\/toode\/vegan-pavlova\/"]}]},{"@type":"ImageObject","inLanguage":"et","@id":"https:\/\/bio4you.eu\/retseptid\/toode\/vegan-pavlova\/#primaryimage","url":"https:\/\/bio4you.eu\/retseptid\/wp-content\/uploads\/2022\/06\/ezgif.com-gif-maker.png","contentUrl":"https:\/\/bio4you.eu\/retseptid\/wp-content\/uploads\/2022\/06\/ezgif.com-gif-maker.png","width":1920,"height":1080},{"@type":"BreadcrumbList","@id":"https:\/\/bio4you.eu\/retseptid\/toode\/vegan-pavlova\/#breadcrumb","itemListElement":[{"@type":"ListItem","position":1,"name":"Home","item":"https:\/\/bio4you.eu\/retseptid\/"},{"@type":"ListItem","position":2,"name":"Vegan pavlova"}]},{"@type":"WebSite","@id":"https:\/\/bio4you.eu\/retseptid\/#website","url":"https:\/\/bio4you.eu\/retseptid\/","name":"bio4you.eu\/retseptid","description":"\u00d6ko retseptid ise tegemiseks, looduslikest koostisainetest. Maitsev toit, iluhooldus, kodupuhastus ja aiandus.","potentialAction":[{"@type":"SearchAction","target":{"@type":"EntryPoint","urlTemplate":"https:\/\/bio4you.eu\/retseptid\/?s={search_term_string}"},"query-input":"required name=search_term_string"}],"inLanguage":"et"}]}},"_links":{"self":[{"href":"https:\/\/bio4you.eu\/retseptid\/wp-json\/wp\/v2\/product\/3990"}],"collection":[{"href":"https:\/\/bio4you.eu\/retseptid\/wp-json\/wp\/v2\/product"}],"about":[{"href":"https:\/\/bio4you.eu\/retseptid\/wp-json\/wp\/v2\/types\/product"}],"replies":[{"embeddable":true,"href":"https:\/\/bio4you.eu\/retseptid\/wp-json\/wp\/v2\/comments?post=3990"}],"wp:featuredmedia":[{"embeddable":true,"href":"https:\/\/bio4you.eu\/retseptid\/wp-json\/wp\/v2\/media\/3992"}],"wp:attachment":[{"href":"https:\/\/bio4you.eu\/retseptid\/wp-json\/wp\/v2\/media?parent=3990"}],"wp:term":[{"taxonomy":"product_cat","embeddable":true,"href":"https:\/\/bio4you.eu\/retseptid\/wp-json\/wp\/v2\/product_cat?post=3990"},{"taxonomy":"product_tag","embeddable":true,"href":"https:\/\/bio4you.eu\/retseptid\/wp-json\/wp\/v2\/product_tag?post=3990"}],"curies":[{"name":"wp","href":"https:\/\/api.w.org\/{rel}","templated":true}]}}