{"id":3994,"date":"2022-06-11T11:57:07","date_gmt":"2022-06-11T08:57:07","guid":{"rendered":"https:\/\/bio4you.eu\/retseptid\/?post_type=product&#038;p=3994"},"modified":"2025-02-22T22:18:19","modified_gmt":"2025-02-22T20:18:19","slug":"juustukoogikesed-pulga-otsas","status":"publish","type":"product","link":"https:\/\/bio4you.eu\/retseptid\/toode\/juustukoogikesed-pulga-otsas\/","title":{"rendered":"Juustukoogikesed pulga otsas"},"content":{"rendered":"<p>Valmistamine<\/p>\n<ol>\n<li>Kalla juustukoogisegu kaussi. Sulata v\u00f5i ja lisa koogisegule lisaks. Sega lusikaga hoogsalt l\u00e4bi ja j\u00e4ta m\u00f5neks minutiks paisuma.<\/li>\n<li>Pane valmistatud segu koogivormi, suru segu korralikult k\u00e4tega vormi p\u00f5hja ja k\u00fclgedele nii, et moodustuks 2 cm serv.<\/li>\n<li>Seej\u00e4rel pane kohupiim suurde kaussi, lisa munad, sidrunimahl ja k\u00fcpsetussegust kohupiimakreemi jaoks m\u00f5eldud kuivsegu ning sega miksri v\u00f5i vispliga hoogsalt l\u00e4bi.<\/li>\n<li>Vala kohupiimakreem koogip\u00f5hjale, silu \u00fchtlaseks ja k\u00fcpseta ahjus 180 kraadi juures \u00fclemise\/alumise kuumusega umbes 50 minutit. V\u00f5ta kook ahjust v\u00e4lja ja lase t\u00e4ielikult jahtuda. Seej\u00e4rel l\u00f5ika 12 v\u00f5rdseks koogit\u00fckiks ja torka igasse koogit\u00fckki v\u00e4ljastpoolt j\u00e4\u00e4tisepulgake.<\/li>\n<li>R\u00f6sti hakitud mandlid pannil ilma rasvata kuldseks. Poolita v\u00f5i l\u00f5ika v\u00e4iksemateks t\u00fckkideks maasikad, olenevalt nende suurusest. Sulata tume \u0161okolaad vesivannil.<\/li>\n<li>Kata koogiviilud t\u00e4ielikult v\u00f5i osaliselt sulatatud \u0161okolaadiga. Kaunista kohe hakitud mandlite, maasikate, mustikate ja miniv\u00f5ik\u00fcpsistega ning lase jahtuda.<\/li>\n<\/ol>\n<p>Nipp: Juustukoogit\u00fckikesi v\u00f5id kaunistada mistahes p\u00e4hklite, seemnete ja puuviljadega.<\/p>\n","protected":false},"excerpt":{"rendered":"<p>Vaja l\u00e4heb (12 portsjoni jaoks):<br \/>\n1 pakk Bauckhof juustukoogisegu<br \/>\n125 g v\u00f5id (v\u00f5i k\u00fcpsetusmargariini)<br \/>\n4 muna<br \/>\npool sidrunit<br \/>\n2 spl hakitud mandleid v\u00f5i kookoshelbeid<br \/>\n100 g maasikaid<br \/>\n150 g tumedat (k\u00fcpsetus)\u0161okolaadi<br \/>\n50 g mustikaid<br \/>\npeot\u00e4is purustatud v\u00f5ik\u00fcpsiseid<br \/>\n12 puidust j\u00e4\u00e4tisepulka<\/p>\n","protected":false},"featured_media":3995,"comment_status":"open","ping_status":"closed","template":"","meta":{"_exactmetrics_skip_tracking":false,"_exactmetrics_sitenote_active":false,"_exactmetrics_sitenote_note":"","_exactmetrics_sitenote_category":0},"product_cat":[59,60,63,383,280,365],"product_tag":[],"class_list":{"0":"post-3994","1":"product","2":"type-product","3":"status-publish","4":"has-post-thumbnail","6":"product_cat-featured","7":"product_cat-toiduretseptid","8":"product_cat-gluteenivabad-retseptid","9":"product_cat-taimetoit","10":"product_cat-koogid-ja-kupsised","11":"product_cat-laste-lemmikud","13":"first","14":"instock","15":"shipping-taxable","16":"product-type-simple"},"yoast_head":"<!-- This site is optimized with the Yoast SEO plugin v23.3 - https:\/\/yoast.com\/wordpress\/plugins\/seo\/ -->\n<title>Juustukoogikesed pulga otsas - bio4you.eu\/retseptid<\/title>\n<meta name=\"description\" content=\"M\u00e4ngulised gluteenivabad juustukoogikesed pulga otsas, mis maitsevad nii lastele kui ka t\u00e4iskasvanutele!\" \/>\n<meta name=\"robots\" content=\"index, follow, max-snippet:-1, max-image-preview:large, max-video-preview:-1\" \/>\n<link rel=\"canonical\" href=\"https:\/\/bio4you.eu\/retseptid\/toode\/juustukoogikesed-pulga-otsas\/\" \/>\n<meta property=\"og:locale\" content=\"et_EE\" \/>\n<meta property=\"og:type\" content=\"article\" \/>\n<meta property=\"og:title\" content=\"Juustukoogikesed pulga otsas - bio4you.eu\/retseptid\" \/>\n<meta property=\"og:description\" content=\"M\u00e4ngulised gluteenivabad juustukoogikesed pulga otsas, mis maitsevad nii lastele kui ka t\u00e4iskasvanutele!\" \/>\n<meta property=\"og:url\" content=\"https:\/\/bio4you.eu\/retseptid\/toode\/juustukoogikesed-pulga-otsas\/\" \/>\n<meta property=\"og:site_name\" content=\"bio4you.eu\/retseptid\" \/>\n<meta property=\"article:modified_time\" content=\"2025-02-22T20:18:19+00:00\" \/>\n<meta property=\"og:image\" content=\"https:\/\/bio4you.eu\/retseptid\/wp-content\/uploads\/2022\/06\/Untitled-design-2.png\" \/>\n\t<meta property=\"og:image:width\" content=\"940\" \/>\n\t<meta property=\"og:image:height\" content=\"788\" \/>\n\t<meta property=\"og:image:type\" content=\"image\/png\" \/>\n<meta name=\"twitter:label1\" content=\"Est. reading time\" \/>\n\t<meta name=\"twitter:data1\" content=\"1 minut\" \/>\n<script type=\"application\/ld+json\" class=\"yoast-schema-graph\">{\"@context\":\"https:\/\/schema.org\",\"@graph\":[{\"@type\":\"WebPage\",\"@id\":\"https:\/\/bio4you.eu\/retseptid\/toode\/juustukoogikesed-pulga-otsas\/\",\"url\":\"https:\/\/bio4you.eu\/retseptid\/toode\/juustukoogikesed-pulga-otsas\/\",\"name\":\"Juustukoogikesed pulga otsas - bio4you.eu\/retseptid\",\"isPartOf\":{\"@id\":\"https:\/\/bio4you.eu\/retseptid\/#website\"},\"primaryImageOfPage\":{\"@id\":\"https:\/\/bio4you.eu\/retseptid\/toode\/juustukoogikesed-pulga-otsas\/#primaryimage\"},\"image\":{\"@id\":\"https:\/\/bio4you.eu\/retseptid\/toode\/juustukoogikesed-pulga-otsas\/#primaryimage\"},\"thumbnailUrl\":\"https:\/\/bio4you.eu\/retseptid\/wp-content\/uploads\/2022\/06\/csm_Kasekuchen_am_Stiel_dad4210933.webp\",\"datePublished\":\"2022-06-11T08:57:07+00:00\",\"dateModified\":\"2025-02-22T20:18:19+00:00\",\"description\":\"M\u00e4ngulised gluteenivabad juustukoogikesed pulga otsas, mis maitsevad nii lastele kui ka t\u00e4iskasvanutele!\",\"breadcrumb\":{\"@id\":\"https:\/\/bio4you.eu\/retseptid\/toode\/juustukoogikesed-pulga-otsas\/#breadcrumb\"},\"inLanguage\":\"et\",\"potentialAction\":[{\"@type\":\"ReadAction\",\"target\":[\"https:\/\/bio4you.eu\/retseptid\/toode\/juustukoogikesed-pulga-otsas\/\"]}]},{\"@type\":\"ImageObject\",\"inLanguage\":\"et\",\"@id\":\"https:\/\/bio4you.eu\/retseptid\/toode\/juustukoogikesed-pulga-otsas\/#primaryimage\",\"url\":\"https:\/\/bio4you.eu\/retseptid\/wp-content\/uploads\/2022\/06\/csm_Kasekuchen_am_Stiel_dad4210933.webp\",\"contentUrl\":\"https:\/\/bio4you.eu\/retseptid\/wp-content\/uploads\/2022\/06\/csm_Kasekuchen_am_Stiel_dad4210933.webp\",\"width\":650,\"height\":450},{\"@type\":\"BreadcrumbList\",\"@id\":\"https:\/\/bio4you.eu\/retseptid\/toode\/juustukoogikesed-pulga-otsas\/#breadcrumb\",\"itemListElement\":[{\"@type\":\"ListItem\",\"position\":1,\"name\":\"Home\",\"item\":\"https:\/\/bio4you.eu\/retseptid\/\"},{\"@type\":\"ListItem\",\"position\":2,\"name\":\"Juustukoogikesed pulga otsas\"}]},{\"@type\":\"WebSite\",\"@id\":\"https:\/\/bio4you.eu\/retseptid\/#website\",\"url\":\"https:\/\/bio4you.eu\/retseptid\/\",\"name\":\"bio4you.eu\/retseptid\",\"description\":\"\u00d6ko retseptid ise tegemiseks, looduslikest koostisainetest. Maitsev toit, iluhooldus, kodupuhastus ja aiandus.\",\"potentialAction\":[{\"@type\":\"SearchAction\",\"target\":{\"@type\":\"EntryPoint\",\"urlTemplate\":\"https:\/\/bio4you.eu\/retseptid\/?s={search_term_string}\"},\"query-input\":\"required name=search_term_string\"}],\"inLanguage\":\"et\"}]}<\/script>\n<!-- \/ Yoast SEO plugin. -->","yoast_head_json":{"title":"Juustukoogikesed pulga otsas - bio4you.eu\/retseptid","description":"M\u00e4ngulised gluteenivabad juustukoogikesed pulga otsas, mis maitsevad nii lastele kui ka t\u00e4iskasvanutele!","robots":{"index":"index","follow":"follow","max-snippet":"max-snippet:-1","max-image-preview":"max-image-preview:large","max-video-preview":"max-video-preview:-1"},"canonical":"https:\/\/bio4you.eu\/retseptid\/toode\/juustukoogikesed-pulga-otsas\/","og_locale":"et_EE","og_type":"article","og_title":"Juustukoogikesed pulga otsas - bio4you.eu\/retseptid","og_description":"M\u00e4ngulised gluteenivabad juustukoogikesed pulga otsas, mis maitsevad nii lastele kui ka t\u00e4iskasvanutele!","og_url":"https:\/\/bio4you.eu\/retseptid\/toode\/juustukoogikesed-pulga-otsas\/","og_site_name":"bio4you.eu\/retseptid","article_modified_time":"2025-02-22T20:18:19+00:00","og_image":[{"width":940,"height":788,"url":"https:\/\/bio4you.eu\/retseptid\/wp-content\/uploads\/2022\/06\/Untitled-design-2.png","type":"image\/png"}],"twitter_misc":{"Est. reading time":"1 minut"},"schema":{"@context":"https:\/\/schema.org","@graph":[{"@type":"WebPage","@id":"https:\/\/bio4you.eu\/retseptid\/toode\/juustukoogikesed-pulga-otsas\/","url":"https:\/\/bio4you.eu\/retseptid\/toode\/juustukoogikesed-pulga-otsas\/","name":"Juustukoogikesed pulga otsas - bio4you.eu\/retseptid","isPartOf":{"@id":"https:\/\/bio4you.eu\/retseptid\/#website"},"primaryImageOfPage":{"@id":"https:\/\/bio4you.eu\/retseptid\/toode\/juustukoogikesed-pulga-otsas\/#primaryimage"},"image":{"@id":"https:\/\/bio4you.eu\/retseptid\/toode\/juustukoogikesed-pulga-otsas\/#primaryimage"},"thumbnailUrl":"https:\/\/bio4you.eu\/retseptid\/wp-content\/uploads\/2022\/06\/csm_Kasekuchen_am_Stiel_dad4210933.webp","datePublished":"2022-06-11T08:57:07+00:00","dateModified":"2025-02-22T20:18:19+00:00","description":"M\u00e4ngulised gluteenivabad juustukoogikesed pulga otsas, mis maitsevad nii lastele kui ka t\u00e4iskasvanutele!","breadcrumb":{"@id":"https:\/\/bio4you.eu\/retseptid\/toode\/juustukoogikesed-pulga-otsas\/#breadcrumb"},"inLanguage":"et","potentialAction":[{"@type":"ReadAction","target":["https:\/\/bio4you.eu\/retseptid\/toode\/juustukoogikesed-pulga-otsas\/"]}]},{"@type":"ImageObject","inLanguage":"et","@id":"https:\/\/bio4you.eu\/retseptid\/toode\/juustukoogikesed-pulga-otsas\/#primaryimage","url":"https:\/\/bio4you.eu\/retseptid\/wp-content\/uploads\/2022\/06\/csm_Kasekuchen_am_Stiel_dad4210933.webp","contentUrl":"https:\/\/bio4you.eu\/retseptid\/wp-content\/uploads\/2022\/06\/csm_Kasekuchen_am_Stiel_dad4210933.webp","width":650,"height":450},{"@type":"BreadcrumbList","@id":"https:\/\/bio4you.eu\/retseptid\/toode\/juustukoogikesed-pulga-otsas\/#breadcrumb","itemListElement":[{"@type":"ListItem","position":1,"name":"Home","item":"https:\/\/bio4you.eu\/retseptid\/"},{"@type":"ListItem","position":2,"name":"Juustukoogikesed pulga otsas"}]},{"@type":"WebSite","@id":"https:\/\/bio4you.eu\/retseptid\/#website","url":"https:\/\/bio4you.eu\/retseptid\/","name":"bio4you.eu\/retseptid","description":"\u00d6ko retseptid ise tegemiseks, looduslikest koostisainetest. Maitsev toit, iluhooldus, kodupuhastus ja aiandus.","potentialAction":[{"@type":"SearchAction","target":{"@type":"EntryPoint","urlTemplate":"https:\/\/bio4you.eu\/retseptid\/?s={search_term_string}"},"query-input":"required name=search_term_string"}],"inLanguage":"et"}]}},"_links":{"self":[{"href":"https:\/\/bio4you.eu\/retseptid\/wp-json\/wp\/v2\/product\/3994"}],"collection":[{"href":"https:\/\/bio4you.eu\/retseptid\/wp-json\/wp\/v2\/product"}],"about":[{"href":"https:\/\/bio4you.eu\/retseptid\/wp-json\/wp\/v2\/types\/product"}],"replies":[{"embeddable":true,"href":"https:\/\/bio4you.eu\/retseptid\/wp-json\/wp\/v2\/comments?post=3994"}],"wp:featuredmedia":[{"embeddable":true,"href":"https:\/\/bio4you.eu\/retseptid\/wp-json\/wp\/v2\/media\/3995"}],"wp:attachment":[{"href":"https:\/\/bio4you.eu\/retseptid\/wp-json\/wp\/v2\/media?parent=3994"}],"wp:term":[{"taxonomy":"product_cat","embeddable":true,"href":"https:\/\/bio4you.eu\/retseptid\/wp-json\/wp\/v2\/product_cat?post=3994"},{"taxonomy":"product_tag","embeddable":true,"href":"https:\/\/bio4you.eu\/retseptid\/wp-json\/wp\/v2\/product_tag?post=3994"}],"curies":[{"name":"wp","href":"https:\/\/api.w.org\/{rel}","templated":true}]}}