{"id":3999,"date":"2022-06-30T21:50:57","date_gmt":"2022-06-30T18:50:57","guid":{"rendered":"https:\/\/bio4you.eu\/retseptid\/?post_type=product&#038;p=3999"},"modified":"2022-06-30T22:00:11","modified_gmt":"2022-06-30T19:00:11","slug":"nuudlid-kookosega","status":"publish","type":"product","link":"https:\/\/bio4you.eu\/retseptid\/toode\/nuudlid-kookosega\/","title":{"rendered":"Nuudlid kookosega"},"content":{"rendered":"<p>Valmistamine:<\/p>\n<ol>\n<li>L\u00f5ika \u00fcks kabat\u0161okk suurteks ringideks, blan\u0161eeri soolaga maitsestatud vees m\u00f5ni minut ning jahuta j\u00e4ises vees.<\/li>\n<li>Blenderda see koos kookosjoogi, India p\u00e4hklite, p\u00e4ikesekuivatatud tomatite, basiiliku, rohelise karri ja n\u00e4puotsat\u00e4ie soolaga. J\u00e4ta kaunistuseks k\u00f5rvale paar p\u00e4hklit, kaks-kolm p\u00e4ikesekuivatatud tomatit ja paar basiilikulehte.<\/li>\n<li>R\u00f6sti k\u00fc\u00fcslauguk\u00fc\u00fcs v\u00e4heses kookos\u00f5lis ja lisa \u00fclej\u00e4\u00e4nud ribadeks l\u00f5igatud (julienne) kabat\u0161okk. Pruunista h\u00e4sti, maitsesta soolaga, t\u00f5sta tulelt ja pane hetkeks k\u00f5rvale k\u00f5rvale.<\/li>\n<li>Keeda nuudleid rohkes soolaga maitsestatud vees umbes 3-4 minutit v\u00f5i nii kaua, kui pakendil m\u00e4rgitud.<\/li>\n<li>N\u00f5ruta ja maitsesta pestoga, vajadusel lisa veidi keeduvett.<br \/>\nServeeri ja kaunista iga taldrik praetud kabat\u0161okkide, r\u00f6stitud p\u00e4hklite, kuivatatud tomati ja basiilikulehega.<\/li>\n<\/ol>\n<p>Retsept: <a href=\"https:\/\/thebridgebio.com\/noodles-with-coconut-original\/\">https:\/\/thebridgebio.com\/noodles-with-coconut-original\/<\/a><\/p>\n","protected":false},"excerpt":{"rendered":"<p><strong>Vaja l\u00e4heb:<br \/>\n<\/strong>2 kabat\u0161okki<br \/>\n10 kuumas vees leotatud p\u00e4ikesekuivatatud tomatit<br \/>\npunt basiilikut<br \/>\n80 g India p\u00e4hkleid<br \/>\n200 g <a href=\"https:\/\/bit.ly\/3yge7aP\" target=\"_blank\" rel=\"noopener\">The Bridge&#8217;i kookosjooki kookosveega<\/a><br \/>\npisut rohelist karripulbrit<br \/>\n1 k\u00fc\u00fcslauguk\u00fc\u00fcs<br \/>\n200 g nuudleid<br \/>\nkookos\u00f5li<br \/>\npisut soola<\/p>\n","protected":false},"featured_media":4001,"comment_status":"open","ping_status":"closed","template":"","meta":{"_exactmetrics_skip_tracking":false,"_exactmetrics_sitenote_active":false,"_exactmetrics_sitenote_note":"","_exactmetrics_sitenote_category":0},"product_cat":[59,60,382,383,70],"product_tag":[],"class_list":{"0":"post-3999","1":"product","2":"type-product","3":"status-publish","4":"has-post-thumbnail","6":"product_cat-featured","7":"product_cat-toiduretseptid","8":"product_cat-vegan-toiduretseptid","9":"product_cat-taimetoit","10":"product_cat-pastaroad","12":"first","13":"instock","14":"shipping-taxable","15":"product-type-simple"},"yoast_head":"<!-- This site is optimized with the Yoast SEO plugin v23.3 - https:\/\/yoast.com\/wordpress\/plugins\/seo\/ -->\n<title>Nuudlid kookosega - bio4you.eu\/retseptid<\/title>\n<meta name=\"robots\" content=\"index, follow, max-snippet:-1, max-image-preview:large, max-video-preview:-1\" \/>\n<link rel=\"canonical\" href=\"https:\/\/bio4you.eu\/retseptid\/toode\/nuudlid-kookosega\/\" \/>\n<meta property=\"og:locale\" content=\"et_EE\" \/>\n<meta property=\"og:type\" content=\"article\" \/>\n<meta property=\"og:title\" content=\"Nuudlid kookosega - bio4you.eu\/retseptid\" \/>\n<meta property=\"og:description\" content=\"M\u00f5nusalt suvine nuudliroog kookosega.\" \/>\n<meta property=\"og:url\" content=\"https:\/\/bio4you.eu\/retseptid\/toode\/nuudlid-kookosega\/\" \/>\n<meta property=\"og:site_name\" content=\"bio4you.eu\/retseptid\" \/>\n<meta property=\"article:modified_time\" content=\"2022-06-30T19:00:11+00:00\" \/>\n<meta property=\"og:image\" content=\"https:\/\/bio4you.eu\/retseptid\/wp-content\/uploads\/2022\/06\/290371770_5192372014172174_7239708721771984501_n.jpg\" \/>\n\t<meta property=\"og:image:width\" content=\"2048\" \/>\n\t<meta property=\"og:image:height\" content=\"1365\" \/>\n\t<meta property=\"og:image:type\" content=\"image\/jpeg\" \/>\n<meta name=\"twitter:label1\" content=\"Est. reading time\" \/>\n\t<meta name=\"twitter:data1\" content=\"1 minut\" \/>\n<script type=\"application\/ld+json\" class=\"yoast-schema-graph\">{\"@context\":\"https:\/\/schema.org\",\"@graph\":[{\"@type\":\"WebPage\",\"@id\":\"https:\/\/bio4you.eu\/retseptid\/toode\/nuudlid-kookosega\/\",\"url\":\"https:\/\/bio4you.eu\/retseptid\/toode\/nuudlid-kookosega\/\",\"name\":\"Nuudlid kookosega - bio4you.eu\/retseptid\",\"isPartOf\":{\"@id\":\"https:\/\/bio4you.eu\/retseptid\/#website\"},\"primaryImageOfPage\":{\"@id\":\"https:\/\/bio4you.eu\/retseptid\/toode\/nuudlid-kookosega\/#primaryimage\"},\"image\":{\"@id\":\"https:\/\/bio4you.eu\/retseptid\/toode\/nuudlid-kookosega\/#primaryimage\"},\"thumbnailUrl\":\"https:\/\/bio4you.eu\/retseptid\/wp-content\/uploads\/2022\/06\/290371770_5192372014172174_7239708721771984501_n.jpg\",\"datePublished\":\"2022-06-30T18:50:57+00:00\",\"dateModified\":\"2022-06-30T19:00:11+00:00\",\"breadcrumb\":{\"@id\":\"https:\/\/bio4you.eu\/retseptid\/toode\/nuudlid-kookosega\/#breadcrumb\"},\"inLanguage\":\"et\",\"potentialAction\":[{\"@type\":\"ReadAction\",\"target\":[\"https:\/\/bio4you.eu\/retseptid\/toode\/nuudlid-kookosega\/\"]}]},{\"@type\":\"ImageObject\",\"inLanguage\":\"et\",\"@id\":\"https:\/\/bio4you.eu\/retseptid\/toode\/nuudlid-kookosega\/#primaryimage\",\"url\":\"https:\/\/bio4you.eu\/retseptid\/wp-content\/uploads\/2022\/06\/290371770_5192372014172174_7239708721771984501_n.jpg\",\"contentUrl\":\"https:\/\/bio4you.eu\/retseptid\/wp-content\/uploads\/2022\/06\/290371770_5192372014172174_7239708721771984501_n.jpg\",\"width\":2048,\"height\":1365},{\"@type\":\"BreadcrumbList\",\"@id\":\"https:\/\/bio4you.eu\/retseptid\/toode\/nuudlid-kookosega\/#breadcrumb\",\"itemListElement\":[{\"@type\":\"ListItem\",\"position\":1,\"name\":\"Home\",\"item\":\"https:\/\/bio4you.eu\/retseptid\/\"},{\"@type\":\"ListItem\",\"position\":2,\"name\":\"Nuudlid kookosega\"}]},{\"@type\":\"WebSite\",\"@id\":\"https:\/\/bio4you.eu\/retseptid\/#website\",\"url\":\"https:\/\/bio4you.eu\/retseptid\/\",\"name\":\"bio4you.eu\/retseptid\",\"description\":\"\u00d6ko retseptid ise tegemiseks, looduslikest koostisainetest. Maitsev toit, iluhooldus, kodupuhastus ja aiandus.\",\"potentialAction\":[{\"@type\":\"SearchAction\",\"target\":{\"@type\":\"EntryPoint\",\"urlTemplate\":\"https:\/\/bio4you.eu\/retseptid\/?s={search_term_string}\"},\"query-input\":\"required name=search_term_string\"}],\"inLanguage\":\"et\"}]}<\/script>\n<!-- \/ Yoast SEO plugin. -->","yoast_head_json":{"title":"Nuudlid kookosega - bio4you.eu\/retseptid","robots":{"index":"index","follow":"follow","max-snippet":"max-snippet:-1","max-image-preview":"max-image-preview:large","max-video-preview":"max-video-preview:-1"},"canonical":"https:\/\/bio4you.eu\/retseptid\/toode\/nuudlid-kookosega\/","og_locale":"et_EE","og_type":"article","og_title":"Nuudlid kookosega - bio4you.eu\/retseptid","og_description":"M\u00f5nusalt suvine nuudliroog kookosega.","og_url":"https:\/\/bio4you.eu\/retseptid\/toode\/nuudlid-kookosega\/","og_site_name":"bio4you.eu\/retseptid","article_modified_time":"2022-06-30T19:00:11+00:00","og_image":[{"width":2048,"height":1365,"url":"https:\/\/bio4you.eu\/retseptid\/wp-content\/uploads\/2022\/06\/290371770_5192372014172174_7239708721771984501_n.jpg","type":"image\/jpeg"}],"twitter_misc":{"Est. reading time":"1 minut"},"schema":{"@context":"https:\/\/schema.org","@graph":[{"@type":"WebPage","@id":"https:\/\/bio4you.eu\/retseptid\/toode\/nuudlid-kookosega\/","url":"https:\/\/bio4you.eu\/retseptid\/toode\/nuudlid-kookosega\/","name":"Nuudlid kookosega - bio4you.eu\/retseptid","isPartOf":{"@id":"https:\/\/bio4you.eu\/retseptid\/#website"},"primaryImageOfPage":{"@id":"https:\/\/bio4you.eu\/retseptid\/toode\/nuudlid-kookosega\/#primaryimage"},"image":{"@id":"https:\/\/bio4you.eu\/retseptid\/toode\/nuudlid-kookosega\/#primaryimage"},"thumbnailUrl":"https:\/\/bio4you.eu\/retseptid\/wp-content\/uploads\/2022\/06\/290371770_5192372014172174_7239708721771984501_n.jpg","datePublished":"2022-06-30T18:50:57+00:00","dateModified":"2022-06-30T19:00:11+00:00","breadcrumb":{"@id":"https:\/\/bio4you.eu\/retseptid\/toode\/nuudlid-kookosega\/#breadcrumb"},"inLanguage":"et","potentialAction":[{"@type":"ReadAction","target":["https:\/\/bio4you.eu\/retseptid\/toode\/nuudlid-kookosega\/"]}]},{"@type":"ImageObject","inLanguage":"et","@id":"https:\/\/bio4you.eu\/retseptid\/toode\/nuudlid-kookosega\/#primaryimage","url":"https:\/\/bio4you.eu\/retseptid\/wp-content\/uploads\/2022\/06\/290371770_5192372014172174_7239708721771984501_n.jpg","contentUrl":"https:\/\/bio4you.eu\/retseptid\/wp-content\/uploads\/2022\/06\/290371770_5192372014172174_7239708721771984501_n.jpg","width":2048,"height":1365},{"@type":"BreadcrumbList","@id":"https:\/\/bio4you.eu\/retseptid\/toode\/nuudlid-kookosega\/#breadcrumb","itemListElement":[{"@type":"ListItem","position":1,"name":"Home","item":"https:\/\/bio4you.eu\/retseptid\/"},{"@type":"ListItem","position":2,"name":"Nuudlid kookosega"}]},{"@type":"WebSite","@id":"https:\/\/bio4you.eu\/retseptid\/#website","url":"https:\/\/bio4you.eu\/retseptid\/","name":"bio4you.eu\/retseptid","description":"\u00d6ko retseptid ise tegemiseks, looduslikest koostisainetest. Maitsev toit, iluhooldus, kodupuhastus ja aiandus.","potentialAction":[{"@type":"SearchAction","target":{"@type":"EntryPoint","urlTemplate":"https:\/\/bio4you.eu\/retseptid\/?s={search_term_string}"},"query-input":"required name=search_term_string"}],"inLanguage":"et"}]}},"_links":{"self":[{"href":"https:\/\/bio4you.eu\/retseptid\/wp-json\/wp\/v2\/product\/3999"}],"collection":[{"href":"https:\/\/bio4you.eu\/retseptid\/wp-json\/wp\/v2\/product"}],"about":[{"href":"https:\/\/bio4you.eu\/retseptid\/wp-json\/wp\/v2\/types\/product"}],"replies":[{"embeddable":true,"href":"https:\/\/bio4you.eu\/retseptid\/wp-json\/wp\/v2\/comments?post=3999"}],"wp:featuredmedia":[{"embeddable":true,"href":"https:\/\/bio4you.eu\/retseptid\/wp-json\/wp\/v2\/media\/4001"}],"wp:attachment":[{"href":"https:\/\/bio4you.eu\/retseptid\/wp-json\/wp\/v2\/media?parent=3999"}],"wp:term":[{"taxonomy":"product_cat","embeddable":true,"href":"https:\/\/bio4you.eu\/retseptid\/wp-json\/wp\/v2\/product_cat?post=3999"},{"taxonomy":"product_tag","embeddable":true,"href":"https:\/\/bio4you.eu\/retseptid\/wp-json\/wp\/v2\/product_tag?post=3999"}],"curies":[{"name":"wp","href":"https:\/\/api.w.org\/{rel}","templated":true}]}}