{"id":4002,"date":"2022-06-27T12:51:31","date_gmt":"2022-06-27T09:51:31","guid":{"rendered":"https:\/\/bio4you.eu\/retseptid\/?post_type=product&#038;p=4002"},"modified":"2025-03-18T19:04:45","modified_gmt":"2025-03-18T17:04:45","slug":"jahutav-jaatee-mundiga","status":"publish","type":"product","link":"https:\/\/bio4you.eu\/retseptid\/toode\/jahutav-jaatee-mundiga\/","title":{"rendered":"Jahutav j\u00e4\u00e4tee m\u00fcndiga"},"content":{"rendered":"<p>Valmistamine:<\/p>\n<ol>\n<li>Pane piparm\u00fcndilehed presskannu ja kalla peale keev vesi ning lase ca 7 minutit t\u00f5mmata.<\/li>\n<li>Kalla valmis tee purki, kuhu oled eelnevalt pannud j\u00e4\u00e4. Kaunista piparm\u00fcndilehega.<\/li>\n<\/ol>\n<p>PS! Kui tahad magusat teed, pane magustaja koos kuuma veega piparm\u00fcndilehtedele. Soovi korral lisa ka pisut sidrunimahla v\u00f5i sidruniviile.<\/p>\n","protected":false},"excerpt":{"rendered":"<p>Vaja l\u00e4heb:<\/p>\n<ul>\n<li>peot\u00e4is v\u00e4rsket piparm\u00fcnti<\/li>\n<li>keevat vett<\/li>\n<li>agaavi, suhkrut v\u00f5i meelep\u00e4rast magustajat<\/li>\n<li>j\u00e4\u00e4d<\/li>\n<\/ul>\n","protected":false},"featured_media":4003,"comment_status":"open","ping_status":"closed","template":"","meta":{"_exactmetrics_skip_tracking":false,"_exactmetrics_sitenote_active":false,"_exactmetrics_sitenote_note":"","_exactmetrics_sitenote_category":0},"product_cat":[59,60,382,383],"product_tag":[],"class_list":{"0":"post-4002","1":"product","2":"type-product","3":"status-publish","4":"has-post-thumbnail","6":"product_cat-featured","7":"product_cat-toiduretseptid","8":"product_cat-vegan-toiduretseptid","9":"product_cat-taimetoit","11":"first","12":"instock","13":"shipping-taxable","14":"product-type-simple"},"yoast_head":"<!-- This site is optimized with the Yoast SEO plugin v23.3 - https:\/\/yoast.com\/wordpress\/plugins\/seo\/ -->\n<title>Jahutav j\u00e4\u00e4tee m\u00fcndiga - bio4you.eu\/retseptid<\/title>\n<meta name=\"robots\" content=\"index, follow, max-snippet:-1, max-image-preview:large, max-video-preview:-1\" \/>\n<link rel=\"canonical\" href=\"https:\/\/bio4you.eu\/retseptid\/toode\/jahutav-jaatee-mundiga\/\" \/>\n<meta property=\"og:locale\" content=\"et_EE\" \/>\n<meta property=\"og:type\" content=\"article\" \/>\n<meta property=\"og:title\" content=\"Jahutav j\u00e4\u00e4tee m\u00fcndiga - bio4you.eu\/retseptid\" \/>\n<meta property=\"og:description\" content=\"Vaja l\u00e4heb:   peot\u00e4is v\u00e4rsket piparm\u00fcnti  keevat vett  agaavi, suhkrut v\u00f5i meelep\u00e4rast magustajat  j\u00e4\u00e4d\" \/>\n<meta property=\"og:url\" content=\"https:\/\/bio4you.eu\/retseptid\/toode\/jahutav-jaatee-mundiga\/\" \/>\n<meta property=\"og:site_name\" content=\"bio4you.eu\/retseptid\" \/>\n<meta property=\"article:modified_time\" content=\"2025-03-18T17:04:45+00:00\" \/>\n<meta property=\"og:image\" content=\"https:\/\/bio4you.eu\/retseptid\/wp-content\/uploads\/2022\/06\/alex-block-eicoRD590x4-unsplash-scaled.jpg\" \/>\n\t<meta property=\"og:image:width\" content=\"2560\" \/>\n\t<meta property=\"og:image:height\" content=\"1780\" \/>\n\t<meta property=\"og:image:type\" content=\"image\/jpeg\" \/>\n<meta name=\"twitter:label1\" content=\"Est. reading time\" \/>\n\t<meta name=\"twitter:data1\" content=\"1 minut\" \/>\n<script type=\"application\/ld+json\" class=\"yoast-schema-graph\">{\"@context\":\"https:\/\/schema.org\",\"@graph\":[{\"@type\":\"WebPage\",\"@id\":\"https:\/\/bio4you.eu\/retseptid\/toode\/jahutav-jaatee-mundiga\/\",\"url\":\"https:\/\/bio4you.eu\/retseptid\/toode\/jahutav-jaatee-mundiga\/\",\"name\":\"Jahutav j\u00e4\u00e4tee m\u00fcndiga - bio4you.eu\/retseptid\",\"isPartOf\":{\"@id\":\"https:\/\/bio4you.eu\/retseptid\/#website\"},\"primaryImageOfPage\":{\"@id\":\"https:\/\/bio4you.eu\/retseptid\/toode\/jahutav-jaatee-mundiga\/#primaryimage\"},\"image\":{\"@id\":\"https:\/\/bio4you.eu\/retseptid\/toode\/jahutav-jaatee-mundiga\/#primaryimage\"},\"thumbnailUrl\":\"https:\/\/bio4you.eu\/retseptid\/wp-content\/uploads\/2022\/06\/alex-block-eicoRD590x4-unsplash-scaled.jpg\",\"datePublished\":\"2022-06-27T09:51:31+00:00\",\"dateModified\":\"2025-03-18T17:04:45+00:00\",\"breadcrumb\":{\"@id\":\"https:\/\/bio4you.eu\/retseptid\/toode\/jahutav-jaatee-mundiga\/#breadcrumb\"},\"inLanguage\":\"et\",\"potentialAction\":[{\"@type\":\"ReadAction\",\"target\":[\"https:\/\/bio4you.eu\/retseptid\/toode\/jahutav-jaatee-mundiga\/\"]}]},{\"@type\":\"ImageObject\",\"inLanguage\":\"et\",\"@id\":\"https:\/\/bio4you.eu\/retseptid\/toode\/jahutav-jaatee-mundiga\/#primaryimage\",\"url\":\"https:\/\/bio4you.eu\/retseptid\/wp-content\/uploads\/2022\/06\/alex-block-eicoRD590x4-unsplash-scaled.jpg\",\"contentUrl\":\"https:\/\/bio4you.eu\/retseptid\/wp-content\/uploads\/2022\/06\/alex-block-eicoRD590x4-unsplash-scaled.jpg\",\"width\":2560,\"height\":1780},{\"@type\":\"BreadcrumbList\",\"@id\":\"https:\/\/bio4you.eu\/retseptid\/toode\/jahutav-jaatee-mundiga\/#breadcrumb\",\"itemListElement\":[{\"@type\":\"ListItem\",\"position\":1,\"name\":\"Home\",\"item\":\"https:\/\/bio4you.eu\/retseptid\/\"},{\"@type\":\"ListItem\",\"position\":2,\"name\":\"Jahutav j\u00e4\u00e4tee m\u00fcndiga\"}]},{\"@type\":\"WebSite\",\"@id\":\"https:\/\/bio4you.eu\/retseptid\/#website\",\"url\":\"https:\/\/bio4you.eu\/retseptid\/\",\"name\":\"bio4you.eu\/retseptid\",\"description\":\"\u00d6ko retseptid ise tegemiseks, looduslikest koostisainetest. Maitsev toit, iluhooldus, kodupuhastus ja aiandus.\",\"potentialAction\":[{\"@type\":\"SearchAction\",\"target\":{\"@type\":\"EntryPoint\",\"urlTemplate\":\"https:\/\/bio4you.eu\/retseptid\/?s={search_term_string}\"},\"query-input\":\"required name=search_term_string\"}],\"inLanguage\":\"et\"}]}<\/script>\n<!-- \/ Yoast SEO plugin. -->","yoast_head_json":{"title":"Jahutav j\u00e4\u00e4tee m\u00fcndiga - bio4you.eu\/retseptid","robots":{"index":"index","follow":"follow","max-snippet":"max-snippet:-1","max-image-preview":"max-image-preview:large","max-video-preview":"max-video-preview:-1"},"canonical":"https:\/\/bio4you.eu\/retseptid\/toode\/jahutav-jaatee-mundiga\/","og_locale":"et_EE","og_type":"article","og_title":"Jahutav j\u00e4\u00e4tee m\u00fcndiga - bio4you.eu\/retseptid","og_description":"Vaja l\u00e4heb:   peot\u00e4is v\u00e4rsket piparm\u00fcnti  keevat vett  agaavi, suhkrut v\u00f5i meelep\u00e4rast magustajat  j\u00e4\u00e4d","og_url":"https:\/\/bio4you.eu\/retseptid\/toode\/jahutav-jaatee-mundiga\/","og_site_name":"bio4you.eu\/retseptid","article_modified_time":"2025-03-18T17:04:45+00:00","og_image":[{"width":2560,"height":1780,"url":"https:\/\/bio4you.eu\/retseptid\/wp-content\/uploads\/2022\/06\/alex-block-eicoRD590x4-unsplash-scaled.jpg","type":"image\/jpeg"}],"twitter_misc":{"Est. reading time":"1 minut"},"schema":{"@context":"https:\/\/schema.org","@graph":[{"@type":"WebPage","@id":"https:\/\/bio4you.eu\/retseptid\/toode\/jahutav-jaatee-mundiga\/","url":"https:\/\/bio4you.eu\/retseptid\/toode\/jahutav-jaatee-mundiga\/","name":"Jahutav j\u00e4\u00e4tee m\u00fcndiga - bio4you.eu\/retseptid","isPartOf":{"@id":"https:\/\/bio4you.eu\/retseptid\/#website"},"primaryImageOfPage":{"@id":"https:\/\/bio4you.eu\/retseptid\/toode\/jahutav-jaatee-mundiga\/#primaryimage"},"image":{"@id":"https:\/\/bio4you.eu\/retseptid\/toode\/jahutav-jaatee-mundiga\/#primaryimage"},"thumbnailUrl":"https:\/\/bio4you.eu\/retseptid\/wp-content\/uploads\/2022\/06\/alex-block-eicoRD590x4-unsplash-scaled.jpg","datePublished":"2022-06-27T09:51:31+00:00","dateModified":"2025-03-18T17:04:45+00:00","breadcrumb":{"@id":"https:\/\/bio4you.eu\/retseptid\/toode\/jahutav-jaatee-mundiga\/#breadcrumb"},"inLanguage":"et","potentialAction":[{"@type":"ReadAction","target":["https:\/\/bio4you.eu\/retseptid\/toode\/jahutav-jaatee-mundiga\/"]}]},{"@type":"ImageObject","inLanguage":"et","@id":"https:\/\/bio4you.eu\/retseptid\/toode\/jahutav-jaatee-mundiga\/#primaryimage","url":"https:\/\/bio4you.eu\/retseptid\/wp-content\/uploads\/2022\/06\/alex-block-eicoRD590x4-unsplash-scaled.jpg","contentUrl":"https:\/\/bio4you.eu\/retseptid\/wp-content\/uploads\/2022\/06\/alex-block-eicoRD590x4-unsplash-scaled.jpg","width":2560,"height":1780},{"@type":"BreadcrumbList","@id":"https:\/\/bio4you.eu\/retseptid\/toode\/jahutav-jaatee-mundiga\/#breadcrumb","itemListElement":[{"@type":"ListItem","position":1,"name":"Home","item":"https:\/\/bio4you.eu\/retseptid\/"},{"@type":"ListItem","position":2,"name":"Jahutav j\u00e4\u00e4tee m\u00fcndiga"}]},{"@type":"WebSite","@id":"https:\/\/bio4you.eu\/retseptid\/#website","url":"https:\/\/bio4you.eu\/retseptid\/","name":"bio4you.eu\/retseptid","description":"\u00d6ko retseptid ise tegemiseks, looduslikest koostisainetest. Maitsev toit, iluhooldus, kodupuhastus ja aiandus.","potentialAction":[{"@type":"SearchAction","target":{"@type":"EntryPoint","urlTemplate":"https:\/\/bio4you.eu\/retseptid\/?s={search_term_string}"},"query-input":"required name=search_term_string"}],"inLanguage":"et"}]}},"_links":{"self":[{"href":"https:\/\/bio4you.eu\/retseptid\/wp-json\/wp\/v2\/product\/4002"}],"collection":[{"href":"https:\/\/bio4you.eu\/retseptid\/wp-json\/wp\/v2\/product"}],"about":[{"href":"https:\/\/bio4you.eu\/retseptid\/wp-json\/wp\/v2\/types\/product"}],"replies":[{"embeddable":true,"href":"https:\/\/bio4you.eu\/retseptid\/wp-json\/wp\/v2\/comments?post=4002"}],"wp:featuredmedia":[{"embeddable":true,"href":"https:\/\/bio4you.eu\/retseptid\/wp-json\/wp\/v2\/media\/4003"}],"wp:attachment":[{"href":"https:\/\/bio4you.eu\/retseptid\/wp-json\/wp\/v2\/media?parent=4002"}],"wp:term":[{"taxonomy":"product_cat","embeddable":true,"href":"https:\/\/bio4you.eu\/retseptid\/wp-json\/wp\/v2\/product_cat?post=4002"},{"taxonomy":"product_tag","embeddable":true,"href":"https:\/\/bio4you.eu\/retseptid\/wp-json\/wp\/v2\/product_tag?post=4002"}],"curies":[{"name":"wp","href":"https:\/\/api.w.org\/{rel}","templated":true}]}}