{"id":4006,"date":"2022-07-07T14:46:03","date_gmt":"2022-07-07T11:46:03","guid":{"rendered":"https:\/\/bio4you.eu\/retseptid\/?post_type=product&#038;p=4006"},"modified":"2022-07-07T15:56:13","modified_gmt":"2022-07-07T12:56:13","slug":"suvine-matcha-jook-piimaga","status":"publish","type":"product","link":"https:\/\/bio4you.eu\/retseptid\/toode\/suvine-matcha-jook-piimaga\/","title":{"rendered":"Suvine matchajook piimaga"},"content":{"rendered":"<p>Valmistamine:<\/p>\n<ol>\n<li>Lisa matcha pulber ja suhkur kruusi.<\/li>\n<li>Lisa vesi ja sega lusika v\u00f5i matcha vispliga kuni moodustub \u00fchtlane tumeroheline pasta.<\/li>\n<li>Kalla piim valmistatud pastale peale ning sega vispli v\u00f5i lusikaga l\u00e4bi.<\/li>\n<li>Kui soovid eriti jahutavat jooki, lisa ka j\u00e4\u00e4d!<\/li>\n<\/ol>\n","protected":false},"excerpt":{"rendered":"<p>Vaja l\u00e4heb:<br \/>\n1 spl <a href=\"https:\/\/bio4you.eu\/et\/kohv-kakao-ja-tee\/5559-jaapani-matcha-pulber-55g.html?utm_source=blogi&amp;utm_medium=bioretsept&amp;utm_campaign=bioretsept\" target=\"_blank\" rel=\"noopener\">matcha pulbrit<\/a><br \/>\n2 spl <a href=\"https:\/\/bio4you.eu\/et\/otsi?controller=search&amp;order=product.position.desc&amp;s=suhkur&amp;utm_source=blogi&amp;utm_medium=bioretsept&amp;utm_campaign=bioretsept\" target=\"_blank\" rel=\"noopener\">suhkrut<\/a><br \/>\n3 spl kuuma vett<br \/>\n250 ml k\u00fclma <a href=\"https:\/\/bio4you.eu\/et\/124-taimsed-joogid-ja-kreemid?q=T%C3%BC%C3%BCp-Taimsed+joogid&amp;utm_source=blogi&amp;utm_medium=bioretsept&amp;utm_campaign=bioretsept\" target=\"_blank\" rel=\"noopener\">taimset piima<\/a><\/p>\n","protected":false},"featured_media":4007,"comment_status":"open","ping_status":"closed","template":"","meta":{"_exactmetrics_skip_tracking":false,"_exactmetrics_sitenote_active":false,"_exactmetrics_sitenote_note":"","_exactmetrics_sitenote_category":0},"product_cat":[59,60,382,63,383],"product_tag":[],"class_list":{"0":"post-4006","1":"product","2":"type-product","3":"status-publish","4":"has-post-thumbnail","6":"product_cat-featured","7":"product_cat-toiduretseptid","8":"product_cat-vegan-toiduretseptid","9":"product_cat-gluteenivabad-retseptid","10":"product_cat-taimetoit","12":"first","13":"instock","14":"shipping-taxable","15":"product-type-simple"},"yoast_head":"<!-- This site is optimized with the Yoast SEO plugin v23.3 - https:\/\/yoast.com\/wordpress\/plugins\/seo\/ -->\n<title>Suvine matchajook piimaga - bio4you.eu\/retseptid<\/title>\n<meta name=\"description\" content=\"L\u00f5\u00f5mava p\u00e4ikese all n\u00f5uab keha midagi jahutavat \u2013 vaid paari minutiga valmib \u00fclitervislik matcha &amp; taimse piima jook, proovi j\u00e4rele!\" \/>\n<meta name=\"robots\" content=\"index, follow, max-snippet:-1, max-image-preview:large, max-video-preview:-1\" \/>\n<link rel=\"canonical\" href=\"https:\/\/bio4you.eu\/retseptid\/toode\/suvine-matcha-jook-piimaga\/\" \/>\n<meta property=\"og:locale\" content=\"et_EE\" \/>\n<meta property=\"og:type\" content=\"article\" \/>\n<meta property=\"og:title\" content=\"Suvine matchajook piimaga - bio4you.eu\/retseptid\" \/>\n<meta property=\"og:description\" content=\"L\u00f5\u00f5mava p\u00e4ikese all n\u00f5uab keha midagi jahutavat \u2013 vaid paari minutiga valmib \u00fclitervislik matcha &amp; taimse piima jook, proovi j\u00e4rele!\" \/>\n<meta property=\"og:url\" content=\"https:\/\/bio4you.eu\/retseptid\/toode\/suvine-matcha-jook-piimaga\/\" \/>\n<meta property=\"og:site_name\" content=\"bio4you.eu\/retseptid\" \/>\n<meta property=\"article:modified_time\" content=\"2022-07-07T12:56:13+00:00\" \/>\n<meta property=\"og:image\" content=\"https:\/\/bio4you.eu\/retseptid\/wp-content\/uploads\/2022\/07\/green-tea-latte-with-milk-white-cup-with-green-leaves-wooden-spoon-scaled.jpg\" \/>\n\t<meta property=\"og:image:width\" content=\"1707\" \/>\n\t<meta property=\"og:image:height\" content=\"2560\" \/>\n\t<meta property=\"og:image:type\" content=\"image\/jpeg\" \/>\n<meta name=\"twitter:label1\" content=\"Est. reading time\" \/>\n\t<meta name=\"twitter:data1\" content=\"1 minut\" \/>\n<script type=\"application\/ld+json\" class=\"yoast-schema-graph\">{\"@context\":\"https:\/\/schema.org\",\"@graph\":[{\"@type\":\"WebPage\",\"@id\":\"https:\/\/bio4you.eu\/retseptid\/toode\/suvine-matcha-jook-piimaga\/\",\"url\":\"https:\/\/bio4you.eu\/retseptid\/toode\/suvine-matcha-jook-piimaga\/\",\"name\":\"Suvine matchajook piimaga - bio4you.eu\/retseptid\",\"isPartOf\":{\"@id\":\"https:\/\/bio4you.eu\/retseptid\/#website\"},\"primaryImageOfPage\":{\"@id\":\"https:\/\/bio4you.eu\/retseptid\/toode\/suvine-matcha-jook-piimaga\/#primaryimage\"},\"image\":{\"@id\":\"https:\/\/bio4you.eu\/retseptid\/toode\/suvine-matcha-jook-piimaga\/#primaryimage\"},\"thumbnailUrl\":\"https:\/\/bio4you.eu\/retseptid\/wp-content\/uploads\/2022\/07\/green-tea-latte-with-milk-white-cup-with-green-leaves-wooden-spoon-scaled.jpg\",\"datePublished\":\"2022-07-07T11:46:03+00:00\",\"dateModified\":\"2022-07-07T12:56:13+00:00\",\"description\":\"L\u00f5\u00f5mava p\u00e4ikese all n\u00f5uab keha midagi jahutavat \u2013 vaid paari minutiga valmib \u00fclitervislik matcha & taimse piima jook, proovi j\u00e4rele!\",\"breadcrumb\":{\"@id\":\"https:\/\/bio4you.eu\/retseptid\/toode\/suvine-matcha-jook-piimaga\/#breadcrumb\"},\"inLanguage\":\"et\",\"potentialAction\":[{\"@type\":\"ReadAction\",\"target\":[\"https:\/\/bio4you.eu\/retseptid\/toode\/suvine-matcha-jook-piimaga\/\"]}]},{\"@type\":\"ImageObject\",\"inLanguage\":\"et\",\"@id\":\"https:\/\/bio4you.eu\/retseptid\/toode\/suvine-matcha-jook-piimaga\/#primaryimage\",\"url\":\"https:\/\/bio4you.eu\/retseptid\/wp-content\/uploads\/2022\/07\/green-tea-latte-with-milk-white-cup-with-green-leaves-wooden-spoon-scaled.jpg\",\"contentUrl\":\"https:\/\/bio4you.eu\/retseptid\/wp-content\/uploads\/2022\/07\/green-tea-latte-with-milk-white-cup-with-green-leaves-wooden-spoon-scaled.jpg\",\"width\":1707,\"height\":2560,\"caption\":\"A vertical shot of Green tea latte with milk in a white cup with green leaves and wooden spoon\"},{\"@type\":\"BreadcrumbList\",\"@id\":\"https:\/\/bio4you.eu\/retseptid\/toode\/suvine-matcha-jook-piimaga\/#breadcrumb\",\"itemListElement\":[{\"@type\":\"ListItem\",\"position\":1,\"name\":\"Home\",\"item\":\"https:\/\/bio4you.eu\/retseptid\/\"},{\"@type\":\"ListItem\",\"position\":2,\"name\":\"Suvine matchajook piimaga\"}]},{\"@type\":\"WebSite\",\"@id\":\"https:\/\/bio4you.eu\/retseptid\/#website\",\"url\":\"https:\/\/bio4you.eu\/retseptid\/\",\"name\":\"bio4you.eu\/retseptid\",\"description\":\"\u00d6ko retseptid ise tegemiseks, looduslikest koostisainetest. Maitsev toit, iluhooldus, kodupuhastus ja aiandus.\",\"potentialAction\":[{\"@type\":\"SearchAction\",\"target\":{\"@type\":\"EntryPoint\",\"urlTemplate\":\"https:\/\/bio4you.eu\/retseptid\/?s={search_term_string}\"},\"query-input\":\"required name=search_term_string\"}],\"inLanguage\":\"et\"}]}<\/script>\n<!-- \/ Yoast SEO plugin. -->","yoast_head_json":{"title":"Suvine matchajook piimaga - bio4you.eu\/retseptid","description":"L\u00f5\u00f5mava p\u00e4ikese all n\u00f5uab keha midagi jahutavat \u2013 vaid paari minutiga valmib \u00fclitervislik matcha & taimse piima jook, proovi j\u00e4rele!","robots":{"index":"index","follow":"follow","max-snippet":"max-snippet:-1","max-image-preview":"max-image-preview:large","max-video-preview":"max-video-preview:-1"},"canonical":"https:\/\/bio4you.eu\/retseptid\/toode\/suvine-matcha-jook-piimaga\/","og_locale":"et_EE","og_type":"article","og_title":"Suvine matchajook piimaga - bio4you.eu\/retseptid","og_description":"L\u00f5\u00f5mava p\u00e4ikese all n\u00f5uab keha midagi jahutavat \u2013 vaid paari minutiga valmib \u00fclitervislik matcha & taimse piima jook, proovi j\u00e4rele!","og_url":"https:\/\/bio4you.eu\/retseptid\/toode\/suvine-matcha-jook-piimaga\/","og_site_name":"bio4you.eu\/retseptid","article_modified_time":"2022-07-07T12:56:13+00:00","og_image":[{"width":1707,"height":2560,"url":"https:\/\/bio4you.eu\/retseptid\/wp-content\/uploads\/2022\/07\/green-tea-latte-with-milk-white-cup-with-green-leaves-wooden-spoon-scaled.jpg","type":"image\/jpeg"}],"twitter_misc":{"Est. reading time":"1 minut"},"schema":{"@context":"https:\/\/schema.org","@graph":[{"@type":"WebPage","@id":"https:\/\/bio4you.eu\/retseptid\/toode\/suvine-matcha-jook-piimaga\/","url":"https:\/\/bio4you.eu\/retseptid\/toode\/suvine-matcha-jook-piimaga\/","name":"Suvine matchajook piimaga - bio4you.eu\/retseptid","isPartOf":{"@id":"https:\/\/bio4you.eu\/retseptid\/#website"},"primaryImageOfPage":{"@id":"https:\/\/bio4you.eu\/retseptid\/toode\/suvine-matcha-jook-piimaga\/#primaryimage"},"image":{"@id":"https:\/\/bio4you.eu\/retseptid\/toode\/suvine-matcha-jook-piimaga\/#primaryimage"},"thumbnailUrl":"https:\/\/bio4you.eu\/retseptid\/wp-content\/uploads\/2022\/07\/green-tea-latte-with-milk-white-cup-with-green-leaves-wooden-spoon-scaled.jpg","datePublished":"2022-07-07T11:46:03+00:00","dateModified":"2022-07-07T12:56:13+00:00","description":"L\u00f5\u00f5mava p\u00e4ikese all n\u00f5uab keha midagi jahutavat \u2013 vaid paari minutiga valmib \u00fclitervislik matcha & taimse piima jook, proovi j\u00e4rele!","breadcrumb":{"@id":"https:\/\/bio4you.eu\/retseptid\/toode\/suvine-matcha-jook-piimaga\/#breadcrumb"},"inLanguage":"et","potentialAction":[{"@type":"ReadAction","target":["https:\/\/bio4you.eu\/retseptid\/toode\/suvine-matcha-jook-piimaga\/"]}]},{"@type":"ImageObject","inLanguage":"et","@id":"https:\/\/bio4you.eu\/retseptid\/toode\/suvine-matcha-jook-piimaga\/#primaryimage","url":"https:\/\/bio4you.eu\/retseptid\/wp-content\/uploads\/2022\/07\/green-tea-latte-with-milk-white-cup-with-green-leaves-wooden-spoon-scaled.jpg","contentUrl":"https:\/\/bio4you.eu\/retseptid\/wp-content\/uploads\/2022\/07\/green-tea-latte-with-milk-white-cup-with-green-leaves-wooden-spoon-scaled.jpg","width":1707,"height":2560,"caption":"A vertical shot of Green tea latte with milk in a white cup with green leaves and wooden spoon"},{"@type":"BreadcrumbList","@id":"https:\/\/bio4you.eu\/retseptid\/toode\/suvine-matcha-jook-piimaga\/#breadcrumb","itemListElement":[{"@type":"ListItem","position":1,"name":"Home","item":"https:\/\/bio4you.eu\/retseptid\/"},{"@type":"ListItem","position":2,"name":"Suvine matchajook piimaga"}]},{"@type":"WebSite","@id":"https:\/\/bio4you.eu\/retseptid\/#website","url":"https:\/\/bio4you.eu\/retseptid\/","name":"bio4you.eu\/retseptid","description":"\u00d6ko retseptid ise tegemiseks, looduslikest koostisainetest. Maitsev toit, iluhooldus, kodupuhastus ja aiandus.","potentialAction":[{"@type":"SearchAction","target":{"@type":"EntryPoint","urlTemplate":"https:\/\/bio4you.eu\/retseptid\/?s={search_term_string}"},"query-input":"required name=search_term_string"}],"inLanguage":"et"}]}},"_links":{"self":[{"href":"https:\/\/bio4you.eu\/retseptid\/wp-json\/wp\/v2\/product\/4006"}],"collection":[{"href":"https:\/\/bio4you.eu\/retseptid\/wp-json\/wp\/v2\/product"}],"about":[{"href":"https:\/\/bio4you.eu\/retseptid\/wp-json\/wp\/v2\/types\/product"}],"replies":[{"embeddable":true,"href":"https:\/\/bio4you.eu\/retseptid\/wp-json\/wp\/v2\/comments?post=4006"}],"wp:featuredmedia":[{"embeddable":true,"href":"https:\/\/bio4you.eu\/retseptid\/wp-json\/wp\/v2\/media\/4007"}],"wp:attachment":[{"href":"https:\/\/bio4you.eu\/retseptid\/wp-json\/wp\/v2\/media?parent=4006"}],"wp:term":[{"taxonomy":"product_cat","embeddable":true,"href":"https:\/\/bio4you.eu\/retseptid\/wp-json\/wp\/v2\/product_cat?post=4006"},{"taxonomy":"product_tag","embeddable":true,"href":"https:\/\/bio4you.eu\/retseptid\/wp-json\/wp\/v2\/product_tag?post=4006"}],"curies":[{"name":"wp","href":"https:\/\/api.w.org\/{rel}","templated":true}]}}