{"id":4008,"date":"2022-07-12T10:10:02","date_gmt":"2022-07-12T07:10:02","guid":{"rendered":"https:\/\/bio4you.eu\/retseptid\/?post_type=product&#038;p=4008"},"modified":"2022-07-12T10:18:05","modified_gmt":"2022-07-12T07:18:05","slug":"gluteenivabad-sojajahukupsised-sidruniga","status":"publish","type":"product","link":"https:\/\/bio4you.eu\/retseptid\/toode\/gluteenivabad-sojajahukupsised-sidruniga\/","title":{"rendered":"Gluteenivabad sojajahuk\u00fcpsised sidruniga"},"content":{"rendered":"<p>Valmistamine:<\/p>\n<ul>\n<li>Eelsoojenda ahi 160C kraadini. Need k\u00fcpsised vajavad madalal temperatuuril k\u00fcpsemist.<\/li>\n<li>Sega kokku \u00f5li ja suhkur. Sega aeglaselt sisse ka sidruniekstrakt. Sega k\u00f5ik korralikult l\u00e4bi.<\/li>\n<li>Sega eraldi kausis k\u00f5ik kuivained: sojajahu, sool, k\u00fcpsetuspulber.<\/li>\n<li>Lisa \u00f5li ja suhkru segu ning kuivained kokku.<\/li>\n<li>Lisa vesi.<\/li>\n<li>Kasuta k\u00fcpsetuspaberit v\u00f5i \u00f5lita pann.<\/li>\n<li>Lisa tainas v\u00e4ikeste pallikestena ning vajuta laiaks kuni saad soovitud kuju. Vajuta igale k\u00fcpsisele kahvliga ruudud peale.<\/li>\n<li>K\u00fcpseta umbes 15 minutit kuni k\u00fcpsised on \u00e4\u00e4rtest kuldpruunid.<\/li>\n<li>P\u00e4rast k\u00fcpsetamist lase seista 15 minutit.<\/li>\n<\/ul>\n","protected":false},"excerpt":{"rendered":"<p>Vaja l\u00e4heb:<\/p>\n<ul>\n<li>3 spl \u00f5li<\/li>\n<li>67 g suhkrut<\/li>\n<li>0,5 tl sidurniekstrakti<\/li>\n<li>90 g sojajahu<\/li>\n<li>2 tl k\u00fcpsetuspulbrit<\/li>\n<li>0,25 tl soola<\/li>\n<li>4 spl vett<\/li>\n<\/ul>\n","protected":false},"featured_media":4009,"comment_status":"open","ping_status":"closed","template":"","meta":{"_exactmetrics_skip_tracking":false,"_exactmetrics_sitenote_active":false,"_exactmetrics_sitenote_note":"","_exactmetrics_sitenote_category":0},"product_cat":[59,60,382,63,383,280,365],"product_tag":[],"class_list":{"0":"post-4008","1":"product","2":"type-product","3":"status-publish","4":"has-post-thumbnail","6":"product_cat-featured","7":"product_cat-toiduretseptid","8":"product_cat-vegan-toiduretseptid","9":"product_cat-gluteenivabad-retseptid","10":"product_cat-taimetoit","11":"product_cat-koogid-ja-kupsised","12":"product_cat-laste-lemmikud","14":"first","15":"instock","16":"shipping-taxable","17":"product-type-simple"},"yoast_head":"<!-- This site is optimized with the Yoast SEO plugin v23.3 - https:\/\/yoast.com\/wordpress\/plugins\/seo\/ -->\n<title>Gluteenivabad sojajahuk\u00fcpsised sidruniga - bio4you.eu\/retseptid<\/title>\n<meta name=\"description\" content=\"Gluteenivaba ja vegan alternatiiv nisujahust valmistatud sidrunik\u00fcpsistele. Laste ja t\u00e4iskasvanute lemmikud!\" \/>\n<meta name=\"robots\" content=\"index, follow, max-snippet:-1, max-image-preview:large, max-video-preview:-1\" \/>\n<link rel=\"canonical\" href=\"https:\/\/bio4you.eu\/retseptid\/toode\/gluteenivabad-sojajahukupsised-sidruniga\/\" \/>\n<meta property=\"og:locale\" content=\"et_EE\" \/>\n<meta property=\"og:type\" content=\"article\" \/>\n<meta property=\"og:title\" content=\"Gluteenivabad sojajahuk\u00fcpsised sidruniga - bio4you.eu\/retseptid\" \/>\n<meta property=\"og:description\" content=\"Gluteenivaba ja vegan alternatiiv nisujahust valmistatud sidrunik\u00fcpsistele. Laste ja t\u00e4iskasvanute lemmikud!\" \/>\n<meta property=\"og:url\" content=\"https:\/\/bio4you.eu\/retseptid\/toode\/gluteenivabad-sojajahukupsised-sidruniga\/\" \/>\n<meta property=\"og:site_name\" content=\"bio4you.eu\/retseptid\" \/>\n<meta property=\"article:modified_time\" content=\"2022-07-12T07:18:05+00:00\" \/>\n<meta property=\"og:image\" content=\"https:\/\/bio4you.eu\/retseptid\/wp-content\/uploads\/2022\/07\/didi-miam-Kx3_xGEvBQU-unsplash-scaled.jpg\" \/>\n\t<meta property=\"og:image:width\" content=\"1707\" \/>\n\t<meta property=\"og:image:height\" content=\"2560\" \/>\n\t<meta property=\"og:image:type\" content=\"image\/jpeg\" \/>\n<meta name=\"twitter:label1\" content=\"Est. reading time\" \/>\n\t<meta name=\"twitter:data1\" content=\"1 minut\" \/>\n<script type=\"application\/ld+json\" class=\"yoast-schema-graph\">{\"@context\":\"https:\/\/schema.org\",\"@graph\":[{\"@type\":\"WebPage\",\"@id\":\"https:\/\/bio4you.eu\/retseptid\/toode\/gluteenivabad-sojajahukupsised-sidruniga\/\",\"url\":\"https:\/\/bio4you.eu\/retseptid\/toode\/gluteenivabad-sojajahukupsised-sidruniga\/\",\"name\":\"Gluteenivabad sojajahuk\u00fcpsised sidruniga - bio4you.eu\/retseptid\",\"isPartOf\":{\"@id\":\"https:\/\/bio4you.eu\/retseptid\/#website\"},\"primaryImageOfPage\":{\"@id\":\"https:\/\/bio4you.eu\/retseptid\/toode\/gluteenivabad-sojajahukupsised-sidruniga\/#primaryimage\"},\"image\":{\"@id\":\"https:\/\/bio4you.eu\/retseptid\/toode\/gluteenivabad-sojajahukupsised-sidruniga\/#primaryimage\"},\"thumbnailUrl\":\"https:\/\/bio4you.eu\/retseptid\/wp-content\/uploads\/2022\/07\/didi-miam-Kx3_xGEvBQU-unsplash-scaled.jpg\",\"datePublished\":\"2022-07-12T07:10:02+00:00\",\"dateModified\":\"2022-07-12T07:18:05+00:00\",\"description\":\"Gluteenivaba ja vegan alternatiiv nisujahust valmistatud sidrunik\u00fcpsistele. Laste ja t\u00e4iskasvanute lemmikud!\",\"breadcrumb\":{\"@id\":\"https:\/\/bio4you.eu\/retseptid\/toode\/gluteenivabad-sojajahukupsised-sidruniga\/#breadcrumb\"},\"inLanguage\":\"et\",\"potentialAction\":[{\"@type\":\"ReadAction\",\"target\":[\"https:\/\/bio4you.eu\/retseptid\/toode\/gluteenivabad-sojajahukupsised-sidruniga\/\"]}]},{\"@type\":\"ImageObject\",\"inLanguage\":\"et\",\"@id\":\"https:\/\/bio4you.eu\/retseptid\/toode\/gluteenivabad-sojajahukupsised-sidruniga\/#primaryimage\",\"url\":\"https:\/\/bio4you.eu\/retseptid\/wp-content\/uploads\/2022\/07\/didi-miam-Kx3_xGEvBQU-unsplash-scaled.jpg\",\"contentUrl\":\"https:\/\/bio4you.eu\/retseptid\/wp-content\/uploads\/2022\/07\/didi-miam-Kx3_xGEvBQU-unsplash-scaled.jpg\",\"width\":1707,\"height\":2560},{\"@type\":\"BreadcrumbList\",\"@id\":\"https:\/\/bio4you.eu\/retseptid\/toode\/gluteenivabad-sojajahukupsised-sidruniga\/#breadcrumb\",\"itemListElement\":[{\"@type\":\"ListItem\",\"position\":1,\"name\":\"Home\",\"item\":\"https:\/\/bio4you.eu\/retseptid\/\"},{\"@type\":\"ListItem\",\"position\":2,\"name\":\"Gluteenivabad sojajahuk\u00fcpsised sidruniga\"}]},{\"@type\":\"WebSite\",\"@id\":\"https:\/\/bio4you.eu\/retseptid\/#website\",\"url\":\"https:\/\/bio4you.eu\/retseptid\/\",\"name\":\"bio4you.eu\/retseptid\",\"description\":\"\u00d6ko retseptid ise tegemiseks, looduslikest koostisainetest. Maitsev toit, iluhooldus, kodupuhastus ja aiandus.\",\"potentialAction\":[{\"@type\":\"SearchAction\",\"target\":{\"@type\":\"EntryPoint\",\"urlTemplate\":\"https:\/\/bio4you.eu\/retseptid\/?s={search_term_string}\"},\"query-input\":\"required name=search_term_string\"}],\"inLanguage\":\"et\"}]}<\/script>\n<!-- \/ Yoast SEO plugin. -->","yoast_head_json":{"title":"Gluteenivabad sojajahuk\u00fcpsised sidruniga - bio4you.eu\/retseptid","description":"Gluteenivaba ja vegan alternatiiv nisujahust valmistatud sidrunik\u00fcpsistele. Laste ja t\u00e4iskasvanute lemmikud!","robots":{"index":"index","follow":"follow","max-snippet":"max-snippet:-1","max-image-preview":"max-image-preview:large","max-video-preview":"max-video-preview:-1"},"canonical":"https:\/\/bio4you.eu\/retseptid\/toode\/gluteenivabad-sojajahukupsised-sidruniga\/","og_locale":"et_EE","og_type":"article","og_title":"Gluteenivabad sojajahuk\u00fcpsised sidruniga - bio4you.eu\/retseptid","og_description":"Gluteenivaba ja vegan alternatiiv nisujahust valmistatud sidrunik\u00fcpsistele. Laste ja t\u00e4iskasvanute lemmikud!","og_url":"https:\/\/bio4you.eu\/retseptid\/toode\/gluteenivabad-sojajahukupsised-sidruniga\/","og_site_name":"bio4you.eu\/retseptid","article_modified_time":"2022-07-12T07:18:05+00:00","og_image":[{"width":1707,"height":2560,"url":"https:\/\/bio4you.eu\/retseptid\/wp-content\/uploads\/2022\/07\/didi-miam-Kx3_xGEvBQU-unsplash-scaled.jpg","type":"image\/jpeg"}],"twitter_misc":{"Est. reading time":"1 minut"},"schema":{"@context":"https:\/\/schema.org","@graph":[{"@type":"WebPage","@id":"https:\/\/bio4you.eu\/retseptid\/toode\/gluteenivabad-sojajahukupsised-sidruniga\/","url":"https:\/\/bio4you.eu\/retseptid\/toode\/gluteenivabad-sojajahukupsised-sidruniga\/","name":"Gluteenivabad sojajahuk\u00fcpsised sidruniga - bio4you.eu\/retseptid","isPartOf":{"@id":"https:\/\/bio4you.eu\/retseptid\/#website"},"primaryImageOfPage":{"@id":"https:\/\/bio4you.eu\/retseptid\/toode\/gluteenivabad-sojajahukupsised-sidruniga\/#primaryimage"},"image":{"@id":"https:\/\/bio4you.eu\/retseptid\/toode\/gluteenivabad-sojajahukupsised-sidruniga\/#primaryimage"},"thumbnailUrl":"https:\/\/bio4you.eu\/retseptid\/wp-content\/uploads\/2022\/07\/didi-miam-Kx3_xGEvBQU-unsplash-scaled.jpg","datePublished":"2022-07-12T07:10:02+00:00","dateModified":"2022-07-12T07:18:05+00:00","description":"Gluteenivaba ja vegan alternatiiv nisujahust valmistatud sidrunik\u00fcpsistele. Laste ja t\u00e4iskasvanute lemmikud!","breadcrumb":{"@id":"https:\/\/bio4you.eu\/retseptid\/toode\/gluteenivabad-sojajahukupsised-sidruniga\/#breadcrumb"},"inLanguage":"et","potentialAction":[{"@type":"ReadAction","target":["https:\/\/bio4you.eu\/retseptid\/toode\/gluteenivabad-sojajahukupsised-sidruniga\/"]}]},{"@type":"ImageObject","inLanguage":"et","@id":"https:\/\/bio4you.eu\/retseptid\/toode\/gluteenivabad-sojajahukupsised-sidruniga\/#primaryimage","url":"https:\/\/bio4you.eu\/retseptid\/wp-content\/uploads\/2022\/07\/didi-miam-Kx3_xGEvBQU-unsplash-scaled.jpg","contentUrl":"https:\/\/bio4you.eu\/retseptid\/wp-content\/uploads\/2022\/07\/didi-miam-Kx3_xGEvBQU-unsplash-scaled.jpg","width":1707,"height":2560},{"@type":"BreadcrumbList","@id":"https:\/\/bio4you.eu\/retseptid\/toode\/gluteenivabad-sojajahukupsised-sidruniga\/#breadcrumb","itemListElement":[{"@type":"ListItem","position":1,"name":"Home","item":"https:\/\/bio4you.eu\/retseptid\/"},{"@type":"ListItem","position":2,"name":"Gluteenivabad sojajahuk\u00fcpsised sidruniga"}]},{"@type":"WebSite","@id":"https:\/\/bio4you.eu\/retseptid\/#website","url":"https:\/\/bio4you.eu\/retseptid\/","name":"bio4you.eu\/retseptid","description":"\u00d6ko retseptid ise tegemiseks, looduslikest koostisainetest. Maitsev toit, iluhooldus, kodupuhastus ja aiandus.","potentialAction":[{"@type":"SearchAction","target":{"@type":"EntryPoint","urlTemplate":"https:\/\/bio4you.eu\/retseptid\/?s={search_term_string}"},"query-input":"required name=search_term_string"}],"inLanguage":"et"}]}},"_links":{"self":[{"href":"https:\/\/bio4you.eu\/retseptid\/wp-json\/wp\/v2\/product\/4008"}],"collection":[{"href":"https:\/\/bio4you.eu\/retseptid\/wp-json\/wp\/v2\/product"}],"about":[{"href":"https:\/\/bio4you.eu\/retseptid\/wp-json\/wp\/v2\/types\/product"}],"replies":[{"embeddable":true,"href":"https:\/\/bio4you.eu\/retseptid\/wp-json\/wp\/v2\/comments?post=4008"}],"wp:featuredmedia":[{"embeddable":true,"href":"https:\/\/bio4you.eu\/retseptid\/wp-json\/wp\/v2\/media\/4009"}],"wp:attachment":[{"href":"https:\/\/bio4you.eu\/retseptid\/wp-json\/wp\/v2\/media?parent=4008"}],"wp:term":[{"taxonomy":"product_cat","embeddable":true,"href":"https:\/\/bio4you.eu\/retseptid\/wp-json\/wp\/v2\/product_cat?post=4008"},{"taxonomy":"product_tag","embeddable":true,"href":"https:\/\/bio4you.eu\/retseptid\/wp-json\/wp\/v2\/product_tag?post=4008"}],"curies":[{"name":"wp","href":"https:\/\/api.w.org\/{rel}","templated":true}]}}