{"id":4011,"date":"2022-07-15T09:47:31","date_gmt":"2022-07-15T06:47:31","guid":{"rendered":"https:\/\/bio4you.eu\/retseptid\/?post_type=product&#038;p=4011"},"modified":"2022-07-15T09:54:07","modified_gmt":"2022-07-15T06:54:07","slug":"kookosriis-suitsutofuga","status":"publish","type":"product","link":"https:\/\/bio4you.eu\/retseptid\/toode\/kookosriis-suitsutofuga\/","title":{"rendered":"Kookosriis suitsutofuga"},"content":{"rendered":"<p>Valmistamine:<\/p>\n<ul>\n<li>K\u00fcpseta riisi soolatud kookosjoogis umbes 12 minutit ja kurna, kui vedelikku peaks \u00fcle j\u00e4\u00e4ma.<\/li>\n<li>Puhasta ananass ning t\u00fckelda koos teiste k\u00f6\u00f6giviljadega sobivateks t\u00fckkideks. J\u00e4ta seest puhastatud ananassikoor alles \u2013 v\u00f5id seda serveerimiseks kasutada.<\/li>\n<li>Prae wok pannil pisut pruuniks porru, rohelise sibula valged osad, riivitud ingver ja t\u00fckeldatud t\u0161illi. Seej\u00e4rel lisa kapsas, porgand, ananass, tofu ja maitseained. Keera kuumust pisut juurde ja prae, lisades juurde ka allesj\u00e4\u00e4nud riisivett.<\/li>\n<li>Lase kogu segul 3-4 minutit seista ja serveeri ananassi sees. Lisa ka peale kookoslaaste, India p\u00e4hkleid ja rohelise sibula rohelised osad.<\/li>\n<\/ul>\n","protected":false},"excerpt":{"rendered":"<p>Vaja l\u00e4heb:<\/p>\n<ul>\n<li>200 g <a href=\"https:\/\/bio4you.eu\/et\/kuivained\/2023-valge-basmati-riis-500g.html?utm_source=bioretsept&amp;utm_medium=bioretseot&amp;utm_campaign=bioretsept\" target=\"_blank\" rel=\"noopener\">Basmati riisi<\/a><\/li>\n<li>400 g <a href=\"https:\/\/bio4you.eu\/et\/taimsed-joogid-ja-kreemid\/2406-riisijook-kookosega-1l.html?utm_source=bioretsept&amp;utm_medium=bioretseot&amp;utm_campaign=bioretsept\" target=\"_blank\" rel=\"noopener\">The Bridge riisijooki kookosega<\/a><\/li>\n<li>1 ananass<\/li>\n<li>1 pakk suitsutofut<\/li>\n<li>0,25 peakapsast<\/li>\n<li>1 porgand<\/li>\n<li>1 porru<\/li>\n<li>pisike punt rohelist sibulat<\/li>\n<li>1 v\u00e4rske punane t\u0161illipipar<\/li>\n<li>pisut v\u00e4rsket ingverit<\/li>\n<li><a href=\"https:\/\/bio4you.eu\/et\/supertoidud\/2942-kookoslaastud-100g.html?utm_source=bioretsept&amp;utm_medium=bioretseot&amp;utm_campaign=bioretsept\" target=\"_blank\" rel=\"noopener\">r\u00f6stitud kookoslaaste<\/a><\/li>\n<li>50 g r\u00f6stitud India p\u00e4hkleid<\/li>\n<li>maitsestamiseks karrit ja <a href=\"https:\/\/bio4you.eu\/et\/viiruste-ennetamine\/2435-kurkumipulber-150g.html?utm_source=bioretsept&amp;utm_medium=bioretseot&amp;utm_campaign=bioretsept\" target=\"_blank\" rel=\"noopener\">kurkumit<\/a><\/li>\n<\/ul>\n","protected":false},"featured_media":4012,"comment_status":"open","ping_status":"closed","template":"","meta":{"_exactmetrics_skip_tracking":false,"_exactmetrics_sitenote_active":false,"_exactmetrics_sitenote_note":"","_exactmetrics_sitenote_category":0},"product_cat":[59,60,382,63,383,71],"product_tag":[],"class_list":{"0":"post-4011","1":"product","2":"type-product","3":"status-publish","4":"has-post-thumbnail","6":"product_cat-featured","7":"product_cat-toiduretseptid","8":"product_cat-vegan-toiduretseptid","9":"product_cat-gluteenivabad-retseptid","10":"product_cat-taimetoit","11":"product_cat-riisi-ja-teraviljatoidud","13":"first","14":"instock","15":"shipping-taxable","16":"product-type-simple"},"yoast_head":"<!-- This site is optimized with the Yoast SEO plugin v23.3 - https:\/\/yoast.com\/wordpress\/plugins\/seo\/ -->\n<title>Kookosriis suitsutofuga - bio4you.eu\/retseptid<\/title>\n<meta name=\"description\" content=\"Pisut troopilist maagiat s\u00fcnnib, kui segad kokku kookoskoogi, riisi, ananassi ja v\u00e4rske kraami. Kookoskr\u00f5psud annavad +10 maitsepunkti!\" \/>\n<meta name=\"robots\" content=\"index, follow, max-snippet:-1, max-image-preview:large, max-video-preview:-1\" \/>\n<link rel=\"canonical\" href=\"https:\/\/bio4you.eu\/retseptid\/toode\/kookosriis-suitsutofuga\/\" \/>\n<meta property=\"og:locale\" content=\"et_EE\" \/>\n<meta property=\"og:type\" content=\"article\" \/>\n<meta property=\"og:title\" content=\"Kookosriis suitsutofuga - bio4you.eu\/retseptid\" \/>\n<meta property=\"og:description\" content=\"Pisut troopilist maagiat s\u00fcnnib, kui segad kokku kookoskoogi, riisi, ananassi ja v\u00e4rske kraami. Kookoskr\u00f5psud annavad +10 maitsepunkti!\" \/>\n<meta property=\"og:url\" content=\"https:\/\/bio4you.eu\/retseptid\/toode\/kookosriis-suitsutofuga\/\" \/>\n<meta property=\"og:site_name\" content=\"bio4you.eu\/retseptid\" \/>\n<meta property=\"article:modified_time\" content=\"2022-07-15T06:54:07+00:00\" \/>\n<meta property=\"og:image\" content=\"https:\/\/bio4you.eu\/retseptid\/wp-content\/uploads\/2022\/07\/293529951_5235396699869705_2345917874236243786_n.jpg\" \/>\n\t<meta property=\"og:image:width\" content=\"2048\" \/>\n\t<meta property=\"og:image:height\" content=\"1365\" \/>\n\t<meta property=\"og:image:type\" content=\"image\/jpeg\" \/>\n<meta name=\"twitter:label1\" content=\"Est. reading time\" \/>\n\t<meta name=\"twitter:data1\" content=\"1 minut\" \/>\n<script type=\"application\/ld+json\" class=\"yoast-schema-graph\">{\"@context\":\"https:\/\/schema.org\",\"@graph\":[{\"@type\":\"WebPage\",\"@id\":\"https:\/\/bio4you.eu\/retseptid\/toode\/kookosriis-suitsutofuga\/\",\"url\":\"https:\/\/bio4you.eu\/retseptid\/toode\/kookosriis-suitsutofuga\/\",\"name\":\"Kookosriis suitsutofuga - bio4you.eu\/retseptid\",\"isPartOf\":{\"@id\":\"https:\/\/bio4you.eu\/retseptid\/#website\"},\"primaryImageOfPage\":{\"@id\":\"https:\/\/bio4you.eu\/retseptid\/toode\/kookosriis-suitsutofuga\/#primaryimage\"},\"image\":{\"@id\":\"https:\/\/bio4you.eu\/retseptid\/toode\/kookosriis-suitsutofuga\/#primaryimage\"},\"thumbnailUrl\":\"https:\/\/bio4you.eu\/retseptid\/wp-content\/uploads\/2022\/07\/293529951_5235396699869705_2345917874236243786_n.jpg\",\"datePublished\":\"2022-07-15T06:47:31+00:00\",\"dateModified\":\"2022-07-15T06:54:07+00:00\",\"description\":\"Pisut troopilist maagiat s\u00fcnnib, kui segad kokku kookoskoogi, riisi, ananassi ja v\u00e4rske kraami. Kookoskr\u00f5psud annavad +10 maitsepunkti!\",\"breadcrumb\":{\"@id\":\"https:\/\/bio4you.eu\/retseptid\/toode\/kookosriis-suitsutofuga\/#breadcrumb\"},\"inLanguage\":\"et\",\"potentialAction\":[{\"@type\":\"ReadAction\",\"target\":[\"https:\/\/bio4you.eu\/retseptid\/toode\/kookosriis-suitsutofuga\/\"]}]},{\"@type\":\"ImageObject\",\"inLanguage\":\"et\",\"@id\":\"https:\/\/bio4you.eu\/retseptid\/toode\/kookosriis-suitsutofuga\/#primaryimage\",\"url\":\"https:\/\/bio4you.eu\/retseptid\/wp-content\/uploads\/2022\/07\/293529951_5235396699869705_2345917874236243786_n.jpg\",\"contentUrl\":\"https:\/\/bio4you.eu\/retseptid\/wp-content\/uploads\/2022\/07\/293529951_5235396699869705_2345917874236243786_n.jpg\",\"width\":2048,\"height\":1365},{\"@type\":\"BreadcrumbList\",\"@id\":\"https:\/\/bio4you.eu\/retseptid\/toode\/kookosriis-suitsutofuga\/#breadcrumb\",\"itemListElement\":[{\"@type\":\"ListItem\",\"position\":1,\"name\":\"Home\",\"item\":\"https:\/\/bio4you.eu\/retseptid\/\"},{\"@type\":\"ListItem\",\"position\":2,\"name\":\"Kookosriis suitsutofuga\"}]},{\"@type\":\"WebSite\",\"@id\":\"https:\/\/bio4you.eu\/retseptid\/#website\",\"url\":\"https:\/\/bio4you.eu\/retseptid\/\",\"name\":\"bio4you.eu\/retseptid\",\"description\":\"\u00d6ko retseptid ise tegemiseks, looduslikest koostisainetest. Maitsev toit, iluhooldus, kodupuhastus ja aiandus.\",\"potentialAction\":[{\"@type\":\"SearchAction\",\"target\":{\"@type\":\"EntryPoint\",\"urlTemplate\":\"https:\/\/bio4you.eu\/retseptid\/?s={search_term_string}\"},\"query-input\":\"required name=search_term_string\"}],\"inLanguage\":\"et\"}]}<\/script>\n<!-- \/ Yoast SEO plugin. -->","yoast_head_json":{"title":"Kookosriis suitsutofuga - bio4you.eu\/retseptid","description":"Pisut troopilist maagiat s\u00fcnnib, kui segad kokku kookoskoogi, riisi, ananassi ja v\u00e4rske kraami. Kookoskr\u00f5psud annavad +10 maitsepunkti!","robots":{"index":"index","follow":"follow","max-snippet":"max-snippet:-1","max-image-preview":"max-image-preview:large","max-video-preview":"max-video-preview:-1"},"canonical":"https:\/\/bio4you.eu\/retseptid\/toode\/kookosriis-suitsutofuga\/","og_locale":"et_EE","og_type":"article","og_title":"Kookosriis suitsutofuga - bio4you.eu\/retseptid","og_description":"Pisut troopilist maagiat s\u00fcnnib, kui segad kokku kookoskoogi, riisi, ananassi ja v\u00e4rske kraami. Kookoskr\u00f5psud annavad +10 maitsepunkti!","og_url":"https:\/\/bio4you.eu\/retseptid\/toode\/kookosriis-suitsutofuga\/","og_site_name":"bio4you.eu\/retseptid","article_modified_time":"2022-07-15T06:54:07+00:00","og_image":[{"width":2048,"height":1365,"url":"https:\/\/bio4you.eu\/retseptid\/wp-content\/uploads\/2022\/07\/293529951_5235396699869705_2345917874236243786_n.jpg","type":"image\/jpeg"}],"twitter_misc":{"Est. reading time":"1 minut"},"schema":{"@context":"https:\/\/schema.org","@graph":[{"@type":"WebPage","@id":"https:\/\/bio4you.eu\/retseptid\/toode\/kookosriis-suitsutofuga\/","url":"https:\/\/bio4you.eu\/retseptid\/toode\/kookosriis-suitsutofuga\/","name":"Kookosriis suitsutofuga - bio4you.eu\/retseptid","isPartOf":{"@id":"https:\/\/bio4you.eu\/retseptid\/#website"},"primaryImageOfPage":{"@id":"https:\/\/bio4you.eu\/retseptid\/toode\/kookosriis-suitsutofuga\/#primaryimage"},"image":{"@id":"https:\/\/bio4you.eu\/retseptid\/toode\/kookosriis-suitsutofuga\/#primaryimage"},"thumbnailUrl":"https:\/\/bio4you.eu\/retseptid\/wp-content\/uploads\/2022\/07\/293529951_5235396699869705_2345917874236243786_n.jpg","datePublished":"2022-07-15T06:47:31+00:00","dateModified":"2022-07-15T06:54:07+00:00","description":"Pisut troopilist maagiat s\u00fcnnib, kui segad kokku kookoskoogi, riisi, ananassi ja v\u00e4rske kraami. Kookoskr\u00f5psud annavad +10 maitsepunkti!","breadcrumb":{"@id":"https:\/\/bio4you.eu\/retseptid\/toode\/kookosriis-suitsutofuga\/#breadcrumb"},"inLanguage":"et","potentialAction":[{"@type":"ReadAction","target":["https:\/\/bio4you.eu\/retseptid\/toode\/kookosriis-suitsutofuga\/"]}]},{"@type":"ImageObject","inLanguage":"et","@id":"https:\/\/bio4you.eu\/retseptid\/toode\/kookosriis-suitsutofuga\/#primaryimage","url":"https:\/\/bio4you.eu\/retseptid\/wp-content\/uploads\/2022\/07\/293529951_5235396699869705_2345917874236243786_n.jpg","contentUrl":"https:\/\/bio4you.eu\/retseptid\/wp-content\/uploads\/2022\/07\/293529951_5235396699869705_2345917874236243786_n.jpg","width":2048,"height":1365},{"@type":"BreadcrumbList","@id":"https:\/\/bio4you.eu\/retseptid\/toode\/kookosriis-suitsutofuga\/#breadcrumb","itemListElement":[{"@type":"ListItem","position":1,"name":"Home","item":"https:\/\/bio4you.eu\/retseptid\/"},{"@type":"ListItem","position":2,"name":"Kookosriis suitsutofuga"}]},{"@type":"WebSite","@id":"https:\/\/bio4you.eu\/retseptid\/#website","url":"https:\/\/bio4you.eu\/retseptid\/","name":"bio4you.eu\/retseptid","description":"\u00d6ko retseptid ise tegemiseks, looduslikest koostisainetest. Maitsev toit, iluhooldus, kodupuhastus ja aiandus.","potentialAction":[{"@type":"SearchAction","target":{"@type":"EntryPoint","urlTemplate":"https:\/\/bio4you.eu\/retseptid\/?s={search_term_string}"},"query-input":"required name=search_term_string"}],"inLanguage":"et"}]}},"_links":{"self":[{"href":"https:\/\/bio4you.eu\/retseptid\/wp-json\/wp\/v2\/product\/4011"}],"collection":[{"href":"https:\/\/bio4you.eu\/retseptid\/wp-json\/wp\/v2\/product"}],"about":[{"href":"https:\/\/bio4you.eu\/retseptid\/wp-json\/wp\/v2\/types\/product"}],"replies":[{"embeddable":true,"href":"https:\/\/bio4you.eu\/retseptid\/wp-json\/wp\/v2\/comments?post=4011"}],"wp:featuredmedia":[{"embeddable":true,"href":"https:\/\/bio4you.eu\/retseptid\/wp-json\/wp\/v2\/media\/4012"}],"wp:attachment":[{"href":"https:\/\/bio4you.eu\/retseptid\/wp-json\/wp\/v2\/media?parent=4011"}],"wp:term":[{"taxonomy":"product_cat","embeddable":true,"href":"https:\/\/bio4you.eu\/retseptid\/wp-json\/wp\/v2\/product_cat?post=4011"},{"taxonomy":"product_tag","embeddable":true,"href":"https:\/\/bio4you.eu\/retseptid\/wp-json\/wp\/v2\/product_tag?post=4011"}],"curies":[{"name":"wp","href":"https:\/\/api.w.org\/{rel}","templated":true}]}}