{"id":4018,"date":"2022-07-29T13:58:43","date_gmt":"2022-07-29T10:58:43","guid":{"rendered":"https:\/\/bio4you.eu\/retseptid\/?post_type=product&#038;p=4018"},"modified":"2022-07-29T14:01:03","modified_gmt":"2022-07-29T11:01:03","slug":"kookospallid-goji-marjadega","status":"publish","type":"product","link":"https:\/\/bio4you.eu\/retseptid\/toode\/kookospallid-goji-marjadega\/","title":{"rendered":"Kookospallid goji marjadega"},"content":{"rendered":"<p>Valmistamine:<\/p>\n<ol>\n<li><strong>Katte jaoks:<\/strong> purusta k\u00f6\u00f6gikombainis goji marjad ja mustikad. Laota segu ahjuplaadile ja kuivata ahjus 110\u00b0C juures umbes 1 tund v\u00f5i kuni segu on kuiv. Kui segu on ahjust v\u00e4ljas, pane veel korraks k\u00f6\u00f6gikombaini ning purusta.<\/li>\n<li><strong>Pallide jaoks: <\/strong>sega k\u00f6\u00f6gikombainis kookosjahu, suhkur, kookosjook ja eelnevalt sulatatud kakaov\u00f5i, kuni moodustub \u00fchtlane pasta. Pane umbes 15 minutiks k\u00fclmikusse tahenema. Vooli v\u00e4ikesed (umbes 15-20 g) pallikesed. Kata goji-mustika seguga ja pane pisikestesse muffinivormidesse. Enne serveerimist lase umbes tunnike k\u00fclmikus seista.<\/li>\n<\/ol>\n","protected":false},"excerpt":{"rendered":"<p>Vaja l\u00e4heb:<\/p>\n<p><strong>Katteks:<\/strong><\/p>\n<ul>\n<li>50 g <a href=\"https:\/\/bio4you.eu\/et\/immuunsus\/5199-goji-marjad-500g.html?utm_source=bioretsept&amp;utm_medium=retsept&amp;utm_campaign=kookosmaiused\" target=\"_blank\" rel=\"noopener\">kuivatatud goji marju<\/a><\/li>\n<li>30 g kuivatatud mustikaid<\/li>\n<\/ul>\n<p><strong>Pallid:<\/strong><\/p>\n<ul>\n<li>120 g <a href=\"https:\/\/bio4you.eu\/et\/otsi?controller=search&amp;order=product.position.desc&amp;s=kookosjahu&amp;utm_source=bioretsept&amp;utm_medium=retsept&amp;utm_campaign=kookosmaiused\" target=\"_blank\" rel=\"noopener\">kookosjahu<\/a><\/li>\n<li>40 g <a href=\"https:\/\/bio4you.eu\/et\/taimsed-joogid-ja-kreemid\/5148-kookosjook-kookosveega-1l.html?utm_source=bioretsept&amp;utm_medium=retsept&amp;utm_campaign=kookosmaiused\" target=\"_blank\" rel=\"noopener\">The Bridge kookosjooki<\/a><\/li>\n<li>50 g <a href=\"https:\/\/bio4you.eu\/et\/otsi?controller=search&amp;order=product.position.desc&amp;s=suhkur&amp;utm_source=bioretsept&amp;utm_medium=retsept&amp;utm_campaign=kookosmaiused\" target=\"_blank\" rel=\"noopener\">suhkrut<\/a><\/li>\n<li>20 g <a href=\"https:\/\/bio4you.eu\/et\/supertoidud\/1868-toorkakaovoi-250g-nutrisslim.html?utm_source=bioretsept&amp;utm_medium=retsept&amp;utm_campaign=kookosmaiused\" target=\"_blank\" rel=\"noopener\">kakaov\u00f5id<\/a><\/li>\n<\/ul>\n","protected":false},"featured_media":4019,"comment_status":"open","ping_status":"closed","template":"","meta":{"_exactmetrics_skip_tracking":false,"_exactmetrics_sitenote_active":false,"_exactmetrics_sitenote_note":"","_exactmetrics_sitenote_category":0},"product_cat":[59,60,382,63,383,365],"product_tag":[],"class_list":{"0":"post-4018","1":"product","2":"type-product","3":"status-publish","4":"has-post-thumbnail","6":"product_cat-featured","7":"product_cat-toiduretseptid","8":"product_cat-vegan-toiduretseptid","9":"product_cat-gluteenivabad-retseptid","10":"product_cat-taimetoit","11":"product_cat-laste-lemmikud","13":"first","14":"instock","15":"shipping-taxable","16":"product-type-simple"},"yoast_head":"<!-- This site is optimized with the Yoast SEO plugin v23.3 - https:\/\/yoast.com\/wordpress\/plugins\/seo\/ -->\n<title>Kookospallid goji marjadega - bio4you.eu\/retseptid<\/title>\n<meta name=\"robots\" content=\"index, follow, max-snippet:-1, max-image-preview:large, max-video-preview:-1\" \/>\n<link rel=\"canonical\" href=\"https:\/\/bio4you.eu\/retseptid\/toode\/kookospallid-goji-marjadega\/\" \/>\n<meta property=\"og:locale\" content=\"et_EE\" \/>\n<meta property=\"og:type\" content=\"article\" \/>\n<meta property=\"og:title\" content=\"Kookospallid goji marjadega - bio4you.eu\/retseptid\" \/>\n<meta property=\"og:description\" content=\"Vaja l\u00e4heb:  Katteks:   50 g kuivatatud goji marju  30 g kuivatatud mustikaid  Pallid:   120 g kookosjahu  40 g The Bridge kookosjooki  50 g suhkrut  20 g kakaov\u00f5id\" \/>\n<meta property=\"og:url\" content=\"https:\/\/bio4you.eu\/retseptid\/toode\/kookospallid-goji-marjadega\/\" \/>\n<meta property=\"og:site_name\" content=\"bio4you.eu\/retseptid\" \/>\n<meta property=\"article:modified_time\" content=\"2022-07-29T11:01:03+00:00\" \/>\n<meta property=\"og:image\" content=\"https:\/\/bio4you.eu\/retseptid\/wp-content\/uploads\/2022\/07\/295315938_5269742643101777_7389812676164481975_n.jpg\" \/>\n\t<meta property=\"og:image:width\" content=\"2048\" \/>\n\t<meta property=\"og:image:height\" content=\"1365\" \/>\n\t<meta property=\"og:image:type\" content=\"image\/jpeg\" \/>\n<meta name=\"twitter:label1\" content=\"Est. reading time\" \/>\n\t<meta name=\"twitter:data1\" content=\"1 minut\" \/>\n<script type=\"application\/ld+json\" class=\"yoast-schema-graph\">{\"@context\":\"https:\/\/schema.org\",\"@graph\":[{\"@type\":\"WebPage\",\"@id\":\"https:\/\/bio4you.eu\/retseptid\/toode\/kookospallid-goji-marjadega\/\",\"url\":\"https:\/\/bio4you.eu\/retseptid\/toode\/kookospallid-goji-marjadega\/\",\"name\":\"Kookospallid goji marjadega - bio4you.eu\/retseptid\",\"isPartOf\":{\"@id\":\"https:\/\/bio4you.eu\/retseptid\/#website\"},\"primaryImageOfPage\":{\"@id\":\"https:\/\/bio4you.eu\/retseptid\/toode\/kookospallid-goji-marjadega\/#primaryimage\"},\"image\":{\"@id\":\"https:\/\/bio4you.eu\/retseptid\/toode\/kookospallid-goji-marjadega\/#primaryimage\"},\"thumbnailUrl\":\"https:\/\/bio4you.eu\/retseptid\/wp-content\/uploads\/2022\/07\/295315938_5269742643101777_7389812676164481975_n.jpg\",\"datePublished\":\"2022-07-29T10:58:43+00:00\",\"dateModified\":\"2022-07-29T11:01:03+00:00\",\"breadcrumb\":{\"@id\":\"https:\/\/bio4you.eu\/retseptid\/toode\/kookospallid-goji-marjadega\/#breadcrumb\"},\"inLanguage\":\"et\",\"potentialAction\":[{\"@type\":\"ReadAction\",\"target\":[\"https:\/\/bio4you.eu\/retseptid\/toode\/kookospallid-goji-marjadega\/\"]}]},{\"@type\":\"ImageObject\",\"inLanguage\":\"et\",\"@id\":\"https:\/\/bio4you.eu\/retseptid\/toode\/kookospallid-goji-marjadega\/#primaryimage\",\"url\":\"https:\/\/bio4you.eu\/retseptid\/wp-content\/uploads\/2022\/07\/295315938_5269742643101777_7389812676164481975_n.jpg\",\"contentUrl\":\"https:\/\/bio4you.eu\/retseptid\/wp-content\/uploads\/2022\/07\/295315938_5269742643101777_7389812676164481975_n.jpg\",\"width\":2048,\"height\":1365},{\"@type\":\"BreadcrumbList\",\"@id\":\"https:\/\/bio4you.eu\/retseptid\/toode\/kookospallid-goji-marjadega\/#breadcrumb\",\"itemListElement\":[{\"@type\":\"ListItem\",\"position\":1,\"name\":\"Home\",\"item\":\"https:\/\/bio4you.eu\/retseptid\/\"},{\"@type\":\"ListItem\",\"position\":2,\"name\":\"Kookospallid goji marjadega\"}]},{\"@type\":\"WebSite\",\"@id\":\"https:\/\/bio4you.eu\/retseptid\/#website\",\"url\":\"https:\/\/bio4you.eu\/retseptid\/\",\"name\":\"bio4you.eu\/retseptid\",\"description\":\"\u00d6ko retseptid ise tegemiseks, looduslikest koostisainetest. Maitsev toit, iluhooldus, kodupuhastus ja aiandus.\",\"potentialAction\":[{\"@type\":\"SearchAction\",\"target\":{\"@type\":\"EntryPoint\",\"urlTemplate\":\"https:\/\/bio4you.eu\/retseptid\/?s={search_term_string}\"},\"query-input\":\"required name=search_term_string\"}],\"inLanguage\":\"et\"}]}<\/script>\n<!-- \/ Yoast SEO plugin. -->","yoast_head_json":{"title":"Kookospallid goji marjadega - bio4you.eu\/retseptid","robots":{"index":"index","follow":"follow","max-snippet":"max-snippet:-1","max-image-preview":"max-image-preview:large","max-video-preview":"max-video-preview:-1"},"canonical":"https:\/\/bio4you.eu\/retseptid\/toode\/kookospallid-goji-marjadega\/","og_locale":"et_EE","og_type":"article","og_title":"Kookospallid goji marjadega - bio4you.eu\/retseptid","og_description":"Vaja l\u00e4heb:  Katteks:   50 g kuivatatud goji marju  30 g kuivatatud mustikaid  Pallid:   120 g kookosjahu  40 g The Bridge kookosjooki  50 g suhkrut  20 g kakaov\u00f5id","og_url":"https:\/\/bio4you.eu\/retseptid\/toode\/kookospallid-goji-marjadega\/","og_site_name":"bio4you.eu\/retseptid","article_modified_time":"2022-07-29T11:01:03+00:00","og_image":[{"width":2048,"height":1365,"url":"https:\/\/bio4you.eu\/retseptid\/wp-content\/uploads\/2022\/07\/295315938_5269742643101777_7389812676164481975_n.jpg","type":"image\/jpeg"}],"twitter_misc":{"Est. reading time":"1 minut"},"schema":{"@context":"https:\/\/schema.org","@graph":[{"@type":"WebPage","@id":"https:\/\/bio4you.eu\/retseptid\/toode\/kookospallid-goji-marjadega\/","url":"https:\/\/bio4you.eu\/retseptid\/toode\/kookospallid-goji-marjadega\/","name":"Kookospallid goji marjadega - bio4you.eu\/retseptid","isPartOf":{"@id":"https:\/\/bio4you.eu\/retseptid\/#website"},"primaryImageOfPage":{"@id":"https:\/\/bio4you.eu\/retseptid\/toode\/kookospallid-goji-marjadega\/#primaryimage"},"image":{"@id":"https:\/\/bio4you.eu\/retseptid\/toode\/kookospallid-goji-marjadega\/#primaryimage"},"thumbnailUrl":"https:\/\/bio4you.eu\/retseptid\/wp-content\/uploads\/2022\/07\/295315938_5269742643101777_7389812676164481975_n.jpg","datePublished":"2022-07-29T10:58:43+00:00","dateModified":"2022-07-29T11:01:03+00:00","breadcrumb":{"@id":"https:\/\/bio4you.eu\/retseptid\/toode\/kookospallid-goji-marjadega\/#breadcrumb"},"inLanguage":"et","potentialAction":[{"@type":"ReadAction","target":["https:\/\/bio4you.eu\/retseptid\/toode\/kookospallid-goji-marjadega\/"]}]},{"@type":"ImageObject","inLanguage":"et","@id":"https:\/\/bio4you.eu\/retseptid\/toode\/kookospallid-goji-marjadega\/#primaryimage","url":"https:\/\/bio4you.eu\/retseptid\/wp-content\/uploads\/2022\/07\/295315938_5269742643101777_7389812676164481975_n.jpg","contentUrl":"https:\/\/bio4you.eu\/retseptid\/wp-content\/uploads\/2022\/07\/295315938_5269742643101777_7389812676164481975_n.jpg","width":2048,"height":1365},{"@type":"BreadcrumbList","@id":"https:\/\/bio4you.eu\/retseptid\/toode\/kookospallid-goji-marjadega\/#breadcrumb","itemListElement":[{"@type":"ListItem","position":1,"name":"Home","item":"https:\/\/bio4you.eu\/retseptid\/"},{"@type":"ListItem","position":2,"name":"Kookospallid goji marjadega"}]},{"@type":"WebSite","@id":"https:\/\/bio4you.eu\/retseptid\/#website","url":"https:\/\/bio4you.eu\/retseptid\/","name":"bio4you.eu\/retseptid","description":"\u00d6ko retseptid ise tegemiseks, looduslikest koostisainetest. Maitsev toit, iluhooldus, kodupuhastus ja aiandus.","potentialAction":[{"@type":"SearchAction","target":{"@type":"EntryPoint","urlTemplate":"https:\/\/bio4you.eu\/retseptid\/?s={search_term_string}"},"query-input":"required name=search_term_string"}],"inLanguage":"et"}]}},"_links":{"self":[{"href":"https:\/\/bio4you.eu\/retseptid\/wp-json\/wp\/v2\/product\/4018"}],"collection":[{"href":"https:\/\/bio4you.eu\/retseptid\/wp-json\/wp\/v2\/product"}],"about":[{"href":"https:\/\/bio4you.eu\/retseptid\/wp-json\/wp\/v2\/types\/product"}],"replies":[{"embeddable":true,"href":"https:\/\/bio4you.eu\/retseptid\/wp-json\/wp\/v2\/comments?post=4018"}],"wp:featuredmedia":[{"embeddable":true,"href":"https:\/\/bio4you.eu\/retseptid\/wp-json\/wp\/v2\/media\/4019"}],"wp:attachment":[{"href":"https:\/\/bio4you.eu\/retseptid\/wp-json\/wp\/v2\/media?parent=4018"}],"wp:term":[{"taxonomy":"product_cat","embeddable":true,"href":"https:\/\/bio4you.eu\/retseptid\/wp-json\/wp\/v2\/product_cat?post=4018"},{"taxonomy":"product_tag","embeddable":true,"href":"https:\/\/bio4you.eu\/retseptid\/wp-json\/wp\/v2\/product_tag?post=4018"}],"curies":[{"name":"wp","href":"https:\/\/api.w.org\/{rel}","templated":true}]}}