{"id":4021,"date":"2022-08-02T15:29:40","date_gmt":"2022-08-02T12:29:40","guid":{"rendered":"https:\/\/bio4you.eu\/retseptid\/?post_type=product&#038;p=4021"},"modified":"2022-08-02T15:37:38","modified_gmt":"2022-08-02T12:37:38","slug":"rikkalik-kikerhernevoileib","status":"publish","type":"product","link":"https:\/\/bio4you.eu\/retseptid\/toode\/rikkalik-kikerhernevoileib\/","title":{"rendered":"Rikkalik kikerhernev\u00f5ileib"},"content":{"rendered":"<p>Valmistamine:<\/p>\n<ol>\n<li>Pane eelmisel \u00f5htul kikerherned toatemperatuurile likku. Vaata, et kikerhernestel oleks varuga vett, sest need paisuvad. P\u00e4rast u 12 tundi leotamist keeda 45-60 minutit, kuni kikerherned on pehmed. Lase jahtuda.<\/li>\n<li>Tee valmis kikerhernesalat: purusta k\u00f6\u00f6gikombainis kikerherned, k\u00fc\u00fcslauk, tahiini, sinep, kapparid, roheline sibul, petersell, sidrunimahl ja maitseained. \u00c4ra t\u00e4iesti p\u00fcreeks purusta.<\/li>\n<li>Tee valmis v\u00f5ileivad: soovi korral r\u00f6sti sai. M\u00e4\u00e4ri \u00fchele saiaviilule peale kikerhernesalat, aseta frillis, avokaadoviilud ja v\u00e4rsked idud. Teisele saiaviilule m\u00e4\u00e4ri majonees ning kombineeri saiad omavahel \u00fcheks suureks v\u00f5ileivaks.<\/li>\n<\/ol>\n<p>Idude, avokaado ja frillise asemel sobib h\u00e4sti v\u00f5ileiva vahele ka kurk, redis, tomat, hapukurk v\u00f5i m\u00f5ni muu lemmikt\u00e4idis.<\/p>\n","protected":false},"excerpt":{"rendered":"<p>Vaja l\u00e4heb:<br \/>\n<strong>Salati jaoks:<\/strong><\/p>\n<ul>\n<li>200 g <a href=\"https:\/\/bio4you.eu\/et\/kuivained\/3771-kikerherned-kooritud-ja-poolitatud-500g.html?utm_source=bioretsept&amp;utm_medium=retsept&amp;utm_campaign=kikerhernesalat\" target=\"_blank\" rel=\"noopener\">Cosmoveda poolitatud ja kooritud kikerherneid (kuivatatud)<\/a><\/li>\n<li>2 tl <a href=\"https:\/\/bio4you.eu\/et\/paehklikreemid-ja-voided\/2077-tahini-seesamipasta-350g.html?utm_source=bioretsept&amp;utm_medium=retsept&amp;utm_campaign=kikerhernesalat\" target=\"_blank\" rel=\"noopener\">heledat tahiinit<\/a><\/li>\n<li>1 tl Dijon sinepit<\/li>\n<li>0,5 k\u00fc\u00fcslauguk\u00fc\u00fcnt, purustatud<\/li>\n<li>pisike punt rohelist sibulat, t\u00fckeldatud<\/li>\n<li>1 tl kappareid<\/li>\n<li>2 tl <a href=\"https:\/\/bio4you.eu\/et\/kuelmad-joogid\/1219-sidrunimahl-250ml.html?utm_source=bioretsept&amp;utm_medium=retsept&amp;utm_campaign=kikerhernesalat\" target=\"_blank\" rel=\"noopener\">sidrunimahla<\/a><\/li>\n<li>sobiv kogus peterselli, t\u00fckeldatud<\/li>\n<li>maitsestamiseks <a href=\"https:\/\/bio4you.eu\/et\/maitseained-ja-magustajad\/3629-ajurveeda-kivisool-peen-500g.html?utm_source=bioretsept&amp;utm_medium=retsept&amp;utm_campaign=kikerhernesalat\" target=\"_blank\" rel=\"noopener\">soola<\/a>, pipart, pisut <a href=\"https:\/\/bio4you.eu\/et\/maitseained-ja-magustajad\/5256-suitsutatud-paprika-pulber-35g.html?utm_source=bioretsept&amp;utm_medium=retsept&amp;utm_campaign=kikerhernesalat\" target=\"_blank\" rel=\"noopener\">paprikapulbrit<\/a> ja <a href=\"https:\/\/bio4you.eu\/et\/maitseained-ja-magustajad\/3643-ajurveeda-must-sool-40g.html?utm_source=bioretsept&amp;utm_medium=retsept&amp;utm_campaign=kikerhernesalat\" target=\"_blank\" rel=\"noopener\">musta soola<\/a><\/li>\n<\/ul>\n<p><strong>V\u00f5ileiva jaoks:<\/strong><\/p>\n<ul>\n<li>1 v\u00e4rske avokaado, t\u00fckeldatud<\/li>\n<li>v\u00e4rskeid idusid<\/li>\n<li>sobivat saia (soovitame t\u00e4isterasaia seemnetega)<\/li>\n<li>frillise lehti, pestud<\/li>\n<li>(vegan) majoneesi<\/li>\n<\/ul>\n","protected":false},"featured_media":4022,"comment_status":"open","ping_status":"closed","template":"","meta":{"_exactmetrics_skip_tracking":false,"_exactmetrics_sitenote_active":false,"_exactmetrics_sitenote_note":"","_exactmetrics_sitenote_category":0},"product_cat":[59,60,382,383,68,72],"product_tag":[],"class_list":{"0":"post-4021","1":"product","2":"type-product","3":"status-publish","4":"has-post-thumbnail","6":"product_cat-featured","7":"product_cat-toiduretseptid","8":"product_cat-vegan-toiduretseptid","9":"product_cat-taimetoit","10":"product_cat-suupisted","11":"product_cat-oa-laatse-ja-hernetoidud","13":"first","14":"instock","15":"shipping-taxable","16":"product-type-simple"},"yoast_head":"<!-- This site is optimized with the Yoast SEO plugin v23.3 - https:\/\/yoast.com\/wordpress\/plugins\/seo\/ -->\n<title>Rikkalik kikerhernev\u00f5ileib - bio4you.eu\/retseptid<\/title>\n<meta name=\"description\" content=\"Toitva kikerhernesalatiga v\u00f5ileib sobib kaasav\u00f5tmiseks nii piknikule, t\u00f6\u00f6le kui ka lennukisse.\" \/>\n<meta name=\"robots\" content=\"index, follow, max-snippet:-1, max-image-preview:large, max-video-preview:-1\" \/>\n<link rel=\"canonical\" href=\"https:\/\/bio4you.eu\/retseptid\/toode\/rikkalik-kikerhernevoileib\/\" \/>\n<meta property=\"og:locale\" content=\"et_EE\" \/>\n<meta property=\"og:type\" content=\"article\" \/>\n<meta property=\"og:title\" content=\"Rikkalik kikerhernev\u00f5ileib - bio4you.eu\/retseptid\" \/>\n<meta property=\"og:description\" content=\"Toitva kikerhernesalatiga v\u00f5ileib sobib kaasav\u00f5tmiseks nii piknikule, t\u00f6\u00f6le kui ka lennukisse.\" \/>\n<meta property=\"og:url\" content=\"https:\/\/bio4you.eu\/retseptid\/toode\/rikkalik-kikerhernevoileib\/\" \/>\n<meta property=\"og:site_name\" content=\"bio4you.eu\/retseptid\" \/>\n<meta property=\"article:modified_time\" content=\"2022-08-02T12:37:38+00:00\" \/>\n<meta property=\"og:image\" content=\"https:\/\/bio4you.eu\/retseptid\/wp-content\/uploads\/2022\/08\/Sotsiaalmeedia-ruut.png\" \/>\n\t<meta property=\"og:image:width\" content=\"1080\" \/>\n\t<meta property=\"og:image:height\" content=\"1080\" \/>\n\t<meta property=\"og:image:type\" content=\"image\/png\" \/>\n<meta name=\"twitter:label1\" content=\"Est. reading time\" \/>\n\t<meta name=\"twitter:data1\" content=\"1 minut\" \/>\n<script type=\"application\/ld+json\" class=\"yoast-schema-graph\">{\"@context\":\"https:\/\/schema.org\",\"@graph\":[{\"@type\":\"WebPage\",\"@id\":\"https:\/\/bio4you.eu\/retseptid\/toode\/rikkalik-kikerhernevoileib\/\",\"url\":\"https:\/\/bio4you.eu\/retseptid\/toode\/rikkalik-kikerhernevoileib\/\",\"name\":\"Rikkalik kikerhernev\u00f5ileib - bio4you.eu\/retseptid\",\"isPartOf\":{\"@id\":\"https:\/\/bio4you.eu\/retseptid\/#website\"},\"primaryImageOfPage\":{\"@id\":\"https:\/\/bio4you.eu\/retseptid\/toode\/rikkalik-kikerhernevoileib\/#primaryimage\"},\"image\":{\"@id\":\"https:\/\/bio4you.eu\/retseptid\/toode\/rikkalik-kikerhernevoileib\/#primaryimage\"},\"thumbnailUrl\":\"https:\/\/bio4you.eu\/retseptid\/wp-content\/uploads\/2022\/08\/Sotsiaalmeedia-ruut.png\",\"datePublished\":\"2022-08-02T12:29:40+00:00\",\"dateModified\":\"2022-08-02T12:37:38+00:00\",\"description\":\"Toitva kikerhernesalatiga v\u00f5ileib sobib kaasav\u00f5tmiseks nii piknikule, t\u00f6\u00f6le kui ka lennukisse.\",\"breadcrumb\":{\"@id\":\"https:\/\/bio4you.eu\/retseptid\/toode\/rikkalik-kikerhernevoileib\/#breadcrumb\"},\"inLanguage\":\"et\",\"potentialAction\":[{\"@type\":\"ReadAction\",\"target\":[\"https:\/\/bio4you.eu\/retseptid\/toode\/rikkalik-kikerhernevoileib\/\"]}]},{\"@type\":\"ImageObject\",\"inLanguage\":\"et\",\"@id\":\"https:\/\/bio4you.eu\/retseptid\/toode\/rikkalik-kikerhernevoileib\/#primaryimage\",\"url\":\"https:\/\/bio4you.eu\/retseptid\/wp-content\/uploads\/2022\/08\/Sotsiaalmeedia-ruut.png\",\"contentUrl\":\"https:\/\/bio4you.eu\/retseptid\/wp-content\/uploads\/2022\/08\/Sotsiaalmeedia-ruut.png\",\"width\":1080,\"height\":1080},{\"@type\":\"BreadcrumbList\",\"@id\":\"https:\/\/bio4you.eu\/retseptid\/toode\/rikkalik-kikerhernevoileib\/#breadcrumb\",\"itemListElement\":[{\"@type\":\"ListItem\",\"position\":1,\"name\":\"Home\",\"item\":\"https:\/\/bio4you.eu\/retseptid\/\"},{\"@type\":\"ListItem\",\"position\":2,\"name\":\"Rikkalik kikerhernev\u00f5ileib\"}]},{\"@type\":\"WebSite\",\"@id\":\"https:\/\/bio4you.eu\/retseptid\/#website\",\"url\":\"https:\/\/bio4you.eu\/retseptid\/\",\"name\":\"bio4you.eu\/retseptid\",\"description\":\"\u00d6ko retseptid ise tegemiseks, looduslikest koostisainetest. Maitsev toit, iluhooldus, kodupuhastus ja aiandus.\",\"potentialAction\":[{\"@type\":\"SearchAction\",\"target\":{\"@type\":\"EntryPoint\",\"urlTemplate\":\"https:\/\/bio4you.eu\/retseptid\/?s={search_term_string}\"},\"query-input\":\"required name=search_term_string\"}],\"inLanguage\":\"et\"}]}<\/script>\n<!-- \/ Yoast SEO plugin. -->","yoast_head_json":{"title":"Rikkalik kikerhernev\u00f5ileib - bio4you.eu\/retseptid","description":"Toitva kikerhernesalatiga v\u00f5ileib sobib kaasav\u00f5tmiseks nii piknikule, t\u00f6\u00f6le kui ka lennukisse.","robots":{"index":"index","follow":"follow","max-snippet":"max-snippet:-1","max-image-preview":"max-image-preview:large","max-video-preview":"max-video-preview:-1"},"canonical":"https:\/\/bio4you.eu\/retseptid\/toode\/rikkalik-kikerhernevoileib\/","og_locale":"et_EE","og_type":"article","og_title":"Rikkalik kikerhernev\u00f5ileib - bio4you.eu\/retseptid","og_description":"Toitva kikerhernesalatiga v\u00f5ileib sobib kaasav\u00f5tmiseks nii piknikule, t\u00f6\u00f6le kui ka lennukisse.","og_url":"https:\/\/bio4you.eu\/retseptid\/toode\/rikkalik-kikerhernevoileib\/","og_site_name":"bio4you.eu\/retseptid","article_modified_time":"2022-08-02T12:37:38+00:00","og_image":[{"width":1080,"height":1080,"url":"https:\/\/bio4you.eu\/retseptid\/wp-content\/uploads\/2022\/08\/Sotsiaalmeedia-ruut.png","type":"image\/png"}],"twitter_misc":{"Est. reading time":"1 minut"},"schema":{"@context":"https:\/\/schema.org","@graph":[{"@type":"WebPage","@id":"https:\/\/bio4you.eu\/retseptid\/toode\/rikkalik-kikerhernevoileib\/","url":"https:\/\/bio4you.eu\/retseptid\/toode\/rikkalik-kikerhernevoileib\/","name":"Rikkalik kikerhernev\u00f5ileib - bio4you.eu\/retseptid","isPartOf":{"@id":"https:\/\/bio4you.eu\/retseptid\/#website"},"primaryImageOfPage":{"@id":"https:\/\/bio4you.eu\/retseptid\/toode\/rikkalik-kikerhernevoileib\/#primaryimage"},"image":{"@id":"https:\/\/bio4you.eu\/retseptid\/toode\/rikkalik-kikerhernevoileib\/#primaryimage"},"thumbnailUrl":"https:\/\/bio4you.eu\/retseptid\/wp-content\/uploads\/2022\/08\/Sotsiaalmeedia-ruut.png","datePublished":"2022-08-02T12:29:40+00:00","dateModified":"2022-08-02T12:37:38+00:00","description":"Toitva kikerhernesalatiga v\u00f5ileib sobib kaasav\u00f5tmiseks nii piknikule, t\u00f6\u00f6le kui ka lennukisse.","breadcrumb":{"@id":"https:\/\/bio4you.eu\/retseptid\/toode\/rikkalik-kikerhernevoileib\/#breadcrumb"},"inLanguage":"et","potentialAction":[{"@type":"ReadAction","target":["https:\/\/bio4you.eu\/retseptid\/toode\/rikkalik-kikerhernevoileib\/"]}]},{"@type":"ImageObject","inLanguage":"et","@id":"https:\/\/bio4you.eu\/retseptid\/toode\/rikkalik-kikerhernevoileib\/#primaryimage","url":"https:\/\/bio4you.eu\/retseptid\/wp-content\/uploads\/2022\/08\/Sotsiaalmeedia-ruut.png","contentUrl":"https:\/\/bio4you.eu\/retseptid\/wp-content\/uploads\/2022\/08\/Sotsiaalmeedia-ruut.png","width":1080,"height":1080},{"@type":"BreadcrumbList","@id":"https:\/\/bio4you.eu\/retseptid\/toode\/rikkalik-kikerhernevoileib\/#breadcrumb","itemListElement":[{"@type":"ListItem","position":1,"name":"Home","item":"https:\/\/bio4you.eu\/retseptid\/"},{"@type":"ListItem","position":2,"name":"Rikkalik kikerhernev\u00f5ileib"}]},{"@type":"WebSite","@id":"https:\/\/bio4you.eu\/retseptid\/#website","url":"https:\/\/bio4you.eu\/retseptid\/","name":"bio4you.eu\/retseptid","description":"\u00d6ko retseptid ise tegemiseks, looduslikest koostisainetest. Maitsev toit, iluhooldus, kodupuhastus ja aiandus.","potentialAction":[{"@type":"SearchAction","target":{"@type":"EntryPoint","urlTemplate":"https:\/\/bio4you.eu\/retseptid\/?s={search_term_string}"},"query-input":"required name=search_term_string"}],"inLanguage":"et"}]}},"_links":{"self":[{"href":"https:\/\/bio4you.eu\/retseptid\/wp-json\/wp\/v2\/product\/4021"}],"collection":[{"href":"https:\/\/bio4you.eu\/retseptid\/wp-json\/wp\/v2\/product"}],"about":[{"href":"https:\/\/bio4you.eu\/retseptid\/wp-json\/wp\/v2\/types\/product"}],"replies":[{"embeddable":true,"href":"https:\/\/bio4you.eu\/retseptid\/wp-json\/wp\/v2\/comments?post=4021"}],"wp:featuredmedia":[{"embeddable":true,"href":"https:\/\/bio4you.eu\/retseptid\/wp-json\/wp\/v2\/media\/4022"}],"wp:attachment":[{"href":"https:\/\/bio4you.eu\/retseptid\/wp-json\/wp\/v2\/media?parent=4021"}],"wp:term":[{"taxonomy":"product_cat","embeddable":true,"href":"https:\/\/bio4you.eu\/retseptid\/wp-json\/wp\/v2\/product_cat?post=4021"},{"taxonomy":"product_tag","embeddable":true,"href":"https:\/\/bio4you.eu\/retseptid\/wp-json\/wp\/v2\/product_tag?post=4021"}],"curies":[{"name":"wp","href":"https:\/\/api.w.org\/{rel}","templated":true}]}}