{"id":4031,"date":"2022-08-26T15:38:56","date_gmt":"2022-08-26T12:38:56","guid":{"rendered":"https:\/\/bio4you.eu\/retseptid\/?post_type=product&#038;p=4031"},"modified":"2022-08-26T15:38:56","modified_gmt":"2022-08-26T12:38:56","slug":"vegan-tarte-flambee","status":"publish","type":"product","link":"https:\/\/bio4you.eu\/retseptid\/toode\/vegan-tarte-flambee\/","title":{"rendered":"Vegan tarte flamb\u00e9e"},"content":{"rendered":"<p>Valmistamine:<\/p>\n<ul>\n<li>Kuumuta ahi 250\u00b0C \u00fclemise\/alumise kuumusega. Eemalda k\u00f5rvitsast seemned ja l\u00f5ika k\u00f5rvits v\u00e4ga \u00f5hukesteks viiludeks. Koori sibul ja l\u00f5ika \u00f5hukesteks r\u00f5ngasteks.<\/li>\n<li>Pane vesi, \u00f5li ja \u00e4\u00e4dikas kaussi ning lisa GV segu. S\u00f5tku k\u00f5ik koostisained saumikseriga (v\u00f5i k\u00e4sitsi), kuni moodustub \u00fchtlane tainas.<\/li>\n<li>Aseta t\u00f6\u00f6pinnale k\u00fcpsetuspaberileht ja puista peale veidi riisijahu v\u00f5i t\u00e4rklist. Rulli tainapall k\u00fcpsetuspaberil lahti. Vajadusel lisa veel veidi riisijahu v\u00f5i t\u00e4rklist. Tainas tuleks rullida nii \u00f5hukeseks, et see oleks terve k\u00fcpsetusplaadi suurune. Rulli see julgelt 1-2 mm laiuseks.<\/li>\n<li>T\u00f5sta lahtirullitud tainas koos k\u00fcpsetuspaberiga ahjuplaadile ja m\u00e4\u00e4ri hapukoorega. Maitsesta k\u00f5ik soola ja pipraga. Puista peale k\u00f5rvits, sibul ja k\u00f5rvitsaseemned.<\/li>\n<li>Aseta <em>tarte flamb\u00e9e<\/em> eelkuumutatud ahju (250\u00b0C) alumisse ossa ja k\u00fcpseta 10-15 minutit, olenevalt katte paksusest. Enne serveerimist lisa v\u00e4rske rukola.<\/li>\n<\/ul>\n","protected":false},"excerpt":{"rendered":"<p>Vaja l\u00e4heb:<\/p>\n<ul>\n<li>1 pakk <a href=\"https:\/\/bit.ly\/3e1nC7f\" target=\"_blank\" rel=\"noopener\">GV \u00f5hukese pirukap\u00f5hja segu &#8220;Tarte Flamb\u00e9e&#8221;<\/a><\/li>\n<li>140 ml k\u00fclma vett<\/li>\n<li>2 spl <a href=\"https:\/\/bit.ly\/3pMiQNr\" target=\"_blank\" rel=\"noopener\">oliivi\u00f5li<\/a><\/li>\n<li>1 spl \u00e4\u00e4dikat<\/li>\n<li>0,5 tassi vegan hapukoort<\/li>\n<li>1\/3 k\u00f5rvitsat<\/li>\n<li>1 sibul<\/li>\n<li>soola, pipart<\/li>\n<li>1 spl <a href=\"https:\/\/bit.ly\/3PSojg8\">k\u00f5rvitsaseemneid<\/a><\/li>\n<li>1 peot\u00e4is rukolat<\/li>\n<\/ul>\n","protected":false},"featured_media":4032,"comment_status":"open","ping_status":"closed","template":"","meta":{"_exactmetrics_skip_tracking":false,"_exactmetrics_sitenote_active":false,"_exactmetrics_sitenote_note":"","_exactmetrics_sitenote_category":0},"product_cat":[59,60,382,63,383,280],"product_tag":[],"class_list":{"0":"post-4031","1":"product","2":"type-product","3":"status-publish","4":"has-post-thumbnail","6":"product_cat-featured","7":"product_cat-toiduretseptid","8":"product_cat-vegan-toiduretseptid","9":"product_cat-gluteenivabad-retseptid","10":"product_cat-taimetoit","11":"product_cat-koogid-ja-kupsised","13":"first","14":"instock","15":"shipping-taxable","16":"product-type-simple"},"yoast_head":"<!-- This site is optimized with the Yoast SEO plugin v23.3 - https:\/\/yoast.com\/wordpress\/plugins\/seo\/ -->\n<title>Vegan tarte flamb\u00e9e - bio4you.eu\/retseptid<\/title>\n<meta name=\"description\" content=\"Suvine GV \u00f5hukese p\u00f5hjaga pirukas ehk tarte flamb\u00e9e, mida on lihtne k\u00fcpsetada ning mis sobib h\u00e4sti suve\u00f5htutesse nautimiseks.\" \/>\n<meta name=\"robots\" content=\"index, follow, max-snippet:-1, max-image-preview:large, max-video-preview:-1\" \/>\n<link rel=\"canonical\" href=\"https:\/\/bio4you.eu\/retseptid\/toode\/vegan-tarte-flambee\/\" \/>\n<meta property=\"og:locale\" content=\"et_EE\" \/>\n<meta property=\"og:type\" content=\"article\" \/>\n<meta property=\"og:title\" content=\"Vegan tarte flamb\u00e9e - bio4you.eu\/retseptid\" \/>\n<meta property=\"og:description\" content=\"Suvine GV \u00f5hukese p\u00f5hjaga pirukas ehk tarte flamb\u00e9e, mida on lihtne k\u00fcpsetada ning mis sobib h\u00e4sti suve\u00f5htutesse nautimiseks.\" \/>\n<meta property=\"og:url\" content=\"https:\/\/bio4you.eu\/retseptid\/toode\/vegan-tarte-flambee\/\" \/>\n<meta property=\"og:site_name\" content=\"bio4you.eu\/retseptid\" \/>\n<meta property=\"og:image\" content=\"https:\/\/bio4you.eu\/retseptid\/wp-content\/uploads\/2022\/08\/ezgif.com-gif-maker-4.jpg\" \/>\n\t<meta property=\"og:image:width\" content=\"650\" \/>\n\t<meta property=\"og:image:height\" content=\"450\" \/>\n\t<meta property=\"og:image:type\" content=\"image\/jpeg\" \/>\n<meta name=\"twitter:label1\" content=\"Est. reading time\" \/>\n\t<meta name=\"twitter:data1\" content=\"1 minut\" \/>\n<script type=\"application\/ld+json\" class=\"yoast-schema-graph\">{\"@context\":\"https:\/\/schema.org\",\"@graph\":[{\"@type\":\"WebPage\",\"@id\":\"https:\/\/bio4you.eu\/retseptid\/toode\/vegan-tarte-flambee\/\",\"url\":\"https:\/\/bio4you.eu\/retseptid\/toode\/vegan-tarte-flambee\/\",\"name\":\"Vegan tarte flamb\u00e9e - bio4you.eu\/retseptid\",\"isPartOf\":{\"@id\":\"https:\/\/bio4you.eu\/retseptid\/#website\"},\"primaryImageOfPage\":{\"@id\":\"https:\/\/bio4you.eu\/retseptid\/toode\/vegan-tarte-flambee\/#primaryimage\"},\"image\":{\"@id\":\"https:\/\/bio4you.eu\/retseptid\/toode\/vegan-tarte-flambee\/#primaryimage\"},\"thumbnailUrl\":\"https:\/\/bio4you.eu\/retseptid\/wp-content\/uploads\/2022\/08\/ezgif.com-gif-maker-4.jpg\",\"datePublished\":\"2022-08-26T12:38:56+00:00\",\"dateModified\":\"2022-08-26T12:38:56+00:00\",\"description\":\"Suvine GV \u00f5hukese p\u00f5hjaga pirukas ehk tarte flamb\u00e9e, mida on lihtne k\u00fcpsetada ning mis sobib h\u00e4sti suve\u00f5htutesse nautimiseks.\",\"breadcrumb\":{\"@id\":\"https:\/\/bio4you.eu\/retseptid\/toode\/vegan-tarte-flambee\/#breadcrumb\"},\"inLanguage\":\"et\",\"potentialAction\":[{\"@type\":\"ReadAction\",\"target\":[\"https:\/\/bio4you.eu\/retseptid\/toode\/vegan-tarte-flambee\/\"]}]},{\"@type\":\"ImageObject\",\"inLanguage\":\"et\",\"@id\":\"https:\/\/bio4you.eu\/retseptid\/toode\/vegan-tarte-flambee\/#primaryimage\",\"url\":\"https:\/\/bio4you.eu\/retseptid\/wp-content\/uploads\/2022\/08\/ezgif.com-gif-maker-4.jpg\",\"contentUrl\":\"https:\/\/bio4you.eu\/retseptid\/wp-content\/uploads\/2022\/08\/ezgif.com-gif-maker-4.jpg\",\"width\":650,\"height\":450},{\"@type\":\"BreadcrumbList\",\"@id\":\"https:\/\/bio4you.eu\/retseptid\/toode\/vegan-tarte-flambee\/#breadcrumb\",\"itemListElement\":[{\"@type\":\"ListItem\",\"position\":1,\"name\":\"Home\",\"item\":\"https:\/\/bio4you.eu\/retseptid\/\"},{\"@type\":\"ListItem\",\"position\":2,\"name\":\"Vegan tarte flamb\u00e9e\"}]},{\"@type\":\"WebSite\",\"@id\":\"https:\/\/bio4you.eu\/retseptid\/#website\",\"url\":\"https:\/\/bio4you.eu\/retseptid\/\",\"name\":\"bio4you.eu\/retseptid\",\"description\":\"\u00d6ko retseptid ise tegemiseks, looduslikest koostisainetest. Maitsev toit, iluhooldus, kodupuhastus ja aiandus.\",\"potentialAction\":[{\"@type\":\"SearchAction\",\"target\":{\"@type\":\"EntryPoint\",\"urlTemplate\":\"https:\/\/bio4you.eu\/retseptid\/?s={search_term_string}\"},\"query-input\":\"required name=search_term_string\"}],\"inLanguage\":\"et\"}]}<\/script>\n<!-- \/ Yoast SEO plugin. -->","yoast_head_json":{"title":"Vegan tarte flamb\u00e9e - bio4you.eu\/retseptid","description":"Suvine GV \u00f5hukese p\u00f5hjaga pirukas ehk tarte flamb\u00e9e, mida on lihtne k\u00fcpsetada ning mis sobib h\u00e4sti suve\u00f5htutesse nautimiseks.","robots":{"index":"index","follow":"follow","max-snippet":"max-snippet:-1","max-image-preview":"max-image-preview:large","max-video-preview":"max-video-preview:-1"},"canonical":"https:\/\/bio4you.eu\/retseptid\/toode\/vegan-tarte-flambee\/","og_locale":"et_EE","og_type":"article","og_title":"Vegan tarte flamb\u00e9e - bio4you.eu\/retseptid","og_description":"Suvine GV \u00f5hukese p\u00f5hjaga pirukas ehk tarte flamb\u00e9e, mida on lihtne k\u00fcpsetada ning mis sobib h\u00e4sti suve\u00f5htutesse nautimiseks.","og_url":"https:\/\/bio4you.eu\/retseptid\/toode\/vegan-tarte-flambee\/","og_site_name":"bio4you.eu\/retseptid","og_image":[{"width":650,"height":450,"url":"https:\/\/bio4you.eu\/retseptid\/wp-content\/uploads\/2022\/08\/ezgif.com-gif-maker-4.jpg","type":"image\/jpeg"}],"twitter_misc":{"Est. reading time":"1 minut"},"schema":{"@context":"https:\/\/schema.org","@graph":[{"@type":"WebPage","@id":"https:\/\/bio4you.eu\/retseptid\/toode\/vegan-tarte-flambee\/","url":"https:\/\/bio4you.eu\/retseptid\/toode\/vegan-tarte-flambee\/","name":"Vegan tarte flamb\u00e9e - bio4you.eu\/retseptid","isPartOf":{"@id":"https:\/\/bio4you.eu\/retseptid\/#website"},"primaryImageOfPage":{"@id":"https:\/\/bio4you.eu\/retseptid\/toode\/vegan-tarte-flambee\/#primaryimage"},"image":{"@id":"https:\/\/bio4you.eu\/retseptid\/toode\/vegan-tarte-flambee\/#primaryimage"},"thumbnailUrl":"https:\/\/bio4you.eu\/retseptid\/wp-content\/uploads\/2022\/08\/ezgif.com-gif-maker-4.jpg","datePublished":"2022-08-26T12:38:56+00:00","dateModified":"2022-08-26T12:38:56+00:00","description":"Suvine GV \u00f5hukese p\u00f5hjaga pirukas ehk tarte flamb\u00e9e, mida on lihtne k\u00fcpsetada ning mis sobib h\u00e4sti suve\u00f5htutesse nautimiseks.","breadcrumb":{"@id":"https:\/\/bio4you.eu\/retseptid\/toode\/vegan-tarte-flambee\/#breadcrumb"},"inLanguage":"et","potentialAction":[{"@type":"ReadAction","target":["https:\/\/bio4you.eu\/retseptid\/toode\/vegan-tarte-flambee\/"]}]},{"@type":"ImageObject","inLanguage":"et","@id":"https:\/\/bio4you.eu\/retseptid\/toode\/vegan-tarte-flambee\/#primaryimage","url":"https:\/\/bio4you.eu\/retseptid\/wp-content\/uploads\/2022\/08\/ezgif.com-gif-maker-4.jpg","contentUrl":"https:\/\/bio4you.eu\/retseptid\/wp-content\/uploads\/2022\/08\/ezgif.com-gif-maker-4.jpg","width":650,"height":450},{"@type":"BreadcrumbList","@id":"https:\/\/bio4you.eu\/retseptid\/toode\/vegan-tarte-flambee\/#breadcrumb","itemListElement":[{"@type":"ListItem","position":1,"name":"Home","item":"https:\/\/bio4you.eu\/retseptid\/"},{"@type":"ListItem","position":2,"name":"Vegan tarte flamb\u00e9e"}]},{"@type":"WebSite","@id":"https:\/\/bio4you.eu\/retseptid\/#website","url":"https:\/\/bio4you.eu\/retseptid\/","name":"bio4you.eu\/retseptid","description":"\u00d6ko retseptid ise tegemiseks, looduslikest koostisainetest. Maitsev toit, iluhooldus, kodupuhastus ja aiandus.","potentialAction":[{"@type":"SearchAction","target":{"@type":"EntryPoint","urlTemplate":"https:\/\/bio4you.eu\/retseptid\/?s={search_term_string}"},"query-input":"required name=search_term_string"}],"inLanguage":"et"}]}},"_links":{"self":[{"href":"https:\/\/bio4you.eu\/retseptid\/wp-json\/wp\/v2\/product\/4031"}],"collection":[{"href":"https:\/\/bio4you.eu\/retseptid\/wp-json\/wp\/v2\/product"}],"about":[{"href":"https:\/\/bio4you.eu\/retseptid\/wp-json\/wp\/v2\/types\/product"}],"replies":[{"embeddable":true,"href":"https:\/\/bio4you.eu\/retseptid\/wp-json\/wp\/v2\/comments?post=4031"}],"wp:featuredmedia":[{"embeddable":true,"href":"https:\/\/bio4you.eu\/retseptid\/wp-json\/wp\/v2\/media\/4032"}],"wp:attachment":[{"href":"https:\/\/bio4you.eu\/retseptid\/wp-json\/wp\/v2\/media?parent=4031"}],"wp:term":[{"taxonomy":"product_cat","embeddable":true,"href":"https:\/\/bio4you.eu\/retseptid\/wp-json\/wp\/v2\/product_cat?post=4031"},{"taxonomy":"product_tag","embeddable":true,"href":"https:\/\/bio4you.eu\/retseptid\/wp-json\/wp\/v2\/product_tag?post=4031"}],"curies":[{"name":"wp","href":"https:\/\/api.w.org\/{rel}","templated":true}]}}