{"id":4035,"date":"2022-09-09T15:55:20","date_gmt":"2022-09-09T12:55:20","guid":{"rendered":"https:\/\/bio4you.eu\/retseptid\/?post_type=product&#038;p=4035"},"modified":"2022-09-09T16:18:34","modified_gmt":"2022-09-09T13:18:34","slug":"koogiviljapallid-kaera-koorekastme-ja-kartulipudruga","status":"publish","type":"product","link":"https:\/\/bio4you.eu\/retseptid\/toode\/koogiviljapallid-kaera-koorekastme-ja-kartulipudruga\/","title":{"rendered":"K\u00f6\u00f6giviljapallid kaera-koorekastme ja kartulipudruga"},"content":{"rendered":"<p>Valmistamine:<\/p>\n<ol>\n<li>Koori kartulid ja keeda soolaga maitsestatud vees valmimiseni. Vahepeal valmista k\u00f6\u00f6giviljapallid pakil oleva juhendi j\u00e4rgi ja prae rohkes \u00f5lis igast k\u00fcljest, kuni pallikesed on kuldpruunid.<\/li>\n<li>Eemalda pallid pannilt ja sulata samal pannil margariin. Lisa jahu ja prae paar minutit. Seej\u00e4rel pane pannile k\u00fclm puljong ja kaerakoor. Sega kiiresti, et ei tekiks t\u00fckke. Lisa \u00fclej\u00e4\u00e4nud koostisosad ja lase k\u00f5ik keema. Maitsesta kaste soola ja pipraga. Pane k\u00f6\u00f6giviljapallid kastmesse tagasi ja kuumuta korraks l\u00e4bi.<\/li>\n<li>N\u00f5ruta kartulid. Lisa kohe margariin ja taimne piim. P\u00fcreesta ja maitsesta pipra ja soolaga.<\/li>\n<li>Serveeri pallide, kartulip\u00fcree, kastme ja j\u00f5hvikatega.<\/li>\n<\/ol>\n<p>&nbsp;<\/p>\n","protected":false},"excerpt":{"rendered":"<p>Vaja l\u00e4heb:<\/p>\n<p>K\u00f6\u00f6giviljapallid:<\/p>\n<ul>\n<li><a href=\"https:\/\/bio4you.eu\/et\/kuivained\/5519-koeoegiviljapallide-segu-180g.html?utm_source=bioretsept&amp;utm_medium=retsept&amp;utm_campaign=09_kottbullar\" target=\"_blank\" rel=\"noopener\">1 pakk K\u00f6ttbullar k\u00f6\u00f6giviljapallide segu (180 g)<\/a><\/li>\n<li>225 ml k\u00fclma vett<\/li>\n<li>2 spl<a href=\"https:\/\/bio4you.eu\/et\/olid-kastmed-kreemid\/1197-paeevalilleseemneoli-750ml.html?utm_source=bioretsept&amp;utm_medium=retsept&amp;utm_campaign=09_kottbullar\"> neutraalset \u00f5li<\/a><\/li>\n<\/ul>\n<p>Kaera-koorekaste<\/p>\n<ul>\n<li>200 ml <a href=\"https:\/\/bio4you.eu\/et\/olid-kastmed-kreemid\/1459-kaerakreem-toiduvalmistamiseks-200ml.html?utm_source=bioretsept&amp;utm_medium=retsept&amp;utm_campaign=09_kottbullar\" target=\"_blank\" rel=\"noopener\">kaerakoort<\/a><\/li>\n<li>400 ml k\u00fclma k\u00f6\u00f6giviljapuljongit<\/li>\n<li>3 spl <a href=\"https:\/\/bio4you.eu\/et\/olid-kastmed-kreemid\/2192-tamari-sojakaste-250ml.html?utm_source=bioretsept&amp;utm_medium=retsept&amp;utm_campaign=09_kottbullar\" target=\"_blank\" rel=\"noopener\">sojakastet<\/a><\/li>\n<li>1 tl palsami\u00e4\u00e4dikat<\/li>\n<li>pisut<a href=\"https:\/\/bio4you.eu\/et\/suhkur\/3630-ajurveeda-jaggery-suhkur-400g.html?utm_source=bioretsept&amp;utm_medium=retsept&amp;utm_campaign=09_kottbullar\" target=\"_blank\" rel=\"noopener\"> pruuni suhkrut<\/a><\/li>\n<li>2 spl margariini<\/li>\n<li>3 spl nisujahu<\/li>\n<li>pisut v\u00e4rsket t\u00fc\u00fcmiani<\/li>\n<li>pisut muskaatp\u00e4hklit<\/li>\n<li>pisut pipart<\/li>\n<\/ul>\n<p>Kartulipuder<\/p>\n<ul>\n<li>800 g kartulit<\/li>\n<li>60 g margariini<\/li>\n<li>pisut neutraalse maitsega taimset piima (<a href=\"https:\/\/bio4you.eu\/et\/taimsed-joogid-ja-kreemid\/3708-barista-kaerajook-1l.html?utm_source=bioretsept&amp;utm_medium=retsept&amp;utm_campaign=09_kottbullar\" target=\"_blank\" rel=\"noopener\">kaerapiim<\/a> sobib suurep\u00e4raselt)<\/li>\n<li>soola-pipart<\/li>\n<\/ul>\n<p>Soovitame peale panna ka j\u00f5hvikakastet.<\/p>\n","protected":false},"featured_media":4036,"comment_status":"open","ping_status":"closed","template":"","meta":{"_exactmetrics_skip_tracking":false,"_exactmetrics_sitenote_active":false,"_exactmetrics_sitenote_note":"","_exactmetrics_sitenote_category":0},"product_cat":[59,60,382,383],"product_tag":[],"class_list":{"0":"post-4035","1":"product","2":"type-product","3":"status-publish","4":"has-post-thumbnail","6":"product_cat-featured","7":"product_cat-toiduretseptid","8":"product_cat-vegan-toiduretseptid","9":"product_cat-taimetoit","11":"first","12":"instock","13":"shipping-taxable","14":"product-type-simple"},"yoast_head":"<!-- This site is optimized with the Yoast SEO plugin v23.3 - https:\/\/yoast.com\/wordpress\/plugins\/seo\/ -->\n<title>K\u00f6\u00f6giviljapallid kaera-koorekastme ja kartulipudruga - bio4you.eu\/retseptid<\/title>\n<meta name=\"description\" content=\"Tuttavad lapsep\u00f5lvemaitsed taimses v\u00f5tmes. Eriliseks teeb antud roa kartulite, k\u00f6\u00f6giviljapallide ja kastme peale pandav j\u00f5hvikakaste.\" \/>\n<meta name=\"robots\" content=\"index, follow, max-snippet:-1, max-image-preview:large, max-video-preview:-1\" \/>\n<link rel=\"canonical\" href=\"https:\/\/bio4you.eu\/retseptid\/toode\/koogiviljapallid-kaera-koorekastme-ja-kartulipudruga\/\" \/>\n<meta property=\"og:locale\" content=\"et_EE\" \/>\n<meta property=\"og:type\" content=\"article\" \/>\n<meta property=\"og:title\" content=\"K\u00f6\u00f6giviljapallid kaera-koorekastme ja kartulipudruga - bio4you.eu\/retseptid\" \/>\n<meta property=\"og:description\" content=\"Tuttavad lapsep\u00f5lvemaitsed taimses v\u00f5tmes. Eriliseks teeb antud roa kartulite, k\u00f6\u00f6giviljapallide ja kastme peale pandav j\u00f5hvikakaste.\" \/>\n<meta property=\"og:url\" content=\"https:\/\/bio4you.eu\/retseptid\/toode\/koogiviljapallid-kaera-koorekastme-ja-kartulipudruga\/\" \/>\n<meta property=\"og:site_name\" content=\"bio4you.eu\/retseptid\" \/>\n<meta property=\"article:modified_time\" content=\"2022-09-09T13:18:34+00:00\" \/>\n<meta property=\"og:image\" content=\"https:\/\/bio4you.eu\/retseptid\/wp-content\/uploads\/2022\/09\/Bauck.jpg\" \/>\n\t<meta property=\"og:image:width\" content=\"800\" \/>\n\t<meta property=\"og:image:height\" content=\"1200\" \/>\n\t<meta property=\"og:image:type\" content=\"image\/jpeg\" \/>\n<meta name=\"twitter:label1\" content=\"Est. reading time\" \/>\n\t<meta name=\"twitter:data1\" content=\"1 minut\" \/>\n<script type=\"application\/ld+json\" class=\"yoast-schema-graph\">{\"@context\":\"https:\/\/schema.org\",\"@graph\":[{\"@type\":\"WebPage\",\"@id\":\"https:\/\/bio4you.eu\/retseptid\/toode\/koogiviljapallid-kaera-koorekastme-ja-kartulipudruga\/\",\"url\":\"https:\/\/bio4you.eu\/retseptid\/toode\/koogiviljapallid-kaera-koorekastme-ja-kartulipudruga\/\",\"name\":\"K\u00f6\u00f6giviljapallid kaera-koorekastme ja kartulipudruga - bio4you.eu\/retseptid\",\"isPartOf\":{\"@id\":\"https:\/\/bio4you.eu\/retseptid\/#website\"},\"primaryImageOfPage\":{\"@id\":\"https:\/\/bio4you.eu\/retseptid\/toode\/koogiviljapallid-kaera-koorekastme-ja-kartulipudruga\/#primaryimage\"},\"image\":{\"@id\":\"https:\/\/bio4you.eu\/retseptid\/toode\/koogiviljapallid-kaera-koorekastme-ja-kartulipudruga\/#primaryimage\"},\"thumbnailUrl\":\"https:\/\/bio4you.eu\/retseptid\/wp-content\/uploads\/2022\/09\/Bauck.jpg\",\"datePublished\":\"2022-09-09T12:55:20+00:00\",\"dateModified\":\"2022-09-09T13:18:34+00:00\",\"description\":\"Tuttavad lapsep\u00f5lvemaitsed taimses v\u00f5tmes. Eriliseks teeb antud roa kartulite, k\u00f6\u00f6giviljapallide ja kastme peale pandav j\u00f5hvikakaste.\",\"breadcrumb\":{\"@id\":\"https:\/\/bio4you.eu\/retseptid\/toode\/koogiviljapallid-kaera-koorekastme-ja-kartulipudruga\/#breadcrumb\"},\"inLanguage\":\"et\",\"potentialAction\":[{\"@type\":\"ReadAction\",\"target\":[\"https:\/\/bio4you.eu\/retseptid\/toode\/koogiviljapallid-kaera-koorekastme-ja-kartulipudruga\/\"]}]},{\"@type\":\"ImageObject\",\"inLanguage\":\"et\",\"@id\":\"https:\/\/bio4you.eu\/retseptid\/toode\/koogiviljapallid-kaera-koorekastme-ja-kartulipudruga\/#primaryimage\",\"url\":\"https:\/\/bio4you.eu\/retseptid\/wp-content\/uploads\/2022\/09\/Bauck.jpg\",\"contentUrl\":\"https:\/\/bio4you.eu\/retseptid\/wp-content\/uploads\/2022\/09\/Bauck.jpg\",\"width\":800,\"height\":1200},{\"@type\":\"BreadcrumbList\",\"@id\":\"https:\/\/bio4you.eu\/retseptid\/toode\/koogiviljapallid-kaera-koorekastme-ja-kartulipudruga\/#breadcrumb\",\"itemListElement\":[{\"@type\":\"ListItem\",\"position\":1,\"name\":\"Home\",\"item\":\"https:\/\/bio4you.eu\/retseptid\/\"},{\"@type\":\"ListItem\",\"position\":2,\"name\":\"K\u00f6\u00f6giviljapallid kaera-koorekastme ja kartulipudruga\"}]},{\"@type\":\"WebSite\",\"@id\":\"https:\/\/bio4you.eu\/retseptid\/#website\",\"url\":\"https:\/\/bio4you.eu\/retseptid\/\",\"name\":\"bio4you.eu\/retseptid\",\"description\":\"\u00d6ko retseptid ise tegemiseks, looduslikest koostisainetest. Maitsev toit, iluhooldus, kodupuhastus ja aiandus.\",\"potentialAction\":[{\"@type\":\"SearchAction\",\"target\":{\"@type\":\"EntryPoint\",\"urlTemplate\":\"https:\/\/bio4you.eu\/retseptid\/?s={search_term_string}\"},\"query-input\":\"required name=search_term_string\"}],\"inLanguage\":\"et\"}]}<\/script>\n<!-- \/ Yoast SEO plugin. -->","yoast_head_json":{"title":"K\u00f6\u00f6giviljapallid kaera-koorekastme ja kartulipudruga - bio4you.eu\/retseptid","description":"Tuttavad lapsep\u00f5lvemaitsed taimses v\u00f5tmes. Eriliseks teeb antud roa kartulite, k\u00f6\u00f6giviljapallide ja kastme peale pandav j\u00f5hvikakaste.","robots":{"index":"index","follow":"follow","max-snippet":"max-snippet:-1","max-image-preview":"max-image-preview:large","max-video-preview":"max-video-preview:-1"},"canonical":"https:\/\/bio4you.eu\/retseptid\/toode\/koogiviljapallid-kaera-koorekastme-ja-kartulipudruga\/","og_locale":"et_EE","og_type":"article","og_title":"K\u00f6\u00f6giviljapallid kaera-koorekastme ja kartulipudruga - bio4you.eu\/retseptid","og_description":"Tuttavad lapsep\u00f5lvemaitsed taimses v\u00f5tmes. Eriliseks teeb antud roa kartulite, k\u00f6\u00f6giviljapallide ja kastme peale pandav j\u00f5hvikakaste.","og_url":"https:\/\/bio4you.eu\/retseptid\/toode\/koogiviljapallid-kaera-koorekastme-ja-kartulipudruga\/","og_site_name":"bio4you.eu\/retseptid","article_modified_time":"2022-09-09T13:18:34+00:00","og_image":[{"width":800,"height":1200,"url":"https:\/\/bio4you.eu\/retseptid\/wp-content\/uploads\/2022\/09\/Bauck.jpg","type":"image\/jpeg"}],"twitter_misc":{"Est. reading time":"1 minut"},"schema":{"@context":"https:\/\/schema.org","@graph":[{"@type":"WebPage","@id":"https:\/\/bio4you.eu\/retseptid\/toode\/koogiviljapallid-kaera-koorekastme-ja-kartulipudruga\/","url":"https:\/\/bio4you.eu\/retseptid\/toode\/koogiviljapallid-kaera-koorekastme-ja-kartulipudruga\/","name":"K\u00f6\u00f6giviljapallid kaera-koorekastme ja kartulipudruga - bio4you.eu\/retseptid","isPartOf":{"@id":"https:\/\/bio4you.eu\/retseptid\/#website"},"primaryImageOfPage":{"@id":"https:\/\/bio4you.eu\/retseptid\/toode\/koogiviljapallid-kaera-koorekastme-ja-kartulipudruga\/#primaryimage"},"image":{"@id":"https:\/\/bio4you.eu\/retseptid\/toode\/koogiviljapallid-kaera-koorekastme-ja-kartulipudruga\/#primaryimage"},"thumbnailUrl":"https:\/\/bio4you.eu\/retseptid\/wp-content\/uploads\/2022\/09\/Bauck.jpg","datePublished":"2022-09-09T12:55:20+00:00","dateModified":"2022-09-09T13:18:34+00:00","description":"Tuttavad lapsep\u00f5lvemaitsed taimses v\u00f5tmes. Eriliseks teeb antud roa kartulite, k\u00f6\u00f6giviljapallide ja kastme peale pandav j\u00f5hvikakaste.","breadcrumb":{"@id":"https:\/\/bio4you.eu\/retseptid\/toode\/koogiviljapallid-kaera-koorekastme-ja-kartulipudruga\/#breadcrumb"},"inLanguage":"et","potentialAction":[{"@type":"ReadAction","target":["https:\/\/bio4you.eu\/retseptid\/toode\/koogiviljapallid-kaera-koorekastme-ja-kartulipudruga\/"]}]},{"@type":"ImageObject","inLanguage":"et","@id":"https:\/\/bio4you.eu\/retseptid\/toode\/koogiviljapallid-kaera-koorekastme-ja-kartulipudruga\/#primaryimage","url":"https:\/\/bio4you.eu\/retseptid\/wp-content\/uploads\/2022\/09\/Bauck.jpg","contentUrl":"https:\/\/bio4you.eu\/retseptid\/wp-content\/uploads\/2022\/09\/Bauck.jpg","width":800,"height":1200},{"@type":"BreadcrumbList","@id":"https:\/\/bio4you.eu\/retseptid\/toode\/koogiviljapallid-kaera-koorekastme-ja-kartulipudruga\/#breadcrumb","itemListElement":[{"@type":"ListItem","position":1,"name":"Home","item":"https:\/\/bio4you.eu\/retseptid\/"},{"@type":"ListItem","position":2,"name":"K\u00f6\u00f6giviljapallid kaera-koorekastme ja kartulipudruga"}]},{"@type":"WebSite","@id":"https:\/\/bio4you.eu\/retseptid\/#website","url":"https:\/\/bio4you.eu\/retseptid\/","name":"bio4you.eu\/retseptid","description":"\u00d6ko retseptid ise tegemiseks, looduslikest koostisainetest. Maitsev toit, iluhooldus, kodupuhastus ja aiandus.","potentialAction":[{"@type":"SearchAction","target":{"@type":"EntryPoint","urlTemplate":"https:\/\/bio4you.eu\/retseptid\/?s={search_term_string}"},"query-input":"required name=search_term_string"}],"inLanguage":"et"}]}},"_links":{"self":[{"href":"https:\/\/bio4you.eu\/retseptid\/wp-json\/wp\/v2\/product\/4035"}],"collection":[{"href":"https:\/\/bio4you.eu\/retseptid\/wp-json\/wp\/v2\/product"}],"about":[{"href":"https:\/\/bio4you.eu\/retseptid\/wp-json\/wp\/v2\/types\/product"}],"replies":[{"embeddable":true,"href":"https:\/\/bio4you.eu\/retseptid\/wp-json\/wp\/v2\/comments?post=4035"}],"wp:featuredmedia":[{"embeddable":true,"href":"https:\/\/bio4you.eu\/retseptid\/wp-json\/wp\/v2\/media\/4036"}],"wp:attachment":[{"href":"https:\/\/bio4you.eu\/retseptid\/wp-json\/wp\/v2\/media?parent=4035"}],"wp:term":[{"taxonomy":"product_cat","embeddable":true,"href":"https:\/\/bio4you.eu\/retseptid\/wp-json\/wp\/v2\/product_cat?post=4035"},{"taxonomy":"product_tag","embeddable":true,"href":"https:\/\/bio4you.eu\/retseptid\/wp-json\/wp\/v2\/product_tag?post=4035"}],"curies":[{"name":"wp","href":"https:\/\/api.w.org\/{rel}","templated":true}]}}