{"id":4043,"date":"2022-09-16T18:25:48","date_gmt":"2022-09-16T15:25:48","guid":{"rendered":"https:\/\/bio4you.eu\/retseptid\/?post_type=product&#038;p=4043"},"modified":"2022-09-16T18:27:30","modified_gmt":"2022-09-16T15:27:30","slug":"krobedad-ounatacod","status":"publish","type":"product","link":"https:\/\/bio4you.eu\/retseptid\/toode\/krobedad-ounatacod\/","title":{"rendered":"Kr\u00f5bedad \u00f5unatacod"},"content":{"rendered":"<p>Valmistamine:<\/p>\n<ul>\n<li>L\u00f5ika klaasi v\u00f5i kausiga igast tortillast v\u00e4lja 3-4 v\u00e4iksemat ringi. Sega kausis paar tl kookos\u00f5li ja agaavisiirupit omavahel ning m\u00e4\u00e4ri segu k\u00f5igile l\u00f5igatud ringidele \u00fchtlaselt peale. Pane ringid tagurpidi muffinivormide aukudesse, k\u00fcpseta 170-180\u00b0C juures kuni need muutuvad kuldpruuniks ja kr\u00f5bedaks.<\/li>\n<li>Koori \u00f5unad ja l\u00f5ika neist v\u00e4ikesed kuubikud, sega natukese sidrunimahlaga, et \u00f5unad pruunikaks muutuma ei hakkaks. Aja pann keskmisel kuumusel soojaks ning karamelliseeri kergelt agaavi- v\u00f5i vahtrasiirup suhkruga. Lisa \u00f5unad ja kaneel, sega umbes 30 sekundit ning n\u00f5ruta \u00f5unad panni kohal nii, et \u00fclej\u00e4\u00e4nud vedelik l\u00e4heks pannile tagasi. N\u00fc\u00fcd lisa pannile ka sojajook ja kuumuta, kuni kaste muutub pisut paksemaks. T\u00f5sta k\u00f5rvale.<\/li>\n<li>\u00a0Eemalda vaniljekaunalt seemned v\u00e4ikese noaga ja sega need sojakreemi, agaavisiirupi ja kookos\u00f5liga kokku. Pane s\u00fcgavk\u00fclma ja sega aeg-ajalt, kuni segu saavutab j\u00e4\u00e4tise konsistentsi.<\/li>\n<li>Pane kokku tacod: t\u00e4ida k\u00fcpsetatud tortillad \u00f5untega ja lisa peale pisut pannil valmistatud kaste ja j\u00e4\u00e4tis. Naudi m\u00f5nusal s\u00fcgis\u00f5htul!<\/li>\n<\/ul>\n","protected":false},"excerpt":{"rendered":"<p>Vaja l\u00e4heb:<\/p>\n<p>Tacode jaoks (kuuele):<\/p>\n<ul>\n<li>3 suurt tortillat (nisu v\u00f5i maisi)<\/li>\n<li><a href=\"https:\/\/bio4you.eu\/et\/outlet\/657-gluteenivaba-puuviljamuesli-325g.html?utm_source=bioblogi&amp;utm_medium=blogi&amp;utm_campaign=ounatacod\" target=\"_blank\" rel=\"noopener\">200 g kuivatatud marjade ja puuviljadega m\u00fcslit<\/a><\/li>\n<li>pisut <a href=\"https:\/\/bio4you.eu\/et\/maitseained-ja-magustajad\/4990-agaavisiirup-light-690g.html?utm_source=bioblogi&amp;utm_medium=blogi&amp;utm_campaign=ounatacod\" target=\"_blank\" rel=\"noopener\">agaavisiirupit<\/a><\/li>\n<li>pisut <a href=\"https:\/\/bio4you.eu\/et\/olid-kastmed-kreemid\/3867-extra-virgin-kookosoli-500ml.html?utm_source=bioblogi&amp;utm_medium=blogi&amp;utm_campaign=ounatacod\" target=\"_blank\" rel=\"noopener\">kookos\u00f5li<\/a><\/li>\n<\/ul>\n<p>Kiire vanillij\u00e4\u00e4tise jaoks:<\/p>\n<ul>\n<li>1 pakk <a href=\"https:\/\/bio4you.eu\/et\/olid-kastmed-kreemid\/4931-gluteenivaba-sojakreem-toiduvalmistamiseks-200ml.html?utm_source=bioblogi&amp;utm_medium=blogi&amp;utm_campaign=ounatacod\" target=\"_blank\" rel=\"noopener\">The Bridge Bio sojakreemi\u00a0<\/a><\/li>\n<li>1 vaniljekaun<\/li>\n<li><a href=\"https:\/\/bio4you.eu\/et\/maitseained-ja-magustajad\/4990-agaavisiirup-light-690g.html?utm_source=bioblogi&amp;utm_medium=blogi&amp;utm_campaign=ounatacod\" target=\"_blank\" rel=\"noopener\">agaavisiirupit<\/a><\/li>\n<li>30 g <a href=\"https:\/\/bio4you.eu\/et\/olid-kastmed-kreemid\/3867-extra-virgin-kookosoli-500ml.html?utm_source=bioblogi&amp;utm_medium=blogi&amp;utm_campaign=ounatacod\" target=\"_blank\" rel=\"noopener\">kookos\u00f5li<\/a><\/li>\n<\/ul>\n<p>\u00d5unte jaoks:<\/p>\n<ul>\n<li>4 kuldset \u00f5una<\/li>\n<li>40 g agaavi- v\u00f5i <a href=\"https:\/\/bio4you.eu\/et\/maitseained-ja-magustajad\/2072-vahtrasiirup-250ml.html?utm_source=bioblogi&amp;utm_medium=blogi&amp;utm_campaign=ounatacod\" target=\"_blank\" rel=\"noopener\">vahtrasiirupit<\/a><\/li>\n<li>30 g <a href=\"https:\/\/bio4you.eu\/et\/maitseained-ja-magustajad\/4383-kookospalmisuhkur-250g.html?utm_source=bioblogi&amp;utm_medium=blogi&amp;utm_campaign=ounatacod\" target=\"_blank\" rel=\"noopener\">kookossuhkrut<\/a><\/li>\n<li>1 tl <a href=\"https:\/\/bio4you.eu\/et\/maitseained-ja-magustajad\/995-tseiloni-kaneel-10g.html?utm_source=bioblogi&amp;utm_medium=blogi&amp;utm_campaign=ounatacod\" target=\"_blank\" rel=\"noopener\">jahvatatud kaneeli<\/a><\/li>\n<li><a href=\"https:\/\/bio4you.eu\/et\/kuelmad-joogid\/1219-sidrunimahl-250ml.html?utm_source=bioblogi&amp;utm_medium=blogi&amp;utm_campaign=ounatacod\" target=\"_blank\" rel=\"noopener\">sidrunimahla<\/a><\/li>\n<li>2-3 tl <a href=\"https:\/\/bio4you.eu\/et\/outlet\/2415-sojajook-1l.html?utm_source=bioblogi&amp;utm_medium=blogi&amp;utm_campaign=ounatacod\" target=\"_blank\" rel=\"noopener\">The Bridge Bio naturaalset sojajooki<\/a><\/li>\n<\/ul>\n<p>Eriti s\u00fcgisese magustoidu saamiseks v\u00f5id \u00f5untesegule lisada ka tervislikku kurkumit!<\/p>\n","protected":false},"featured_media":4044,"comment_status":"open","ping_status":"closed","template":"","meta":{"_exactmetrics_skip_tracking":false,"_exactmetrics_sitenote_active":false,"_exactmetrics_sitenote_note":"","_exactmetrics_sitenote_category":0},"product_cat":[59,60,382,383,280,365,68],"product_tag":[],"class_list":{"0":"post-4043","1":"product","2":"type-product","3":"status-publish","4":"has-post-thumbnail","6":"product_cat-featured","7":"product_cat-toiduretseptid","8":"product_cat-vegan-toiduretseptid","9":"product_cat-taimetoit","10":"product_cat-koogid-ja-kupsised","11":"product_cat-laste-lemmikud","12":"product_cat-suupisted","14":"first","15":"instock","16":"shipping-taxable","17":"product-type-simple"},"yoast_head":"<!-- This site is optimized with the Yoast SEO plugin v23.3 - https:\/\/yoast.com\/wordpress\/plugins\/seo\/ -->\n<title>Kr\u00f5bedad \u00f5unatacod - bio4you.eu\/retseptid<\/title>\n<meta name=\"description\" content=\"Valmista midagi t\u00e4iesti teistsugust! \u00d5unatacod on erilised ja s\u00fcgiseste oma aia \u00f5untega valmistades absoluutselt imelised!\" \/>\n<meta name=\"robots\" content=\"index, follow, max-snippet:-1, max-image-preview:large, max-video-preview:-1\" \/>\n<link rel=\"canonical\" href=\"https:\/\/bio4you.eu\/retseptid\/toode\/krobedad-ounatacod\/\" \/>\n<meta property=\"og:locale\" content=\"et_EE\" \/>\n<meta property=\"og:type\" content=\"article\" \/>\n<meta property=\"og:title\" content=\"Kr\u00f5bedad \u00f5unatacod - bio4you.eu\/retseptid\" \/>\n<meta property=\"og:description\" content=\"Valmista midagi t\u00e4iesti teistsugust! \u00d5unatacod on erilised ja s\u00fcgiseste oma aia \u00f5untega valmistades absoluutselt imelised!\" \/>\n<meta property=\"og:url\" content=\"https:\/\/bio4you.eu\/retseptid\/toode\/krobedad-ounatacod\/\" \/>\n<meta property=\"og:site_name\" content=\"bio4you.eu\/retseptid\" \/>\n<meta property=\"article:modified_time\" content=\"2022-09-16T15:27:30+00:00\" \/>\n<meta property=\"og:image\" content=\"https:\/\/bio4you.eu\/retseptid\/wp-content\/uploads\/2022\/09\/273573756_4807652289310817_1266869665585122040_n.jpg\" \/>\n\t<meta property=\"og:image:width\" content=\"2048\" \/>\n\t<meta property=\"og:image:height\" content=\"2048\" \/>\n\t<meta property=\"og:image:type\" content=\"image\/jpeg\" \/>\n<meta name=\"twitter:label1\" content=\"Est. reading time\" \/>\n\t<meta name=\"twitter:data1\" content=\"1 minut\" \/>\n<script type=\"application\/ld+json\" class=\"yoast-schema-graph\">{\"@context\":\"https:\/\/schema.org\",\"@graph\":[{\"@type\":\"WebPage\",\"@id\":\"https:\/\/bio4you.eu\/retseptid\/toode\/krobedad-ounatacod\/\",\"url\":\"https:\/\/bio4you.eu\/retseptid\/toode\/krobedad-ounatacod\/\",\"name\":\"Kr\u00f5bedad \u00f5unatacod - bio4you.eu\/retseptid\",\"isPartOf\":{\"@id\":\"https:\/\/bio4you.eu\/retseptid\/#website\"},\"primaryImageOfPage\":{\"@id\":\"https:\/\/bio4you.eu\/retseptid\/toode\/krobedad-ounatacod\/#primaryimage\"},\"image\":{\"@id\":\"https:\/\/bio4you.eu\/retseptid\/toode\/krobedad-ounatacod\/#primaryimage\"},\"thumbnailUrl\":\"https:\/\/bio4you.eu\/retseptid\/wp-content\/uploads\/2022\/09\/273573756_4807652289310817_1266869665585122040_n.jpg\",\"datePublished\":\"2022-09-16T15:25:48+00:00\",\"dateModified\":\"2022-09-16T15:27:30+00:00\",\"description\":\"Valmista midagi t\u00e4iesti teistsugust! \u00d5unatacod on erilised ja s\u00fcgiseste oma aia \u00f5untega valmistades absoluutselt imelised!\",\"breadcrumb\":{\"@id\":\"https:\/\/bio4you.eu\/retseptid\/toode\/krobedad-ounatacod\/#breadcrumb\"},\"inLanguage\":\"et\",\"potentialAction\":[{\"@type\":\"ReadAction\",\"target\":[\"https:\/\/bio4you.eu\/retseptid\/toode\/krobedad-ounatacod\/\"]}]},{\"@type\":\"ImageObject\",\"inLanguage\":\"et\",\"@id\":\"https:\/\/bio4you.eu\/retseptid\/toode\/krobedad-ounatacod\/#primaryimage\",\"url\":\"https:\/\/bio4you.eu\/retseptid\/wp-content\/uploads\/2022\/09\/273573756_4807652289310817_1266869665585122040_n.jpg\",\"contentUrl\":\"https:\/\/bio4you.eu\/retseptid\/wp-content\/uploads\/2022\/09\/273573756_4807652289310817_1266869665585122040_n.jpg\",\"width\":2048,\"height\":2048},{\"@type\":\"BreadcrumbList\",\"@id\":\"https:\/\/bio4you.eu\/retseptid\/toode\/krobedad-ounatacod\/#breadcrumb\",\"itemListElement\":[{\"@type\":\"ListItem\",\"position\":1,\"name\":\"Home\",\"item\":\"https:\/\/bio4you.eu\/retseptid\/\"},{\"@type\":\"ListItem\",\"position\":2,\"name\":\"Kr\u00f5bedad \u00f5unatacod\"}]},{\"@type\":\"WebSite\",\"@id\":\"https:\/\/bio4you.eu\/retseptid\/#website\",\"url\":\"https:\/\/bio4you.eu\/retseptid\/\",\"name\":\"bio4you.eu\/retseptid\",\"description\":\"\u00d6ko retseptid ise tegemiseks, looduslikest koostisainetest. Maitsev toit, iluhooldus, kodupuhastus ja aiandus.\",\"potentialAction\":[{\"@type\":\"SearchAction\",\"target\":{\"@type\":\"EntryPoint\",\"urlTemplate\":\"https:\/\/bio4you.eu\/retseptid\/?s={search_term_string}\"},\"query-input\":\"required name=search_term_string\"}],\"inLanguage\":\"et\"}]}<\/script>\n<!-- \/ Yoast SEO plugin. -->","yoast_head_json":{"title":"Kr\u00f5bedad \u00f5unatacod - bio4you.eu\/retseptid","description":"Valmista midagi t\u00e4iesti teistsugust! \u00d5unatacod on erilised ja s\u00fcgiseste oma aia \u00f5untega valmistades absoluutselt imelised!","robots":{"index":"index","follow":"follow","max-snippet":"max-snippet:-1","max-image-preview":"max-image-preview:large","max-video-preview":"max-video-preview:-1"},"canonical":"https:\/\/bio4you.eu\/retseptid\/toode\/krobedad-ounatacod\/","og_locale":"et_EE","og_type":"article","og_title":"Kr\u00f5bedad \u00f5unatacod - bio4you.eu\/retseptid","og_description":"Valmista midagi t\u00e4iesti teistsugust! \u00d5unatacod on erilised ja s\u00fcgiseste oma aia \u00f5untega valmistades absoluutselt imelised!","og_url":"https:\/\/bio4you.eu\/retseptid\/toode\/krobedad-ounatacod\/","og_site_name":"bio4you.eu\/retseptid","article_modified_time":"2022-09-16T15:27:30+00:00","og_image":[{"width":2048,"height":2048,"url":"https:\/\/bio4you.eu\/retseptid\/wp-content\/uploads\/2022\/09\/273573756_4807652289310817_1266869665585122040_n.jpg","type":"image\/jpeg"}],"twitter_misc":{"Est. reading time":"1 minut"},"schema":{"@context":"https:\/\/schema.org","@graph":[{"@type":"WebPage","@id":"https:\/\/bio4you.eu\/retseptid\/toode\/krobedad-ounatacod\/","url":"https:\/\/bio4you.eu\/retseptid\/toode\/krobedad-ounatacod\/","name":"Kr\u00f5bedad \u00f5unatacod - bio4you.eu\/retseptid","isPartOf":{"@id":"https:\/\/bio4you.eu\/retseptid\/#website"},"primaryImageOfPage":{"@id":"https:\/\/bio4you.eu\/retseptid\/toode\/krobedad-ounatacod\/#primaryimage"},"image":{"@id":"https:\/\/bio4you.eu\/retseptid\/toode\/krobedad-ounatacod\/#primaryimage"},"thumbnailUrl":"https:\/\/bio4you.eu\/retseptid\/wp-content\/uploads\/2022\/09\/273573756_4807652289310817_1266869665585122040_n.jpg","datePublished":"2022-09-16T15:25:48+00:00","dateModified":"2022-09-16T15:27:30+00:00","description":"Valmista midagi t\u00e4iesti teistsugust! \u00d5unatacod on erilised ja s\u00fcgiseste oma aia \u00f5untega valmistades absoluutselt imelised!","breadcrumb":{"@id":"https:\/\/bio4you.eu\/retseptid\/toode\/krobedad-ounatacod\/#breadcrumb"},"inLanguage":"et","potentialAction":[{"@type":"ReadAction","target":["https:\/\/bio4you.eu\/retseptid\/toode\/krobedad-ounatacod\/"]}]},{"@type":"ImageObject","inLanguage":"et","@id":"https:\/\/bio4you.eu\/retseptid\/toode\/krobedad-ounatacod\/#primaryimage","url":"https:\/\/bio4you.eu\/retseptid\/wp-content\/uploads\/2022\/09\/273573756_4807652289310817_1266869665585122040_n.jpg","contentUrl":"https:\/\/bio4you.eu\/retseptid\/wp-content\/uploads\/2022\/09\/273573756_4807652289310817_1266869665585122040_n.jpg","width":2048,"height":2048},{"@type":"BreadcrumbList","@id":"https:\/\/bio4you.eu\/retseptid\/toode\/krobedad-ounatacod\/#breadcrumb","itemListElement":[{"@type":"ListItem","position":1,"name":"Home","item":"https:\/\/bio4you.eu\/retseptid\/"},{"@type":"ListItem","position":2,"name":"Kr\u00f5bedad \u00f5unatacod"}]},{"@type":"WebSite","@id":"https:\/\/bio4you.eu\/retseptid\/#website","url":"https:\/\/bio4you.eu\/retseptid\/","name":"bio4you.eu\/retseptid","description":"\u00d6ko retseptid ise tegemiseks, looduslikest koostisainetest. Maitsev toit, iluhooldus, kodupuhastus ja aiandus.","potentialAction":[{"@type":"SearchAction","target":{"@type":"EntryPoint","urlTemplate":"https:\/\/bio4you.eu\/retseptid\/?s={search_term_string}"},"query-input":"required name=search_term_string"}],"inLanguage":"et"}]}},"_links":{"self":[{"href":"https:\/\/bio4you.eu\/retseptid\/wp-json\/wp\/v2\/product\/4043"}],"collection":[{"href":"https:\/\/bio4you.eu\/retseptid\/wp-json\/wp\/v2\/product"}],"about":[{"href":"https:\/\/bio4you.eu\/retseptid\/wp-json\/wp\/v2\/types\/product"}],"replies":[{"embeddable":true,"href":"https:\/\/bio4you.eu\/retseptid\/wp-json\/wp\/v2\/comments?post=4043"}],"wp:featuredmedia":[{"embeddable":true,"href":"https:\/\/bio4you.eu\/retseptid\/wp-json\/wp\/v2\/media\/4044"}],"wp:attachment":[{"href":"https:\/\/bio4you.eu\/retseptid\/wp-json\/wp\/v2\/media?parent=4043"}],"wp:term":[{"taxonomy":"product_cat","embeddable":true,"href":"https:\/\/bio4you.eu\/retseptid\/wp-json\/wp\/v2\/product_cat?post=4043"},{"taxonomy":"product_tag","embeddable":true,"href":"https:\/\/bio4you.eu\/retseptid\/wp-json\/wp\/v2\/product_tag?post=4043"}],"curies":[{"name":"wp","href":"https:\/\/api.w.org\/{rel}","templated":true}]}}