{"id":4060,"date":"2022-09-23T16:28:05","date_gmt":"2022-09-23T13:28:05","guid":{"rendered":"https:\/\/bio4you.eu\/retseptid\/?post_type=product&#038;p=4060"},"modified":"2022-09-23T16:41:03","modified_gmt":"2022-09-23T13:41:03","slug":"banh-mi-mangoslaw-salatiga","status":"publish","type":"product","link":"https:\/\/bio4you.eu\/retseptid\/toode\/banh-mi-mangoslaw-salatiga\/","title":{"rendered":"Banh Mi mangoslaw salatiga"},"content":{"rendered":"<p>Valmistamine:<\/p>\n<ul>\n<li>Valmista kotletisegu vastavalt pakil olevatele juhistele ja lase 5 minutit seista. Koori mango ja t\u00fckelda koorija v\u00f5i mandoliiniga peenikesteks ribadeks. Pese j\u00e4\u00e4salat, sibul, koriander ja t\u0161illipipar.<\/li>\n<li>T\u00fckelda roheline sibul ja pane k\u00f5rvale. Haki koriander ja t\u0161illipipar. L\u00f5ika laim pooleks ja pressi poole laimi mahl mangoviiludele peale. Lisa hakitud koriander ja t\u0161illipipar mango-laimisegule ja sega kokku.<\/li>\n<li>Jaga kotletisegu kaheksaks erinevaks osaks ning vooli pisut piklikud kotletid. Prae pannil kuumas \u00f5lis umbes 4 minutit igalt k\u00fcljelt.<\/li>\n<li>Kui kotletid on pannil, kuivata ja t\u00fckelda j\u00e4\u00e4salat. Pane panini grill sooja, l\u00f5ika <em>baguette<\/em>&#8217;id pikkupidi pooleks. Pane sai umbes kaheks minutiks grilli vahele soojenema. Nii grilli k\u00f5ik saiad.<\/li>\n<li>Kui saiad on valmis, m\u00e4\u00e4ri neile peale kreemjuust ja aseta ka j\u00e4\u00e4salat, mango salat ja kotletid. K\u00f5ige peale pane rohelist sibulat ja t\u0161illikastet.<\/li>\n<\/ul>\n","protected":false},"excerpt":{"rendered":"<p>Vaja l\u00e4heb:<\/p>\n<ul>\n<li>1 pakk <a href=\"https:\/\/bio4you.eu\/et\/kuivained\/5520-taimne-kotleti-segu-170g.html?utm_source=bioretsept&amp;utm_medium=retsept&amp;utm_campaign=bahnmi\" target=\"_blank\" rel=\"noopener\">Bauckhof Veggie Mix taimsete kotlettide segu<\/a><\/li>\n<li>1 k\u00fcps v\u00e4rske mango<\/li>\n<li>8 j\u00e4\u00e4salati lehte<\/li>\n<li>peot\u00e4is rohelist sibulat<\/li>\n<li>8 koriandrioksa<\/li>\n<li>1 v\u00e4rske t\u0161illipipar<\/li>\n<li>1 laim<\/li>\n<li>2 spl \u00f5li<\/li>\n<li>4 v\u00e4ikest <em>baguette<\/em>&#8217;i<\/li>\n<li>4 spl kreemjuustu (soovi korral kasuta vegan kreemjuustu)<\/li>\n<li>2 tl teravat t\u0161illikastet<\/li>\n<\/ul>\n<p>&nbsp;<\/p>\n","protected":false},"featured_media":4061,"comment_status":"open","ping_status":"closed","template":"","meta":{"_exactmetrics_skip_tracking":false,"_exactmetrics_sitenote_active":false,"_exactmetrics_sitenote_note":"","_exactmetrics_sitenote_category":0},"product_cat":[59,60,382,383,68],"product_tag":[],"class_list":{"0":"post-4060","1":"product","2":"type-product","3":"status-publish","4":"has-post-thumbnail","6":"product_cat-featured","7":"product_cat-toiduretseptid","8":"product_cat-vegan-toiduretseptid","9":"product_cat-taimetoit","10":"product_cat-suupisted","12":"first","13":"instock","14":"shipping-taxable","15":"product-type-simple"},"yoast_head":"<!-- This site is optimized with the Yoast SEO plugin v23.3 - https:\/\/yoast.com\/wordpress\/plugins\/seo\/ -->\n<title>Banh Mi mangoslaw salatiga - bio4you.eu\/retseptid<\/title>\n<meta name=\"description\" content=\"Kiiresti valmiv ja taimne vietnamip\u00e4rane v\u00f5ileib, mida on mugav kaasa teha ka j\u00e4rgmiseks p\u00e4evaks t\u00f6\u00f6le v\u00f5i kooli. M\u00f5nusa mangoslaw salatiga.\" \/>\n<meta name=\"robots\" content=\"index, follow, max-snippet:-1, max-image-preview:large, max-video-preview:-1\" \/>\n<link rel=\"canonical\" href=\"https:\/\/bio4you.eu\/retseptid\/toode\/banh-mi-mangoslaw-salatiga\/\" \/>\n<meta property=\"og:locale\" content=\"et_EE\" \/>\n<meta property=\"og:type\" content=\"article\" \/>\n<meta property=\"og:title\" content=\"Banh Mi mangoslaw salatiga - bio4you.eu\/retseptid\" \/>\n<meta property=\"og:description\" content=\"Kiiresti valmiv ja taimne vietnamip\u00e4rane v\u00f5ileib, mida on mugav kaasa teha ka j\u00e4rgmiseks p\u00e4evaks t\u00f6\u00f6le v\u00f5i kooli. M\u00f5nusa mangoslaw salatiga.\" \/>\n<meta property=\"og:url\" content=\"https:\/\/bio4you.eu\/retseptid\/toode\/banh-mi-mangoslaw-salatiga\/\" \/>\n<meta property=\"og:site_name\" content=\"bio4you.eu\/retseptid\" \/>\n<meta property=\"article:modified_time\" content=\"2022-09-23T13:41:03+00:00\" \/>\n<meta property=\"og:image\" content=\"https:\/\/bio4you.eu\/retseptid\/wp-content\/uploads\/2022\/09\/ezgif.com-gif-maker-6.jpg\" \/>\n\t<meta property=\"og:image:width\" content=\"675\" \/>\n\t<meta property=\"og:image:height\" content=\"600\" \/>\n\t<meta property=\"og:image:type\" content=\"image\/jpeg\" \/>\n<meta name=\"twitter:label1\" content=\"Est. reading time\" \/>\n\t<meta name=\"twitter:data1\" content=\"1 minut\" \/>\n<script type=\"application\/ld+json\" class=\"yoast-schema-graph\">{\"@context\":\"https:\/\/schema.org\",\"@graph\":[{\"@type\":\"WebPage\",\"@id\":\"https:\/\/bio4you.eu\/retseptid\/toode\/banh-mi-mangoslaw-salatiga\/\",\"url\":\"https:\/\/bio4you.eu\/retseptid\/toode\/banh-mi-mangoslaw-salatiga\/\",\"name\":\"Banh Mi mangoslaw salatiga - bio4you.eu\/retseptid\",\"isPartOf\":{\"@id\":\"https:\/\/bio4you.eu\/retseptid\/#website\"},\"primaryImageOfPage\":{\"@id\":\"https:\/\/bio4you.eu\/retseptid\/toode\/banh-mi-mangoslaw-salatiga\/#primaryimage\"},\"image\":{\"@id\":\"https:\/\/bio4you.eu\/retseptid\/toode\/banh-mi-mangoslaw-salatiga\/#primaryimage\"},\"thumbnailUrl\":\"https:\/\/bio4you.eu\/retseptid\/wp-content\/uploads\/2022\/09\/ezgif.com-gif-maker-6.jpg\",\"datePublished\":\"2022-09-23T13:28:05+00:00\",\"dateModified\":\"2022-09-23T13:41:03+00:00\",\"description\":\"Kiiresti valmiv ja taimne vietnamip\u00e4rane v\u00f5ileib, mida on mugav kaasa teha ka j\u00e4rgmiseks p\u00e4evaks t\u00f6\u00f6le v\u00f5i kooli. M\u00f5nusa mangoslaw salatiga.\",\"breadcrumb\":{\"@id\":\"https:\/\/bio4you.eu\/retseptid\/toode\/banh-mi-mangoslaw-salatiga\/#breadcrumb\"},\"inLanguage\":\"et\",\"potentialAction\":[{\"@type\":\"ReadAction\",\"target\":[\"https:\/\/bio4you.eu\/retseptid\/toode\/banh-mi-mangoslaw-salatiga\/\"]}]},{\"@type\":\"ImageObject\",\"inLanguage\":\"et\",\"@id\":\"https:\/\/bio4you.eu\/retseptid\/toode\/banh-mi-mangoslaw-salatiga\/#primaryimage\",\"url\":\"https:\/\/bio4you.eu\/retseptid\/wp-content\/uploads\/2022\/09\/ezgif.com-gif-maker-6.jpg\",\"contentUrl\":\"https:\/\/bio4you.eu\/retseptid\/wp-content\/uploads\/2022\/09\/ezgif.com-gif-maker-6.jpg\",\"width\":675,\"height\":600},{\"@type\":\"BreadcrumbList\",\"@id\":\"https:\/\/bio4you.eu\/retseptid\/toode\/banh-mi-mangoslaw-salatiga\/#breadcrumb\",\"itemListElement\":[{\"@type\":\"ListItem\",\"position\":1,\"name\":\"Home\",\"item\":\"https:\/\/bio4you.eu\/retseptid\/\"},{\"@type\":\"ListItem\",\"position\":2,\"name\":\"Banh Mi mangoslaw salatiga\"}]},{\"@type\":\"WebSite\",\"@id\":\"https:\/\/bio4you.eu\/retseptid\/#website\",\"url\":\"https:\/\/bio4you.eu\/retseptid\/\",\"name\":\"bio4you.eu\/retseptid\",\"description\":\"\u00d6ko retseptid ise tegemiseks, looduslikest koostisainetest. Maitsev toit, iluhooldus, kodupuhastus ja aiandus.\",\"potentialAction\":[{\"@type\":\"SearchAction\",\"target\":{\"@type\":\"EntryPoint\",\"urlTemplate\":\"https:\/\/bio4you.eu\/retseptid\/?s={search_term_string}\"},\"query-input\":\"required name=search_term_string\"}],\"inLanguage\":\"et\"}]}<\/script>\n<!-- \/ Yoast SEO plugin. -->","yoast_head_json":{"title":"Banh Mi mangoslaw salatiga - bio4you.eu\/retseptid","description":"Kiiresti valmiv ja taimne vietnamip\u00e4rane v\u00f5ileib, mida on mugav kaasa teha ka j\u00e4rgmiseks p\u00e4evaks t\u00f6\u00f6le v\u00f5i kooli. M\u00f5nusa mangoslaw salatiga.","robots":{"index":"index","follow":"follow","max-snippet":"max-snippet:-1","max-image-preview":"max-image-preview:large","max-video-preview":"max-video-preview:-1"},"canonical":"https:\/\/bio4you.eu\/retseptid\/toode\/banh-mi-mangoslaw-salatiga\/","og_locale":"et_EE","og_type":"article","og_title":"Banh Mi mangoslaw salatiga - bio4you.eu\/retseptid","og_description":"Kiiresti valmiv ja taimne vietnamip\u00e4rane v\u00f5ileib, mida on mugav kaasa teha ka j\u00e4rgmiseks p\u00e4evaks t\u00f6\u00f6le v\u00f5i kooli. M\u00f5nusa mangoslaw salatiga.","og_url":"https:\/\/bio4you.eu\/retseptid\/toode\/banh-mi-mangoslaw-salatiga\/","og_site_name":"bio4you.eu\/retseptid","article_modified_time":"2022-09-23T13:41:03+00:00","og_image":[{"width":675,"height":600,"url":"https:\/\/bio4you.eu\/retseptid\/wp-content\/uploads\/2022\/09\/ezgif.com-gif-maker-6.jpg","type":"image\/jpeg"}],"twitter_misc":{"Est. reading time":"1 minut"},"schema":{"@context":"https:\/\/schema.org","@graph":[{"@type":"WebPage","@id":"https:\/\/bio4you.eu\/retseptid\/toode\/banh-mi-mangoslaw-salatiga\/","url":"https:\/\/bio4you.eu\/retseptid\/toode\/banh-mi-mangoslaw-salatiga\/","name":"Banh Mi mangoslaw salatiga - bio4you.eu\/retseptid","isPartOf":{"@id":"https:\/\/bio4you.eu\/retseptid\/#website"},"primaryImageOfPage":{"@id":"https:\/\/bio4you.eu\/retseptid\/toode\/banh-mi-mangoslaw-salatiga\/#primaryimage"},"image":{"@id":"https:\/\/bio4you.eu\/retseptid\/toode\/banh-mi-mangoslaw-salatiga\/#primaryimage"},"thumbnailUrl":"https:\/\/bio4you.eu\/retseptid\/wp-content\/uploads\/2022\/09\/ezgif.com-gif-maker-6.jpg","datePublished":"2022-09-23T13:28:05+00:00","dateModified":"2022-09-23T13:41:03+00:00","description":"Kiiresti valmiv ja taimne vietnamip\u00e4rane v\u00f5ileib, mida on mugav kaasa teha ka j\u00e4rgmiseks p\u00e4evaks t\u00f6\u00f6le v\u00f5i kooli. M\u00f5nusa mangoslaw salatiga.","breadcrumb":{"@id":"https:\/\/bio4you.eu\/retseptid\/toode\/banh-mi-mangoslaw-salatiga\/#breadcrumb"},"inLanguage":"et","potentialAction":[{"@type":"ReadAction","target":["https:\/\/bio4you.eu\/retseptid\/toode\/banh-mi-mangoslaw-salatiga\/"]}]},{"@type":"ImageObject","inLanguage":"et","@id":"https:\/\/bio4you.eu\/retseptid\/toode\/banh-mi-mangoslaw-salatiga\/#primaryimage","url":"https:\/\/bio4you.eu\/retseptid\/wp-content\/uploads\/2022\/09\/ezgif.com-gif-maker-6.jpg","contentUrl":"https:\/\/bio4you.eu\/retseptid\/wp-content\/uploads\/2022\/09\/ezgif.com-gif-maker-6.jpg","width":675,"height":600},{"@type":"BreadcrumbList","@id":"https:\/\/bio4you.eu\/retseptid\/toode\/banh-mi-mangoslaw-salatiga\/#breadcrumb","itemListElement":[{"@type":"ListItem","position":1,"name":"Home","item":"https:\/\/bio4you.eu\/retseptid\/"},{"@type":"ListItem","position":2,"name":"Banh Mi mangoslaw salatiga"}]},{"@type":"WebSite","@id":"https:\/\/bio4you.eu\/retseptid\/#website","url":"https:\/\/bio4you.eu\/retseptid\/","name":"bio4you.eu\/retseptid","description":"\u00d6ko retseptid ise tegemiseks, looduslikest koostisainetest. Maitsev toit, iluhooldus, kodupuhastus ja aiandus.","potentialAction":[{"@type":"SearchAction","target":{"@type":"EntryPoint","urlTemplate":"https:\/\/bio4you.eu\/retseptid\/?s={search_term_string}"},"query-input":"required name=search_term_string"}],"inLanguage":"et"}]}},"_links":{"self":[{"href":"https:\/\/bio4you.eu\/retseptid\/wp-json\/wp\/v2\/product\/4060"}],"collection":[{"href":"https:\/\/bio4you.eu\/retseptid\/wp-json\/wp\/v2\/product"}],"about":[{"href":"https:\/\/bio4you.eu\/retseptid\/wp-json\/wp\/v2\/types\/product"}],"replies":[{"embeddable":true,"href":"https:\/\/bio4you.eu\/retseptid\/wp-json\/wp\/v2\/comments?post=4060"}],"wp:featuredmedia":[{"embeddable":true,"href":"https:\/\/bio4you.eu\/retseptid\/wp-json\/wp\/v2\/media\/4061"}],"wp:attachment":[{"href":"https:\/\/bio4you.eu\/retseptid\/wp-json\/wp\/v2\/media?parent=4060"}],"wp:term":[{"taxonomy":"product_cat","embeddable":true,"href":"https:\/\/bio4you.eu\/retseptid\/wp-json\/wp\/v2\/product_cat?post=4060"},{"taxonomy":"product_tag","embeddable":true,"href":"https:\/\/bio4you.eu\/retseptid\/wp-json\/wp\/v2\/product_tag?post=4060"}],"curies":[{"name":"wp","href":"https:\/\/api.w.org\/{rel}","templated":true}]}}