{"id":4067,"date":"2022-10-07T18:11:37","date_gmt":"2022-10-07T15:11:37","guid":{"rendered":"https:\/\/bio4you.eu\/retseptid\/?post_type=product&#038;p=4067"},"modified":"2022-10-07T18:13:31","modified_gmt":"2022-10-07T15:13:31","slug":"toorpallid-moringaga-halloweeni-eri","status":"publish","type":"product","link":"https:\/\/bio4you.eu\/retseptid\/toode\/toorpallid-moringaga-halloweeni-eri\/","title":{"rendered":"Toorpallid moringaga (Halloweeni eri)"},"content":{"rendered":"<p>Pallide valmistamine:<\/p>\n<ol>\n<li>Vajadusel leota ja kurna datlid.<\/li>\n<li>Pane India p\u00e4hklid ja kaerahelbed k\u00f6\u00f6gikombaini v\u00f5i v\u00f5imsasse blenderisse ja purusta.<\/li>\n<li>Lisa datlid, kookos\u00f5li, moringa, spinat ja valgupulber ning sega-purusta k\u00f5ik omavahel.<\/li>\n<li>Vooli 4-5 cm suurused pallid.<\/li>\n<li>Rulli palle kookoshelveste sees. Kui k\u00f5ik on tehtud, pane pallid k\u00fclmikusse tahenema.<\/li>\n<li>Kasuta karamelli, et pallidele silmad p\u00e4he kleepida.<\/li>\n<\/ol>\n<p>Karamelli valmistamine:<\/p>\n<ol>\n<li>Pane 30 ml vett potti ja kuumuta kuni n\u00e4ed v\u00e4ikesi mulle.<\/li>\n<li>Lisa 50 g suhkrut ja sega. Keera kuumus madalamaks ning lase segul pisut potis valmida.<\/li>\n<li>Kui segu n\u00e4eb v\u00e4lja kergelt kuldkollane, siis l\u00fclita kuumus t\u00e4iesti v\u00e4lja, aga j\u00e4ta pott pliidirauale. Oota m\u00f5ni minut, kuni segu jaheneb.<\/li>\n<li>Sega teelusikaga \u2013 see peaks olema n\u00fc\u00fcd kleepuv. Sega pisut veel ning kui tundub, et segu on liimi konsistentsiga, m\u00e4\u00e4ri seda pisut suhkrusilmadele ning kleebi pallidele.<\/li>\n<\/ol>\n<hr \/>\n<p>Nipid:<\/p>\n<ol>\n<li>V\u00f5id palle k\u00fclmutada. Tavalises k\u00fclmikus ja \u00f5hukindla n\u00f5u sees p\u00fcsivad need v\u00e4rsked umbes n\u00e4dala.<\/li>\n<li>Selles retseptis kasutasime purustatud k\u00fclmutatud spinatit, aga v\u00f5id ka kasutada v\u00e4rsket spinatit v\u00f5i muud rohelist kraami.<\/li>\n<\/ol>\n","protected":false},"excerpt":{"rendered":"<p>Vaja l\u00e4heb:<\/p>\n<ul>\n<li>200 g pehmeid datleid<\/li>\n<li>200 g <a href=\"https:\/\/bio4you.eu\/et\/supertoidud\/4579-india-paehklid-1kg.html?utm_source=bioretsept&amp;utm_medium=retsept&amp;utm_campaign=moringapallid\" target=\"_blank\" rel=\"noopener\">India p\u00e4hkleid<\/a><\/li>\n<li>50 g <a href=\"https:\/\/bio4you.eu\/et\/otsi?controller=search&amp;order=product.position.desc&amp;s=kaerahelbed&amp;utm_source=bioretsept&amp;utm_medium=retsept&amp;utm_campaign=moringapallid\" target=\"_blank\" rel=\"noopener\">(GV) kaerahelbeid<\/a><\/li>\n<li>15 g <a href=\"https:\/\/bio4you.eu\/et\/olid-kastmed-kreemid\/3867-extra-virgin-kookosoli-500ml.html?utm_source=bioretsept&amp;utm_medium=retsept&amp;utm_campaign=moringapallid\" target=\"_blank\" rel=\"noopener\">kookos\u00f5li<\/a><\/li>\n<li>15 g Nature&#8217;s Finest <a href=\"https:\/\/bio4you.eu\/et\/seedimine\/3594-moringa-pulber-250g.html?utm_source=bioretsept&amp;utm_medium=retsept&amp;utm_campaign=moringapallid\" target=\"_blank\" rel=\"noopener\">moringapulbrit<\/a><\/li>\n<li>50 g purustatud sulatatud spinatit<\/li>\n<li>15 g Nature&#8217;s Finest <a href=\"https:\/\/bio4you.eu\/et\/fueuesiline-heaolu\/2881-valgupulber-vanilliga-70-450g-nutrisslim.html?utm_source=bioretsept&amp;utm_medium=retsept&amp;utm_campaign=moringapallid\" target=\"_blank\" rel=\"noopener\">vanillimaitselist valgupulbrit<\/a><\/li>\n<\/ul>\n<p>Dekoratsiooniks:<\/p>\n<ul>\n<li>25 g <a href=\"https:\/\/bio4you.eu\/et\/kookostooted\/3097-kookoshelbed-200g-cosmoveda.html?utm_source=bioretsept&amp;utm_medium=retsept&amp;utm_campaign=moringapallid\" target=\"_blank\" rel=\"noopener\">kookoshelbeid<\/a><\/li>\n<li>50 g <a href=\"https:\/\/bio4you.eu\/et\/suhkur\/3630-ajurveeda-jaggery-suhkur-400g.html?utm_source=bioretsept&amp;utm_medium=retsept&amp;utm_campaign=moringapallid\" target=\"_blank\" rel=\"noopener\">suhkrut<\/a><\/li>\n<li>30 ml vett<\/li>\n<li>suhkrusilmi<\/li>\n<\/ul>\n","protected":false},"featured_media":4070,"comment_status":"open","ping_status":"closed","template":"","meta":{"_exactmetrics_skip_tracking":false,"_exactmetrics_sitenote_active":false,"_exactmetrics_sitenote_note":"","_exactmetrics_sitenote_category":0},"product_cat":[59,60,382,63,365],"product_tag":[],"class_list":{"0":"post-4067","1":"product","2":"type-product","3":"status-publish","4":"has-post-thumbnail","6":"product_cat-featured","7":"product_cat-toiduretseptid","8":"product_cat-vegan-toiduretseptid","9":"product_cat-gluteenivabad-retseptid","10":"product_cat-laste-lemmikud","12":"first","13":"instock","14":"shipping-taxable","15":"product-type-simple"},"yoast_head":"<!-- This site is optimized with the Yoast SEO plugin v23.3 - https:\/\/yoast.com\/wordpress\/plugins\/seo\/ -->\n<title>Toorpallid moringaga (Halloweeni eri) - bio4you.eu\/retseptid<\/title>\n<meta name=\"description\" content=\"Boo! Halloweeniselt \u00f5udsed ja rohelised pallid, mis sobivad eriti h\u00e4sti valmistamiseks koos lastega ning maitsevad kogu perele!\" \/>\n<meta name=\"robots\" content=\"index, follow, max-snippet:-1, max-image-preview:large, max-video-preview:-1\" \/>\n<link rel=\"canonical\" href=\"https:\/\/bio4you.eu\/retseptid\/toode\/toorpallid-moringaga-halloweeni-eri\/\" \/>\n<meta property=\"og:locale\" content=\"et_EE\" \/>\n<meta property=\"og:type\" content=\"article\" \/>\n<meta property=\"og:title\" content=\"Toorpallid moringaga (Halloweeni eri) - bio4you.eu\/retseptid\" \/>\n<meta property=\"og:description\" content=\"Boo! Halloweeniselt \u00f5udsed ja rohelised pallid, mis sobivad eriti h\u00e4sti valmistamiseks koos lastega ning maitsevad kogu perele!\" \/>\n<meta property=\"og:url\" content=\"https:\/\/bio4you.eu\/retseptid\/toode\/toorpallid-moringaga-halloweeni-eri\/\" \/>\n<meta property=\"og:site_name\" content=\"bio4you.eu\/retseptid\" \/>\n<meta property=\"article:modified_time\" content=\"2022-10-07T15:13:31+00:00\" \/>\n<meta property=\"og:image\" content=\"https:\/\/bio4you.eu\/retseptid\/wp-content\/uploads\/2022\/10\/ezgif.com-gif-maker-3-scaled.jpg\" \/>\n\t<meta property=\"og:image:width\" content=\"2560\" \/>\n\t<meta property=\"og:image:height\" content=\"2560\" \/>\n\t<meta property=\"og:image:type\" content=\"image\/jpeg\" \/>\n<meta name=\"twitter:label1\" content=\"Est. reading time\" \/>\n\t<meta name=\"twitter:data1\" content=\"1 minut\" \/>\n<script type=\"application\/ld+json\" class=\"yoast-schema-graph\">{\"@context\":\"https:\/\/schema.org\",\"@graph\":[{\"@type\":\"WebPage\",\"@id\":\"https:\/\/bio4you.eu\/retseptid\/toode\/toorpallid-moringaga-halloweeni-eri\/\",\"url\":\"https:\/\/bio4you.eu\/retseptid\/toode\/toorpallid-moringaga-halloweeni-eri\/\",\"name\":\"Toorpallid moringaga (Halloweeni eri) - bio4you.eu\/retseptid\",\"isPartOf\":{\"@id\":\"https:\/\/bio4you.eu\/retseptid\/#website\"},\"primaryImageOfPage\":{\"@id\":\"https:\/\/bio4you.eu\/retseptid\/toode\/toorpallid-moringaga-halloweeni-eri\/#primaryimage\"},\"image\":{\"@id\":\"https:\/\/bio4you.eu\/retseptid\/toode\/toorpallid-moringaga-halloweeni-eri\/#primaryimage\"},\"thumbnailUrl\":\"https:\/\/bio4you.eu\/retseptid\/wp-content\/uploads\/2022\/10\/ezgif.com-gif-maker-3-scaled.jpg\",\"datePublished\":\"2022-10-07T15:11:37+00:00\",\"dateModified\":\"2022-10-07T15:13:31+00:00\",\"description\":\"Boo! Halloweeniselt \u00f5udsed ja rohelised pallid, mis sobivad eriti h\u00e4sti valmistamiseks koos lastega ning maitsevad kogu perele!\",\"breadcrumb\":{\"@id\":\"https:\/\/bio4you.eu\/retseptid\/toode\/toorpallid-moringaga-halloweeni-eri\/#breadcrumb\"},\"inLanguage\":\"et\",\"potentialAction\":[{\"@type\":\"ReadAction\",\"target\":[\"https:\/\/bio4you.eu\/retseptid\/toode\/toorpallid-moringaga-halloweeni-eri\/\"]}]},{\"@type\":\"ImageObject\",\"inLanguage\":\"et\",\"@id\":\"https:\/\/bio4you.eu\/retseptid\/toode\/toorpallid-moringaga-halloweeni-eri\/#primaryimage\",\"url\":\"https:\/\/bio4you.eu\/retseptid\/wp-content\/uploads\/2022\/10\/ezgif.com-gif-maker-3-scaled.jpg\",\"contentUrl\":\"https:\/\/bio4you.eu\/retseptid\/wp-content\/uploads\/2022\/10\/ezgif.com-gif-maker-3-scaled.jpg\",\"width\":2560,\"height\":2560},{\"@type\":\"BreadcrumbList\",\"@id\":\"https:\/\/bio4you.eu\/retseptid\/toode\/toorpallid-moringaga-halloweeni-eri\/#breadcrumb\",\"itemListElement\":[{\"@type\":\"ListItem\",\"position\":1,\"name\":\"Home\",\"item\":\"https:\/\/bio4you.eu\/retseptid\/\"},{\"@type\":\"ListItem\",\"position\":2,\"name\":\"Toorpallid moringaga (Halloweeni eri)\"}]},{\"@type\":\"WebSite\",\"@id\":\"https:\/\/bio4you.eu\/retseptid\/#website\",\"url\":\"https:\/\/bio4you.eu\/retseptid\/\",\"name\":\"bio4you.eu\/retseptid\",\"description\":\"\u00d6ko retseptid ise tegemiseks, looduslikest koostisainetest. Maitsev toit, iluhooldus, kodupuhastus ja aiandus.\",\"potentialAction\":[{\"@type\":\"SearchAction\",\"target\":{\"@type\":\"EntryPoint\",\"urlTemplate\":\"https:\/\/bio4you.eu\/retseptid\/?s={search_term_string}\"},\"query-input\":\"required name=search_term_string\"}],\"inLanguage\":\"et\"}]}<\/script>\n<!-- \/ Yoast SEO plugin. -->","yoast_head_json":{"title":"Toorpallid moringaga (Halloweeni eri) - bio4you.eu\/retseptid","description":"Boo! Halloweeniselt \u00f5udsed ja rohelised pallid, mis sobivad eriti h\u00e4sti valmistamiseks koos lastega ning maitsevad kogu perele!","robots":{"index":"index","follow":"follow","max-snippet":"max-snippet:-1","max-image-preview":"max-image-preview:large","max-video-preview":"max-video-preview:-1"},"canonical":"https:\/\/bio4you.eu\/retseptid\/toode\/toorpallid-moringaga-halloweeni-eri\/","og_locale":"et_EE","og_type":"article","og_title":"Toorpallid moringaga (Halloweeni eri) - bio4you.eu\/retseptid","og_description":"Boo! Halloweeniselt \u00f5udsed ja rohelised pallid, mis sobivad eriti h\u00e4sti valmistamiseks koos lastega ning maitsevad kogu perele!","og_url":"https:\/\/bio4you.eu\/retseptid\/toode\/toorpallid-moringaga-halloweeni-eri\/","og_site_name":"bio4you.eu\/retseptid","article_modified_time":"2022-10-07T15:13:31+00:00","og_image":[{"width":2560,"height":2560,"url":"https:\/\/bio4you.eu\/retseptid\/wp-content\/uploads\/2022\/10\/ezgif.com-gif-maker-3-scaled.jpg","type":"image\/jpeg"}],"twitter_misc":{"Est. reading time":"1 minut"},"schema":{"@context":"https:\/\/schema.org","@graph":[{"@type":"WebPage","@id":"https:\/\/bio4you.eu\/retseptid\/toode\/toorpallid-moringaga-halloweeni-eri\/","url":"https:\/\/bio4you.eu\/retseptid\/toode\/toorpallid-moringaga-halloweeni-eri\/","name":"Toorpallid moringaga (Halloweeni eri) - bio4you.eu\/retseptid","isPartOf":{"@id":"https:\/\/bio4you.eu\/retseptid\/#website"},"primaryImageOfPage":{"@id":"https:\/\/bio4you.eu\/retseptid\/toode\/toorpallid-moringaga-halloweeni-eri\/#primaryimage"},"image":{"@id":"https:\/\/bio4you.eu\/retseptid\/toode\/toorpallid-moringaga-halloweeni-eri\/#primaryimage"},"thumbnailUrl":"https:\/\/bio4you.eu\/retseptid\/wp-content\/uploads\/2022\/10\/ezgif.com-gif-maker-3-scaled.jpg","datePublished":"2022-10-07T15:11:37+00:00","dateModified":"2022-10-07T15:13:31+00:00","description":"Boo! Halloweeniselt \u00f5udsed ja rohelised pallid, mis sobivad eriti h\u00e4sti valmistamiseks koos lastega ning maitsevad kogu perele!","breadcrumb":{"@id":"https:\/\/bio4you.eu\/retseptid\/toode\/toorpallid-moringaga-halloweeni-eri\/#breadcrumb"},"inLanguage":"et","potentialAction":[{"@type":"ReadAction","target":["https:\/\/bio4you.eu\/retseptid\/toode\/toorpallid-moringaga-halloweeni-eri\/"]}]},{"@type":"ImageObject","inLanguage":"et","@id":"https:\/\/bio4you.eu\/retseptid\/toode\/toorpallid-moringaga-halloweeni-eri\/#primaryimage","url":"https:\/\/bio4you.eu\/retseptid\/wp-content\/uploads\/2022\/10\/ezgif.com-gif-maker-3-scaled.jpg","contentUrl":"https:\/\/bio4you.eu\/retseptid\/wp-content\/uploads\/2022\/10\/ezgif.com-gif-maker-3-scaled.jpg","width":2560,"height":2560},{"@type":"BreadcrumbList","@id":"https:\/\/bio4you.eu\/retseptid\/toode\/toorpallid-moringaga-halloweeni-eri\/#breadcrumb","itemListElement":[{"@type":"ListItem","position":1,"name":"Home","item":"https:\/\/bio4you.eu\/retseptid\/"},{"@type":"ListItem","position":2,"name":"Toorpallid moringaga (Halloweeni eri)"}]},{"@type":"WebSite","@id":"https:\/\/bio4you.eu\/retseptid\/#website","url":"https:\/\/bio4you.eu\/retseptid\/","name":"bio4you.eu\/retseptid","description":"\u00d6ko retseptid ise tegemiseks, looduslikest koostisainetest. Maitsev toit, iluhooldus, kodupuhastus ja aiandus.","potentialAction":[{"@type":"SearchAction","target":{"@type":"EntryPoint","urlTemplate":"https:\/\/bio4you.eu\/retseptid\/?s={search_term_string}"},"query-input":"required name=search_term_string"}],"inLanguage":"et"}]}},"_links":{"self":[{"href":"https:\/\/bio4you.eu\/retseptid\/wp-json\/wp\/v2\/product\/4067"}],"collection":[{"href":"https:\/\/bio4you.eu\/retseptid\/wp-json\/wp\/v2\/product"}],"about":[{"href":"https:\/\/bio4you.eu\/retseptid\/wp-json\/wp\/v2\/types\/product"}],"replies":[{"embeddable":true,"href":"https:\/\/bio4you.eu\/retseptid\/wp-json\/wp\/v2\/comments?post=4067"}],"wp:featuredmedia":[{"embeddable":true,"href":"https:\/\/bio4you.eu\/retseptid\/wp-json\/wp\/v2\/media\/4070"}],"wp:attachment":[{"href":"https:\/\/bio4you.eu\/retseptid\/wp-json\/wp\/v2\/media?parent=4067"}],"wp:term":[{"taxonomy":"product_cat","embeddable":true,"href":"https:\/\/bio4you.eu\/retseptid\/wp-json\/wp\/v2\/product_cat?post=4067"},{"taxonomy":"product_tag","embeddable":true,"href":"https:\/\/bio4you.eu\/retseptid\/wp-json\/wp\/v2\/product_tag?post=4067"}],"curies":[{"name":"wp","href":"https:\/\/api.w.org\/{rel}","templated":true}]}}