{"id":4075,"date":"2022-10-27T12:54:27","date_gmt":"2022-10-27T09:54:27","guid":{"rendered":"https:\/\/bio4you.eu\/retseptid\/?post_type=product&#038;p=4075"},"modified":"2022-10-27T12:55:38","modified_gmt":"2022-10-27T09:55:38","slug":"vegan-laatsehautis","status":"publish","type":"product","link":"https:\/\/bio4you.eu\/retseptid\/toode\/vegan-laatsehautis\/","title":{"rendered":"Vegan l\u00e4\u00e4tsehautis"},"content":{"rendered":"<p>K\u00fclmadel s\u00fcgis- ja talve\u00f5htutel pole midagi paremat, kui s\u00fc\u00fca m\u00f5nusalt seest soojendavat hautist. Lisa roale juurde t\u00fckike leiba ning saad t\u00f5eliselt toitva roa kogu perele!<\/p>\n<p>L\u00e4\u00e4tsede lisamine oma men\u00fc\u00fcsse on v\u00e4ga tark m\u00f5te, sest l\u00e4\u00e4tsedel on suur toitainev\u00e4\u00e4rtus. Lisaks k\u00f5rgele valgusisaldusele sisaldavad l\u00e4\u00e4tsed ka palju kiudaineid ning vitamiine. N\u00e4iteks \u2013 tassit\u00e4is l\u00e4\u00e4tsesid sisaldab koguni 37% kogu p\u00e4evasest rauavajadusest. Suur kiudainete sisaldus hoiab seedes\u00fcsteemi korras.<\/p>\n<p>Retseptist valmib 6 portsjonit. \u00dclej\u00e4\u00e4gi v\u00f5ib ka s\u00fcgvak\u00fclma panna ning m\u00f5ne n\u00e4dala jooksul tarbida.<\/p>\n<p>Valmistamine:<\/p>\n<ol>\n<li>Kuumuta keskmisel kuumusel potis \u00f5li. Lisa sibulad ja k\u00fcpseta umbes 3 minutit. Lisa k\u00fc\u00fcslauk ning prae veel umber 1 minut.<\/li>\n<li>Lisa seller, Itaalia maitseainesegu, paprika, k\u00f6\u00f6mned, t\u00fc\u00fcmian ja k\u00fcpseda 30 sekundit\u00a0 pidevalt segades.<\/li>\n<li>Lisa l\u00e4\u00e4tsed, tomatid, tomatipasta, porgandid ja kartul, loorberileht ning viimaseks k\u00f6\u00f6giviljapuljong.<\/li>\n<li>Lase keema ning seej\u00e4rel hauta madalal kuumusel umbes 40 minutit, kuni saad soovitud tekstuuri.<\/li>\n<li>Eemalda loorberileht, maitsesta soola-pipraga ning serveeri.<\/li>\n<\/ol>\n","protected":false},"excerpt":{"rendered":"<p>Vaja l\u00e4heb:<\/p>\n<ul>\n<li>300 g <a href=\"https:\/\/bio4you.eu\/et\/kuivained\/2846-punased-laeaetsed-terved-500g-cosmoveda.html?utm_source=bioretsept&amp;utm_medium=retsept&amp;utm_campaign=laatsehautis\" target=\"_blank\" rel=\"noopener\">kuivatatud l\u00e4\u00e4tsesid\u00a0<\/a><\/li>\n<li>1 spl <a href=\"https:\/\/bio4you.eu\/et\/olid-kastmed-kreemid\/2245-ekstra-neitsioliivioli-500ml.html?utm_source=bioretsept&amp;utm_medium=retsept&amp;utm_campaign=laatsehautis\" target=\"_blank\" rel=\"noopener\">oliivi\u00f5li<\/a><\/li>\n<li>1 keskmine sibul, t\u00fckeldatud<\/li>\n<li>3 k\u00fc\u00fcslauguk\u00fc\u00fcnt, pressitud<\/li>\n<li>2 sellerivart<\/li>\n<li>1 tl Itaalia maitseainesegu<\/li>\n<li>0,5 tl <a href=\"https:\/\/bio4you.eu\/et\/maitseained-ja-magustajad\/5256-suitsutatud-paprika-pulber-35g.html?utm_source=bioretsept&amp;utm_medium=retsept&amp;utm_campaign=laatsehautis\" target=\"_blank\" rel=\"noopener\">suitsupaprikat<\/a><\/li>\n<li>0,5 tl <a href=\"https:\/\/bio4you.eu\/et\/maitsetaimed-ja-segud\/3958-vuertskoeoemen-100g.html?utm_source=bioretsept&amp;utm_medium=retsept&amp;utm_campaign=laatsehautis\" target=\"_blank\" rel=\"noopener\">k\u00f6\u00f6mneid<\/a><\/li>\n<li>0,5 tl kuivatatud t\u00fc\u00fcmiani<\/li>\n<li>400 g <a href=\"https:\/\/bio4you.eu\/et\/olid-kastmed-kreemid\/5506-purustatud-tomatid-400g.html?utm_source=bioretsept&amp;utm_medium=retsept&amp;utm_campaign=laatsehautis\" target=\"_blank\" rel=\"noopener\">t\u00fckeldatud tomateid konservis<\/a><\/li>\n<li>1 spl <a href=\"https:\/\/bio4you.eu\/et\/olid-kastmed-kreemid\/3483-kodune-tomatipasta-700g.html?utm_source=bioretsept&amp;utm_medium=retsept&amp;utm_campaign=laatsehautis\" target=\"_blank\" rel=\"noopener\">tomatipastat<\/a><\/li>\n<li>2 keskmist porgandit, t\u00fckeldatud<\/li>\n<li>1 keskmine kartul, t\u00fckeldatud<\/li>\n<li>1400 ml <a href=\"https:\/\/bio4you.eu\/et\/maitseained-ja-magustajad\/1099-puljongipulber-paermita-210g.html?utm_source=bioretsept&amp;utm_medium=retsept&amp;utm_campaign=laatsehautis\" target=\"_blank\" rel=\"noopener\">k\u00f6\u00f6giviljapuljongit<\/a><\/li>\n<li>1 <a href=\"https:\/\/bio4you.eu\/et\/maitseained-ja-magustajad\/4754-loorberilehed-10g.html?utm_source=bioretsept&amp;utm_medium=retsept&amp;utm_campaign=laatsehautis\" target=\"_blank\" rel=\"noopener\">loorberileht<\/a><\/li>\n<li>0,25 tl Cayenne pipart<\/li>\n<li>soola-pipart<\/li>\n<\/ul>\n","protected":false},"featured_media":4076,"comment_status":"open","ping_status":"closed","template":"","meta":{"_exactmetrics_skip_tracking":false,"_exactmetrics_sitenote_active":false,"_exactmetrics_sitenote_note":"","_exactmetrics_sitenote_category":0},"product_cat":[59,60,382,63,383,72],"product_tag":[],"class_list":{"0":"post-4075","1":"product","2":"type-product","3":"status-publish","4":"has-post-thumbnail","6":"product_cat-featured","7":"product_cat-toiduretseptid","8":"product_cat-vegan-toiduretseptid","9":"product_cat-gluteenivabad-retseptid","10":"product_cat-taimetoit","11":"product_cat-oa-laatse-ja-hernetoidud","13":"first","14":"instock","15":"shipping-taxable","16":"product-type-simple"},"yoast_head":"<!-- This site is optimized with the Yoast SEO plugin v23.3 - https:\/\/yoast.com\/wordpress\/plugins\/seo\/ -->\n<title>Vegan l\u00e4\u00e4tsehautis - bio4you.eu\/retseptid<\/title>\n<meta name=\"description\" content=\"K\u00fclmadesse s\u00fcgis- ja talve\u00f5htutesse sobiv tervislik l\u00e4\u00e4tse-k\u00f6\u00f6giviljahautis, mis sobib ka s\u00fcgavk\u00fclmutamiseks.\" \/>\n<meta name=\"robots\" content=\"index, follow, max-snippet:-1, max-image-preview:large, max-video-preview:-1\" \/>\n<link rel=\"canonical\" href=\"https:\/\/bio4you.eu\/retseptid\/toode\/vegan-laatsehautis\/\" \/>\n<meta property=\"og:locale\" content=\"et_EE\" \/>\n<meta property=\"og:type\" content=\"article\" \/>\n<meta property=\"og:title\" content=\"Vegan l\u00e4\u00e4tsehautis - bio4you.eu\/retseptid\" \/>\n<meta property=\"og:description\" content=\"K\u00fclmadesse s\u00fcgis- ja talve\u00f5htutesse sobiv tervislik l\u00e4\u00e4tse-k\u00f6\u00f6giviljahautis, mis sobib ka s\u00fcgavk\u00fclmutamiseks.\" \/>\n<meta property=\"og:url\" content=\"https:\/\/bio4you.eu\/retseptid\/toode\/vegan-laatsehautis\/\" \/>\n<meta property=\"og:site_name\" content=\"bio4you.eu\/retseptid\" \/>\n<meta property=\"article:modified_time\" content=\"2022-10-27T09:55:38+00:00\" \/>\n<meta property=\"og:image\" content=\"https:\/\/bio4you.eu\/retseptid\/wp-content\/uploads\/2022\/10\/lentil-stew-ragout-with-pumpkin-carrot-bowl-wooden-table-scaled.jpg\" \/>\n\t<meta property=\"og:image:width\" content=\"2560\" \/>\n\t<meta property=\"og:image:height\" content=\"1707\" \/>\n\t<meta property=\"og:image:type\" content=\"image\/jpeg\" \/>\n<meta name=\"twitter:label1\" content=\"Est. reading time\" \/>\n\t<meta name=\"twitter:data1\" content=\"1 minut\" \/>\n<script type=\"application\/ld+json\" class=\"yoast-schema-graph\">{\"@context\":\"https:\/\/schema.org\",\"@graph\":[{\"@type\":\"WebPage\",\"@id\":\"https:\/\/bio4you.eu\/retseptid\/toode\/vegan-laatsehautis\/\",\"url\":\"https:\/\/bio4you.eu\/retseptid\/toode\/vegan-laatsehautis\/\",\"name\":\"Vegan l\u00e4\u00e4tsehautis - bio4you.eu\/retseptid\",\"isPartOf\":{\"@id\":\"https:\/\/bio4you.eu\/retseptid\/#website\"},\"primaryImageOfPage\":{\"@id\":\"https:\/\/bio4you.eu\/retseptid\/toode\/vegan-laatsehautis\/#primaryimage\"},\"image\":{\"@id\":\"https:\/\/bio4you.eu\/retseptid\/toode\/vegan-laatsehautis\/#primaryimage\"},\"thumbnailUrl\":\"https:\/\/bio4you.eu\/retseptid\/wp-content\/uploads\/2022\/10\/lentil-stew-ragout-with-pumpkin-carrot-bowl-wooden-table-scaled.jpg\",\"datePublished\":\"2022-10-27T09:54:27+00:00\",\"dateModified\":\"2022-10-27T09:55:38+00:00\",\"description\":\"K\u00fclmadesse s\u00fcgis- ja talve\u00f5htutesse sobiv tervislik l\u00e4\u00e4tse-k\u00f6\u00f6giviljahautis, mis sobib ka s\u00fcgavk\u00fclmutamiseks.\",\"breadcrumb\":{\"@id\":\"https:\/\/bio4you.eu\/retseptid\/toode\/vegan-laatsehautis\/#breadcrumb\"},\"inLanguage\":\"et\",\"potentialAction\":[{\"@type\":\"ReadAction\",\"target\":[\"https:\/\/bio4you.eu\/retseptid\/toode\/vegan-laatsehautis\/\"]}]},{\"@type\":\"ImageObject\",\"inLanguage\":\"et\",\"@id\":\"https:\/\/bio4you.eu\/retseptid\/toode\/vegan-laatsehautis\/#primaryimage\",\"url\":\"https:\/\/bio4you.eu\/retseptid\/wp-content\/uploads\/2022\/10\/lentil-stew-ragout-with-pumpkin-carrot-bowl-wooden-table-scaled.jpg\",\"contentUrl\":\"https:\/\/bio4you.eu\/retseptid\/wp-content\/uploads\/2022\/10\/lentil-stew-ragout-with-pumpkin-carrot-bowl-wooden-table-scaled.jpg\",\"width\":2560,\"height\":1707,\"caption\":\"Tervislik vegan l\u00e4\u00e4tsehautis porgandi ja kartuliga\"},{\"@type\":\"BreadcrumbList\",\"@id\":\"https:\/\/bio4you.eu\/retseptid\/toode\/vegan-laatsehautis\/#breadcrumb\",\"itemListElement\":[{\"@type\":\"ListItem\",\"position\":1,\"name\":\"Home\",\"item\":\"https:\/\/bio4you.eu\/retseptid\/\"},{\"@type\":\"ListItem\",\"position\":2,\"name\":\"Vegan l\u00e4\u00e4tsehautis\"}]},{\"@type\":\"WebSite\",\"@id\":\"https:\/\/bio4you.eu\/retseptid\/#website\",\"url\":\"https:\/\/bio4you.eu\/retseptid\/\",\"name\":\"bio4you.eu\/retseptid\",\"description\":\"\u00d6ko retseptid ise tegemiseks, looduslikest koostisainetest. Maitsev toit, iluhooldus, kodupuhastus ja aiandus.\",\"potentialAction\":[{\"@type\":\"SearchAction\",\"target\":{\"@type\":\"EntryPoint\",\"urlTemplate\":\"https:\/\/bio4you.eu\/retseptid\/?s={search_term_string}\"},\"query-input\":\"required name=search_term_string\"}],\"inLanguage\":\"et\"}]}<\/script>\n<!-- \/ Yoast SEO plugin. -->","yoast_head_json":{"title":"Vegan l\u00e4\u00e4tsehautis - bio4you.eu\/retseptid","description":"K\u00fclmadesse s\u00fcgis- ja talve\u00f5htutesse sobiv tervislik l\u00e4\u00e4tse-k\u00f6\u00f6giviljahautis, mis sobib ka s\u00fcgavk\u00fclmutamiseks.","robots":{"index":"index","follow":"follow","max-snippet":"max-snippet:-1","max-image-preview":"max-image-preview:large","max-video-preview":"max-video-preview:-1"},"canonical":"https:\/\/bio4you.eu\/retseptid\/toode\/vegan-laatsehautis\/","og_locale":"et_EE","og_type":"article","og_title":"Vegan l\u00e4\u00e4tsehautis - bio4you.eu\/retseptid","og_description":"K\u00fclmadesse s\u00fcgis- ja talve\u00f5htutesse sobiv tervislik l\u00e4\u00e4tse-k\u00f6\u00f6giviljahautis, mis sobib ka s\u00fcgavk\u00fclmutamiseks.","og_url":"https:\/\/bio4you.eu\/retseptid\/toode\/vegan-laatsehautis\/","og_site_name":"bio4you.eu\/retseptid","article_modified_time":"2022-10-27T09:55:38+00:00","og_image":[{"width":2560,"height":1707,"url":"https:\/\/bio4you.eu\/retseptid\/wp-content\/uploads\/2022\/10\/lentil-stew-ragout-with-pumpkin-carrot-bowl-wooden-table-scaled.jpg","type":"image\/jpeg"}],"twitter_misc":{"Est. reading time":"1 minut"},"schema":{"@context":"https:\/\/schema.org","@graph":[{"@type":"WebPage","@id":"https:\/\/bio4you.eu\/retseptid\/toode\/vegan-laatsehautis\/","url":"https:\/\/bio4you.eu\/retseptid\/toode\/vegan-laatsehautis\/","name":"Vegan l\u00e4\u00e4tsehautis - bio4you.eu\/retseptid","isPartOf":{"@id":"https:\/\/bio4you.eu\/retseptid\/#website"},"primaryImageOfPage":{"@id":"https:\/\/bio4you.eu\/retseptid\/toode\/vegan-laatsehautis\/#primaryimage"},"image":{"@id":"https:\/\/bio4you.eu\/retseptid\/toode\/vegan-laatsehautis\/#primaryimage"},"thumbnailUrl":"https:\/\/bio4you.eu\/retseptid\/wp-content\/uploads\/2022\/10\/lentil-stew-ragout-with-pumpkin-carrot-bowl-wooden-table-scaled.jpg","datePublished":"2022-10-27T09:54:27+00:00","dateModified":"2022-10-27T09:55:38+00:00","description":"K\u00fclmadesse s\u00fcgis- ja talve\u00f5htutesse sobiv tervislik l\u00e4\u00e4tse-k\u00f6\u00f6giviljahautis, mis sobib ka s\u00fcgavk\u00fclmutamiseks.","breadcrumb":{"@id":"https:\/\/bio4you.eu\/retseptid\/toode\/vegan-laatsehautis\/#breadcrumb"},"inLanguage":"et","potentialAction":[{"@type":"ReadAction","target":["https:\/\/bio4you.eu\/retseptid\/toode\/vegan-laatsehautis\/"]}]},{"@type":"ImageObject","inLanguage":"et","@id":"https:\/\/bio4you.eu\/retseptid\/toode\/vegan-laatsehautis\/#primaryimage","url":"https:\/\/bio4you.eu\/retseptid\/wp-content\/uploads\/2022\/10\/lentil-stew-ragout-with-pumpkin-carrot-bowl-wooden-table-scaled.jpg","contentUrl":"https:\/\/bio4you.eu\/retseptid\/wp-content\/uploads\/2022\/10\/lentil-stew-ragout-with-pumpkin-carrot-bowl-wooden-table-scaled.jpg","width":2560,"height":1707,"caption":"Tervislik vegan l\u00e4\u00e4tsehautis porgandi ja kartuliga"},{"@type":"BreadcrumbList","@id":"https:\/\/bio4you.eu\/retseptid\/toode\/vegan-laatsehautis\/#breadcrumb","itemListElement":[{"@type":"ListItem","position":1,"name":"Home","item":"https:\/\/bio4you.eu\/retseptid\/"},{"@type":"ListItem","position":2,"name":"Vegan l\u00e4\u00e4tsehautis"}]},{"@type":"WebSite","@id":"https:\/\/bio4you.eu\/retseptid\/#website","url":"https:\/\/bio4you.eu\/retseptid\/","name":"bio4you.eu\/retseptid","description":"\u00d6ko retseptid ise tegemiseks, looduslikest koostisainetest. Maitsev toit, iluhooldus, kodupuhastus ja aiandus.","potentialAction":[{"@type":"SearchAction","target":{"@type":"EntryPoint","urlTemplate":"https:\/\/bio4you.eu\/retseptid\/?s={search_term_string}"},"query-input":"required name=search_term_string"}],"inLanguage":"et"}]}},"_links":{"self":[{"href":"https:\/\/bio4you.eu\/retseptid\/wp-json\/wp\/v2\/product\/4075"}],"collection":[{"href":"https:\/\/bio4you.eu\/retseptid\/wp-json\/wp\/v2\/product"}],"about":[{"href":"https:\/\/bio4you.eu\/retseptid\/wp-json\/wp\/v2\/types\/product"}],"replies":[{"embeddable":true,"href":"https:\/\/bio4you.eu\/retseptid\/wp-json\/wp\/v2\/comments?post=4075"}],"wp:featuredmedia":[{"embeddable":true,"href":"https:\/\/bio4you.eu\/retseptid\/wp-json\/wp\/v2\/media\/4076"}],"wp:attachment":[{"href":"https:\/\/bio4you.eu\/retseptid\/wp-json\/wp\/v2\/media?parent=4075"}],"wp:term":[{"taxonomy":"product_cat","embeddable":true,"href":"https:\/\/bio4you.eu\/retseptid\/wp-json\/wp\/v2\/product_cat?post=4075"},{"taxonomy":"product_tag","embeddable":true,"href":"https:\/\/bio4you.eu\/retseptid\/wp-json\/wp\/v2\/product_tag?post=4075"}],"curies":[{"name":"wp","href":"https:\/\/api.w.org\/{rel}","templated":true}]}}