{"id":4081,"date":"2022-11-11T15:46:30","date_gmt":"2022-11-11T13:46:30","guid":{"rendered":"https:\/\/bio4you.eu\/retseptid\/?post_type=product&#038;p=4081"},"modified":"2022-11-11T15:46:30","modified_gmt":"2022-11-11T13:46:30","slug":"gluteenivaba-vegan-juustukook","status":"publish","type":"product","link":"https:\/\/bio4you.eu\/retseptid\/toode\/gluteenivaba-vegan-juustukook\/","title":{"rendered":"Gluteenivaba vegan juustukook"},"content":{"rendered":"<p>Imelihtne gluteenivaba juustukook veganvariandis, mis on vaid tunniga valmis ja laual! Koogi valmistamiseks vajad ainult nelja koostisosa. Juusutkoogi p\u00f5hi on valmistatud erilise \u0160oti retsepti j\u00e4rgi \u2013 kasutame p\u00f5hja tegemisel tavap\u00e4raste k\u00fcpsiste asemel kaerahelbeid.<\/p>\n<p>Valmistamine:<\/p>\n<ol>\n<li>Valmista p\u00f5hi: sulata margariin ja lisa p\u00f5hjasegule. Lase m\u00f5ni minut seista. Kata m\u00e4\u00e4ritud koogivorm tainaga, vajuta tainas kindlalt plaadile ja t\u00f5mba k\u00fclgedest umbes 2 cm \u00fcles.<\/li>\n<li>Valmista t\u00e4idis: sega sidrunimahl ja jogurt p\u00f5hiseguga ning sega j\u00f5uliselt l\u00e4bi.<\/li>\n<li>Lisa t\u00e4idis koogi p\u00f5hjale.<\/li>\n<li>K\u00fcpseta eelkuumutatud ahjus 200\u00b0C juures 50\u201360 minutit alumisel siinil. Nii j\u00e4\u00e4b kook alt kr\u00f5be ja pealt ei k\u00f5rbe \u00e4ra. Kook on valmis, kui t\u00e4idis on keskelt kerkinud.<\/li>\n<li>Kaunista meelep\u00e4raste marjade v\u00f5i moosiga. L\u00f5ika kook lahti, kui see on jahtunud.<\/li>\n<\/ol>\n","protected":false},"excerpt":{"rendered":"<p>Vaja l\u00e4heb:<\/p>\n<ul>\n<li>125 g vegan margariini<\/li>\n<li>750 g sojajogurtit<\/li>\n<li>poole sidruni mahl<\/li>\n<li>1 pakk\u00a0<a href=\"https:\/\/bio4you.eu\/et\/kuivained\/4146-gluteenivaba-juustukoogi-jahusegu-485g.html?utm_source=bioretsept&amp;utm_medium=retsept&amp;utm_campaign=juustukook\">Bauckhof gluteenivaba juustukoogisegu<\/a><\/li>\n<li>kaunistamiseks marju v\u00f5i moosi<\/li>\n<\/ul>\n","protected":false},"featured_media":4082,"comment_status":"open","ping_status":"closed","template":"","meta":{"_exactmetrics_skip_tracking":false,"_exactmetrics_sitenote_active":false,"_exactmetrics_sitenote_note":"","_exactmetrics_sitenote_category":0},"product_cat":[59,60,382,63,383,280],"product_tag":[],"class_list":{"0":"post-4081","1":"product","2":"type-product","3":"status-publish","4":"has-post-thumbnail","6":"product_cat-featured","7":"product_cat-toiduretseptid","8":"product_cat-vegan-toiduretseptid","9":"product_cat-gluteenivabad-retseptid","10":"product_cat-taimetoit","11":"product_cat-koogid-ja-kupsised","13":"first","14":"instock","15":"shipping-taxable","16":"product-type-simple"},"yoast_head":"<!-- This site is optimized with the Yoast SEO plugin v23.3 - https:\/\/yoast.com\/wordpress\/plugins\/seo\/ -->\n<title>Gluteenivaba vegan juustukook - bio4you.eu\/retseptid<\/title>\n<meta name=\"description\" content=\"Maitsev juustukook veganvariandis! K\u00fcpseb superkiiresti ning maitseb absoluutselt k\u00f5igile, selles pole kahtlustki!\" \/>\n<meta name=\"robots\" content=\"index, follow, max-snippet:-1, max-image-preview:large, max-video-preview:-1\" \/>\n<link rel=\"canonical\" href=\"https:\/\/bio4you.eu\/retseptid\/toode\/gluteenivaba-vegan-juustukook\/\" \/>\n<meta property=\"og:locale\" content=\"et_EE\" \/>\n<meta property=\"og:type\" content=\"article\" \/>\n<meta property=\"og:title\" content=\"Gluteenivaba vegan juustukook - bio4you.eu\/retseptid\" \/>\n<meta property=\"og:description\" content=\"Maitsev juustukook veganvariandis! K\u00fcpseb superkiiresti ning maitseb absoluutselt k\u00f5igile, selles pole kahtlustki!\" \/>\n<meta property=\"og:url\" content=\"https:\/\/bio4you.eu\/retseptid\/toode\/gluteenivaba-vegan-juustukook\/\" \/>\n<meta property=\"og:site_name\" content=\"bio4you.eu\/retseptid\" \/>\n<meta property=\"og:image\" content=\"https:\/\/bio4you.eu\/retseptid\/wp-content\/uploads\/2022\/11\/luiz-carlos-santi-LdLI47dOZUU-unsplash-scaled.jpg\" \/>\n\t<meta property=\"og:image:width\" content=\"2560\" \/>\n\t<meta property=\"og:image:height\" content=\"1709\" \/>\n\t<meta property=\"og:image:type\" content=\"image\/jpeg\" \/>\n<meta name=\"twitter:label1\" content=\"Est. reading time\" \/>\n\t<meta name=\"twitter:data1\" content=\"1 minut\" \/>\n<script type=\"application\/ld+json\" class=\"yoast-schema-graph\">{\"@context\":\"https:\/\/schema.org\",\"@graph\":[{\"@type\":\"WebPage\",\"@id\":\"https:\/\/bio4you.eu\/retseptid\/toode\/gluteenivaba-vegan-juustukook\/\",\"url\":\"https:\/\/bio4you.eu\/retseptid\/toode\/gluteenivaba-vegan-juustukook\/\",\"name\":\"Gluteenivaba vegan juustukook - bio4you.eu\/retseptid\",\"isPartOf\":{\"@id\":\"https:\/\/bio4you.eu\/retseptid\/#website\"},\"primaryImageOfPage\":{\"@id\":\"https:\/\/bio4you.eu\/retseptid\/toode\/gluteenivaba-vegan-juustukook\/#primaryimage\"},\"image\":{\"@id\":\"https:\/\/bio4you.eu\/retseptid\/toode\/gluteenivaba-vegan-juustukook\/#primaryimage\"},\"thumbnailUrl\":\"https:\/\/bio4you.eu\/retseptid\/wp-content\/uploads\/2022\/11\/luiz-carlos-santi-LdLI47dOZUU-unsplash-scaled.jpg\",\"datePublished\":\"2022-11-11T13:46:30+00:00\",\"dateModified\":\"2022-11-11T13:46:30+00:00\",\"description\":\"Maitsev juustukook veganvariandis! K\u00fcpseb superkiiresti ning maitseb absoluutselt k\u00f5igile, selles pole kahtlustki!\",\"breadcrumb\":{\"@id\":\"https:\/\/bio4you.eu\/retseptid\/toode\/gluteenivaba-vegan-juustukook\/#breadcrumb\"},\"inLanguage\":\"et\",\"potentialAction\":[{\"@type\":\"ReadAction\",\"target\":[\"https:\/\/bio4you.eu\/retseptid\/toode\/gluteenivaba-vegan-juustukook\/\"]}]},{\"@type\":\"ImageObject\",\"inLanguage\":\"et\",\"@id\":\"https:\/\/bio4you.eu\/retseptid\/toode\/gluteenivaba-vegan-juustukook\/#primaryimage\",\"url\":\"https:\/\/bio4you.eu\/retseptid\/wp-content\/uploads\/2022\/11\/luiz-carlos-santi-LdLI47dOZUU-unsplash-scaled.jpg\",\"contentUrl\":\"https:\/\/bio4you.eu\/retseptid\/wp-content\/uploads\/2022\/11\/luiz-carlos-santi-LdLI47dOZUU-unsplash-scaled.jpg\",\"width\":2560,\"height\":1709},{\"@type\":\"BreadcrumbList\",\"@id\":\"https:\/\/bio4you.eu\/retseptid\/toode\/gluteenivaba-vegan-juustukook\/#breadcrumb\",\"itemListElement\":[{\"@type\":\"ListItem\",\"position\":1,\"name\":\"Home\",\"item\":\"https:\/\/bio4you.eu\/retseptid\/\"},{\"@type\":\"ListItem\",\"position\":2,\"name\":\"Gluteenivaba vegan juustukook\"}]},{\"@type\":\"WebSite\",\"@id\":\"https:\/\/bio4you.eu\/retseptid\/#website\",\"url\":\"https:\/\/bio4you.eu\/retseptid\/\",\"name\":\"bio4you.eu\/retseptid\",\"description\":\"\u00d6ko retseptid ise tegemiseks, looduslikest koostisainetest. Maitsev toit, iluhooldus, kodupuhastus ja aiandus.\",\"potentialAction\":[{\"@type\":\"SearchAction\",\"target\":{\"@type\":\"EntryPoint\",\"urlTemplate\":\"https:\/\/bio4you.eu\/retseptid\/?s={search_term_string}\"},\"query-input\":\"required name=search_term_string\"}],\"inLanguage\":\"et\"}]}<\/script>\n<!-- \/ Yoast SEO plugin. -->","yoast_head_json":{"title":"Gluteenivaba vegan juustukook - bio4you.eu\/retseptid","description":"Maitsev juustukook veganvariandis! K\u00fcpseb superkiiresti ning maitseb absoluutselt k\u00f5igile, selles pole kahtlustki!","robots":{"index":"index","follow":"follow","max-snippet":"max-snippet:-1","max-image-preview":"max-image-preview:large","max-video-preview":"max-video-preview:-1"},"canonical":"https:\/\/bio4you.eu\/retseptid\/toode\/gluteenivaba-vegan-juustukook\/","og_locale":"et_EE","og_type":"article","og_title":"Gluteenivaba vegan juustukook - bio4you.eu\/retseptid","og_description":"Maitsev juustukook veganvariandis! K\u00fcpseb superkiiresti ning maitseb absoluutselt k\u00f5igile, selles pole kahtlustki!","og_url":"https:\/\/bio4you.eu\/retseptid\/toode\/gluteenivaba-vegan-juustukook\/","og_site_name":"bio4you.eu\/retseptid","og_image":[{"width":2560,"height":1709,"url":"https:\/\/bio4you.eu\/retseptid\/wp-content\/uploads\/2022\/11\/luiz-carlos-santi-LdLI47dOZUU-unsplash-scaled.jpg","type":"image\/jpeg"}],"twitter_misc":{"Est. reading time":"1 minut"},"schema":{"@context":"https:\/\/schema.org","@graph":[{"@type":"WebPage","@id":"https:\/\/bio4you.eu\/retseptid\/toode\/gluteenivaba-vegan-juustukook\/","url":"https:\/\/bio4you.eu\/retseptid\/toode\/gluteenivaba-vegan-juustukook\/","name":"Gluteenivaba vegan juustukook - bio4you.eu\/retseptid","isPartOf":{"@id":"https:\/\/bio4you.eu\/retseptid\/#website"},"primaryImageOfPage":{"@id":"https:\/\/bio4you.eu\/retseptid\/toode\/gluteenivaba-vegan-juustukook\/#primaryimage"},"image":{"@id":"https:\/\/bio4you.eu\/retseptid\/toode\/gluteenivaba-vegan-juustukook\/#primaryimage"},"thumbnailUrl":"https:\/\/bio4you.eu\/retseptid\/wp-content\/uploads\/2022\/11\/luiz-carlos-santi-LdLI47dOZUU-unsplash-scaled.jpg","datePublished":"2022-11-11T13:46:30+00:00","dateModified":"2022-11-11T13:46:30+00:00","description":"Maitsev juustukook veganvariandis! K\u00fcpseb superkiiresti ning maitseb absoluutselt k\u00f5igile, selles pole kahtlustki!","breadcrumb":{"@id":"https:\/\/bio4you.eu\/retseptid\/toode\/gluteenivaba-vegan-juustukook\/#breadcrumb"},"inLanguage":"et","potentialAction":[{"@type":"ReadAction","target":["https:\/\/bio4you.eu\/retseptid\/toode\/gluteenivaba-vegan-juustukook\/"]}]},{"@type":"ImageObject","inLanguage":"et","@id":"https:\/\/bio4you.eu\/retseptid\/toode\/gluteenivaba-vegan-juustukook\/#primaryimage","url":"https:\/\/bio4you.eu\/retseptid\/wp-content\/uploads\/2022\/11\/luiz-carlos-santi-LdLI47dOZUU-unsplash-scaled.jpg","contentUrl":"https:\/\/bio4you.eu\/retseptid\/wp-content\/uploads\/2022\/11\/luiz-carlos-santi-LdLI47dOZUU-unsplash-scaled.jpg","width":2560,"height":1709},{"@type":"BreadcrumbList","@id":"https:\/\/bio4you.eu\/retseptid\/toode\/gluteenivaba-vegan-juustukook\/#breadcrumb","itemListElement":[{"@type":"ListItem","position":1,"name":"Home","item":"https:\/\/bio4you.eu\/retseptid\/"},{"@type":"ListItem","position":2,"name":"Gluteenivaba vegan juustukook"}]},{"@type":"WebSite","@id":"https:\/\/bio4you.eu\/retseptid\/#website","url":"https:\/\/bio4you.eu\/retseptid\/","name":"bio4you.eu\/retseptid","description":"\u00d6ko retseptid ise tegemiseks, looduslikest koostisainetest. Maitsev toit, iluhooldus, kodupuhastus ja aiandus.","potentialAction":[{"@type":"SearchAction","target":{"@type":"EntryPoint","urlTemplate":"https:\/\/bio4you.eu\/retseptid\/?s={search_term_string}"},"query-input":"required name=search_term_string"}],"inLanguage":"et"}]}},"_links":{"self":[{"href":"https:\/\/bio4you.eu\/retseptid\/wp-json\/wp\/v2\/product\/4081"}],"collection":[{"href":"https:\/\/bio4you.eu\/retseptid\/wp-json\/wp\/v2\/product"}],"about":[{"href":"https:\/\/bio4you.eu\/retseptid\/wp-json\/wp\/v2\/types\/product"}],"replies":[{"embeddable":true,"href":"https:\/\/bio4you.eu\/retseptid\/wp-json\/wp\/v2\/comments?post=4081"}],"wp:featuredmedia":[{"embeddable":true,"href":"https:\/\/bio4you.eu\/retseptid\/wp-json\/wp\/v2\/media\/4082"}],"wp:attachment":[{"href":"https:\/\/bio4you.eu\/retseptid\/wp-json\/wp\/v2\/media?parent=4081"}],"wp:term":[{"taxonomy":"product_cat","embeddable":true,"href":"https:\/\/bio4you.eu\/retseptid\/wp-json\/wp\/v2\/product_cat?post=4081"},{"taxonomy":"product_tag","embeddable":true,"href":"https:\/\/bio4you.eu\/retseptid\/wp-json\/wp\/v2\/product_tag?post=4081"}],"curies":[{"name":"wp","href":"https:\/\/api.w.org\/{rel}","templated":true}]}}