{"id":4085,"date":"2022-12-14T13:06:45","date_gmt":"2022-12-14T11:06:45","guid":{"rendered":"https:\/\/bio4you.eu\/retseptid\/?post_type=product&#038;p=4085"},"modified":"2022-12-14T13:07:11","modified_gmt":"2022-12-14T11:07:11","slug":"vegan-maasikajaatis","status":"publish","type":"product","link":"https:\/\/bio4you.eu\/retseptid\/toode\/vegan-maasikajaatis\/","title":{"rendered":"Vegan maasikaj\u00e4\u00e4tis"},"content":{"rendered":"<p>Valmistamine:<\/p>\n<ol>\n<li>Sega maasikad ja suhkur suures kausis. Purusta marjad t\u00e4ielikult, nii seguneb suhkur mahlaga. J\u00e4ta segu paariks tunniks k\u00fclmikusse.<\/li>\n<li>Mikserda riisikoor, kuni see pisut paksemaks muutub. Sega sisse ka maasika-suhkrusegu ja guarkummi. J\u00e4ta segu k\u00fclmikusse umbes 30 minutiks.<\/li>\n<li>Sega j\u00e4\u00e4tisemasinas 20-25 minutit, et saada kreemine j\u00e4\u00e4tis.<\/li>\n<\/ol>\n","protected":false},"excerpt":{"rendered":"<p>Vaja l\u00e4heb:<\/p>\n<ul>\n<li>250 g v\u00e4rskeid maasikaid<\/li>\n<li>1 pakk (300 ml) <a href=\"https:\/\/bio4you.eu\/et\/outlet\/2628-vahustatav-riisikreem-300ml.html\">vahustatavat Soyatoo riisikoort<\/a><\/li>\n<li>50 g <a href=\"https:\/\/bio4you.eu\/et\/otsi?controller=search&amp;order=product.position.desc&amp;s=suhkur\">suhkrut<\/a><\/li>\n<li>4-5 g <a href=\"https:\/\/bio4you.eu\/et\/maitseained-ja-magustajad\/2568-guarkummi-10g.html\">gurarkummit<\/a><\/li>\n<\/ul>\n","protected":false},"featured_media":4086,"comment_status":"open","ping_status":"closed","template":"","meta":{"_exactmetrics_skip_tracking":false,"_exactmetrics_sitenote_active":false,"_exactmetrics_sitenote_note":"","_exactmetrics_sitenote_category":0},"product_cat":[59,60,382,63,383,365],"product_tag":[],"class_list":{"0":"post-4085","1":"product","2":"type-product","3":"status-publish","4":"has-post-thumbnail","6":"product_cat-featured","7":"product_cat-toiduretseptid","8":"product_cat-vegan-toiduretseptid","9":"product_cat-gluteenivabad-retseptid","10":"product_cat-taimetoit","11":"product_cat-laste-lemmikud","13":"first","14":"instock","15":"shipping-taxable","16":"product-type-simple"},"yoast_head":"<!-- This site is optimized with the Yoast SEO plugin v23.3 - https:\/\/yoast.com\/wordpress\/plugins\/seo\/ -->\n<title>Vegan maasikaj\u00e4\u00e4tis - bio4you.eu\/retseptid<\/title>\n<meta name=\"description\" content=\"Vegan maasikaj\u00e4\u00e4tis v\u00e4rskete marjade ja kreemise riisikoorega. J\u00e4\u00e4tisesse ei lisa me mingeid lisaaineid, seega sobib ka lastele!\" \/>\n<meta name=\"robots\" content=\"index, follow, max-snippet:-1, max-image-preview:large, max-video-preview:-1\" \/>\n<link rel=\"canonical\" href=\"https:\/\/bio4you.eu\/retseptid\/toode\/vegan-maasikajaatis\/\" \/>\n<meta property=\"og:locale\" content=\"et_EE\" \/>\n<meta property=\"og:type\" content=\"article\" \/>\n<meta property=\"og:title\" content=\"Vegan maasikaj\u00e4\u00e4tis - bio4you.eu\/retseptid\" \/>\n<meta property=\"og:description\" content=\"Vegan maasikaj\u00e4\u00e4tis v\u00e4rskete marjade ja kreemise riisikoorega. J\u00e4\u00e4tisesse ei lisa me mingeid lisaaineid, seega sobib ka lastele!\" \/>\n<meta property=\"og:url\" content=\"https:\/\/bio4you.eu\/retseptid\/toode\/vegan-maasikajaatis\/\" \/>\n<meta property=\"og:site_name\" content=\"bio4you.eu\/retseptid\" \/>\n<meta property=\"article:modified_time\" content=\"2022-12-14T11:07:11+00:00\" \/>\n<meta property=\"og:image\" content=\"https:\/\/bio4you.eu\/retseptid\/wp-content\/uploads\/2022\/12\/micheile-dot-com-xj4B16xwZts-unsplash-scaled.jpg\" \/>\n\t<meta property=\"og:image:width\" content=\"1707\" \/>\n\t<meta property=\"og:image:height\" content=\"2560\" \/>\n\t<meta property=\"og:image:type\" content=\"image\/jpeg\" \/>\n<meta name=\"twitter:label1\" content=\"Est. reading time\" \/>\n\t<meta name=\"twitter:data1\" content=\"1 minut\" \/>\n<script type=\"application\/ld+json\" class=\"yoast-schema-graph\">{\"@context\":\"https:\/\/schema.org\",\"@graph\":[{\"@type\":\"WebPage\",\"@id\":\"https:\/\/bio4you.eu\/retseptid\/toode\/vegan-maasikajaatis\/\",\"url\":\"https:\/\/bio4you.eu\/retseptid\/toode\/vegan-maasikajaatis\/\",\"name\":\"Vegan maasikaj\u00e4\u00e4tis - bio4you.eu\/retseptid\",\"isPartOf\":{\"@id\":\"https:\/\/bio4you.eu\/retseptid\/#website\"},\"primaryImageOfPage\":{\"@id\":\"https:\/\/bio4you.eu\/retseptid\/toode\/vegan-maasikajaatis\/#primaryimage\"},\"image\":{\"@id\":\"https:\/\/bio4you.eu\/retseptid\/toode\/vegan-maasikajaatis\/#primaryimage\"},\"thumbnailUrl\":\"https:\/\/bio4you.eu\/retseptid\/wp-content\/uploads\/2022\/12\/micheile-dot-com-xj4B16xwZts-unsplash-scaled.jpg\",\"datePublished\":\"2022-12-14T11:06:45+00:00\",\"dateModified\":\"2022-12-14T11:07:11+00:00\",\"description\":\"Vegan maasikaj\u00e4\u00e4tis v\u00e4rskete marjade ja kreemise riisikoorega. J\u00e4\u00e4tisesse ei lisa me mingeid lisaaineid, seega sobib ka lastele!\",\"breadcrumb\":{\"@id\":\"https:\/\/bio4you.eu\/retseptid\/toode\/vegan-maasikajaatis\/#breadcrumb\"},\"inLanguage\":\"et\",\"potentialAction\":[{\"@type\":\"ReadAction\",\"target\":[\"https:\/\/bio4you.eu\/retseptid\/toode\/vegan-maasikajaatis\/\"]}]},{\"@type\":\"ImageObject\",\"inLanguage\":\"et\",\"@id\":\"https:\/\/bio4you.eu\/retseptid\/toode\/vegan-maasikajaatis\/#primaryimage\",\"url\":\"https:\/\/bio4you.eu\/retseptid\/wp-content\/uploads\/2022\/12\/micheile-dot-com-xj4B16xwZts-unsplash-scaled.jpg\",\"contentUrl\":\"https:\/\/bio4you.eu\/retseptid\/wp-content\/uploads\/2022\/12\/micheile-dot-com-xj4B16xwZts-unsplash-scaled.jpg\",\"width\":1707,\"height\":2560},{\"@type\":\"BreadcrumbList\",\"@id\":\"https:\/\/bio4you.eu\/retseptid\/toode\/vegan-maasikajaatis\/#breadcrumb\",\"itemListElement\":[{\"@type\":\"ListItem\",\"position\":1,\"name\":\"Home\",\"item\":\"https:\/\/bio4you.eu\/retseptid\/\"},{\"@type\":\"ListItem\",\"position\":2,\"name\":\"Vegan maasikaj\u00e4\u00e4tis\"}]},{\"@type\":\"WebSite\",\"@id\":\"https:\/\/bio4you.eu\/retseptid\/#website\",\"url\":\"https:\/\/bio4you.eu\/retseptid\/\",\"name\":\"bio4you.eu\/retseptid\",\"description\":\"\u00d6ko retseptid ise tegemiseks, looduslikest koostisainetest. Maitsev toit, iluhooldus, kodupuhastus ja aiandus.\",\"potentialAction\":[{\"@type\":\"SearchAction\",\"target\":{\"@type\":\"EntryPoint\",\"urlTemplate\":\"https:\/\/bio4you.eu\/retseptid\/?s={search_term_string}\"},\"query-input\":\"required name=search_term_string\"}],\"inLanguage\":\"et\"}]}<\/script>\n<!-- \/ Yoast SEO plugin. -->","yoast_head_json":{"title":"Vegan maasikaj\u00e4\u00e4tis - bio4you.eu\/retseptid","description":"Vegan maasikaj\u00e4\u00e4tis v\u00e4rskete marjade ja kreemise riisikoorega. J\u00e4\u00e4tisesse ei lisa me mingeid lisaaineid, seega sobib ka lastele!","robots":{"index":"index","follow":"follow","max-snippet":"max-snippet:-1","max-image-preview":"max-image-preview:large","max-video-preview":"max-video-preview:-1"},"canonical":"https:\/\/bio4you.eu\/retseptid\/toode\/vegan-maasikajaatis\/","og_locale":"et_EE","og_type":"article","og_title":"Vegan maasikaj\u00e4\u00e4tis - bio4you.eu\/retseptid","og_description":"Vegan maasikaj\u00e4\u00e4tis v\u00e4rskete marjade ja kreemise riisikoorega. J\u00e4\u00e4tisesse ei lisa me mingeid lisaaineid, seega sobib ka lastele!","og_url":"https:\/\/bio4you.eu\/retseptid\/toode\/vegan-maasikajaatis\/","og_site_name":"bio4you.eu\/retseptid","article_modified_time":"2022-12-14T11:07:11+00:00","og_image":[{"width":1707,"height":2560,"url":"https:\/\/bio4you.eu\/retseptid\/wp-content\/uploads\/2022\/12\/micheile-dot-com-xj4B16xwZts-unsplash-scaled.jpg","type":"image\/jpeg"}],"twitter_misc":{"Est. reading time":"1 minut"},"schema":{"@context":"https:\/\/schema.org","@graph":[{"@type":"WebPage","@id":"https:\/\/bio4you.eu\/retseptid\/toode\/vegan-maasikajaatis\/","url":"https:\/\/bio4you.eu\/retseptid\/toode\/vegan-maasikajaatis\/","name":"Vegan maasikaj\u00e4\u00e4tis - bio4you.eu\/retseptid","isPartOf":{"@id":"https:\/\/bio4you.eu\/retseptid\/#website"},"primaryImageOfPage":{"@id":"https:\/\/bio4you.eu\/retseptid\/toode\/vegan-maasikajaatis\/#primaryimage"},"image":{"@id":"https:\/\/bio4you.eu\/retseptid\/toode\/vegan-maasikajaatis\/#primaryimage"},"thumbnailUrl":"https:\/\/bio4you.eu\/retseptid\/wp-content\/uploads\/2022\/12\/micheile-dot-com-xj4B16xwZts-unsplash-scaled.jpg","datePublished":"2022-12-14T11:06:45+00:00","dateModified":"2022-12-14T11:07:11+00:00","description":"Vegan maasikaj\u00e4\u00e4tis v\u00e4rskete marjade ja kreemise riisikoorega. J\u00e4\u00e4tisesse ei lisa me mingeid lisaaineid, seega sobib ka lastele!","breadcrumb":{"@id":"https:\/\/bio4you.eu\/retseptid\/toode\/vegan-maasikajaatis\/#breadcrumb"},"inLanguage":"et","potentialAction":[{"@type":"ReadAction","target":["https:\/\/bio4you.eu\/retseptid\/toode\/vegan-maasikajaatis\/"]}]},{"@type":"ImageObject","inLanguage":"et","@id":"https:\/\/bio4you.eu\/retseptid\/toode\/vegan-maasikajaatis\/#primaryimage","url":"https:\/\/bio4you.eu\/retseptid\/wp-content\/uploads\/2022\/12\/micheile-dot-com-xj4B16xwZts-unsplash-scaled.jpg","contentUrl":"https:\/\/bio4you.eu\/retseptid\/wp-content\/uploads\/2022\/12\/micheile-dot-com-xj4B16xwZts-unsplash-scaled.jpg","width":1707,"height":2560},{"@type":"BreadcrumbList","@id":"https:\/\/bio4you.eu\/retseptid\/toode\/vegan-maasikajaatis\/#breadcrumb","itemListElement":[{"@type":"ListItem","position":1,"name":"Home","item":"https:\/\/bio4you.eu\/retseptid\/"},{"@type":"ListItem","position":2,"name":"Vegan maasikaj\u00e4\u00e4tis"}]},{"@type":"WebSite","@id":"https:\/\/bio4you.eu\/retseptid\/#website","url":"https:\/\/bio4you.eu\/retseptid\/","name":"bio4you.eu\/retseptid","description":"\u00d6ko retseptid ise tegemiseks, looduslikest koostisainetest. Maitsev toit, iluhooldus, kodupuhastus ja aiandus.","potentialAction":[{"@type":"SearchAction","target":{"@type":"EntryPoint","urlTemplate":"https:\/\/bio4you.eu\/retseptid\/?s={search_term_string}"},"query-input":"required name=search_term_string"}],"inLanguage":"et"}]}},"_links":{"self":[{"href":"https:\/\/bio4you.eu\/retseptid\/wp-json\/wp\/v2\/product\/4085"}],"collection":[{"href":"https:\/\/bio4you.eu\/retseptid\/wp-json\/wp\/v2\/product"}],"about":[{"href":"https:\/\/bio4you.eu\/retseptid\/wp-json\/wp\/v2\/types\/product"}],"replies":[{"embeddable":true,"href":"https:\/\/bio4you.eu\/retseptid\/wp-json\/wp\/v2\/comments?post=4085"}],"wp:featuredmedia":[{"embeddable":true,"href":"https:\/\/bio4you.eu\/retseptid\/wp-json\/wp\/v2\/media\/4086"}],"wp:attachment":[{"href":"https:\/\/bio4you.eu\/retseptid\/wp-json\/wp\/v2\/media?parent=4085"}],"wp:term":[{"taxonomy":"product_cat","embeddable":true,"href":"https:\/\/bio4you.eu\/retseptid\/wp-json\/wp\/v2\/product_cat?post=4085"},{"taxonomy":"product_tag","embeddable":true,"href":"https:\/\/bio4you.eu\/retseptid\/wp-json\/wp\/v2\/product_tag?post=4085"}],"curies":[{"name":"wp","href":"https:\/\/api.w.org\/{rel}","templated":true}]}}