{"id":4092,"date":"2022-12-23T13:10:47","date_gmt":"2022-12-23T11:10:47","guid":{"rendered":"https:\/\/bio4you.eu\/retseptid\/?post_type=product&#038;p=4092"},"modified":"2022-12-23T13:21:19","modified_gmt":"2022-12-23T11:21:19","slug":"sokolaadi-pahkli-ruudud","status":"publish","type":"product","link":"https:\/\/bio4you.eu\/retseptid\/toode\/sokolaadi-pahkli-ruudud\/","title":{"rendered":"\u0160okolaadi-p\u00e4hkliruudud"},"content":{"rendered":"<p>Valmistamine:<\/p>\n<ol>\n<li>Valmista p\u00f5hi: sega k\u00f6\u00f6gikombainis datlid, sool ja mandlid.<\/li>\n<li>T\u00f5sta segu leivapannile ja aja see n\u00e4ppudega \u00fchtlaselt \u00fcle panni p\u00f5hja laiali.<\/li>\n<li>Puista kakaonibsid sinna peale ja suru need s\u00f5rmedega \u00f5rnalt segu sisse.<\/li>\n<li>Pane p\u00f5hi s\u00fcgavk\u00fclma, kuni valmistad &#8220;Nutella&#8221;kreemi.<\/li>\n<li>Valmista kreem: pane sarapuup\u00e4hklid k\u00f6\u00f6gikombaini ja sega, kuni p\u00e4hklid on t\u00e4iesti pulbriks purustatud ja segu hakkab kleepuma ning v\u00f5iks muutuma.<\/li>\n<li>Lisa ka k\u00f5ik teised \u0161okolaadikreemi koostisosad ja purusta \u00fchtlaseks kreemiks.<\/li>\n<li>V\u00f5ta p\u00f5hi s\u00fcgavk\u00fclmast ning vala sinna peale \u0161okolaadikreem. Tasanda spaatliga ja pane vorm s\u00fcgavk\u00fclma 30-60 minutiks tagasi.<\/li>\n<li>V\u00f5ta magustoit s\u00fcgavk\u00fclmast v\u00e4lja, kaunista vedela \u0161okolaadi ja p\u00e4hklipuruga. Pane 5 minutiks tagasi s\u00fcgavk\u00fclma, l\u00f5ika sobiva kujuga ruudud ja serveeri.<\/li>\n<\/ol>\n","protected":false},"excerpt":{"rendered":"<p>Vaja l\u00e4heb:<\/p>\n<ul>\n<li>90 g v\u00e4rskeid v\u00f5i poolkuivatatud <a href=\"https:\/\/bio4you.eu\/et\/supertoidud\/4356-datlid-1kg.html?utm_source=bioretsept&amp;utm_medium=retsept&amp;utm_campaign=ruudud\" target=\"_blank\" rel=\"noopener\">datleid<\/a><\/li>\n<li>80 g <a href=\"https:\/\/bio4you.eu\/et\/supertoidud\/4885-mandlid-1kg.html?utm_source=bioretsept&amp;utm_medium=retsept&amp;utm_campaign=ruudud\" target=\"_blank\" rel=\"noopener\">mandleid<\/a><\/li>\n<li>n\u00e4puotsat\u00e4is <a href=\"https:\/\/bio4you.eu\/et\/maitseained-ja-magustajad\/902-trapani-meresool-peen-1kg.html?utm_source=bioretsept&amp;utm_medium=retsept&amp;utm_campaign=ruudud\" target=\"_blank\" rel=\"noopener\">soola<\/a><\/li>\n<li>25 g <a href=\"https:\/\/bio4you.eu\/et\/supertoidud\/1933-toorkakao-nibsid-250g-nutrisslim.html?utm_source=bioretsept&amp;utm_medium=retsept&amp;utm_campaign=ruudud\" target=\"_blank\" rel=\"noopener\">kakaonibse<\/a><\/li>\n<\/ul>\n<p>&#8220;Nutella&#8221; kreemi koostisosad:<\/p>\n<ul>\n<li>200 g r\u00f6stitud ja kooritud <a href=\"https:\/\/bio4you.eu\/et\/supertoidud\/4580-sarapuupaehklid-1kg.html?utm_source=bioretsept&amp;utm_medium=retsept&amp;utm_campaign=ruudud\" target=\"_blank\" rel=\"noopener\">sarapuup\u00e4hkleid<\/a><\/li>\n<li>30 g <a href=\"https:\/\/bio4you.eu\/et\/supertoidud\/1725-toorkakao-pulber-250g.html?utm_source=bioretsept&amp;utm_medium=retsept&amp;utm_campaign=ruudud\" target=\"_blank\" rel=\"noopener\">toorkakaopulbrit<\/a><\/li>\n<li>250 g <a href=\"https:\/\/bio4you.eu\/et\/olid-kastmed-kreemid\/4992-kookospiim-400ml.html?utm_source=bioretsept&amp;utm_medium=retsept&amp;utm_campaign=ruudud\" target=\"_blank\" rel=\"noopener\">kookoskoort<\/a> (tahke osa konserveeritud kookospiimas)<\/li>\n<li>1 spl <a href=\"https:\/\/bio4you.eu\/et\/suhkruasendaja\/3776-eruetritool-1kg.html?utm_source=bioretsept&amp;utm_medium=retsept&amp;utm_campaign=ruudud\" target=\"_blank\" rel=\"noopener\">er\u00fctritooli<\/a><\/li>\n<li>1 tl vaniljeekstrakti v\u00f5i -pastat<\/li>\n<\/ul>\n<p>Kaunistuseks:<\/p>\n<ul>\n<li>35 g <a href=\"https:\/\/bio4you.eu\/et\/sokolaadid\/4306-tume-sokolaad-95-80g.html?utm_source=bioretsept&amp;utm_medium=retsept&amp;utm_campaign=ruudud\" target=\"_blank\" rel=\"noopener\">tumedat \u0161okolaadi\u00a0<\/a><\/li>\n<li>peot\u00e4is sarapuup\u00e4hkleid (hakitud)<\/li>\n<\/ul>\n","protected":false},"featured_media":4094,"comment_status":"open","ping_status":"closed","template":"","meta":{"_exactmetrics_skip_tracking":false,"_exactmetrics_sitenote_active":false,"_exactmetrics_sitenote_note":"","_exactmetrics_sitenote_category":0},"product_cat":[59,60,382,63,383,280,365],"product_tag":[],"class_list":{"0":"post-4092","1":"product","2":"type-product","3":"status-publish","4":"has-post-thumbnail","6":"product_cat-featured","7":"product_cat-toiduretseptid","8":"product_cat-vegan-toiduretseptid","9":"product_cat-gluteenivabad-retseptid","10":"product_cat-taimetoit","11":"product_cat-koogid-ja-kupsised","12":"product_cat-laste-lemmikud","14":"first","15":"instock","16":"shipping-taxable","17":"product-type-simple"},"yoast_head":"<!-- This site is optimized with the Yoast SEO plugin v23.3 - https:\/\/yoast.com\/wordpress\/plugins\/seo\/ -->\n<title>\u0160okolaadi-p\u00e4hkliruudud - bio4you.eu\/retseptid<\/title>\n<meta name=\"description\" content=\"Pane sel aastal j\u00f5ululauale tervislik, kerge ja jumalikult \u0161okolaadine p\u00fchademaiustus, mida on v\u00e4ga lihtne valmistada.\" \/>\n<meta name=\"robots\" content=\"index, follow, max-snippet:-1, max-image-preview:large, max-video-preview:-1\" \/>\n<link rel=\"canonical\" href=\"https:\/\/bio4you.eu\/retseptid\/toode\/sokolaadi-pahkli-ruudud\/\" \/>\n<meta property=\"og:locale\" content=\"et_EE\" \/>\n<meta property=\"og:type\" content=\"article\" \/>\n<meta property=\"og:title\" content=\"\u0160okolaadi-p\u00e4hkliruudud - bio4you.eu\/retseptid\" \/>\n<meta property=\"og:description\" content=\"Pane sel aastal j\u00f5ululauale tervislik, kerge ja jumalikult \u0161okolaadine p\u00fchademaiustus, mida on v\u00e4ga lihtne valmistada.\" \/>\n<meta property=\"og:url\" content=\"https:\/\/bio4you.eu\/retseptid\/toode\/sokolaadi-pahkli-ruudud\/\" \/>\n<meta property=\"og:site_name\" content=\"bio4you.eu\/retseptid\" \/>\n<meta property=\"article:modified_time\" content=\"2022-12-23T11:21:19+00:00\" \/>\n<meta property=\"og:image\" content=\"https:\/\/bio4you.eu\/retseptid\/wp-content\/uploads\/2022\/12\/320912754_2527238954085682_1040749713491271333_n.jpg\" \/>\n\t<meta property=\"og:image:width\" content=\"1440\" \/>\n\t<meta property=\"og:image:height\" content=\"1798\" \/>\n\t<meta property=\"og:image:type\" content=\"image\/jpeg\" \/>\n<meta name=\"twitter:label1\" content=\"Est. reading time\" \/>\n\t<meta name=\"twitter:data1\" content=\"1 minut\" \/>\n<script type=\"application\/ld+json\" class=\"yoast-schema-graph\">{\"@context\":\"https:\/\/schema.org\",\"@graph\":[{\"@type\":\"WebPage\",\"@id\":\"https:\/\/bio4you.eu\/retseptid\/toode\/sokolaadi-pahkli-ruudud\/\",\"url\":\"https:\/\/bio4you.eu\/retseptid\/toode\/sokolaadi-pahkli-ruudud\/\",\"name\":\"\u0160okolaadi-p\u00e4hkliruudud - bio4you.eu\/retseptid\",\"isPartOf\":{\"@id\":\"https:\/\/bio4you.eu\/retseptid\/#website\"},\"primaryImageOfPage\":{\"@id\":\"https:\/\/bio4you.eu\/retseptid\/toode\/sokolaadi-pahkli-ruudud\/#primaryimage\"},\"image\":{\"@id\":\"https:\/\/bio4you.eu\/retseptid\/toode\/sokolaadi-pahkli-ruudud\/#primaryimage\"},\"thumbnailUrl\":\"https:\/\/bio4you.eu\/retseptid\/wp-content\/uploads\/2022\/12\/320912754_2527238954085682_1040749713491271333_n.jpg\",\"datePublished\":\"2022-12-23T11:10:47+00:00\",\"dateModified\":\"2022-12-23T11:21:19+00:00\",\"description\":\"Pane sel aastal j\u00f5ululauale tervislik, kerge ja jumalikult \u0161okolaadine p\u00fchademaiustus, mida on v\u00e4ga lihtne valmistada.\",\"breadcrumb\":{\"@id\":\"https:\/\/bio4you.eu\/retseptid\/toode\/sokolaadi-pahkli-ruudud\/#breadcrumb\"},\"inLanguage\":\"et\",\"potentialAction\":[{\"@type\":\"ReadAction\",\"target\":[\"https:\/\/bio4you.eu\/retseptid\/toode\/sokolaadi-pahkli-ruudud\/\"]}]},{\"@type\":\"ImageObject\",\"inLanguage\":\"et\",\"@id\":\"https:\/\/bio4you.eu\/retseptid\/toode\/sokolaadi-pahkli-ruudud\/#primaryimage\",\"url\":\"https:\/\/bio4you.eu\/retseptid\/wp-content\/uploads\/2022\/12\/320912754_2527238954085682_1040749713491271333_n.jpg\",\"contentUrl\":\"https:\/\/bio4you.eu\/retseptid\/wp-content\/uploads\/2022\/12\/320912754_2527238954085682_1040749713491271333_n.jpg\",\"width\":1440,\"height\":1798},{\"@type\":\"BreadcrumbList\",\"@id\":\"https:\/\/bio4you.eu\/retseptid\/toode\/sokolaadi-pahkli-ruudud\/#breadcrumb\",\"itemListElement\":[{\"@type\":\"ListItem\",\"position\":1,\"name\":\"Home\",\"item\":\"https:\/\/bio4you.eu\/retseptid\/\"},{\"@type\":\"ListItem\",\"position\":2,\"name\":\"\u0160okolaadi-p\u00e4hkliruudud\"}]},{\"@type\":\"WebSite\",\"@id\":\"https:\/\/bio4you.eu\/retseptid\/#website\",\"url\":\"https:\/\/bio4you.eu\/retseptid\/\",\"name\":\"bio4you.eu\/retseptid\",\"description\":\"\u00d6ko retseptid ise tegemiseks, looduslikest koostisainetest. Maitsev toit, iluhooldus, kodupuhastus ja aiandus.\",\"potentialAction\":[{\"@type\":\"SearchAction\",\"target\":{\"@type\":\"EntryPoint\",\"urlTemplate\":\"https:\/\/bio4you.eu\/retseptid\/?s={search_term_string}\"},\"query-input\":\"required name=search_term_string\"}],\"inLanguage\":\"et\"}]}<\/script>\n<!-- \/ Yoast SEO plugin. -->","yoast_head_json":{"title":"\u0160okolaadi-p\u00e4hkliruudud - bio4you.eu\/retseptid","description":"Pane sel aastal j\u00f5ululauale tervislik, kerge ja jumalikult \u0161okolaadine p\u00fchademaiustus, mida on v\u00e4ga lihtne valmistada.","robots":{"index":"index","follow":"follow","max-snippet":"max-snippet:-1","max-image-preview":"max-image-preview:large","max-video-preview":"max-video-preview:-1"},"canonical":"https:\/\/bio4you.eu\/retseptid\/toode\/sokolaadi-pahkli-ruudud\/","og_locale":"et_EE","og_type":"article","og_title":"\u0160okolaadi-p\u00e4hkliruudud - bio4you.eu\/retseptid","og_description":"Pane sel aastal j\u00f5ululauale tervislik, kerge ja jumalikult \u0161okolaadine p\u00fchademaiustus, mida on v\u00e4ga lihtne valmistada.","og_url":"https:\/\/bio4you.eu\/retseptid\/toode\/sokolaadi-pahkli-ruudud\/","og_site_name":"bio4you.eu\/retseptid","article_modified_time":"2022-12-23T11:21:19+00:00","og_image":[{"width":1440,"height":1798,"url":"https:\/\/bio4you.eu\/retseptid\/wp-content\/uploads\/2022\/12\/320912754_2527238954085682_1040749713491271333_n.jpg","type":"image\/jpeg"}],"twitter_misc":{"Est. reading time":"1 minut"},"schema":{"@context":"https:\/\/schema.org","@graph":[{"@type":"WebPage","@id":"https:\/\/bio4you.eu\/retseptid\/toode\/sokolaadi-pahkli-ruudud\/","url":"https:\/\/bio4you.eu\/retseptid\/toode\/sokolaadi-pahkli-ruudud\/","name":"\u0160okolaadi-p\u00e4hkliruudud - bio4you.eu\/retseptid","isPartOf":{"@id":"https:\/\/bio4you.eu\/retseptid\/#website"},"primaryImageOfPage":{"@id":"https:\/\/bio4you.eu\/retseptid\/toode\/sokolaadi-pahkli-ruudud\/#primaryimage"},"image":{"@id":"https:\/\/bio4you.eu\/retseptid\/toode\/sokolaadi-pahkli-ruudud\/#primaryimage"},"thumbnailUrl":"https:\/\/bio4you.eu\/retseptid\/wp-content\/uploads\/2022\/12\/320912754_2527238954085682_1040749713491271333_n.jpg","datePublished":"2022-12-23T11:10:47+00:00","dateModified":"2022-12-23T11:21:19+00:00","description":"Pane sel aastal j\u00f5ululauale tervislik, kerge ja jumalikult \u0161okolaadine p\u00fchademaiustus, mida on v\u00e4ga lihtne valmistada.","breadcrumb":{"@id":"https:\/\/bio4you.eu\/retseptid\/toode\/sokolaadi-pahkli-ruudud\/#breadcrumb"},"inLanguage":"et","potentialAction":[{"@type":"ReadAction","target":["https:\/\/bio4you.eu\/retseptid\/toode\/sokolaadi-pahkli-ruudud\/"]}]},{"@type":"ImageObject","inLanguage":"et","@id":"https:\/\/bio4you.eu\/retseptid\/toode\/sokolaadi-pahkli-ruudud\/#primaryimage","url":"https:\/\/bio4you.eu\/retseptid\/wp-content\/uploads\/2022\/12\/320912754_2527238954085682_1040749713491271333_n.jpg","contentUrl":"https:\/\/bio4you.eu\/retseptid\/wp-content\/uploads\/2022\/12\/320912754_2527238954085682_1040749713491271333_n.jpg","width":1440,"height":1798},{"@type":"BreadcrumbList","@id":"https:\/\/bio4you.eu\/retseptid\/toode\/sokolaadi-pahkli-ruudud\/#breadcrumb","itemListElement":[{"@type":"ListItem","position":1,"name":"Home","item":"https:\/\/bio4you.eu\/retseptid\/"},{"@type":"ListItem","position":2,"name":"\u0160okolaadi-p\u00e4hkliruudud"}]},{"@type":"WebSite","@id":"https:\/\/bio4you.eu\/retseptid\/#website","url":"https:\/\/bio4you.eu\/retseptid\/","name":"bio4you.eu\/retseptid","description":"\u00d6ko retseptid ise tegemiseks, looduslikest koostisainetest. Maitsev toit, iluhooldus, kodupuhastus ja aiandus.","potentialAction":[{"@type":"SearchAction","target":{"@type":"EntryPoint","urlTemplate":"https:\/\/bio4you.eu\/retseptid\/?s={search_term_string}"},"query-input":"required name=search_term_string"}],"inLanguage":"et"}]}},"_links":{"self":[{"href":"https:\/\/bio4you.eu\/retseptid\/wp-json\/wp\/v2\/product\/4092"}],"collection":[{"href":"https:\/\/bio4you.eu\/retseptid\/wp-json\/wp\/v2\/product"}],"about":[{"href":"https:\/\/bio4you.eu\/retseptid\/wp-json\/wp\/v2\/types\/product"}],"replies":[{"embeddable":true,"href":"https:\/\/bio4you.eu\/retseptid\/wp-json\/wp\/v2\/comments?post=4092"}],"wp:featuredmedia":[{"embeddable":true,"href":"https:\/\/bio4you.eu\/retseptid\/wp-json\/wp\/v2\/media\/4094"}],"wp:attachment":[{"href":"https:\/\/bio4you.eu\/retseptid\/wp-json\/wp\/v2\/media?parent=4092"}],"wp:term":[{"taxonomy":"product_cat","embeddable":true,"href":"https:\/\/bio4you.eu\/retseptid\/wp-json\/wp\/v2\/product_cat?post=4092"},{"taxonomy":"product_tag","embeddable":true,"href":"https:\/\/bio4you.eu\/retseptid\/wp-json\/wp\/v2\/product_tag?post=4092"}],"curies":[{"name":"wp","href":"https:\/\/api.w.org\/{rel}","templated":true}]}}