{"id":4099,"date":"2023-01-06T13:13:02","date_gmt":"2023-01-06T11:13:02","guid":{"rendered":"https:\/\/bio4you.eu\/retseptid\/?post_type=product&#038;p=4099"},"modified":"2023-01-06T13:30:03","modified_gmt":"2023-01-06T11:30:03","slug":"kreemine-brokolisupp","status":"publish","type":"product","link":"https:\/\/bio4you.eu\/retseptid\/toode\/kreemine-brokolisupp\/","title":{"rendered":"Kreemine brokolisupp"},"content":{"rendered":"<p>Valmistamine:<\/p>\n<ol>\n<li>Jaga brokoli \u00f5isikuteks ja j\u00e4ta neist neli k\u00f5rvale. Keeda \u00fclej\u00e4\u00e4nud kergelt soolaga maitsestatud vees umbes k\u00fcmme minutit. Vahepeal sega riisikreem \u00e4\u00e4dika, safrani ja n\u00e4puotsat\u00e4ie soolaga. Kui brokoli on pehme, n\u00f5ruta ja blenderda \u00f5isikud lusikat\u00e4ie oliivi\u00f5li ja v\u00e4hese keeduveega, kuni saad \u00fchtlase ja kreemja p\u00fcree.<\/li>\n<li>Pruunista k\u00f5rvale j\u00e4etud \u00f5isikud pannil tilga \u00f5li ja n\u00e4puotsat\u00e4ie soolaga, hoides need kr\u00f5mpsuvad.<\/li>\n<li>Pane lusikat\u00e4is tahinit kausi p\u00f5hja, vala peale supp ja k\u00f5ige peale lisa koor. Kaunista seesamiseemnete ja kr\u00f5mpsuvate brokoli\u00f5isikutega. Naudi kohe!<\/li>\n<\/ol>\n","protected":false},"excerpt":{"rendered":"<p>Vaja l\u00e4heb:<\/p>\n<ul>\n<li>700 g puhastatud brokolit<\/li>\n<li>100 g <a href=\"https:\/\/bio4you.eu\/et\/olid-kastmed-kreemid\/1458-gluteenivaba-riisikreem-toiduvalmistamiseks-200ml.html?utm_source=bioretsept&amp;utm_medium=retsept&amp;utm_campaign=brokolisupp\" target=\"_blank\" rel=\"noopener\">The Bridge Bio riisikreemi<\/a><\/li>\n<li>Pisut <a href=\"https:\/\/bio4you.eu\/et\/maitseained-ja-magustajad\/1454-safranipulber-3x013g.html?utm_source=bioretsept&amp;utm_medium=retsept&amp;utm_campaign=brokolisupp\" target=\"_blank\" rel=\"noopener\">safranipulbrit<\/a><\/li>\n<li>2 tl <a href=\"https:\/\/bio4you.eu\/et\/olid-kastmed-kreemid\/1937-ounaaadikas-750ml-baule-volante.html?utm_source=bioretsept&amp;utm_medium=retsept&amp;utm_campaign=brokolisupp\" target=\"_blank\" rel=\"noopener\">\u00f5una\u00e4\u00e4dikat<\/a><\/li>\n<li>4 spl <a href=\"https:\/\/bio4you.eu\/et\/paehklikreemid-ja-voided\/2077-tahini-seesamipasta-350g.html?utm_source=bioretsept&amp;utm_medium=retsept&amp;utm_campaign=brokolisupp\" target=\"_blank\" rel=\"noopener\">tahinit<\/a><\/li>\n<li>r\u00f6stitud <a href=\"https:\/\/bio4you.eu\/et\/supertoidud\/2935-seesamiseemned-250g.html?utm_source=bioretsept&amp;utm_medium=retsept&amp;utm_campaign=brokolisupp\" target=\"_blank\" rel=\"noopener\">seesamiseemneid<\/a> maitse j\u00e4rgi<\/li>\n<li><a href=\"https:\/\/bio4you.eu\/et\/olid-kastmed-kreemid\/2244-ekstra-vaeaerisoliivioli-1l.html?utm_source=bioretsept&amp;utm_medium=retsept&amp;utm_campaign=brokolisupp\" target=\"_blank\" rel=\"noopener\">ekstra v\u00e4\u00e4risoliivi\u00f5li<\/a><\/li>\n<li><a href=\"https:\/\/bio4you.eu\/et\/434-sool-uerdisool-ja-puljongid?utm_source=bioretsept&amp;utm_medium=retsept&amp;utm_campaign=brokolisupp\" target=\"_blank\" rel=\"noopener\">soola<\/a> maitse j\u00e4rgi \u2060<\/li>\n<\/ul>\n","protected":false},"featured_media":4100,"comment_status":"open","ping_status":"closed","template":"","meta":{"_exactmetrics_skip_tracking":false,"_exactmetrics_sitenote_active":false,"_exactmetrics_sitenote_note":"","_exactmetrics_sitenote_category":0},"product_cat":[59,60,382,63,383,379],"product_tag":[],"class_list":{"0":"post-4099","1":"product","2":"type-product","3":"status-publish","4":"has-post-thumbnail","6":"product_cat-featured","7":"product_cat-toiduretseptid","8":"product_cat-vegan-toiduretseptid","9":"product_cat-gluteenivabad-retseptid","10":"product_cat-taimetoit","11":"product_cat-supid","13":"first","14":"instock","15":"shipping-taxable","16":"product-type-simple"},"yoast_head":"<!-- This site is optimized with the Yoast SEO plugin v23.3 - https:\/\/yoast.com\/wordpress\/plugins\/seo\/ -->\n<title>Kreemine brokolisupp - bio4you.eu\/retseptid<\/title>\n<meta name=\"description\" content=\"M\u00f5nusalt kreemine ja tervislik brokolip\u00fcreesupp, mille lisavad maitset tahini ja safraniga valmistatud riisikoor.\" \/>\n<meta name=\"robots\" content=\"index, follow, max-snippet:-1, max-image-preview:large, max-video-preview:-1\" \/>\n<link rel=\"canonical\" href=\"https:\/\/bio4you.eu\/retseptid\/toode\/kreemine-brokolisupp\/\" \/>\n<meta property=\"og:locale\" content=\"et_EE\" \/>\n<meta property=\"og:type\" content=\"article\" \/>\n<meta property=\"og:title\" content=\"Kreemine brokolisupp - bio4you.eu\/retseptid\" \/>\n<meta property=\"og:description\" content=\"M\u00f5nusalt kreemine ja tervislik brokolip\u00fcreesupp, mille lisavad maitset tahini ja safraniga valmistatud riisikoor.\" \/>\n<meta property=\"og:url\" content=\"https:\/\/bio4you.eu\/retseptid\/toode\/kreemine-brokolisupp\/\" \/>\n<meta property=\"og:site_name\" content=\"bio4you.eu\/retseptid\" \/>\n<meta property=\"article:modified_time\" content=\"2023-01-06T11:30:03+00:00\" \/>\n<meta property=\"og:image\" content=\"https:\/\/bio4you.eu\/retseptid\/wp-content\/uploads\/2023\/01\/Crema-di-broccoli.jpg\" \/>\n\t<meta property=\"og:image:width\" content=\"1920\" \/>\n\t<meta property=\"og:image:height\" content=\"1280\" \/>\n\t<meta property=\"og:image:type\" content=\"image\/jpeg\" \/>\n<meta name=\"twitter:label1\" content=\"Est. reading time\" \/>\n\t<meta name=\"twitter:data1\" content=\"1 minut\" \/>\n<script type=\"application\/ld+json\" class=\"yoast-schema-graph\">{\"@context\":\"https:\/\/schema.org\",\"@graph\":[{\"@type\":\"WebPage\",\"@id\":\"https:\/\/bio4you.eu\/retseptid\/toode\/kreemine-brokolisupp\/\",\"url\":\"https:\/\/bio4you.eu\/retseptid\/toode\/kreemine-brokolisupp\/\",\"name\":\"Kreemine brokolisupp - bio4you.eu\/retseptid\",\"isPartOf\":{\"@id\":\"https:\/\/bio4you.eu\/retseptid\/#website\"},\"primaryImageOfPage\":{\"@id\":\"https:\/\/bio4you.eu\/retseptid\/toode\/kreemine-brokolisupp\/#primaryimage\"},\"image\":{\"@id\":\"https:\/\/bio4you.eu\/retseptid\/toode\/kreemine-brokolisupp\/#primaryimage\"},\"thumbnailUrl\":\"https:\/\/bio4you.eu\/retseptid\/wp-content\/uploads\/2023\/01\/Crema-di-broccoli.jpg\",\"datePublished\":\"2023-01-06T11:13:02+00:00\",\"dateModified\":\"2023-01-06T11:30:03+00:00\",\"description\":\"M\u00f5nusalt kreemine ja tervislik brokolip\u00fcreesupp, mille lisavad maitset tahini ja safraniga valmistatud riisikoor.\",\"breadcrumb\":{\"@id\":\"https:\/\/bio4you.eu\/retseptid\/toode\/kreemine-brokolisupp\/#breadcrumb\"},\"inLanguage\":\"et\",\"potentialAction\":[{\"@type\":\"ReadAction\",\"target\":[\"https:\/\/bio4you.eu\/retseptid\/toode\/kreemine-brokolisupp\/\"]}]},{\"@type\":\"ImageObject\",\"inLanguage\":\"et\",\"@id\":\"https:\/\/bio4you.eu\/retseptid\/toode\/kreemine-brokolisupp\/#primaryimage\",\"url\":\"https:\/\/bio4you.eu\/retseptid\/wp-content\/uploads\/2023\/01\/Crema-di-broccoli.jpg\",\"contentUrl\":\"https:\/\/bio4you.eu\/retseptid\/wp-content\/uploads\/2023\/01\/Crema-di-broccoli.jpg\",\"width\":1920,\"height\":1280},{\"@type\":\"BreadcrumbList\",\"@id\":\"https:\/\/bio4you.eu\/retseptid\/toode\/kreemine-brokolisupp\/#breadcrumb\",\"itemListElement\":[{\"@type\":\"ListItem\",\"position\":1,\"name\":\"Home\",\"item\":\"https:\/\/bio4you.eu\/retseptid\/\"},{\"@type\":\"ListItem\",\"position\":2,\"name\":\"Kreemine brokolisupp\"}]},{\"@type\":\"WebSite\",\"@id\":\"https:\/\/bio4you.eu\/retseptid\/#website\",\"url\":\"https:\/\/bio4you.eu\/retseptid\/\",\"name\":\"bio4you.eu\/retseptid\",\"description\":\"\u00d6ko retseptid ise tegemiseks, looduslikest koostisainetest. Maitsev toit, iluhooldus, kodupuhastus ja aiandus.\",\"potentialAction\":[{\"@type\":\"SearchAction\",\"target\":{\"@type\":\"EntryPoint\",\"urlTemplate\":\"https:\/\/bio4you.eu\/retseptid\/?s={search_term_string}\"},\"query-input\":\"required name=search_term_string\"}],\"inLanguage\":\"et\"}]}<\/script>\n<!-- \/ Yoast SEO plugin. -->","yoast_head_json":{"title":"Kreemine brokolisupp - bio4you.eu\/retseptid","description":"M\u00f5nusalt kreemine ja tervislik brokolip\u00fcreesupp, mille lisavad maitset tahini ja safraniga valmistatud riisikoor.","robots":{"index":"index","follow":"follow","max-snippet":"max-snippet:-1","max-image-preview":"max-image-preview:large","max-video-preview":"max-video-preview:-1"},"canonical":"https:\/\/bio4you.eu\/retseptid\/toode\/kreemine-brokolisupp\/","og_locale":"et_EE","og_type":"article","og_title":"Kreemine brokolisupp - bio4you.eu\/retseptid","og_description":"M\u00f5nusalt kreemine ja tervislik brokolip\u00fcreesupp, mille lisavad maitset tahini ja safraniga valmistatud riisikoor.","og_url":"https:\/\/bio4you.eu\/retseptid\/toode\/kreemine-brokolisupp\/","og_site_name":"bio4you.eu\/retseptid","article_modified_time":"2023-01-06T11:30:03+00:00","og_image":[{"width":1920,"height":1280,"url":"https:\/\/bio4you.eu\/retseptid\/wp-content\/uploads\/2023\/01\/Crema-di-broccoli.jpg","type":"image\/jpeg"}],"twitter_misc":{"Est. reading time":"1 minut"},"schema":{"@context":"https:\/\/schema.org","@graph":[{"@type":"WebPage","@id":"https:\/\/bio4you.eu\/retseptid\/toode\/kreemine-brokolisupp\/","url":"https:\/\/bio4you.eu\/retseptid\/toode\/kreemine-brokolisupp\/","name":"Kreemine brokolisupp - bio4you.eu\/retseptid","isPartOf":{"@id":"https:\/\/bio4you.eu\/retseptid\/#website"},"primaryImageOfPage":{"@id":"https:\/\/bio4you.eu\/retseptid\/toode\/kreemine-brokolisupp\/#primaryimage"},"image":{"@id":"https:\/\/bio4you.eu\/retseptid\/toode\/kreemine-brokolisupp\/#primaryimage"},"thumbnailUrl":"https:\/\/bio4you.eu\/retseptid\/wp-content\/uploads\/2023\/01\/Crema-di-broccoli.jpg","datePublished":"2023-01-06T11:13:02+00:00","dateModified":"2023-01-06T11:30:03+00:00","description":"M\u00f5nusalt kreemine ja tervislik brokolip\u00fcreesupp, mille lisavad maitset tahini ja safraniga valmistatud riisikoor.","breadcrumb":{"@id":"https:\/\/bio4you.eu\/retseptid\/toode\/kreemine-brokolisupp\/#breadcrumb"},"inLanguage":"et","potentialAction":[{"@type":"ReadAction","target":["https:\/\/bio4you.eu\/retseptid\/toode\/kreemine-brokolisupp\/"]}]},{"@type":"ImageObject","inLanguage":"et","@id":"https:\/\/bio4you.eu\/retseptid\/toode\/kreemine-brokolisupp\/#primaryimage","url":"https:\/\/bio4you.eu\/retseptid\/wp-content\/uploads\/2023\/01\/Crema-di-broccoli.jpg","contentUrl":"https:\/\/bio4you.eu\/retseptid\/wp-content\/uploads\/2023\/01\/Crema-di-broccoli.jpg","width":1920,"height":1280},{"@type":"BreadcrumbList","@id":"https:\/\/bio4you.eu\/retseptid\/toode\/kreemine-brokolisupp\/#breadcrumb","itemListElement":[{"@type":"ListItem","position":1,"name":"Home","item":"https:\/\/bio4you.eu\/retseptid\/"},{"@type":"ListItem","position":2,"name":"Kreemine brokolisupp"}]},{"@type":"WebSite","@id":"https:\/\/bio4you.eu\/retseptid\/#website","url":"https:\/\/bio4you.eu\/retseptid\/","name":"bio4you.eu\/retseptid","description":"\u00d6ko retseptid ise tegemiseks, looduslikest koostisainetest. Maitsev toit, iluhooldus, kodupuhastus ja aiandus.","potentialAction":[{"@type":"SearchAction","target":{"@type":"EntryPoint","urlTemplate":"https:\/\/bio4you.eu\/retseptid\/?s={search_term_string}"},"query-input":"required name=search_term_string"}],"inLanguage":"et"}]}},"_links":{"self":[{"href":"https:\/\/bio4you.eu\/retseptid\/wp-json\/wp\/v2\/product\/4099"}],"collection":[{"href":"https:\/\/bio4you.eu\/retseptid\/wp-json\/wp\/v2\/product"}],"about":[{"href":"https:\/\/bio4you.eu\/retseptid\/wp-json\/wp\/v2\/types\/product"}],"replies":[{"embeddable":true,"href":"https:\/\/bio4you.eu\/retseptid\/wp-json\/wp\/v2\/comments?post=4099"}],"wp:featuredmedia":[{"embeddable":true,"href":"https:\/\/bio4you.eu\/retseptid\/wp-json\/wp\/v2\/media\/4100"}],"wp:attachment":[{"href":"https:\/\/bio4you.eu\/retseptid\/wp-json\/wp\/v2\/media?parent=4099"}],"wp:term":[{"taxonomy":"product_cat","embeddable":true,"href":"https:\/\/bio4you.eu\/retseptid\/wp-json\/wp\/v2\/product_cat?post=4099"},{"taxonomy":"product_tag","embeddable":true,"href":"https:\/\/bio4you.eu\/retseptid\/wp-json\/wp\/v2\/product_tag?post=4099"}],"curies":[{"name":"wp","href":"https:\/\/api.w.org\/{rel}","templated":true}]}}