{"id":4102,"date":"2023-01-13T12:55:55","date_gmt":"2023-01-13T10:55:55","guid":{"rendered":"https:\/\/bio4you.eu\/retseptid\/?post_type=product&#038;p=4102"},"modified":"2023-01-13T12:55:55","modified_gmt":"2023-01-13T10:55:55","slug":"kollageeni-ilujook-kookosega","status":"publish","type":"product","link":"https:\/\/bio4you.eu\/retseptid\/toode\/kollageeni-ilujook-kookosega\/","title":{"rendered":"Kollageeni ilujook kookosega"},"content":{"rendered":"<p>Valmistamine:<\/p>\n<ol>\n<li>Leota India p\u00e4hkleid \u00fcle\u00f6\u00f6 vees. Hommikul kalla vesi \u00e4ra ning loputa p\u00e4hklid \u00f5rnalt voolava vee all.<\/li>\n<li>Pane k\u00f5ik koostisosad (va marjad) blenderisse ja sega kokku \u00fchtlaseks joogiks.<\/li>\n<li>Pane marjad klaasi p\u00f5hja ning kalla v\u00e4rskelt blenderdatud kookosjook peale. Naudi!<\/li>\n<\/ol>\n","protected":false},"excerpt":{"rendered":"<p>Kollageenisegu s\u00e4rava naha ja pikkade k\u00fc\u00fcnte &amp; juuste heaks!<br \/>\n\u2713 Patendeeritud Naticol<strong>\u00ae <\/strong>kollageenivorm.<br \/>\n\u2713 Segule on lisatud supertoite ning kollageeni paremaks imendumiseks C-vitamiini.<br \/>\n\u2713 H\u00fcdrol\u00fc\u00fcsitud peptiidid parimaks imendumiseks.<br \/>\n\u2713 T\u00f5estatud hea toime nahale.<br \/>\n\u2713 Muudab naha elastsemaks.<br \/>\n\u2713 Naturaalse maasikamaitsega, mis muudab segu tabimise veelgi m\u00f5nusamaks.<\/p>\n<p>Vaja l\u00e4heb:<\/p>\n<ul>\n<li>40 g <a href=\"https:\/\/bio4you.eu\/et\/supertoidud\/4579-india-paehklid-1kg.html?utm_source=bioretsept&amp;utm_medium=retsept&amp;utm_campaign=kollageenijoook\" target=\"_blank\" rel=\"noopener\">India p\u00e4hkleid<\/a><\/li>\n<li>1 kulbit\u00e4is <a href=\"https:\/\/bio4you.eu\/et\/naistele\/3224-kollageenijoogi-pulber-nahale-skin-care-120g-toidulisand.html?utm_source=bioretsept&amp;utm_medium=retsept&amp;utm_campaign=kollageenijoook\" target=\"_blank\" rel=\"noopener\">Nature&#8217;s Finest kollageenijoogi pulbrit<\/a><\/li>\n<li>250 ml <a href=\"https:\/\/bio4you.eu\/et\/taimsed-joogid-ja-kreemid\/3289-kookosjook-1l.html?utm_source=bioretsept&amp;utm_medium=retsept&amp;utm_campaign=kollageenijoook\" target=\"_blank\" rel=\"noopener\">kookosjooki<\/a><\/li>\n<li>1 tl vaniljeekstrakti<\/li>\n<li>1 spl <a href=\"https:\/\/bio4you.eu\/et\/kookostooted\/3097-kookoshelbed-200g-cosmoveda.html?utm_source=bioretsept&amp;utm_medium=retsept&amp;utm_campaign=kollageenijoook\" target=\"_blank\" rel=\"noopener\">kookoshelbeid<\/a><\/li>\n<li>1 spl k\u00fclmutatud marju<\/li>\n<\/ul>\n","protected":false},"featured_media":4103,"comment_status":"open","ping_status":"closed","template":"","meta":{"_exactmetrics_skip_tracking":false,"_exactmetrics_sitenote_active":false,"_exactmetrics_sitenote_note":"","_exactmetrics_sitenote_category":0},"product_cat":[59,61,60,63,376],"product_tag":[],"class_list":{"0":"post-4102","1":"product","2":"type-product","3":"status-publish","4":"has-post-thumbnail","6":"product_cat-featured","7":"product_cat-ilu-retseptid","8":"product_cat-toiduretseptid","9":"product_cat-gluteenivabad-retseptid","10":"product_cat-smuutid","12":"first","13":"instock","14":"shipping-taxable","15":"product-type-simple"},"yoast_head":"<!-- This site is optimized with the Yoast SEO plugin v23.3 - https:\/\/yoast.com\/wordpress\/plugins\/seo\/ -->\n<title>Kollageeni ilujook kookosega - bio4you.eu\/retseptid<\/title>\n<meta name=\"description\" content=\"Ilujook Nature&#039;s Finest patendeeritud Naticol\u00ae kollageenivormiga, mis muudab naha elastsemaks ja maitseb suurep\u00e4raselt!\" \/>\n<meta name=\"robots\" content=\"index, follow, max-snippet:-1, max-image-preview:large, max-video-preview:-1\" \/>\n<link rel=\"canonical\" href=\"https:\/\/bio4you.eu\/retseptid\/toode\/kollageeni-ilujook-kookosega\/\" \/>\n<meta property=\"og:locale\" content=\"et_EE\" \/>\n<meta property=\"og:type\" content=\"article\" \/>\n<meta property=\"og:title\" content=\"Kollageeni ilujook kookosega - bio4you.eu\/retseptid\" \/>\n<meta property=\"og:description\" content=\"Ilujook Nature&#039;s Finest patendeeritud Naticol\u00ae kollageenivormiga, mis muudab naha elastsemaks ja maitseb suurep\u00e4raselt!\" \/>\n<meta property=\"og:url\" content=\"https:\/\/bio4you.eu\/retseptid\/toode\/kollageeni-ilujook-kookosega\/\" \/>\n<meta property=\"og:site_name\" content=\"bio4you.eu\/retseptid\" \/>\n<meta property=\"og:image\" content=\"https:\/\/bio4you.eu\/retseptid\/wp-content\/uploads\/2023\/01\/9Z1A2609-min-1024x1024.jpg.webp\" \/>\n\t<meta property=\"og:image:width\" content=\"1024\" \/>\n\t<meta property=\"og:image:height\" content=\"1024\" \/>\n\t<meta property=\"og:image:type\" content=\"image\/webp\" \/>\n<meta name=\"twitter:label1\" content=\"Est. reading time\" \/>\n\t<meta name=\"twitter:data1\" content=\"1 minut\" \/>\n<script type=\"application\/ld+json\" class=\"yoast-schema-graph\">{\"@context\":\"https:\/\/schema.org\",\"@graph\":[{\"@type\":\"WebPage\",\"@id\":\"https:\/\/bio4you.eu\/retseptid\/toode\/kollageeni-ilujook-kookosega\/\",\"url\":\"https:\/\/bio4you.eu\/retseptid\/toode\/kollageeni-ilujook-kookosega\/\",\"name\":\"Kollageeni ilujook kookosega - bio4you.eu\/retseptid\",\"isPartOf\":{\"@id\":\"https:\/\/bio4you.eu\/retseptid\/#website\"},\"primaryImageOfPage\":{\"@id\":\"https:\/\/bio4you.eu\/retseptid\/toode\/kollageeni-ilujook-kookosega\/#primaryimage\"},\"image\":{\"@id\":\"https:\/\/bio4you.eu\/retseptid\/toode\/kollageeni-ilujook-kookosega\/#primaryimage\"},\"thumbnailUrl\":\"https:\/\/bio4you.eu\/retseptid\/wp-content\/uploads\/2023\/01\/9Z1A2609-min-1024x1024.jpg.webp\",\"datePublished\":\"2023-01-13T10:55:55+00:00\",\"dateModified\":\"2023-01-13T10:55:55+00:00\",\"description\":\"Ilujook Nature's Finest patendeeritud Naticol\u00ae kollageenivormiga, mis muudab naha elastsemaks ja maitseb suurep\u00e4raselt!\",\"breadcrumb\":{\"@id\":\"https:\/\/bio4you.eu\/retseptid\/toode\/kollageeni-ilujook-kookosega\/#breadcrumb\"},\"inLanguage\":\"et\",\"potentialAction\":[{\"@type\":\"ReadAction\",\"target\":[\"https:\/\/bio4you.eu\/retseptid\/toode\/kollageeni-ilujook-kookosega\/\"]}]},{\"@type\":\"ImageObject\",\"inLanguage\":\"et\",\"@id\":\"https:\/\/bio4you.eu\/retseptid\/toode\/kollageeni-ilujook-kookosega\/#primaryimage\",\"url\":\"https:\/\/bio4you.eu\/retseptid\/wp-content\/uploads\/2023\/01\/9Z1A2609-min-1024x1024.jpg.webp\",\"contentUrl\":\"https:\/\/bio4you.eu\/retseptid\/wp-content\/uploads\/2023\/01\/9Z1A2609-min-1024x1024.jpg.webp\",\"width\":1024,\"height\":1024},{\"@type\":\"BreadcrumbList\",\"@id\":\"https:\/\/bio4you.eu\/retseptid\/toode\/kollageeni-ilujook-kookosega\/#breadcrumb\",\"itemListElement\":[{\"@type\":\"ListItem\",\"position\":1,\"name\":\"Home\",\"item\":\"https:\/\/bio4you.eu\/retseptid\/\"},{\"@type\":\"ListItem\",\"position\":2,\"name\":\"Kollageeni ilujook kookosega\"}]},{\"@type\":\"WebSite\",\"@id\":\"https:\/\/bio4you.eu\/retseptid\/#website\",\"url\":\"https:\/\/bio4you.eu\/retseptid\/\",\"name\":\"bio4you.eu\/retseptid\",\"description\":\"\u00d6ko retseptid ise tegemiseks, looduslikest koostisainetest. Maitsev toit, iluhooldus, kodupuhastus ja aiandus.\",\"potentialAction\":[{\"@type\":\"SearchAction\",\"target\":{\"@type\":\"EntryPoint\",\"urlTemplate\":\"https:\/\/bio4you.eu\/retseptid\/?s={search_term_string}\"},\"query-input\":\"required name=search_term_string\"}],\"inLanguage\":\"et\"}]}<\/script>\n<!-- \/ Yoast SEO plugin. -->","yoast_head_json":{"title":"Kollageeni ilujook kookosega - bio4you.eu\/retseptid","description":"Ilujook Nature's Finest patendeeritud Naticol\u00ae kollageenivormiga, mis muudab naha elastsemaks ja maitseb suurep\u00e4raselt!","robots":{"index":"index","follow":"follow","max-snippet":"max-snippet:-1","max-image-preview":"max-image-preview:large","max-video-preview":"max-video-preview:-1"},"canonical":"https:\/\/bio4you.eu\/retseptid\/toode\/kollageeni-ilujook-kookosega\/","og_locale":"et_EE","og_type":"article","og_title":"Kollageeni ilujook kookosega - bio4you.eu\/retseptid","og_description":"Ilujook Nature's Finest patendeeritud Naticol\u00ae kollageenivormiga, mis muudab naha elastsemaks ja maitseb suurep\u00e4raselt!","og_url":"https:\/\/bio4you.eu\/retseptid\/toode\/kollageeni-ilujook-kookosega\/","og_site_name":"bio4you.eu\/retseptid","og_image":[{"width":1024,"height":1024,"url":"https:\/\/bio4you.eu\/retseptid\/wp-content\/uploads\/2023\/01\/9Z1A2609-min-1024x1024.jpg.webp","type":"image\/webp"}],"twitter_misc":{"Est. reading time":"1 minut"},"schema":{"@context":"https:\/\/schema.org","@graph":[{"@type":"WebPage","@id":"https:\/\/bio4you.eu\/retseptid\/toode\/kollageeni-ilujook-kookosega\/","url":"https:\/\/bio4you.eu\/retseptid\/toode\/kollageeni-ilujook-kookosega\/","name":"Kollageeni ilujook kookosega - bio4you.eu\/retseptid","isPartOf":{"@id":"https:\/\/bio4you.eu\/retseptid\/#website"},"primaryImageOfPage":{"@id":"https:\/\/bio4you.eu\/retseptid\/toode\/kollageeni-ilujook-kookosega\/#primaryimage"},"image":{"@id":"https:\/\/bio4you.eu\/retseptid\/toode\/kollageeni-ilujook-kookosega\/#primaryimage"},"thumbnailUrl":"https:\/\/bio4you.eu\/retseptid\/wp-content\/uploads\/2023\/01\/9Z1A2609-min-1024x1024.jpg.webp","datePublished":"2023-01-13T10:55:55+00:00","dateModified":"2023-01-13T10:55:55+00:00","description":"Ilujook Nature's Finest patendeeritud Naticol\u00ae kollageenivormiga, mis muudab naha elastsemaks ja maitseb suurep\u00e4raselt!","breadcrumb":{"@id":"https:\/\/bio4you.eu\/retseptid\/toode\/kollageeni-ilujook-kookosega\/#breadcrumb"},"inLanguage":"et","potentialAction":[{"@type":"ReadAction","target":["https:\/\/bio4you.eu\/retseptid\/toode\/kollageeni-ilujook-kookosega\/"]}]},{"@type":"ImageObject","inLanguage":"et","@id":"https:\/\/bio4you.eu\/retseptid\/toode\/kollageeni-ilujook-kookosega\/#primaryimage","url":"https:\/\/bio4you.eu\/retseptid\/wp-content\/uploads\/2023\/01\/9Z1A2609-min-1024x1024.jpg.webp","contentUrl":"https:\/\/bio4you.eu\/retseptid\/wp-content\/uploads\/2023\/01\/9Z1A2609-min-1024x1024.jpg.webp","width":1024,"height":1024},{"@type":"BreadcrumbList","@id":"https:\/\/bio4you.eu\/retseptid\/toode\/kollageeni-ilujook-kookosega\/#breadcrumb","itemListElement":[{"@type":"ListItem","position":1,"name":"Home","item":"https:\/\/bio4you.eu\/retseptid\/"},{"@type":"ListItem","position":2,"name":"Kollageeni ilujook kookosega"}]},{"@type":"WebSite","@id":"https:\/\/bio4you.eu\/retseptid\/#website","url":"https:\/\/bio4you.eu\/retseptid\/","name":"bio4you.eu\/retseptid","description":"\u00d6ko retseptid ise tegemiseks, looduslikest koostisainetest. Maitsev toit, iluhooldus, kodupuhastus ja aiandus.","potentialAction":[{"@type":"SearchAction","target":{"@type":"EntryPoint","urlTemplate":"https:\/\/bio4you.eu\/retseptid\/?s={search_term_string}"},"query-input":"required name=search_term_string"}],"inLanguage":"et"}]}},"_links":{"self":[{"href":"https:\/\/bio4you.eu\/retseptid\/wp-json\/wp\/v2\/product\/4102"}],"collection":[{"href":"https:\/\/bio4you.eu\/retseptid\/wp-json\/wp\/v2\/product"}],"about":[{"href":"https:\/\/bio4you.eu\/retseptid\/wp-json\/wp\/v2\/types\/product"}],"replies":[{"embeddable":true,"href":"https:\/\/bio4you.eu\/retseptid\/wp-json\/wp\/v2\/comments?post=4102"}],"wp:featuredmedia":[{"embeddable":true,"href":"https:\/\/bio4you.eu\/retseptid\/wp-json\/wp\/v2\/media\/4103"}],"wp:attachment":[{"href":"https:\/\/bio4you.eu\/retseptid\/wp-json\/wp\/v2\/media?parent=4102"}],"wp:term":[{"taxonomy":"product_cat","embeddable":true,"href":"https:\/\/bio4you.eu\/retseptid\/wp-json\/wp\/v2\/product_cat?post=4102"},{"taxonomy":"product_tag","embeddable":true,"href":"https:\/\/bio4you.eu\/retseptid\/wp-json\/wp\/v2\/product_tag?post=4102"}],"curies":[{"name":"wp","href":"https:\/\/api.w.org\/{rel}","templated":true}]}}