{"id":4107,"date":"2023-01-27T15:04:33","date_gmt":"2023-01-27T13:04:33","guid":{"rendered":"https:\/\/bio4you.eu\/retseptid\/?post_type=product&#038;p=4107"},"modified":"2023-01-27T15:07:09","modified_gmt":"2023-01-27T13:07:09","slug":"mini-quicheid","status":"publish","type":"product","link":"https:\/\/bio4you.eu\/retseptid\/toode\/mini-quicheid\/","title":{"rendered":"Mini quiche&#8217;id"},"content":{"rendered":"<p>Valmistamine:<\/p>\n<div class=\"recipe-preparation__item d-flex\">\n<div class=\"recipe-preparation__item-value\">\n<ol>\n<li class=\"CxSpFirst\">Pane kaussi tatrajahu, valge riisijahu, sool ja k\u00fcpsetuspulber. Lisa\u00a0 4 spl piima, 1 muna ja k\u00fclm v\u00f5i ning s\u00f5tku k\u00e4tega hoolikalt \u00fchtlaseks tainaks. Vormi pall ja m\u00e4ssi fooliumisse ning j\u00e4ta umbes 15 minutiks k\u00fclmkappi seisma.<\/li>\n<li class=\"CxSpFirst\">Pese ja haki brokoli \u00f5isikud ja l\u00f5ika ka vars v\u00e4ikesteks t\u00fckkideks. T\u00fckelda p\u00e4ikesekuivatatud tomatid.<\/li>\n<li class=\"CxSpFirst\">Prae brokoli\u00f5isikuid pannil segades umbes 5 minutit, l\u00f5pupoole lisa p\u00e4ikesekuivatatud tomatid ja seederm\u00e4nniseemned ning j\u00e4ta hetkeks pannile.<\/li>\n<li class=\"CxSpFirst\">Pane \u00fclej\u00e4\u00e4nud munad (2 t\u00fckki) kaussi, lisa \u00fclej\u00e4\u00e4nud piim (150 ml) ja riivjuust. Klopi vispliga kokku ning maitsesta soola, pipra ja muskaatp\u00e4hkliga. Haki ja lisa murulauk.<\/li>\n<li class=\"CxSpFirst\">Kuumuta ahi 200 kraadini (\u00fclemine\/alumine kuumus). M\u00e4\u00e4ri muffinivorm rasvainega. Jaga jahutatud tainas 12 v\u00f5rdseks osaks, vormi pallid ja seej\u00e4rel suru k\u00e4te vahel lamedaks.<\/li>\n<li class=\"CxSpFirst\">T\u00f5sta tainas lusikaga muffinivormi s\u00fcvenditesse ja suru k\u00e4tega alla, et moodustuks \u00fchtlane p\u00f5hi ja serv. Eelk\u00fcpseta ahjus umbes 10 minutit, seej\u00e4rel v\u00f5ta ahjust v\u00e4lja.<\/li>\n<\/ol>\n<\/div>\n<\/div>\n","protected":false},"excerpt":{"rendered":"<p>Vaja l\u00e4heb:<\/p>\n<ul>\n<li>100 g <a href=\"https:\/\/bio4you.eu\/et\/jahud\/641-gluteenivaba-taeistera-riisijahu-500g.html?utm_source=bioblogi&amp;utm_medium=postitus&amp;utm_campaign=miniquiche\" target=\"_blank\" rel=\"noopener\">Bauckhof heledat riisijahu<\/a><\/li>\n<li>170 g tatrajahu<\/li>\n<li>pisut <a href=\"https:\/\/bio4you.eu\/et\/maitseained-ja-magustajad\/1883-maeesool-peen-1kg.html?utm_source=bioblogi&amp;utm_medium=postitus&amp;utm_campaign=miniquiche\" target=\"_blank\" rel=\"noopener\">soola<\/a><\/li>\n<li>0,5 tl k\u00fcpsetuspulbrit<\/li>\n<li>150 ml + 4 spl piima<\/li>\n<li>3 muna<\/li>\n<li>135 g k\u00fclma v\u00f5id<\/li>\n<li>300 g brokoli \u00f5isikuid<\/li>\n<li>40 g p\u00e4ikesekuivatatud tomateid<\/li>\n<li>2 spl <a href=\"https:\/\/bio4you.eu\/et\/olid-kastmed-kreemid\/2319-praadimisoli-750ml.html?utm_source=bioblogi&amp;utm_medium=postitus&amp;utm_campaign=miniquiche\" target=\"_blank\" rel=\"noopener\">\u00f5li praadimiseks<\/a><\/li>\n<li>2 spl seederm\u00e4nniseemneid<\/li>\n<li>60 g riivjuustu<\/li>\n<li>pisut pipart<\/li>\n<li>pisut <a href=\"https:\/\/bio4you.eu\/et\/maitseained-ja-magustajad\/1000-jahvatatud-muskaatpaehkel-75g.html?utm_source=bioblogi&amp;utm_medium=postitus&amp;utm_campaign=miniquiche\" target=\"_blank\" rel=\"noopener\">muskaatp\u00e4hklit\u00a0<\/a><\/li>\n<li>meelep\u00e4rane kogus murulauku<\/li>\n<\/ul>\n<p>Lisaks: muffinivormid<\/p>\n","protected":false},"featured_media":4108,"comment_status":"open","ping_status":"closed","template":"","meta":{"_exactmetrics_skip_tracking":false,"_exactmetrics_sitenote_active":false,"_exactmetrics_sitenote_note":"","_exactmetrics_sitenote_category":0},"product_cat":[59,63,383],"product_tag":[],"class_list":{"0":"post-4107","1":"product","2":"type-product","3":"status-publish","4":"has-post-thumbnail","6":"product_cat-featured","7":"product_cat-gluteenivabad-retseptid","8":"product_cat-taimetoit","10":"first","11":"instock","12":"shipping-taxable","13":"product-type-simple"},"yoast_head":"<!-- This site is optimized with the Yoast SEO plugin v23.3 - https:\/\/yoast.com\/wordpress\/plugins\/seo\/ -->\n<title>Mini quiche&#039;id - bio4you.eu\/retseptid<\/title>\n<meta name=\"description\" content=\"Tervislikud riisi- ja tatrajahust valmivad quiche&#039;id sobivad kergeks l\u00f5unas\u00f6\u00f6giks t\u00f6\u00f6le v\u00f5i kooli kaasa v\u00f5tmiseks. Serveeri ka k\u00fclalistele!\" \/>\n<meta name=\"robots\" content=\"index, follow, max-snippet:-1, max-image-preview:large, max-video-preview:-1\" \/>\n<link rel=\"canonical\" href=\"https:\/\/bio4you.eu\/retseptid\/toode\/mini-quicheid\/\" \/>\n<meta property=\"og:locale\" content=\"et_EE\" \/>\n<meta property=\"og:type\" content=\"article\" \/>\n<meta property=\"og:title\" content=\"Mini quiche&#039;id - bio4you.eu\/retseptid\" \/>\n<meta property=\"og:description\" content=\"Tervislikud riisi- ja tatrajahust valmivad quiche&#039;id sobivad kergeks l\u00f5unas\u00f6\u00f6giks t\u00f6\u00f6le v\u00f5i kooli kaasa v\u00f5tmiseks. Serveeri ka k\u00fclalistele!\" \/>\n<meta property=\"og:url\" content=\"https:\/\/bio4you.eu\/retseptid\/toode\/mini-quicheid\/\" \/>\n<meta property=\"og:site_name\" content=\"bio4you.eu\/retseptid\" \/>\n<meta property=\"article:modified_time\" content=\"2023-01-27T13:07:09+00:00\" \/>\n<meta property=\"og:image\" content=\"https:\/\/bio4you.eu\/retseptid\/wp-content\/uploads\/2023\/01\/csm_Mini_Ouiche_f6578f43d4.webp\" \/>\n\t<meta property=\"og:image:width\" content=\"650\" \/>\n\t<meta property=\"og:image:height\" content=\"450\" \/>\n\t<meta property=\"og:image:type\" content=\"image\/webp\" \/>\n<meta name=\"twitter:label1\" content=\"Est. reading time\" \/>\n\t<meta name=\"twitter:data1\" content=\"1 minut\" \/>\n<script type=\"application\/ld+json\" class=\"yoast-schema-graph\">{\"@context\":\"https:\/\/schema.org\",\"@graph\":[{\"@type\":\"WebPage\",\"@id\":\"https:\/\/bio4you.eu\/retseptid\/toode\/mini-quicheid\/\",\"url\":\"https:\/\/bio4you.eu\/retseptid\/toode\/mini-quicheid\/\",\"name\":\"Mini quiche'id - bio4you.eu\/retseptid\",\"isPartOf\":{\"@id\":\"https:\/\/bio4you.eu\/retseptid\/#website\"},\"primaryImageOfPage\":{\"@id\":\"https:\/\/bio4you.eu\/retseptid\/toode\/mini-quicheid\/#primaryimage\"},\"image\":{\"@id\":\"https:\/\/bio4you.eu\/retseptid\/toode\/mini-quicheid\/#primaryimage\"},\"thumbnailUrl\":\"https:\/\/bio4you.eu\/retseptid\/wp-content\/uploads\/2023\/01\/csm_Mini_Ouiche_f6578f43d4.webp\",\"datePublished\":\"2023-01-27T13:04:33+00:00\",\"dateModified\":\"2023-01-27T13:07:09+00:00\",\"description\":\"Tervislikud riisi- ja tatrajahust valmivad quiche'id sobivad kergeks l\u00f5unas\u00f6\u00f6giks t\u00f6\u00f6le v\u00f5i kooli kaasa v\u00f5tmiseks. Serveeri ka k\u00fclalistele!\",\"breadcrumb\":{\"@id\":\"https:\/\/bio4you.eu\/retseptid\/toode\/mini-quicheid\/#breadcrumb\"},\"inLanguage\":\"et\",\"potentialAction\":[{\"@type\":\"ReadAction\",\"target\":[\"https:\/\/bio4you.eu\/retseptid\/toode\/mini-quicheid\/\"]}]},{\"@type\":\"ImageObject\",\"inLanguage\":\"et\",\"@id\":\"https:\/\/bio4you.eu\/retseptid\/toode\/mini-quicheid\/#primaryimage\",\"url\":\"https:\/\/bio4you.eu\/retseptid\/wp-content\/uploads\/2023\/01\/csm_Mini_Ouiche_f6578f43d4.webp\",\"contentUrl\":\"https:\/\/bio4you.eu\/retseptid\/wp-content\/uploads\/2023\/01\/csm_Mini_Ouiche_f6578f43d4.webp\",\"width\":650,\"height\":450},{\"@type\":\"BreadcrumbList\",\"@id\":\"https:\/\/bio4you.eu\/retseptid\/toode\/mini-quicheid\/#breadcrumb\",\"itemListElement\":[{\"@type\":\"ListItem\",\"position\":1,\"name\":\"Home\",\"item\":\"https:\/\/bio4you.eu\/retseptid\/\"},{\"@type\":\"ListItem\",\"position\":2,\"name\":\"Mini quiche&#8217;id\"}]},{\"@type\":\"WebSite\",\"@id\":\"https:\/\/bio4you.eu\/retseptid\/#website\",\"url\":\"https:\/\/bio4you.eu\/retseptid\/\",\"name\":\"bio4you.eu\/retseptid\",\"description\":\"\u00d6ko retseptid ise tegemiseks, looduslikest koostisainetest. Maitsev toit, iluhooldus, kodupuhastus ja aiandus.\",\"potentialAction\":[{\"@type\":\"SearchAction\",\"target\":{\"@type\":\"EntryPoint\",\"urlTemplate\":\"https:\/\/bio4you.eu\/retseptid\/?s={search_term_string}\"},\"query-input\":\"required name=search_term_string\"}],\"inLanguage\":\"et\"}]}<\/script>\n<!-- \/ Yoast SEO plugin. -->","yoast_head_json":{"title":"Mini quiche'id - bio4you.eu\/retseptid","description":"Tervislikud riisi- ja tatrajahust valmivad quiche'id sobivad kergeks l\u00f5unas\u00f6\u00f6giks t\u00f6\u00f6le v\u00f5i kooli kaasa v\u00f5tmiseks. Serveeri ka k\u00fclalistele!","robots":{"index":"index","follow":"follow","max-snippet":"max-snippet:-1","max-image-preview":"max-image-preview:large","max-video-preview":"max-video-preview:-1"},"canonical":"https:\/\/bio4you.eu\/retseptid\/toode\/mini-quicheid\/","og_locale":"et_EE","og_type":"article","og_title":"Mini quiche'id - bio4you.eu\/retseptid","og_description":"Tervislikud riisi- ja tatrajahust valmivad quiche'id sobivad kergeks l\u00f5unas\u00f6\u00f6giks t\u00f6\u00f6le v\u00f5i kooli kaasa v\u00f5tmiseks. Serveeri ka k\u00fclalistele!","og_url":"https:\/\/bio4you.eu\/retseptid\/toode\/mini-quicheid\/","og_site_name":"bio4you.eu\/retseptid","article_modified_time":"2023-01-27T13:07:09+00:00","og_image":[{"width":650,"height":450,"url":"https:\/\/bio4you.eu\/retseptid\/wp-content\/uploads\/2023\/01\/csm_Mini_Ouiche_f6578f43d4.webp","type":"image\/webp"}],"twitter_misc":{"Est. reading time":"1 minut"},"schema":{"@context":"https:\/\/schema.org","@graph":[{"@type":"WebPage","@id":"https:\/\/bio4you.eu\/retseptid\/toode\/mini-quicheid\/","url":"https:\/\/bio4you.eu\/retseptid\/toode\/mini-quicheid\/","name":"Mini quiche'id - bio4you.eu\/retseptid","isPartOf":{"@id":"https:\/\/bio4you.eu\/retseptid\/#website"},"primaryImageOfPage":{"@id":"https:\/\/bio4you.eu\/retseptid\/toode\/mini-quicheid\/#primaryimage"},"image":{"@id":"https:\/\/bio4you.eu\/retseptid\/toode\/mini-quicheid\/#primaryimage"},"thumbnailUrl":"https:\/\/bio4you.eu\/retseptid\/wp-content\/uploads\/2023\/01\/csm_Mini_Ouiche_f6578f43d4.webp","datePublished":"2023-01-27T13:04:33+00:00","dateModified":"2023-01-27T13:07:09+00:00","description":"Tervislikud riisi- ja tatrajahust valmivad quiche'id sobivad kergeks l\u00f5unas\u00f6\u00f6giks t\u00f6\u00f6le v\u00f5i kooli kaasa v\u00f5tmiseks. Serveeri ka k\u00fclalistele!","breadcrumb":{"@id":"https:\/\/bio4you.eu\/retseptid\/toode\/mini-quicheid\/#breadcrumb"},"inLanguage":"et","potentialAction":[{"@type":"ReadAction","target":["https:\/\/bio4you.eu\/retseptid\/toode\/mini-quicheid\/"]}]},{"@type":"ImageObject","inLanguage":"et","@id":"https:\/\/bio4you.eu\/retseptid\/toode\/mini-quicheid\/#primaryimage","url":"https:\/\/bio4you.eu\/retseptid\/wp-content\/uploads\/2023\/01\/csm_Mini_Ouiche_f6578f43d4.webp","contentUrl":"https:\/\/bio4you.eu\/retseptid\/wp-content\/uploads\/2023\/01\/csm_Mini_Ouiche_f6578f43d4.webp","width":650,"height":450},{"@type":"BreadcrumbList","@id":"https:\/\/bio4you.eu\/retseptid\/toode\/mini-quicheid\/#breadcrumb","itemListElement":[{"@type":"ListItem","position":1,"name":"Home","item":"https:\/\/bio4you.eu\/retseptid\/"},{"@type":"ListItem","position":2,"name":"Mini quiche&#8217;id"}]},{"@type":"WebSite","@id":"https:\/\/bio4you.eu\/retseptid\/#website","url":"https:\/\/bio4you.eu\/retseptid\/","name":"bio4you.eu\/retseptid","description":"\u00d6ko retseptid ise tegemiseks, looduslikest koostisainetest. Maitsev toit, iluhooldus, kodupuhastus ja aiandus.","potentialAction":[{"@type":"SearchAction","target":{"@type":"EntryPoint","urlTemplate":"https:\/\/bio4you.eu\/retseptid\/?s={search_term_string}"},"query-input":"required name=search_term_string"}],"inLanguage":"et"}]}},"_links":{"self":[{"href":"https:\/\/bio4you.eu\/retseptid\/wp-json\/wp\/v2\/product\/4107"}],"collection":[{"href":"https:\/\/bio4you.eu\/retseptid\/wp-json\/wp\/v2\/product"}],"about":[{"href":"https:\/\/bio4you.eu\/retseptid\/wp-json\/wp\/v2\/types\/product"}],"replies":[{"embeddable":true,"href":"https:\/\/bio4you.eu\/retseptid\/wp-json\/wp\/v2\/comments?post=4107"}],"wp:featuredmedia":[{"embeddable":true,"href":"https:\/\/bio4you.eu\/retseptid\/wp-json\/wp\/v2\/media\/4108"}],"wp:attachment":[{"href":"https:\/\/bio4you.eu\/retseptid\/wp-json\/wp\/v2\/media?parent=4107"}],"wp:term":[{"taxonomy":"product_cat","embeddable":true,"href":"https:\/\/bio4you.eu\/retseptid\/wp-json\/wp\/v2\/product_cat?post=4107"},{"taxonomy":"product_tag","embeddable":true,"href":"https:\/\/bio4you.eu\/retseptid\/wp-json\/wp\/v2\/product_tag?post=4107"}],"curies":[{"name":"wp","href":"https:\/\/api.w.org\/{rel}","templated":true}]}}